{"id":2077,"date":"2024-02-13T09:37:40","date_gmt":"2024-02-13T08:37:40","guid":{"rendered":"https:\/\/www2.baltur.com\/intl\/?page_id=2077"},"modified":"2024-05-30T23:57:10","modified_gmt":"2024-05-30T21:57:10","slug":"politica-de-privacidad","status":"publish","type":"page","link":"https:\/\/www.baltur.com\/intl\/es\/politica-de-privacidad\/","title":{"rendered":"Pol\u00edtica de Privacidad"},"content":{"rendered":"<div class=\"wpb-content-wrapper\"><p>[vc_row el_class=&#8221;mt-big&#8221;][vc_column][vc_column_text css=&#8221;&#8221;]<\/p>\n<h1><strong>Pol\u00edtica de Privacidad<\/strong><\/h1>\n<p>[\/vc_column_text][\/vc_column][\/vc_row][vc_row][vc_column][vc_column_text css=&#8221;&#8221;]<strong>INFORMACI\u00d3N PARA EL TRATAMIENTO DE DATOS PERSONALES<\/strong><\/p>\n<p>De conformidad con el art\u00edculo 13 del GDPR 679-2016 definido como \u201cReglamento General de Protecci\u00f3n de Datos\u201d, le informamos que el procesamiento de los datos personales proporcionados durante el suministro de bienes\/servicios tiene como \u00fanico objetivo el cumplimiento de las obligaciones contractuales y el cumplimiento de sus especificaciones. solicitudes, as\u00ed como para cumplir con las obligaciones reglamentarias, en particular las contables y fiscales que constituyen la base legal, as\u00ed como para proporcionarle informaci\u00f3n comercial sobre nuestros productos y servicios, se llevar\u00e1n a cabo en Baltur S.p.A. con sede en Cento (FE) 44042, Via Ferrarese 10 CIF. 00040200388 C\u00f3digo Fiscal, FE Imp. Reg. norte. 00040200388 C.C.I.A.A. de FE &#8211; R.E.A. norte. 30835 tel. +39 051-6843711<strong>Fax: +39 051-6857527\/8<\/strong> <strong>SITIO WEB<\/strong> <a href=\"http:\/\/www.baltur. com\">&lt; strong&gt;www.baltur.com<\/a> <strong>Correo electr\u00f3nico <\/strong><a href=\"mailto:info@baltur.it\"><strong>info@baltur. ello<\/strong><\/a>mediante el uso de procedimientos, incluidos los inform\u00e1ticos, en la forma y dentro de los l\u00edmites necesarios para perseguir los fines antes mencionados. Los datos proporcionados ser\u00e1n tratados cumpliendo con la citada ley, respondiendo a las obligaciones de confidencialidad y licitud que inspiran a nuestra empresa y durante el tiempo estrictamente necesario para el que fueron recabados que en caso de no utilizaci\u00f3n no exceder\u00e1 los 24 meses; adem\u00e1s los datos no ser\u00e1n cedidos. Sus datos, por motivos estrictamente profesionales y con el fin de realizar mejor nuestro servicio, podr\u00e1n ser comunicados a:<\/p>\n<ul>\n<li>Nuestros representantes autorizados para realizar tratamientos.<\/li>\n<li>Cualquier plataforma certificada para el env\u00edo de boletines o comunicaciones sobre servicios y actuaciones.<\/li>\n<li>Instituciones de cr\u00e9dito y\/o financieras.<\/li>\n<li>Nuestros colaboradores externos identificados y designados por nosotros.<\/li>\n<li>Contables y consultores para necesidades contables o fiscales.<\/li>\n<\/ul>\n<p>El suministro de datos podr\u00eda ser obligatorio para la ejecuci\u00f3n exacta de obligaciones contractuales y precontractuales, y su falta de suministro imposibilitar\u00eda completar con precisi\u00f3n el cumplimiento de las actividades solicitadas.<\/p>\n<p>No se requiere el consentimiento cuando el tratamiento:<\/p>\n<ol>\n<li>a) sea necesario para cumplir una obligaci\u00f3n establecida por ley, reglamento o legislaci\u00f3n comunitaria;<\/li>\n<li>b) es necesario para ejecutar obligaciones derivadas de un contrato del que el interesado es parte o para cumplir, antes de la celebraci\u00f3n del contrato, solicitudes espec\u00edficas del interesado;<\/li>\n<li>c) se trate de datos procedentes de registros p\u00fablicos, listas, escrituras o documentos conocibles por cualquier persona, sin perjuicio de los l\u00edmites y m\u00e9todos que las leyes, reglamentos o legislaci\u00f3n comunitaria establezcan para el conocimiento y publicidad de los datos.&lt;\/li &gt;<\/li>\n<\/ol>\n<p><strong>DERECHOS DE LOS INTERESADOS<\/strong><\/p>\n<p>Los interesados \u200b\u200btienen derecho a obtener del Garante, en los casos previstos, el acceso a los datos personales y la rectificaci\u00f3n o cancelaci\u00f3n de los mismos o la limitaci\u00f3n del tratamiento que les concierne o a oponerse al tratamiento (art\u00edculos 15 y siguientes del Reglamento).<\/p>\n<p><strong>DERECHO A QUEJARSE<\/strong><\/p>\n<p>Los interesados \u200b\u200bque consideren que el tratamiento de datos personales que les conciernen realizado a trav\u00e9s de este sitio infringe las disposiciones del Reglamento tienen derecho a presentar una reclamaci\u00f3n ante el Garante, seg\u00fan lo previsto en el art. 77 del propio Reglamento, o actuar en las instancias judiciales correspondientes (art. 79 del Reglamento).<\/p>\n<p>&nbsp;<\/p>\n<p>A continuaci\u00f3n se detallan \u00edntegramente los art\u00edculos relativos a los derechos del interesado:<\/p>\n<p><strong>Art.15 Derecho de acceso del interesado<\/strong><\/p>\n<p>1. El interesado tiene derecho a obtener del responsable del tratamiento confirmaci\u00f3n de si se est\u00e1n tratando o no datos personales que le conciernen y, en este caso, a obtener acceso a los datos personales y a la siguiente informaci\u00f3n: a) el fines del procesamiento; b) las categor\u00edas de datos personales en cuesti\u00f3n; c) los destinatarios o categor\u00edas de destinatarios a quienes se han comunicado o se comunicar\u00e1n los datos personales, en particular si los destinatarios son de terceros pa\u00edses u organizaciones internacionales; d) cuando sea posible, el per\u00edodo previsto de conservaci\u00f3n de los datos personales o, si esto no es posible, los criterios utilizados para determinar este per\u00edodo; e) la existencia del derecho del interesado a solicitar al responsable del tratamiento la rectificaci\u00f3n o supresi\u00f3n de datos personales o la limitaci\u00f3n del tratamiento de los datos personales que le conciernen o la oposici\u00f3n a su tratamiento; f) el derecho a presentar una queja ante una autoridad de control; g) si los datos no se recogen del interesado, toda la informaci\u00f3n disponible sobre su origen; h) la existencia de un proceso automatizado de toma de decisiones, incluida la elaboraci\u00f3n de perfiles a que se refiere el art\u00edculo 22, apartados 1 y 4, y, al menos en tales casos, informaci\u00f3n significativa sobre la l\u00f3gica utilizada, as\u00ed comoas\u00ed como la importancia y consecuencias esperadas de dicho tratamiento para el interesado. 2. Si se transfieren datos personales a un tercer pa\u00eds o a una organizaci\u00f3n internacional, el interesado tiene derecho a ser informado de la existencia de garant\u00edas adecuadas de conformidad con el art\u00edculo 46 relativo a la transferencia. 3. El responsable del tratamiento proporciona copia de los datos personales objeto de tratamiento. En caso de que el interesado solicite copias adicionales, el responsable del tratamiento podr\u00e1 cobrar una tarifa razonable en funci\u00f3n de los costes administrativos. Si el interesado presenta la solicitud por medios electr\u00f3nicos, y salvo que el interesado indique lo contrario, la informaci\u00f3n se facilita en un formato electr\u00f3nico de uso com\u00fan. 4. El derecho a obtener una copia a que se refiere el apartado 3 no deber\u00e1 afectar negativamente a los derechos y libertades de los dem\u00e1s.<\/p>\n<p><strong>Art.16<\/strong> <strong>Rectificaci\u00f3n y cancelaci\u00f3n Derecho de rectificaci\u00f3n<\/strong><\/p>\n<p>El interesado tiene derecho a obtener del responsable del tratamiento la rectificaci\u00f3n de los datos personales inexactos que le conciernen sin dilaci\u00f3n injustificada. Teniendo en cuenta las finalidades del tratamiento, el interesado tiene derecho a obtener la integraci\u00f3n de los datos personales incompletos, incluso mediante la presentaci\u00f3n de una declaraci\u00f3n complementaria.<\/p>\n<p><strong><em>Art.17 <\/em><\/strong><strong>Derecho de supresi\u00f3n (&#8220;derecho al olvido&#8221;)<\/strong><\/p>\n<p>1. El interesado tiene derecho a obtener del responsable del tratamiento la supresi\u00f3n de los datos personales que le conciernen sin demora injustificada y el responsable del tratamiento tiene la obligaci\u00f3n de suprimir los datos personales sin demora injustificada, si concurre alguno de los siguientes motivos: a) los datos personales ya no son necesarios en relaci\u00f3n con los fines para los que fueron recopilados o procesados \u200b\u200bde otro modo; 4.5.2016 L 119\/43 Diario Oficial de la Uni\u00f3n Europea ES b) el interesado retira el consentimiento en el que se basa el tratamiento de conformidad con el art\u00edculo 6, apartado 1, letra a), o el art\u00edculo 9, apartado 2, letra a), y si no existe otra base jur\u00eddica para el tratamiento; c) el interesado se opone al procesamiento de conformidad con el art\u00edculo 21, p\u00e1rrafo 1, y no existe ninguna raz\u00f3n leg\u00edtima imperiosa para proceder con el procesamiento, o se opone al procesamiento de conformidad con el art\u00edculo 21, p\u00e1rrafo 2; d) los datos personales han sido tratados il\u00edcitamente; e) los datos personales deben suprimirse para cumplir con una obligaci\u00f3n legal conforme a la legislaci\u00f3n de la Uni\u00f3n o de los Estados miembros a la que est\u00e1 sujeto el responsable del tratamiento; f) los datos personales fueron recopilados en relaci\u00f3n con la oferta de servicios de la sociedad de la informaci\u00f3n a que se refiere el art\u00edculo 8, apartado 1. 2. El responsable del tratamiento, si ha hecho p\u00fablicos los datos personales y est\u00e1 obligado, de conformidad con el apartado 1, a suprimirlos , teniendo en cuenta la tecnolog\u00eda disponible y los costes de implementaci\u00f3n, adoptar medidas razonables, incluidas las t\u00e9cnicas, para informar a los responsables del tratamiento de datos personales de la solicitud del interesado de suprimir cualquier enlace, copia o reproducci\u00f3n de sus datos personales. 3. Los apartados 1 y 2 no se aplican en la medida en que el tratamiento sea necesario: a) para el ejercicio del derecho a la libertad de expresi\u00f3n e informaci\u00f3n; b) para el cumplimiento de una obligaci\u00f3n legal que requiere un tratamiento previsto por el Derecho de la Uni\u00f3n o de los Estados miembros a la que est\u00e1 sujeto el responsable del tratamiento o para el desempe\u00f1o de una misi\u00f3n realizada en inter\u00e9s p\u00fablico o en el ejercicio de un poder p\u00fablico del que el responsable del tratamiento de datos tiene derechos adquiridos; c) por razones de inter\u00e9s p\u00fablico en el \u00e1mbito de la salud p\u00fablica de conformidad con el art\u00edculo 9, apartado 2, letras h) e i), y el art\u00edculo 9, apartado 3; d) con fines de archivo en inter\u00e9s p\u00fablico, con fines de investigaci\u00f3n cient\u00edfica o hist\u00f3rica o con fines estad\u00edsticos de conformidad con el art\u00edculo 89, apartado 1, en la medida en que el derecho mencionado en el apartado 1 pueda hacer imposible o menoscabar gravemente el logro de los objetivos de dicho procesamiento; o e) para el establecimiento, ejercicio o defensa de un derecho ante los tribunales.<\/p>\n<p><strong>Art.18<\/strong> <strong>Derecho a limitar el tratamiento<\/strong><\/p>\n<p>1. El interesado tiene derecho a obtener del responsable del tratamiento la limitaci\u00f3n del tratamiento cuando se d\u00e9 alguna de las siguientes hip\u00f3tesis: a) el interesado impugne la exactitud de los datos personales, durante el plazo necesario para que el responsable del tratamiento verifique la exactitud de dichos datos personales; b) el tratamiento es il\u00edcito y el interesado se opone a la supresi\u00f3n de los datos personales y solicita en cambio la limitaci\u00f3n de su uso; c) aunque el responsable del tratamiento ya no los necesite para los fines del tratamiento, los datos personales son necesarios para que el interesado pueda conocer, ejercer o defender un derecho ante los tribunales; d) el interesado se ha opuesto al tratamiento en los t\u00e9rminos[\/vc_column_text][\/vc_column][\/vc_row]<\/p>\n<\/div>","protected":false},"excerpt":{"rendered":"<p>[vc_row el_class=&#8221;mt-big&#8221;][vc_column][vc_column_text css=&#8221;&#8221;] Pol\u00edtica de Privacidad [\/vc_column_text][\/vc_column][\/vc_row][vc_row][vc_column][vc_column_text css=&#8221;&#8221;]INFORMACI\u00d3N PARA EL TRATAMIENTO DE DATOS PERSONALES De conformidad con el art\u00edculo 13 del GDPR 679-2016 definido como \u201cReglamento General de Protecci\u00f3n de Datos\u201d, le informamos que el procesamiento de los datos personales proporcionados durante el suministro de bienes\/servicios tiene como \u00fanico objetivo el cumplimiento de las obligaciones [&hellip;]<\/p>\n","protected":false},"author":1,"featured_media":0,"parent":0,"menu_order":0,"comment_status":"closed","ping_status":"closed","template":"","meta":{"_acf_changed":false,"footnotes":""},"class_list":["post-2077","page","type-page","status-publish","hentry"],"acf":[],"yoast_head":"<title>Pol\u00edtica de Privacidad - Baltur<\/title>\n<meta name=\"robots\" content=\"index, follow, max-snippet:-1, max-image-preview:large, max-video-preview:-1\" \/>\n<link rel=\"canonical\" href=\"https:\/\/www.baltur.com\/intl\/es\/politica-de-privacidad\/\" \/>\n<meta property=\"og:locale\" content=\"es_ES\" \/>\n<meta property=\"og:type\" content=\"article\" \/>\n<meta property=\"og:title\" content=\"Pol\u00edtica de Privacidad - Baltur\" \/>\n<meta property=\"og:description\" content=\"[vc_row el_class=&#8221;mt-big&#8221;][vc_column][vc_column_text css=&#8221;&#8221;] Pol\u00edtica de Privacidad [\/vc_column_text][\/vc_column][\/vc_row][vc_row][vc_column][vc_column_text css=&#8221;&#8221;]INFORMACI\u00d3N PARA EL TRATAMIENTO DE DATOS PERSONALES De conformidad con el art\u00edculo 13 del GDPR 679-2016 definido como \u201cReglamento General de Protecci\u00f3n de Datos\u201d, le informamos que el procesamiento de los datos personales proporcionados durante el suministro de bienes\/servicios tiene como \u00fanico objetivo el cumplimiento de las obligaciones [&hellip;]\" \/>\n<meta property=\"og:url\" content=\"https:\/\/www.baltur.com\/intl\/es\/politica-de-privacidad\/\" \/>\n<meta property=\"og:site_name\" content=\"Baltur\" \/>\n<meta property=\"article:publisher\" content=\"https:\/\/www.facebook.com\/BalturSpa\" \/>\n<meta property=\"article:modified_time\" content=\"2024-05-30T21:57:10+00:00\" \/>\n<meta name=\"twitter:card\" content=\"summary_large_image\" \/>\n<meta name=\"twitter:label1\" content=\"Tiempo de lectura\" \/>\n\t<meta name=\"twitter:data1\" content=\"7 minutos\" \/>\n<script type=\"application\/ld+json\" class=\"yoast-schema-graph\">{\"@context\":\"https:\/\/schema.org\",\"@graph\":[{\"@type\":\"WebPage\",\"@id\":\"https:\/\/www.baltur.com\/intl\/es\/politica-de-privacidad\/\",\"url\":\"https:\/\/www.baltur.com\/intl\/es\/politica-de-privacidad\/\",\"name\":\"Pol\u00edtica de Privacidad - Baltur\",\"isPartOf\":{\"@id\":\"https:\/\/www.baltur.com\/intl\/es\/#website\"},\"datePublished\":\"2024-02-13T08:37:40+00:00\",\"dateModified\":\"2024-05-30T21:57:10+00:00\",\"breadcrumb\":{\"@id\":\"https:\/\/www.baltur.com\/intl\/es\/politica-de-privacidad\/#breadcrumb\"},\"inLanguage\":\"es\",\"potentialAction\":[{\"@type\":\"ReadAction\",\"target\":[\"https:\/\/www.baltur.com\/intl\/es\/politica-de-privacidad\/\"]}]},{\"@type\":\"BreadcrumbList\",\"@id\":\"https:\/\/www.baltur.com\/intl\/es\/politica-de-privacidad\/#breadcrumb\",\"itemListElement\":[{\"@type\":\"ListItem\",\"position\":1,\"name\":\"Home\",\"item\":\"https:\/\/www.baltur.com\/intl\/es\/\"},{\"@type\":\"ListItem\",\"position\":2,\"name\":\"Pol\u00edtica de Privacidad\"}]},{\"@type\":\"WebSite\",\"@id\":\"https:\/\/www.baltur.com\/intl\/es\/#website\",\"url\":\"https:\/\/www.baltur.com\/intl\/es\/\",\"name\":\"Baltur\",\"description\":\"\",\"publisher\":{\"@id\":\"https:\/\/www.baltur.com\/intl\/es\/#organization\"},\"potentialAction\":[{\"@type\":\"SearchAction\",\"target\":{\"@type\":\"EntryPoint\",\"urlTemplate\":\"https:\/\/www.baltur.com\/intl\/es\/?s={search_term_string}\"},\"query-input\":{\"@type\":\"PropertyValueSpecification\",\"valueRequired\":true,\"valueName\":\"search_term_string\"}}],\"inLanguage\":\"es\"},{\"@type\":\"Organization\",\"@id\":\"https:\/\/www.baltur.com\/intl\/es\/#organization\",\"name\":\"Baltur\",\"url\":\"https:\/\/www.baltur.com\/intl\/es\/\",\"logo\":{\"@type\":\"ImageObject\",\"inLanguage\":\"es\",\"@id\":\"https:\/\/www.baltur.com\/intl\/es\/#\/schema\/logo\/image\/\",\"url\":\"https:\/\/www.baltur.com\/intl\/wp-content\/uploads\/2024\/05\/baltur_logo_white.png\",\"contentUrl\":\"https:\/\/www.baltur.com\/intl\/wp-content\/uploads\/2024\/05\/baltur_logo_white.png\",\"width\":209,\"height\":85,\"caption\":\"Baltur\"},\"image\":{\"@id\":\"https:\/\/www.baltur.com\/intl\/es\/#\/schema\/logo\/image\/\"},\"sameAs\":[\"https:\/\/www.facebook.com\/BalturSpa\"]}]}<\/script>","yoast_head_json":{"title":"Pol\u00edtica de Privacidad - Baltur","robots":{"index":"index","follow":"follow","max-snippet":"max-snippet:-1","max-image-preview":"max-image-preview:large","max-video-preview":"max-video-preview:-1"},"canonical":"https:\/\/www.baltur.com\/intl\/es\/politica-de-privacidad\/","og_locale":"es_ES","og_type":"article","og_title":"Pol\u00edtica de Privacidad - Baltur","og_description":"[vc_row el_class=&#8221;mt-big&#8221;][vc_column][vc_column_text css=&#8221;&#8221;] Pol\u00edtica de Privacidad [\/vc_column_text][\/vc_column][\/vc_row][vc_row][vc_column][vc_column_text css=&#8221;&#8221;]INFORMACI\u00d3N PARA EL TRATAMIENTO DE DATOS PERSONALES De conformidad con el art\u00edculo 13 del GDPR 679-2016 definido como \u201cReglamento General de Protecci\u00f3n de Datos\u201d, le informamos que el procesamiento de los datos personales proporcionados durante el suministro de bienes\/servicios tiene como \u00fanico objetivo el cumplimiento de las obligaciones [&hellip;]","og_url":"https:\/\/www.baltur.com\/intl\/es\/politica-de-privacidad\/","og_site_name":"Baltur","article_publisher":"https:\/\/www.facebook.com\/BalturSpa","article_modified_time":"2024-05-30T21:57:10+00:00","twitter_card":"summary_large_image","twitter_misc":{"Tiempo de lectura":"7 minutos"},"schema":{"@context":"https:\/\/schema.org","@graph":[{"@type":"WebPage","@id":"https:\/\/www.baltur.com\/intl\/es\/politica-de-privacidad\/","url":"https:\/\/www.baltur.com\/intl\/es\/politica-de-privacidad\/","name":"Pol\u00edtica de Privacidad - Baltur","isPartOf":{"@id":"https:\/\/www.baltur.com\/intl\/es\/#website"},"datePublished":"2024-02-13T08:37:40+00:00","dateModified":"2024-05-30T21:57:10+00:00","breadcrumb":{"@id":"https:\/\/www.baltur.com\/intl\/es\/politica-de-privacidad\/#breadcrumb"},"inLanguage":"es","potentialAction":[{"@type":"ReadAction","target":["https:\/\/www.baltur.com\/intl\/es\/politica-de-privacidad\/"]}]},{"@type":"BreadcrumbList","@id":"https:\/\/www.baltur.com\/intl\/es\/politica-de-privacidad\/#breadcrumb","itemListElement":[{"@type":"ListItem","position":1,"name":"Home","item":"https:\/\/www.baltur.com\/intl\/es\/"},{"@type":"ListItem","position":2,"name":"Pol\u00edtica de Privacidad"}]},{"@type":"WebSite","@id":"https:\/\/www.baltur.com\/intl\/es\/#website","url":"https:\/\/www.baltur.com\/intl\/es\/","name":"Baltur","description":"","publisher":{"@id":"https:\/\/www.baltur.com\/intl\/es\/#organization"},"potentialAction":[{"@type":"SearchAction","target":{"@type":"EntryPoint","urlTemplate":"https:\/\/www.baltur.com\/intl\/es\/?s={search_term_string}"},"query-input":{"@type":"PropertyValueSpecification","valueRequired":true,"valueName":"search_term_string"}}],"inLanguage":"es"},{"@type":"Organization","@id":"https:\/\/www.baltur.com\/intl\/es\/#organization","name":"Baltur","url":"https:\/\/www.baltur.com\/intl\/es\/","logo":{"@type":"ImageObject","inLanguage":"es","@id":"https:\/\/www.baltur.com\/intl\/es\/#\/schema\/logo\/image\/","url":"https:\/\/www.baltur.com\/intl\/wp-content\/uploads\/2024\/05\/baltur_logo_white.png","contentUrl":"https:\/\/www.baltur.com\/intl\/wp-content\/uploads\/2024\/05\/baltur_logo_white.png","width":209,"height":85,"caption":"Baltur"},"image":{"@id":"https:\/\/www.baltur.com\/intl\/es\/#\/schema\/logo\/image\/"},"sameAs":["https:\/\/www.facebook.com\/BalturSpa"]}]}},"_links":{"self":[{"href":"https:\/\/www.baltur.com\/intl\/es\/wp-json\/wp\/v2\/pages\/2077"}],"collection":[{"href":"https:\/\/www.baltur.com\/intl\/es\/wp-json\/wp\/v2\/pages"}],"about":[{"href":"https:\/\/www.baltur.com\/intl\/es\/wp-json\/wp\/v2\/types\/page"}],"author":[{"embeddable":true,"href":"https:\/\/www.baltur.com\/intl\/es\/wp-json\/wp\/v2\/users\/1"}],"replies":[{"embeddable":true,"href":"https:\/\/www.baltur.com\/intl\/es\/wp-json\/wp\/v2\/comments?post=2077"}],"version-history":[{"count":1,"href":"https:\/\/www.baltur.com\/intl\/es\/wp-json\/wp\/v2\/pages\/2077\/revisions"}],"predecessor-version":[{"id":2078,"href":"https:\/\/www.baltur.com\/intl\/es\/wp-json\/wp\/v2\/pages\/2077\/revisions\/2078"}],"wp:attachment":[{"href":"https:\/\/www.baltur.com\/intl\/es\/wp-json\/wp\/v2\/media?parent=2077"}],"curies":[{"name":"wp","href":"https:\/\/api.w.org\/{rel}","templated":true}]}}