{"id":2200,"date":"2024-04-17T16:13:48","date_gmt":"2024-04-17T14:13:48","guid":{"rendered":"https:\/\/www2.baltur.com\/intl\/?page_id=2200"},"modified":"2024-09-02T13:17:19","modified_gmt":"2024-09-02T11:17:19","slug":"investigacion-e-innovacion","status":"publish","type":"page","link":"https:\/\/www.baltur.com\/intl\/es\/investigacion-e-innovacion\/","title":{"rendered":"Investigaci\u00f3n e innovaci\u00f3n"},"content":{"rendered":"<div class=\"wpb-content-wrapper\"><p>[vc_row][vc_column offset=&#8221;vc_hidden-xs&#8221;]\n\t\t\t\t<p class=\"rs-p-wp-fix\"><\/p>\n\t\t\t\t<sr7-module data-alias=\"ricerca-e-innovazione\" data-id=\"16\" id=\"SR7_16_1\" class=\"rs-ov-hidden\" data-version=\"6.7.20\">\n\t\t\t\t\t<sr7-adjuster><\/sr7-adjuster>\n\t\t\t\t\t<sr7-content>\n\t\t\t\t\t\t<sr7-slide id=\"SR7_16_1-33\" data-key=\"33\">\n\t\t\t\t\t\t\t<sr7-bg id=\"SR7_16_1-33-1\" class=\"sr7-layer\"><noscript><img decoding=\"async\" src=\"https:\/\/www.baltur.com\/intl\/wp-content\/uploads\/2024\/08\/DX-MOD-01-DESKTOP-TBR-laboratorio.jpg\" alt=\"\" title=\"DX MOD 01 DESKTOP TBR laboratorio\"><\/noscript><\/sr7-bg>\n\t\t\t\t\t\t<\/sr7-slide>\n\t\t\t\t\t\t<sr7-slide id=\"SR7_16_1-35\" data-key=\"35\">\n\t\t\t\t\t\t<\/sr7-slide>\n\t\t\t\t\t<\/sr7-content>\n\t\t\t\t\t<image_lists style=\"display:none\">\n\t\t\t\t\t\t<img data-src=\"\/\/www.baltur.com\/intl\/wp-content\/uploads\/2024\/08\/DX-MOD-01-DESKTOP-TBR-laboratorio.jpg\" data-libid=\"5879\" data-lib=\"medialibrary\" title=\"DX MOD 01 DESKTOP TBR laboratorio\" width=\"0\" height=\"0\" data-dbsrc=\"Ly93d3cuYmFsdHVyLmNvbS9pbnRsL3dwLWNvbnRlbnQvdXBsb2Fkcy8yMDI0LzA4L0RYLU1PRC0wMS1ERVNLVE9QLVRCUi1sYWJvcmF0b3Jpby5qcGc=\"\/>\n\t\t\t\t\t<\/image_lists>\n\t\t\t\t<\/sr7-module>\n\t\t\t\t<script>\n\t\t\t\t\tSR7.PMH ??={}; SR7.PMH[\"SR7_16_1\"] = {cn:0,state:false,fn: function() { if (_tpt!==undefined && _tpt.prepareModuleHeight !== undefined) {  _tpt.prepareModuleHeight({id:\"SR7_16_1\",el:[900,900,768,960,720],type:'standard',shdw:'0',gh:[900,900,480,365,225],gw:[1920,1920,1024,778,480],vpt:['100px'],size:{fullWidth:true, fullHeight:false},mh:'0',onh:0,onw:0,bg:{color:'{\"orig\":\"transparent\",\"type\":\"solid\",\"string\":\"transparent\"}'}});   SR7.PMH[\"SR7_16_1\"].state=true;} else if((SR7.PMH[\"SR7_16_1\"].cn++)<100)\tsetTimeout( SR7.PMH[\"SR7_16_1\"].fn,19);}};SR7.PMH[\"SR7_16_1\" ].fn();\n\t\t\t\t<\/script>\n[\/vc_column][\/vc_row][vc_row el_class=&#8221;pt-std pb-std&#8221;][vc_column][vc_column_text css=&#8221;&#8221;]<\/p>\n<h2 style=\"text-align: center;\"><strong>Tecnolog\u00eda. Prueba de laboratorio. Formaci\u00f3n.<\/strong><\/h2>\n<p>[\/vc_column_text][vc_column_text css=&#8221;&#8221;]<\/p>\n<p style=\"text-align: center;\">Tres son los pilares de nuestra misi\u00f3n, aquello en lo que invertimos cada d\u00eda para hacer realidad nuestra visi\u00f3n: Tecnolog\u00eda, Pruebas de Laboratorio, Formaci\u00f3n para ofrecer productos-servicios que marquen la diferencia creando valor para nuestros clientes.<\/p>\n<p>[\/vc_column_text][\/vc_column][\/vc_row][vc_row el_class=&#8221;mb-big&#8221;][vc_column]<div id=\"swiper-69decef9d5288\" class=\"swiper baltur-wpb-slider swiper-paginated  \" data-loop=\"1\" data-slides=\"1\" data-slides-md=\"2\" data-slides-lg=\"3\"><div class=\"swiper-wrapper\"><div class=\"swiper-slide\"><div class=\"image\"><img decoding=\"async\" src=\"https:\/\/www.baltur.com\/intl\/wp-content\/uploads\/2024\/09\/ES-tecnologia.jpg\" alt=\"\"><\/div><\/div><div class=\"swiper-slide\"><div class=\"image\"><img decoding=\"async\" src=\"https:\/\/www.baltur.com\/intl\/wp-content\/uploads\/2024\/09\/ES-test-di-laboratorio.jpg\" alt=\"\"><\/div><\/div><div class=\"swiper-slide\"><div class=\"image\"><img decoding=\"async\" src=\"https:\/\/www.baltur.com\/intl\/wp-content\/uploads\/2024\/09\/ES-formazione.jpg\" alt=\"\"><\/div><\/div><\/div><div class=\"swiper-pagination\"><\/div><\/div>[\/vc_column][\/vc_row][vc_row full_width=&#8221;stretch_row_content&#8221; equal_height=&#8221;yes&#8221; el_class=&#8221;background-lighter-gray mb-big&#8221;][vc_column width=&#8221;1\/2&#8243; el_class=&#8221;wpb-height-100 wpb-align-items-center wpb-padding-big align-items-center m-order-2&#8243;][vc_column_text css=&#8221;&#8221;]<\/p>\n<h2><strong>Investigaci\u00f3n<br \/>\ny Desarrollo<\/strong><\/h2>\n<p>[\/vc_column_text][vc_column_text css=&#8221;&#8221;]Controlamos la combusti\u00f3n para hacerla limpia, eficiente, silenciosa y flexible. Dise\u00f1amos y desarrollamos productos para satisfacer las necesidades de los clientes. Para ello contamos con los mejores especialistas, laboratorios de I+D y numerosas estaciones de prueba equipadas con sistemas de medici\u00f3n y adquisici\u00f3n autom\u00e1ticos, r\u00e1pidos y completos.[\/vc_column_text][vc_btn title=&#8221;Contacta con nosotros&#8221; css=&#8221;&#8221; link=&#8221;url:https%3A%2F%2Fwww.baltur.com%2Fintl%2Fes%2Fcontactos%2F|title:Contactos&#8221;][\/vc_column][vc_column width=&#8221;1\/2&#8243; css=&#8221;.vc_custom_1712519756105{padding-right: 0px !important;padding-left: 0px !important;}&#8221; el_class=&#8221;ratio-4to3 wpb-height-100&#8243;][vc_single_image image=&#8221;432&#8243; img_size=&#8221;full&#8221; css=&#8221;.vc_custom_1713362930407{margin-bottom: 0px !important;}&#8221; el_class=&#8221;wpb-image-cover&#8221;][\/vc_column][\/vc_row][vc_row el_class=&#8221;pt-std pb-std&#8221;][vc_column][vc_column_text css=&#8221;&#8221;]<\/p>\n<h2 style=\"text-align: center;\"><strong>Alta Tecnolog\u00eda para el Laboratorio de Investigaci\u00f3n y Desarrollo<\/strong><\/h2>\n<p>[\/vc_column_text][vc_column_text css=&#8221;&#8221;]<\/p>\n<p style=\"text-align: center;\">El Laboratorio de I+D de Baltur est\u00e1 dotado de tecnolog\u00eda de punta, equipos y estaciones de trabajo avanzados, sistemas de adquisici\u00f3n de datos y supervisi\u00f3n global que permiten una r\u00e1pida ejecuci\u00f3n de proyectos, actividades de desarrollo y aprobaci\u00f3n de productos. Las tecnolog\u00edas adoptadas, avanzadas y respetuosas del medio ambiente, permiten mejorar la eficiencia de los productos reduciendo su impacto medioambiental, y dise\u00f1ar quemadores de alta potencia, estables, fiables, eficientes y con NOx inferiores a 30 mg\/kWh.<br \/>\nEl laboratorio de combusti\u00f3n permite desarrollar soluciones personalizadas y a medida para satisfacer las necesidades de los clientes en aplicaciones industriales.<\/p>\n<p>[\/vc_column_text][\/vc_column][\/vc_row][vc_row equal_height=&#8221;yes&#8221;][vc_column width=&#8221;1\/2&#8243; el_class=&#8221;ratio-4to3 wpb-height-100 mb-std&#8221;][vc_single_image image=&#8221;444&#8243; img_size=&#8221;full&#8221; css=&#8221;.vc_custom_1713383736696{margin-bottom: 0px !important;}&#8221; el_class=&#8221;wpb-image-cover&#8221;][\/vc_column][vc_column width=&#8221;1\/2&#8243; el_class=&#8221;ratio-4to3 wpb-height-100 mb-std&#8221;][vc_single_image image=&#8221;445&#8243; img_size=&#8221;full&#8221; css=&#8221;.vc_custom_1713383748060{margin-bottom: 0px !important;}&#8221; el_class=&#8221;wpb-image-cover&#8221;][\/vc_column][\/vc_row][vc_row el_class=&#8221;pt-std pb-std&#8221;][vc_column][vc_column_text css=&#8221;&#8221;]<\/p>\n<p style=\"text-align: center;\">Los Quemadores Baltur est\u00e1n dise\u00f1ados para generar calor de forma continua y satisfacer la variaci\u00f3n de la carga t\u00e9rmica en un rango muy amplio, gracias a sistemas de regulaci\u00f3n y unidades de ventilaci\u00f3n novedosos. Estos sistemas permiten modular y reducir la potencia absoluta, con un ahorro de combustible y electricidad &#8211; superior al 30 % &#8211; que resulta en significativas ventajas econ\u00f3micas, especialmente para grandes instalaciones y procesos que requieren agua caliente o vapor las 24 horas del d\u00eda.<\/p>\n<p>[\/vc_column_text][\/vc_column][\/vc_row][vc_row el_class=&#8221;pt-std pb-std&#8221;][vc_column][vc_column_text css=&#8221;&#8221;]<\/p>\n<h2 style=\"text-align: center;\"><strong>Soluciones efectivas creadas<br \/>\nen las necesidades espec\u00edficas del cliente.<\/strong><\/h2>\n<p>[\/vc_column_text][vc_column_text css=&#8221;&#8221;]<\/p>\n<p style=\"text-align: center;\">Soluciones eficaces basadas en las necesidades espec\u00edficas del cliente.<br \/>\nLa misi\u00f3n del departamento de Application Engineering es definir y garantizar soluciones t\u00e9cnicas, de dise\u00f1o y de ingenier\u00eda eficientes y eficaces, basadas en las necesidades espec\u00edficas del cliente. Gracias a su vasta experiencia y a sus Laboratorios de I+D, Baltur es capaz de ofrecer soluciones a medida, minimizando los costes de desarrollo, dise\u00f1o y producci\u00f3n, manteniendo altos est\u00e1ndares de rendimiento y calidad.<\/p>\n<p style=\"text-align: center;\">Desde quemadores est\u00e1ndar, capaces de garantizar prestaciones muy elevadas con emisiones muy bajas, hasta soluciones para aplicaciones especiales y no est\u00e1ndar capaces de utilizar combustibles ecol\u00f3gicos y de bajo impacto ambiental como Biog\u00e1s, Syngas, Town Gas, mezclas CH4-H2, combustibles l\u00edquidos de origen animal, vegetal y sint\u00e9tico y combustibles recuperados.<\/p>\n<p>[\/vc_column_text][vc_btn title=&#8221;Contacta con nosotros&#8221; align=&#8221;center&#8221; css=&#8221;&#8221; link=&#8221;url:https%3A%2F%2Fwww.baltur.com%2Fintl%2Fes%2Fcontactos%2F|title:Contactos&#8221;][\/vc_column][\/vc_row][vc_row full_width=&#8221;stretch_row_content&#8221; equal_height=&#8221;yes&#8221; el_class=&#8221;background-lighter-gray mb-big&#8221;][vc_column width=&#8221;1\/2&#8243; el_class=&#8221;wpb-height-100 wpb-align-items-center wpb-padding-big align-items-center m-order-2&#8243;][vc_column_text css=&#8221;&#8221;]<\/p>\n<h2><strong>Pruebas de fuego en quemadores<br \/>\nde potencia hasta 50 MW.<\/strong><\/h2>\n<p>[\/vc_column_text][vc_column_text css=&#8221;&#8221;]Pruebas de combusti\u00f3n en quemadores de hasta 50 MW. El Laboratorio de Combusti\u00f3n es una excelencia europea.<br \/>\nEquipado con nuevos tubos de prueba para el desarrollo de quemadores, incluido el mayor tubo de prueba de Europa (25 MW), el Laboratorio puede realizar pruebas de combusti\u00f3n incluso con quemadores de gran potencia. Adem\u00e1s de las pruebas de combusti\u00f3n (incluidas las pruebas de adaptaci\u00f3n de calderas comerciales de hasta 10 MW), se realizan otras pruebas, pruebas de ventilaci\u00f3n, pruebas de fiabilidad de componentes y pruebas en entornos de temperatura controlada.[\/vc_column_text][vc_btn title=&#8221;Contacta con nosotros&#8221; css=&#8221;&#8221; link=&#8221;url:https%3A%2F%2Fwww.baltur.com%2Fintl%2Fes%2Fcontactos%2F|title:Contactos&#8221;][\/vc_column][vc_column width=&#8221;1\/2&#8243; css=&#8221;.vc_custom_1712519756105{padding-right: 0px !important;padding-left: 0px !important;}&#8221; el_class=&#8221;ratio-4to3 wpb-height-100&#8243;][vc_single_image image=&#8221;437&#8243; img_size=&#8221;full&#8221; css=&#8221;.vc_custom_1713369942917{margin-bottom: 0px !important;}&#8221; el_class=&#8221;wpb-image-cover&#8221;][\/vc_column][\/vc_row][vc_row el_class=&#8221;pt-std pb-std&#8221;][vc_column][vc_column_text css=&#8221;&#8221;]<\/p>\n<h2 style=\"text-align: center;\"><strong>Formaci\u00f3n: elemento imprescindible<br \/>\npara mejorar la calidad del producto<\/strong><\/h2>\n<p>[\/vc_column_text][vc_column_text css=&#8221;&#8221;]<\/p>\n<p style=\"text-align: center;\">Los cursos te\u00f3ricos y pr\u00e1cticos de nuestra Academia est\u00e1n dirigidos a la Red de Venta y Asistencia y brindan a los participantes conocimientos t\u00e9cnicos sobre los productos Baltur. Los formadores son t\u00e9cnicos especializados que interact\u00faan diariamente con la Red de Asistencia. Se trata de un valor a\u00f1adido de la formaci\u00f3n de Baltur, que se convierte as\u00ed en un punto de encuentro e intercambio, fundamental en la relaci\u00f3n entre la empresa y la red: el servicio transmite conocimiento y experiencia, y la red aporta a Baltur ideas, demandas y recomendaciones del mercado.<\/p>\n<p>[\/vc_column_text][\/vc_column][\/vc_row][vc_row equal_height=&#8221;yes&#8221;][vc_column width=&#8221;1\/2&#8243; el_class=&#8221;ratio-4to3 wpb-height-100 mb-std&#8221;][vc_single_image image=&#8221;452&#8243; img_size=&#8221;full&#8221; css=&#8221;.vc_custom_1713384170644{margin-bottom: 0px !important;}&#8221; el_class=&#8221;wpb-image-cover&#8221;][\/vc_column][vc_column width=&#8221;1\/2&#8243; el_class=&#8221;ratio-4to3 wpb-height-100 mb-std&#8221;][vc_single_image image=&#8221;453&#8243; img_size=&#8221;full&#8221; css=&#8221;.vc_custom_1713384178364{margin-bottom: 0px !important;}&#8221; el_class=&#8221;wpb-image-cover&#8221;][\/vc_column][\/vc_row][vc_row full_width=&#8221;stretch_row&#8221; el_class=&#8221;pt-std pb-std&#8221;][vc_column][vc_btn title=&#8221;Leer m\u00e1s&#8221; align=&#8221;center&#8221; css=&#8221;&#8221; link=&#8221;url:https%3A%2F%2Fwww.baltur.com%2Fintl%2Fes%2Fcontactos%2F|title:Leer%20m%C3%A1s&#8221;][\/vc_column][\/vc_row]<\/p>\n<\/div>","protected":false},"excerpt":{"rendered":"<p>[vc_row][vc_column offset=&#8221;vc_hidden-xs&#8221;][\/vc_column][\/vc_row][vc_row el_class=&#8221;pt-std pb-std&#8221;][vc_column][vc_column_text css=&#8221;&#8221;] Tecnolog\u00eda. Prueba de laboratorio. Formaci\u00f3n. [\/vc_column_text][vc_column_text css=&#8221;&#8221;] Tres son los pilares de nuestra misi\u00f3n, aquello en lo que invertimos cada d\u00eda para hacer realidad nuestra visi\u00f3n: Tecnolog\u00eda, Pruebas de Laboratorio, Formaci\u00f3n para ofrecer productos-servicios que marquen la diferencia creando valor para nuestros clientes. [\/vc_column_text][\/vc_column][\/vc_row][vc_row el_class=&#8221;mb-big&#8221;][vc_column][\/vc_column][\/vc_row][vc_row full_width=&#8221;stretch_row_content&#8221; equal_height=&#8221;yes&#8221; el_class=&#8221;background-lighter-gray mb-big&#8221;][vc_column width=&#8221;1\/2&#8243; [&hellip;]<\/p>\n","protected":false},"author":1,"featured_media":0,"parent":0,"menu_order":0,"comment_status":"closed","ping_status":"closed","template":"","meta":{"_acf_changed":false,"footnotes":""},"class_list":["post-2200","page","type-page","status-publish","hentry"],"acf":[],"yoast_head":"<title>Investigaci\u00f3n e innovaci\u00f3n - Baltur<\/title>\n<meta name=\"robots\" content=\"index, follow, max-snippet:-1, max-image-preview:large, max-video-preview:-1\" \/>\n<link rel=\"canonical\" href=\"https:\/\/www.baltur.com\/intl\/es\/investigacion-e-innovacion\/\" \/>\n<meta property=\"og:locale\" content=\"es_ES\" \/>\n<meta property=\"og:type\" content=\"article\" \/>\n<meta property=\"og:title\" content=\"Investigaci\u00f3n e innovaci\u00f3n - Baltur\" \/>\n<meta property=\"og:description\" content=\"[vc_row][vc_column offset=&#8221;vc_hidden-xs&#8221;][\/vc_column][\/vc_row][vc_row el_class=&#8221;pt-std pb-std&#8221;][vc_column][vc_column_text css=&#8221;&#8221;] Tecnolog\u00eda. Prueba de laboratorio. Formaci\u00f3n. [\/vc_column_text][vc_column_text css=&#8221;&#8221;] Tres son los pilares de nuestra misi\u00f3n, aquello en lo que invertimos cada d\u00eda para hacer realidad nuestra visi\u00f3n: Tecnolog\u00eda, Pruebas de Laboratorio, Formaci\u00f3n para ofrecer productos-servicios que marquen la diferencia creando valor para nuestros clientes. [\/vc_column_text][\/vc_column][\/vc_row][vc_row el_class=&#8221;mb-big&#8221;][vc_column][\/vc_column][\/vc_row][vc_row full_width=&#8221;stretch_row_content&#8221; equal_height=&#8221;yes&#8221; el_class=&#8221;background-lighter-gray mb-big&#8221;][vc_column width=&#8221;1\/2&#8243; [&hellip;]\" \/>\n<meta property=\"og:url\" content=\"https:\/\/www.baltur.com\/intl\/es\/investigacion-e-innovacion\/\" \/>\n<meta property=\"og:site_name\" content=\"Baltur\" \/>\n<meta property=\"article:publisher\" content=\"https:\/\/www.facebook.com\/BalturSpa\" \/>\n<meta property=\"article:modified_time\" content=\"2024-09-02T11:17:19+00:00\" \/>\n<meta name=\"twitter:card\" content=\"summary_large_image\" \/>\n<meta name=\"twitter:label1\" content=\"Tiempo de lectura\" \/>\n\t<meta name=\"twitter:data1\" content=\"4 minutos\" \/>\n<script type=\"application\/ld+json\" class=\"yoast-schema-graph\">{\"@context\":\"https:\/\/schema.org\",\"@graph\":[{\"@type\":\"WebPage\",\"@id\":\"https:\/\/www.baltur.com\/intl\/es\/investigacion-e-innovacion\/\",\"url\":\"https:\/\/www.baltur.com\/intl\/es\/investigacion-e-innovacion\/\",\"name\":\"Investigaci\u00f3n e innovaci\u00f3n - Baltur\",\"isPartOf\":{\"@id\":\"https:\/\/www.baltur.com\/intl\/es\/#website\"},\"datePublished\":\"2024-04-17T14:13:48+00:00\",\"dateModified\":\"2024-09-02T11:17:19+00:00\",\"breadcrumb\":{\"@id\":\"https:\/\/www.baltur.com\/intl\/es\/investigacion-e-innovacion\/#breadcrumb\"},\"inLanguage\":\"es\",\"potentialAction\":[{\"@type\":\"ReadAction\",\"target\":[\"https:\/\/www.baltur.com\/intl\/es\/investigacion-e-innovacion\/\"]}]},{\"@type\":\"BreadcrumbList\",\"@id\":\"https:\/\/www.baltur.com\/intl\/es\/investigacion-e-innovacion\/#breadcrumb\",\"itemListElement\":[{\"@type\":\"ListItem\",\"position\":1,\"name\":\"Home\",\"item\":\"https:\/\/www.baltur.com\/intl\/es\/\"},{\"@type\":\"ListItem\",\"position\":2,\"name\":\"Investigaci\u00f3n e innovaci\u00f3n\"}]},{\"@type\":\"WebSite\",\"@id\":\"https:\/\/www.baltur.com\/intl\/es\/#website\",\"url\":\"https:\/\/www.baltur.com\/intl\/es\/\",\"name\":\"Baltur\",\"description\":\"\",\"publisher\":{\"@id\":\"https:\/\/www.baltur.com\/intl\/es\/#organization\"},\"potentialAction\":[{\"@type\":\"SearchAction\",\"target\":{\"@type\":\"EntryPoint\",\"urlTemplate\":\"https:\/\/www.baltur.com\/intl\/es\/?s={search_term_string}\"},\"query-input\":{\"@type\":\"PropertyValueSpecification\",\"valueRequired\":true,\"valueName\":\"search_term_string\"}}],\"inLanguage\":\"es\"},{\"@type\":\"Organization\",\"@id\":\"https:\/\/www.baltur.com\/intl\/es\/#organization\",\"name\":\"Baltur\",\"url\":\"https:\/\/www.baltur.com\/intl\/es\/\",\"logo\":{\"@type\":\"ImageObject\",\"inLanguage\":\"es\",\"@id\":\"https:\/\/www.baltur.com\/intl\/es\/#\/schema\/logo\/image\/\",\"url\":\"https:\/\/www.baltur.com\/intl\/wp-content\/uploads\/2024\/05\/baltur_logo_white.png\",\"contentUrl\":\"https:\/\/www.baltur.com\/intl\/wp-content\/uploads\/2024\/05\/baltur_logo_white.png\",\"width\":209,\"height\":85,\"caption\":\"Baltur\"},\"image\":{\"@id\":\"https:\/\/www.baltur.com\/intl\/es\/#\/schema\/logo\/image\/\"},\"sameAs\":[\"https:\/\/www.facebook.com\/BalturSpa\"]}]}<\/script>","yoast_head_json":{"title":"Investigaci\u00f3n e innovaci\u00f3n - Baltur","robots":{"index":"index","follow":"follow","max-snippet":"max-snippet:-1","max-image-preview":"max-image-preview:large","max-video-preview":"max-video-preview:-1"},"canonical":"https:\/\/www.baltur.com\/intl\/es\/investigacion-e-innovacion\/","og_locale":"es_ES","og_type":"article","og_title":"Investigaci\u00f3n e innovaci\u00f3n - Baltur","og_description":"[vc_row][vc_column offset=&#8221;vc_hidden-xs&#8221;][\/vc_column][\/vc_row][vc_row el_class=&#8221;pt-std pb-std&#8221;][vc_column][vc_column_text css=&#8221;&#8221;] Tecnolog\u00eda. Prueba de laboratorio. Formaci\u00f3n. [\/vc_column_text][vc_column_text css=&#8221;&#8221;] Tres son los pilares de nuestra misi\u00f3n, aquello en lo que invertimos cada d\u00eda para hacer realidad nuestra visi\u00f3n: Tecnolog\u00eda, Pruebas de Laboratorio, Formaci\u00f3n para ofrecer productos-servicios que marquen la diferencia creando valor para nuestros clientes. [\/vc_column_text][\/vc_column][\/vc_row][vc_row el_class=&#8221;mb-big&#8221;][vc_column][\/vc_column][\/vc_row][vc_row full_width=&#8221;stretch_row_content&#8221; equal_height=&#8221;yes&#8221; el_class=&#8221;background-lighter-gray mb-big&#8221;][vc_column width=&#8221;1\/2&#8243; [&hellip;]","og_url":"https:\/\/www.baltur.com\/intl\/es\/investigacion-e-innovacion\/","og_site_name":"Baltur","article_publisher":"https:\/\/www.facebook.com\/BalturSpa","article_modified_time":"2024-09-02T11:17:19+00:00","twitter_card":"summary_large_image","twitter_misc":{"Tiempo de lectura":"4 minutos"},"schema":{"@context":"https:\/\/schema.org","@graph":[{"@type":"WebPage","@id":"https:\/\/www.baltur.com\/intl\/es\/investigacion-e-innovacion\/","url":"https:\/\/www.baltur.com\/intl\/es\/investigacion-e-innovacion\/","name":"Investigaci\u00f3n e innovaci\u00f3n - Baltur","isPartOf":{"@id":"https:\/\/www.baltur.com\/intl\/es\/#website"},"datePublished":"2024-04-17T14:13:48+00:00","dateModified":"2024-09-02T11:17:19+00:00","breadcrumb":{"@id":"https:\/\/www.baltur.com\/intl\/es\/investigacion-e-innovacion\/#breadcrumb"},"inLanguage":"es","potentialAction":[{"@type":"ReadAction","target":["https:\/\/www.baltur.com\/intl\/es\/investigacion-e-innovacion\/"]}]},{"@type":"BreadcrumbList","@id":"https:\/\/www.baltur.com\/intl\/es\/investigacion-e-innovacion\/#breadcrumb","itemListElement":[{"@type":"ListItem","position":1,"name":"Home","item":"https:\/\/www.baltur.com\/intl\/es\/"},{"@type":"ListItem","position":2,"name":"Investigaci\u00f3n e innovaci\u00f3n"}]},{"@type":"WebSite","@id":"https:\/\/www.baltur.com\/intl\/es\/#website","url":"https:\/\/www.baltur.com\/intl\/es\/","name":"Baltur","description":"","publisher":{"@id":"https:\/\/www.baltur.com\/intl\/es\/#organization"},"potentialAction":[{"@type":"SearchAction","target":{"@type":"EntryPoint","urlTemplate":"https:\/\/www.baltur.com\/intl\/es\/?s={search_term_string}"},"query-input":{"@type":"PropertyValueSpecification","valueRequired":true,"valueName":"search_term_string"}}],"inLanguage":"es"},{"@type":"Organization","@id":"https:\/\/www.baltur.com\/intl\/es\/#organization","name":"Baltur","url":"https:\/\/www.baltur.com\/intl\/es\/","logo":{"@type":"ImageObject","inLanguage":"es","@id":"https:\/\/www.baltur.com\/intl\/es\/#\/schema\/logo\/image\/","url":"https:\/\/www.baltur.com\/intl\/wp-content\/uploads\/2024\/05\/baltur_logo_white.png","contentUrl":"https:\/\/www.baltur.com\/intl\/wp-content\/uploads\/2024\/05\/baltur_logo_white.png","width":209,"height":85,"caption":"Baltur"},"image":{"@id":"https:\/\/www.baltur.com\/intl\/es\/#\/schema\/logo\/image\/"},"sameAs":["https:\/\/www.facebook.com\/BalturSpa"]}]}},"_links":{"self":[{"href":"https:\/\/www.baltur.com\/intl\/es\/wp-json\/wp\/v2\/pages\/2200"}],"collection":[{"href":"https:\/\/www.baltur.com\/intl\/es\/wp-json\/wp\/v2\/pages"}],"about":[{"href":"https:\/\/www.baltur.com\/intl\/es\/wp-json\/wp\/v2\/types\/page"}],"author":[{"embeddable":true,"href":"https:\/\/www.baltur.com\/intl\/es\/wp-json\/wp\/v2\/users\/1"}],"replies":[{"embeddable":true,"href":"https:\/\/www.baltur.com\/intl\/es\/wp-json\/wp\/v2\/comments?post=2200"}],"version-history":[{"count":7,"href":"https:\/\/www.baltur.com\/intl\/es\/wp-json\/wp\/v2\/pages\/2200\/revisions"}],"predecessor-version":[{"id":7070,"href":"https:\/\/www.baltur.com\/intl\/es\/wp-json\/wp\/v2\/pages\/2200\/revisions\/7070"}],"wp:attachment":[{"href":"https:\/\/www.baltur.com\/intl\/es\/wp-json\/wp\/v2\/media?parent=2200"}],"curies":[{"name":"wp","href":"https:\/\/api.w.org\/{rel}","templated":true}]}}