{"id":2224,"date":"2024-05-12T21:03:14","date_gmt":"2024-05-12T19:03:14","guid":{"rendered":"https:\/\/www2.baltur.com\/intl\/?page_id=2224"},"modified":"2024-12-03T11:51:14","modified_gmt":"2024-12-03T10:51:14","slug":"servicios","status":"publish","type":"page","link":"https:\/\/www.baltur.com\/intl\/es\/servicios\/","title":{"rendered":"Servicios"},"content":{"rendered":"<div class=\"wpb-content-wrapper\"><p>[vc_row][vc_column el_class=&#8221;py-big&#8221;][vc_column_text css=&#8221;.vc_custom_1717248858685{margin-bottom: 0px !important;}&#8221;]<\/p>\n<h1 style=\"text-align: center;\"><strong>Un mundo de servicios<\/strong><\/h1>\n<p>[\/vc_column_text][\/vc_column][\/vc_row][vc_row full_width=&#8221;stretch_row_content&#8221; equal_height=&#8221;yes&#8221; el_class=&#8221;background-lighter-gray&#8221;][vc_column width=&#8221;1\/3&#8243; el_class=&#8221;ratio-1to1 wpb-height-100&#8243; css=&#8221;.vc_custom_1715539914857{padding-right: 0px !important;padding-left: 0px !important;}&#8221;][vc_single_image image=&#8221;155&#8243; img_size=&#8221;full&#8221; css=&#8221;.vc_custom_1715554286732{margin-bottom: 0px !important;}&#8221; el_class=&#8221;wpb-image-cover&#8221;][\/vc_column][vc_column width=&#8221;2\/3&#8243; el_class=&#8221;wpb-height-100 wpb-align-items-center wpb-padding-big align-items-center&#8221;][vc_column_text css=&#8221;&#8221;]<\/p>\n<h2><strong>Baltur<\/strong><\/h2>\n<h2><span class=\"font-weight-light\">M\u00e1xima atenci\u00f3n<br \/>\nhacia el cliente<\/span><\/h2>\n<p>[\/vc_column_text][vc_column_text css=&#8221;&#8221;]Baltur apuesta por el Servicio de Atenci\u00f3n al Cliente como parte integral del producto: a trav\u00e9s de la preventa y la posventa aporta soluciones, asistencia y formaci\u00f3n.[\/vc_column_text][\/vc_column][\/vc_row][vc_row el_class=&#8221;mt-big&#8221;][vc_column width=&#8221;1\/3&#8243; el_class=&#8221;mb-std&#8221;][vc_single_image image=&#8221;1659&#8243; img_size=&#8221;full&#8221; alignment=&#8221;center&#8221; style=&#8221;baltur-ratio1to1-rounded-gray&#8221; css=&#8221;&#8221;][vc_column_text css=&#8221;&#8221;]<\/p>\n<h3 style=\"text-align: center;\"><strong>Formaci\u00f3n<\/strong><\/h3>\n<p>[\/vc_column_text][vc_column_text css=&#8221;&#8221;]Baltur Academy promueve cursos para dise\u00f1adores, instaladores, t\u00e9cnicos de mantenimiento.[\/vc_column_text][vc_btn title=&#8221;Leer m\u00e1s&#8221; align=&#8221;center&#8221; css=&#8221;&#8221; link=&#8221;url:https%3A%2F%2Fwww.baltur.com%2Fintl%2Fes%2Facademia-baltur%2F|title:Investigaci%C3%B3n%20e%20innovaci%C3%B3n&#8221;][\/vc_column][vc_column width=&#8221;1\/3&#8243; el_class=&#8221;mb-std&#8221;][vc_single_image image=&#8221;1660&#8243; img_size=&#8221;full&#8221; alignment=&#8221;center&#8221; style=&#8221;baltur-ratio1to1-rounded-gray&#8221; css=&#8221;&#8221;][vc_column_text css=&#8221;&#8221;]<\/p>\n<h3 style=\"text-align: center;\"><strong>Documentaci\u00f3n<\/strong><\/h3>\n<p>[\/vc_column_text][vc_column_text css=&#8221;&#8221;]\u00c1rea dedicada a la descarga de la Documentaci\u00f3n de los Productos.[\/vc_column_text][vc_btn title=&#8221;Leer m\u00e1s&#8221; align=&#8221;center&#8221; css=&#8221;&#8221; link=&#8221;url:https%3A%2F%2Fwww.baltur.com%2Fintl%2Fes%2Fdocumentacion-del-producto%2F|title:Documentaci%C3%B3n%20del%20producto&#8221;][\/vc_column][vc_column width=&#8221;1\/3&#8243; el_class=&#8221;mb-std&#8221;][vc_single_image image=&#8221;1661&#8243; img_size=&#8221;full&#8221; alignment=&#8221;center&#8221; style=&#8221;baltur-ratio1to1-rounded-gray&#8221; css=&#8221;&#8221;][vc_column_text css=&#8221;&#8221;]<\/p>\n<h3 style=\"text-align: center;\"><strong>Red de venta<\/strong><\/h3>\n<p>[\/vc_column_text][vc_column_text css=&#8221;&#8221;]Una red comercial extensa, presente en toda Italia y en el mundo.[\/vc_column_text][vc_btn title=&#8221;Leer m\u00e1s&#8221; align=&#8221;center&#8221; css=&#8221;&#8221; link=&#8221;url:https%3A%2F%2Fwww.baltur.com%2Fintl%2Fes%2Fred-de-ventas%2F|title:Red%20de%20ventas&#8221;][\/vc_column][\/vc_row][vc_row][vc_column width=&#8221;1\/3&#8243; el_class=&#8221;mb-std&#8221;][vc_single_image image=&#8221;1662&#8243; img_size=&#8221;full&#8221; alignment=&#8221;center&#8221; style=&#8221;baltur-ratio1to1-rounded-gray&#8221; css=&#8221;&#8221;][vc_column_text css=&#8221;&#8221;]<\/p>\n<h3 style=\"text-align: center;\"><strong>Red de asistencia<\/strong><\/h3>\n<p>[\/vc_column_text][vc_column_text css=&#8221;&#8221;]El Centro de Asistencia T\u00e9cnica Baltur es un punto de referencia para el cliente, presente en todo el territorio.[\/vc_column_text][vc_btn title=&#8221;Leer m\u00e1s&#8221; align=&#8221;center&#8221; css=&#8221;&#8221; link=&#8221;url:%2Fintl%2Fes%2Fred-de-ventas%2F|title:Red%20de%20atenci%C3%B3n&#8221;][\/vc_column][vc_column width=&#8221;1\/3&#8243; el_class=&#8221;mb-std&#8221;][vc_single_image image=&#8221;1663&#8243; img_size=&#8221;full&#8221; alignment=&#8221;center&#8221; style=&#8221;baltur-ratio1to1-rounded-gray&#8221; css=&#8221;&#8221;][vc_column_text css=&#8221;&#8221;]<\/p>\n<h3 style=\"text-align: center;\"><strong>Servicio de Atenci\u00f3n al Cliente <\/strong><\/h3>\n<p>[\/vc_column_text][vc_column_text css=&#8221;&#8221;]Para cualquier consulta o solicitud, el Servicio de Atenci\u00f3n al Cliente de Baltur est\u00e1 a tu disposici\u00f3n.[\/vc_column_text][vc_btn title=&#8221;Leer m\u00e1s&#8221; align=&#8221;center&#8221; css=&#8221;&#8221; link=&#8221;url:https%3A%2F%2Fwww.baltur.com%2Fintl%2Fes%2Fquejas%2F|title:Quejas&#8221;][\/vc_column][vc_column width=&#8221;1\/3&#8243; el_class=&#8221;mb-std&#8221;][\/vc_column][\/vc_row]<\/p>\n<\/div>","protected":false},"excerpt":{"rendered":"<p>[vc_row][vc_column el_class=&#8221;py-big&#8221;][vc_column_text css=&#8221;.vc_custom_1717248858685{margin-bottom: 0px !important;}&#8221;] Un mundo de servicios [\/vc_column_text][\/vc_column][\/vc_row][vc_row full_width=&#8221;stretch_row_content&#8221; equal_height=&#8221;yes&#8221; el_class=&#8221;background-lighter-gray&#8221;][vc_column width=&#8221;1\/3&#8243; el_class=&#8221;ratio-1to1 wpb-height-100&#8243; css=&#8221;.vc_custom_1715539914857{padding-right: 0px !important;padding-left: 0px !important;}&#8221;][vc_single_image image=&#8221;155&#8243; img_size=&#8221;full&#8221; css=&#8221;.vc_custom_1715554286732{margin-bottom: 0px !important;}&#8221; el_class=&#8221;wpb-image-cover&#8221;][\/vc_column][vc_column width=&#8221;2\/3&#8243; el_class=&#8221;wpb-height-100 wpb-align-items-center wpb-padding-big align-items-center&#8221;][vc_column_text css=&#8221;&#8221;] Baltur M\u00e1xima atenci\u00f3n hacia el cliente [\/vc_column_text][vc_column_text css=&#8221;&#8221;]Baltur apuesta por el Servicio de Atenci\u00f3n al Cliente como parte integral del producto: a [&hellip;]<\/p>\n","protected":false},"author":1,"featured_media":0,"parent":0,"menu_order":0,"comment_status":"closed","ping_status":"closed","template":"","meta":{"_acf_changed":false,"footnotes":""},"class_list":["post-2224","page","type-page","status-publish","hentry"],"acf":[],"yoast_head":"<title>Servicios - Baltur<\/title>\n<meta name=\"robots\" content=\"index, follow, max-snippet:-1, max-image-preview:large, max-video-preview:-1\" \/>\n<link rel=\"canonical\" href=\"https:\/\/www.baltur.com\/intl\/es\/servicios\/\" \/>\n<meta property=\"og:locale\" content=\"es_ES\" \/>\n<meta property=\"og:type\" content=\"article\" \/>\n<meta property=\"og:title\" content=\"Servicios - Baltur\" \/>\n<meta property=\"og:description\" content=\"[vc_row][vc_column el_class=&#8221;py-big&#8221;][vc_column_text css=&#8221;.vc_custom_1717248858685{margin-bottom: 0px !important;}&#8221;] Un mundo de servicios [\/vc_column_text][\/vc_column][\/vc_row][vc_row full_width=&#8221;stretch_row_content&#8221; equal_height=&#8221;yes&#8221; el_class=&#8221;background-lighter-gray&#8221;][vc_column width=&#8221;1\/3&#8243; el_class=&#8221;ratio-1to1 wpb-height-100&#8243; css=&#8221;.vc_custom_1715539914857{padding-right: 0px !important;padding-left: 0px !important;}&#8221;][vc_single_image image=&#8221;155&#8243; img_size=&#8221;full&#8221; css=&#8221;.vc_custom_1715554286732{margin-bottom: 0px !important;}&#8221; el_class=&#8221;wpb-image-cover&#8221;][\/vc_column][vc_column width=&#8221;2\/3&#8243; el_class=&#8221;wpb-height-100 wpb-align-items-center wpb-padding-big align-items-center&#8221;][vc_column_text css=&#8221;&#8221;] Baltur M\u00e1xima atenci\u00f3n hacia el cliente [\/vc_column_text][vc_column_text css=&#8221;&#8221;]Baltur apuesta por el Servicio de Atenci\u00f3n al Cliente como parte integral del producto: a [&hellip;]\" \/>\n<meta property=\"og:url\" content=\"https:\/\/www.baltur.com\/intl\/es\/servicios\/\" \/>\n<meta property=\"og:site_name\" content=\"Baltur\" \/>\n<meta property=\"article:publisher\" content=\"https:\/\/www.facebook.com\/BalturSpa\" \/>\n<meta property=\"article:modified_time\" content=\"2024-12-03T10:51:14+00:00\" \/>\n<meta name=\"twitter:card\" content=\"summary_large_image\" \/>\n<meta name=\"twitter:label1\" content=\"Tiempo de lectura\" \/>\n\t<meta name=\"twitter:data1\" content=\"1 minuto\" \/>\n<script type=\"application\/ld+json\" class=\"yoast-schema-graph\">{\"@context\":\"https:\/\/schema.org\",\"@graph\":[{\"@type\":\"WebPage\",\"@id\":\"https:\/\/www.baltur.com\/intl\/es\/servicios\/\",\"url\":\"https:\/\/www.baltur.com\/intl\/es\/servicios\/\",\"name\":\"Servicios - Baltur\",\"isPartOf\":{\"@id\":\"https:\/\/www.baltur.com\/intl\/es\/#website\"},\"datePublished\":\"2024-05-12T19:03:14+00:00\",\"dateModified\":\"2024-12-03T10:51:14+00:00\",\"breadcrumb\":{\"@id\":\"https:\/\/www.baltur.com\/intl\/es\/servicios\/#breadcrumb\"},\"inLanguage\":\"es\",\"potentialAction\":[{\"@type\":\"ReadAction\",\"target\":[\"https:\/\/www.baltur.com\/intl\/es\/servicios\/\"]}]},{\"@type\":\"BreadcrumbList\",\"@id\":\"https:\/\/www.baltur.com\/intl\/es\/servicios\/#breadcrumb\",\"itemListElement\":[{\"@type\":\"ListItem\",\"position\":1,\"name\":\"Home\",\"item\":\"https:\/\/www.baltur.com\/intl\/es\/\"},{\"@type\":\"ListItem\",\"position\":2,\"name\":\"Servicios\"}]},{\"@type\":\"WebSite\",\"@id\":\"https:\/\/www.baltur.com\/intl\/es\/#website\",\"url\":\"https:\/\/www.baltur.com\/intl\/es\/\",\"name\":\"Baltur\",\"description\":\"\",\"publisher\":{\"@id\":\"https:\/\/www.baltur.com\/intl\/es\/#organization\"},\"potentialAction\":[{\"@type\":\"SearchAction\",\"target\":{\"@type\":\"EntryPoint\",\"urlTemplate\":\"https:\/\/www.baltur.com\/intl\/es\/?s={search_term_string}\"},\"query-input\":{\"@type\":\"PropertyValueSpecification\",\"valueRequired\":true,\"valueName\":\"search_term_string\"}}],\"inLanguage\":\"es\"},{\"@type\":\"Organization\",\"@id\":\"https:\/\/www.baltur.com\/intl\/es\/#organization\",\"name\":\"Baltur\",\"url\":\"https:\/\/www.baltur.com\/intl\/es\/\",\"logo\":{\"@type\":\"ImageObject\",\"inLanguage\":\"es\",\"@id\":\"https:\/\/www.baltur.com\/intl\/es\/#\/schema\/logo\/image\/\",\"url\":\"https:\/\/www.baltur.com\/intl\/wp-content\/uploads\/2024\/05\/baltur_logo_white.png\",\"contentUrl\":\"https:\/\/www.baltur.com\/intl\/wp-content\/uploads\/2024\/05\/baltur_logo_white.png\",\"width\":209,\"height\":85,\"caption\":\"Baltur\"},\"image\":{\"@id\":\"https:\/\/www.baltur.com\/intl\/es\/#\/schema\/logo\/image\/\"},\"sameAs\":[\"https:\/\/www.facebook.com\/BalturSpa\"]}]}<\/script>","yoast_head_json":{"title":"Servicios - Baltur","robots":{"index":"index","follow":"follow","max-snippet":"max-snippet:-1","max-image-preview":"max-image-preview:large","max-video-preview":"max-video-preview:-1"},"canonical":"https:\/\/www.baltur.com\/intl\/es\/servicios\/","og_locale":"es_ES","og_type":"article","og_title":"Servicios - Baltur","og_description":"[vc_row][vc_column el_class=&#8221;py-big&#8221;][vc_column_text css=&#8221;.vc_custom_1717248858685{margin-bottom: 0px !important;}&#8221;] Un mundo de servicios [\/vc_column_text][\/vc_column][\/vc_row][vc_row full_width=&#8221;stretch_row_content&#8221; equal_height=&#8221;yes&#8221; el_class=&#8221;background-lighter-gray&#8221;][vc_column width=&#8221;1\/3&#8243; el_class=&#8221;ratio-1to1 wpb-height-100&#8243; css=&#8221;.vc_custom_1715539914857{padding-right: 0px !important;padding-left: 0px !important;}&#8221;][vc_single_image image=&#8221;155&#8243; img_size=&#8221;full&#8221; css=&#8221;.vc_custom_1715554286732{margin-bottom: 0px !important;}&#8221; el_class=&#8221;wpb-image-cover&#8221;][\/vc_column][vc_column width=&#8221;2\/3&#8243; el_class=&#8221;wpb-height-100 wpb-align-items-center wpb-padding-big align-items-center&#8221;][vc_column_text css=&#8221;&#8221;] Baltur M\u00e1xima atenci\u00f3n hacia el cliente [\/vc_column_text][vc_column_text css=&#8221;&#8221;]Baltur apuesta por el Servicio de Atenci\u00f3n al Cliente como parte integral del producto: a [&hellip;]","og_url":"https:\/\/www.baltur.com\/intl\/es\/servicios\/","og_site_name":"Baltur","article_publisher":"https:\/\/www.facebook.com\/BalturSpa","article_modified_time":"2024-12-03T10:51:14+00:00","twitter_card":"summary_large_image","twitter_misc":{"Tiempo de lectura":"1 minuto"},"schema":{"@context":"https:\/\/schema.org","@graph":[{"@type":"WebPage","@id":"https:\/\/www.baltur.com\/intl\/es\/servicios\/","url":"https:\/\/www.baltur.com\/intl\/es\/servicios\/","name":"Servicios - Baltur","isPartOf":{"@id":"https:\/\/www.baltur.com\/intl\/es\/#website"},"datePublished":"2024-05-12T19:03:14+00:00","dateModified":"2024-12-03T10:51:14+00:00","breadcrumb":{"@id":"https:\/\/www.baltur.com\/intl\/es\/servicios\/#breadcrumb"},"inLanguage":"es","potentialAction":[{"@type":"ReadAction","target":["https:\/\/www.baltur.com\/intl\/es\/servicios\/"]}]},{"@type":"BreadcrumbList","@id":"https:\/\/www.baltur.com\/intl\/es\/servicios\/#breadcrumb","itemListElement":[{"@type":"ListItem","position":1,"name":"Home","item":"https:\/\/www.baltur.com\/intl\/es\/"},{"@type":"ListItem","position":2,"name":"Servicios"}]},{"@type":"WebSite","@id":"https:\/\/www.baltur.com\/intl\/es\/#website","url":"https:\/\/www.baltur.com\/intl\/es\/","name":"Baltur","description":"","publisher":{"@id":"https:\/\/www.baltur.com\/intl\/es\/#organization"},"potentialAction":[{"@type":"SearchAction","target":{"@type":"EntryPoint","urlTemplate":"https:\/\/www.baltur.com\/intl\/es\/?s={search_term_string}"},"query-input":{"@type":"PropertyValueSpecification","valueRequired":true,"valueName":"search_term_string"}}],"inLanguage":"es"},{"@type":"Organization","@id":"https:\/\/www.baltur.com\/intl\/es\/#organization","name":"Baltur","url":"https:\/\/www.baltur.com\/intl\/es\/","logo":{"@type":"ImageObject","inLanguage":"es","@id":"https:\/\/www.baltur.com\/intl\/es\/#\/schema\/logo\/image\/","url":"https:\/\/www.baltur.com\/intl\/wp-content\/uploads\/2024\/05\/baltur_logo_white.png","contentUrl":"https:\/\/www.baltur.com\/intl\/wp-content\/uploads\/2024\/05\/baltur_logo_white.png","width":209,"height":85,"caption":"Baltur"},"image":{"@id":"https:\/\/www.baltur.com\/intl\/es\/#\/schema\/logo\/image\/"},"sameAs":["https:\/\/www.facebook.com\/BalturSpa"]}]}},"_links":{"self":[{"href":"https:\/\/www.baltur.com\/intl\/es\/wp-json\/wp\/v2\/pages\/2224"}],"collection":[{"href":"https:\/\/www.baltur.com\/intl\/es\/wp-json\/wp\/v2\/pages"}],"about":[{"href":"https:\/\/www.baltur.com\/intl\/es\/wp-json\/wp\/v2\/types\/page"}],"author":[{"embeddable":true,"href":"https:\/\/www.baltur.com\/intl\/es\/wp-json\/wp\/v2\/users\/1"}],"replies":[{"embeddable":true,"href":"https:\/\/www.baltur.com\/intl\/es\/wp-json\/wp\/v2\/comments?post=2224"}],"version-history":[{"count":7,"href":"https:\/\/www.baltur.com\/intl\/es\/wp-json\/wp\/v2\/pages\/2224\/revisions"}],"predecessor-version":[{"id":7514,"href":"https:\/\/www.baltur.com\/intl\/es\/wp-json\/wp\/v2\/pages\/2224\/revisions\/7514"}],"wp:attachment":[{"href":"https:\/\/www.baltur.com\/intl\/es\/wp-json\/wp\/v2\/media?parent=2224"}],"curies":[{"name":"wp","href":"https:\/\/api.w.org\/{rel}","templated":true}]}}