{"id":2252,"date":"2024-04-16T22:37:06","date_gmt":"2024-04-16T20:37:06","guid":{"rendered":"https:\/\/www2.baltur.com\/intl\/?page_id=2252"},"modified":"2025-12-15T14:48:26","modified_gmt":"2025-12-15T13:48:26","slug":"about-us","status":"publish","type":"page","link":"https:\/\/www.baltur.com\/intl\/es\/about-us\/","title":{"rendered":"About us"},"content":{"rendered":"<div class=\"wpb-content-wrapper\"><p>[vc_row][vc_column offset=&#8221;vc_hidden-xs&#8221;]\n\t\t\t\t<p class=\"rs-p-wp-fix\"><\/p>\n\t\t\t\t<sr7-module data-alias=\"about-us\" data-id=\"11\" id=\"SR7_11_1\" class=\"rs-ov-hidden\" data-version=\"6.7.20\">\n\t\t\t\t\t<sr7-adjuster><\/sr7-adjuster>\n\t\t\t\t\t<sr7-content>\n\t\t\t\t\t\t<sr7-slide id=\"SR7_11_1-19\" data-key=\"19\">\n\t\t\t\t\t\t\t<sr7-bg id=\"SR7_11_1-19-1\" class=\"sr7-layer\"><noscript><img decoding=\"async\" src=\"https:\/\/www.baltur.com\/intl\/wp-content\/uploads\/2024\/07\/RF-DESKTOP.jpg\" alt=\"\" title=\"RF DESKTOP\"><\/noscript><\/sr7-bg>\n\t\t\t\t\t\t<\/sr7-slide>\n\t\t\t\t\t\t<sr7-slide id=\"SR7_11_1-39\" data-key=\"39\">\n\t\t\t\t\t\t\t<sr7-bg id=\"SR7_11_1-39-1\" class=\"sr7-layer\"><noscript><img decoding=\"async\" src=\"https:\/\/www.baltur.com\/intl\/wp-content\/uploads\/2024\/07\/Esterno-azienda-DESKTOP.jpg\" alt=\"\" title=\"Esterno azienda DESKTOP\"><\/noscript><\/sr7-bg>\n\t\t\t\t\t\t<\/sr7-slide>\n\t\t\t\t\t\t<sr7-slide id=\"SR7_11_1-22\" data-key=\"22\">\n\t\t\t\t\t\t<\/sr7-slide>\n\t\t\t\t\t<\/sr7-content>\n\t\t\t\t\t<image_lists style=\"display:none\">\n\t\t\t\t\t\t<img data-src=\"\/\/www.baltur.com\/intl\/wp-content\/uploads\/2024\/07\/RF-DESKTOP.jpg\" data-libid=\"5747\" data-lib=\"medialibrary\" title=\"RF DESKTOP\" width=\"0\" height=\"0\" data-dbsrc=\"Ly93d3cuYmFsdHVyLmNvbS9pbnRsL3dwLWNvbnRlbnQvdXBsb2Fkcy8yMDI0LzA3L1JGLURFU0tUT1AuanBn\"\/>\n\t\t\t\t\t\t<img data-src=\"\/\/www.baltur.com\/intl\/wp-content\/uploads\/2024\/07\/Esterno-azienda-DESKTOP.jpg\" data-libid=\"5735\" data-lib=\"medialibrary\" title=\"Esterno azienda DESKTOP\" width=\"0\" height=\"0\" data-dbsrc=\"Ly93d3cuYmFsdHVyLmNvbS9pbnRsL3dwLWNvbnRlbnQvdXBsb2Fkcy8yMDI0LzA3L0VzdGVybm8tYXppZW5kYS1ERVNLVE9QLmpwZw==\"\/>\n\t\t\t\t\t<\/image_lists>\n\t\t\t\t<\/sr7-module>\n\t\t\t\t<script>\n\t\t\t\t\tSR7.PMH ??={}; SR7.PMH[\"SR7_11_1\"] = {cn:0,state:false,fn: function() { if (_tpt!==undefined && _tpt.prepareModuleHeight !== undefined) {  _tpt.prepareModuleHeight({id:\"SR7_11_1\",el:[900,900,768,960,720],type:'standard',shdw:'0',gh:[900,900,480,365,225],gw:[1920,1920,1024,778,480],vpt:['100px'],size:{fullWidth:true, fullHeight:false},mh:'0',onh:0,onw:0,bg:{color:'{\"orig\":\"transparent\",\"type\":\"solid\",\"string\":\"transparent\"}'}});   SR7.PMH[\"SR7_11_1\"].state=true;} else if((SR7.PMH[\"SR7_11_1\"].cn++)<100)\tsetTimeout( SR7.PMH[\"SR7_11_1\"].fn,19);}};SR7.PMH[\"SR7_11_1\" ].fn();\n\t\t\t\t<\/script>\n[\/vc_column][\/vc_row][vc_row full_width=&#8221;stretch_row_content_no_spaces&#8221;][vc_column offset=&#8221;vc_hidden-lg vc_hidden-md vc_hidden-sm&#8221;]\n\t\t\t\t<p class=\"rs-p-wp-fix\"><\/p>\n\t\t\t\t<sr7-module data-alias=\"about-us-mobile\" data-id=\"12\" id=\"SR7_12_2\" class=\"rs-ov-hidden\" data-version=\"6.7.20\">\n\t\t\t\t\t<sr7-adjuster><\/sr7-adjuster>\n\t\t\t\t\t<sr7-content>\n\t\t\t\t\t\t<sr7-slide id=\"SR7_12_2-20\" data-key=\"20\">\n\t\t\t\t\t\t\t<sr7-bg id=\"SR7_12_2-20-1\" class=\"sr7-layer\"><noscript><img decoding=\"async\" src=\"https:\/\/www.baltur.com\/intl\/wp-content\/uploads\/2024\/07\/RF-MOBILE.jpg\" alt=\"\" title=\"RF MOBILE\"><\/noscript><\/sr7-bg>\n\t\t\t\t\t\t<\/sr7-slide>\n\t\t\t\t\t\t<sr7-slide id=\"SR7_12_2-21\" data-key=\"21\">\n\t\t\t\t\t\t\t<sr7-bg id=\"SR7_12_2-21-1\" class=\"sr7-layer\"><noscript><img decoding=\"async\" src=\"https:\/\/www.baltur.com\/intl\/wp-content\/uploads\/2024\/07\/Esterno-azienda-MOBILE.jpg\" alt=\"\" title=\"Esterno azienda MOBILE\"><\/noscript><\/sr7-bg>\n\t\t\t\t\t\t<\/sr7-slide>\n\t\t\t\t\t\t<sr7-slide id=\"SR7_12_2-23\" data-key=\"23\">\n\t\t\t\t\t\t<\/sr7-slide>\n\t\t\t\t\t<\/sr7-content>\n\t\t\t\t\t<image_lists style=\"display:none\">\n\t\t\t\t\t\t<img data-src=\"\/\/www.baltur.com\/intl\/wp-content\/uploads\/2024\/07\/RF-MOBILE.jpg\" data-libid=\"5743\" data-lib=\"medialibrary\" title=\"RF MOBILE\" width=\"0\" height=\"0\" data-dbsrc=\"Ly93d3cuYmFsdHVyLmNvbS9pbnRsL3dwLWNvbnRlbnQvdXBsb2Fkcy8yMDI0LzA3L1JGLU1PQklMRS5qcGc=\"\/>\n\t\t\t\t\t\t<img data-src=\"\/\/www.baltur.com\/intl\/wp-content\/uploads\/2024\/07\/Esterno-azienda-MOBILE.jpg\" data-libid=\"5739\" data-lib=\"medialibrary\" title=\"Esterno azienda MOBILE\" width=\"0\" height=\"0\" data-dbsrc=\"Ly93d3cuYmFsdHVyLmNvbS9pbnRsL3dwLWNvbnRlbnQvdXBsb2Fkcy8yMDI0LzA3L0VzdGVybm8tYXppZW5kYS1NT0JJTEUuanBn\"\/>\n\t\t\t\t\t<\/image_lists>\n\t\t\t\t<\/sr7-module>\n\t\t\t\t<script>\n\t\t\t\t\tSR7.PMH ??={}; SR7.PMH[\"SR7_12_2\"] = {cn:0,state:false,fn: function() { if (_tpt!==undefined && _tpt.prepareModuleHeight !== undefined) {  _tpt.prepareModuleHeight({id:\"SR7_12_2\",el:[450,450,768,960,720],type:'standard',shdw:'0',gh:[450,450,450,450,450],gw:[360,360,360,360,360],vpt:['100px'],size:{fullWidth:false, fullHeight:false},mh:'0',onh:0,onw:0,bg:{color:'{\"orig\":\"transparent\",\"type\":\"solid\",\"string\":\"transparent\"}'}});   SR7.PMH[\"SR7_12_2\"].state=true;} else if((SR7.PMH[\"SR7_12_2\"].cn++)<100)\tsetTimeout( SR7.PMH[\"SR7_12_2\"].fn,19);}};SR7.PMH[\"SR7_12_2\" ].fn();\n\t\t\t\t<\/script>\n[\/vc_column][\/vc_row][vc_row el_class=&#8221;py-std&#8221;][vc_column][vc_column_text css=&#8221;&#8221;]<\/p>\n<h2 style=\"text-align: center;\"><strong>Baltur: innovaci\u00f3n y sostenibilidad<br \/>\nen plantas de combusti\u00f3n<\/strong><\/h2>\n<p>[\/vc_column_text][vc_column_text css=&#8221;&#8221;]<\/p>\n<p style=\"text-align: center;\">Baltur, desde 1950, representa la excelencia en tecnolog\u00edas de combusti\u00f3n. Durante tres generaciones ha contribuido al desarrollo y al empleo del territorio, desempe\u00f1ando un papel central en la comunidad gracias a un enfoque empresarial visionario y con visi\u00f3n de futuro. Hoy, Baltur intensifica su compromiso con la creaci\u00f3n de valor global, aceptando los desaf\u00edos del presente con base en los principios de responsabilidad social.<\/p>\n<p>[\/vc_column_text][vc_btn title=&#8221;Perfil de la empresa&#8221; align=&#8221;center&#8221; css=&#8221;&#8221; link=&#8221;url:https%3A%2F%2Fwww.baltur.com%2Fintl%2Fwp-content%2Fuploads%2F2025%2F12%2FBaltur-Perfil-de-la-empresa_es.pdf|target:_blank&#8221;][\/vc_column][\/vc_row][vc_row full_width=&#8221;stretch_row_content&#8221; equal_height=&#8221;yes&#8221; el_class=&#8221;background-lighter-gray mb-none&#8221;][vc_column width=&#8221;1\/2&#8243; el_class=&#8221;ratio-4to3 wpb-height-100&#8243; css=&#8221;.vc_custom_1713302994417{padding-right: 0px !important;padding-left: 0px !important;}&#8221;][vc_single_image image=&#8221;1609&#8243; img_size=&#8221;full&#8221; css=&#8221;.vc_custom_1715066379800{margin-bottom: 0px !important;}&#8221; el_class=&#8221;wpb-image-cover&#8221;][\/vc_column][vc_column width=&#8221;1\/2&#8243; el_class=&#8221;wpb-height-100 wpb-align-items-center wpb-padding-big align-items-center&#8221;][vc_column_text css=&#8221;&#8221;]Con importantes inversiones en investigaci\u00f3n y desarrollo, Baltur ha logrado un equilibrio perfecto entre eficiencia y econom\u00eda, confort y sostenibilidad. Hoy en d\u00eda, la empresa es capaz de satisfacer al mercado con una gama completa de quemadores con altos rangos de modulaci\u00f3n y bajas emisiones, y de dise\u00f1ar sistemas personalizados que utilizan combustibles alternativos.<\/p>\n<p>La empresa se adhiere a los principios del Lean Management y de la Industria 4.0, con procesos y metodolog\u00edas avanzadas para reducir los residuos y optimizar el rendimiento, garantizando una gesti\u00f3n energ\u00e9tica consciente y eficaz.[\/vc_column_text][vc_btn title=&#8221;Investigaci\u00f3n e innovaci\u00f3n&#8221; css=&#8221;&#8221; link=&#8221;url:https%3A%2F%2Fwww.baltur.com%2Fintl%2Fes%2Finvestigacion-e-innovacion%2F|title:Investigaci%C3%B3n%20e%20innovaci%C3%B3n&#8221;][\/vc_column][\/vc_row][vc_row full_width=&#8221;stretch_row_content&#8221; equal_height=&#8221;yes&#8221; el_class=&#8221;background-lighter-gray mb-none&#8221;][vc_column width=&#8221;1\/2&#8243; el_class=&#8221;wpb-height-100 wpb-align-items-center wpb-padding-big align-items-center m-order-2&#8243;][vc_column_text css=&#8221;&#8221;]<\/p>\n<h2><strong>Baltur a nivel mundial:<\/strong><br \/>\n<span class=\"font-weight-light\">personalizado<br \/>\nServicio al Cliente<br \/>\nen el sector energ\u00e9tico<br \/>\n<\/span><\/h2>\n<p>[\/vc_column_text][vc_column_text css=&#8221;&#8221;]Baltur se distingue como l\u00edder mundial en el sector, con una presencia internacional caracterizada por un enfoque flexible y competitivo.<\/p>\n<p>Cada interacci\u00f3n con el cliente se afronta con el m\u00e1ximo cuidado, de acuerdo con las caracter\u00edsticas distintivas y las normativas locales de cada pa\u00eds, con una atenci\u00f3n al cliente caracterizada por un enfoque individual y familiar. Para Baltur, la calidad de los productos va de la mano de relaciones igualmente valiosas.[\/vc_column_text][vc_btn title=&#8221;Leer m\u00e1s&#8221; css=&#8221;&#8221; link=&#8221;url:https%3A%2F%2Fwww.baltur.com%2Fintl%2Fes%2Fservicios%2F|title:Servicios&#8221;][\/vc_column][vc_column width=&#8221;1\/2&#8243; css=&#8221;.vc_custom_1712519756105{padding-right: 0px !important;padding-left: 0px !important;}&#8221; el_class=&#8221;ratio-4to3 wpb-height-100&#8243;][vc_single_image image=&#8221;403&#8243; img_size=&#8221;full&#8221; css=&#8221;.vc_custom_1713300396941{margin-bottom: 0px !important;}&#8221; el_class=&#8221;wpb-image-cover&#8221;][\/vc_column][\/vc_row][vc_row][vc_column][vc_column_text css=&#8221;&#8221; el_class=&#8221;pt-std pb-std&#8221;]<\/p>\n<h2 style=\"text-align: center;\"><strong>Soluciones energ\u00e9ticas sostenibles<\/strong><br \/>\n<strong>para calefacci\u00f3n y aire acondicionado<\/strong><\/h2>\n<p>[\/vc_column_text]<div id=\"swiper-69e11561c6c31\" class=\"swiper baltur-wpb-slider swiper-paginated  \" data-loop=\"1\" data-slides=\"1\" data-slides-md=\"2\" data-slides-lg=\"3\"><div class=\"swiper-wrapper\"><div class=\"swiper-slide\"><div class=\"image\"><img decoding=\"async\" src=\"https:\/\/www.baltur.com\/intl\/wp-content\/uploads\/2024\/04\/about-1.jpg\" alt=\"\"><\/div><\/div><div class=\"swiper-slide\"><div class=\"image\"><img decoding=\"async\" src=\"https:\/\/www.baltur.com\/intl\/wp-content\/uploads\/2024\/04\/about-2.jpg\" alt=\"\"><\/div><\/div><div class=\"swiper-slide\"><div class=\"image\"><img decoding=\"async\" src=\"https:\/\/www.baltur.com\/intl\/wp-content\/uploads\/2024\/04\/about-3.jpg\" alt=\"\"><\/div><\/div><\/div><div class=\"swiper-pagination\"><\/div><\/div>[vc_column_text css=&#8221;&#8221; el_class=&#8221;pt-std pb-std&#8221;]<\/p>\n<p style=\"text-align: center;\">Baltur se compromete a desarrollar, fabricar y ofrecer soluciones de punta para calefacci\u00f3n, climatizaci\u00f3n y aplicaciones industriales, centr\u00e1ndose en la gesti\u00f3n eficiente y racional de la energ\u00eda, con pleno respeto por el medio ambiente y por las personas. Este enfoque nos permite contribuir activamente en la protecci\u00f3n del medio ambiente, pero tambi\u00e9n sobresalir por la calidad de los productos y de los servicios, con una atenci\u00f3n constante a las necesidades del cliente.<\/p>\n<p>[\/vc_column_text][\/vc_column][\/vc_row][vc_row full_width=&#8221;stretch_row_content&#8221; equal_height=&#8221;yes&#8221; el_class=&#8221;background-lighter-gray mb-big&#8221;][vc_column width=&#8221;1\/2&#8243; el_class=&#8221;ratio-4to3 wpb-height-100&#8243; css=&#8221;.vc_custom_1713303019439{padding-right: 0px !important;padding-left: 0px !important;}&#8221;][vc_single_image image=&#8221;1611&#8243; img_size=&#8221;full&#8221; css=&#8221;.vc_custom_1715066643512{margin-bottom: 0px !important;}&#8221; el_class=&#8221;wpb-image-cover&#8221;][\/vc_column][vc_column width=&#8221;1\/2&#8243; el_class=&#8221;wpb-height-100 wpb-align-items-center wpb-padding-big align-items-center&#8221;][vc_column_text css=&#8221;&#8221;]Baltur comenz\u00f3 a fabricar quemadores dom\u00e9sticos en 1950, en un peque\u00f1o taller de Cento, en la provincia de Ferrara, fundado por los empresarios Giuseppe Ballanti y Ferdinando Tura, a quienes debe su nombre. En 1960 se inaugur\u00f3 una nueva f\u00e1brica, de la que se hicieron cargo Augusto Fava y sus hermanos Arturo y Lino, que transformaron la peque\u00f1a empresa de Cento en la empresa internacional que es hoy. Con los a\u00f1os, el potencial de la industria se hizo evidente y Baltur se convirti\u00f3 en un punto de referencia.<\/p>\n<p>La intuici\u00f3n, la pasi\u00f3n y la visi\u00f3n empresarial han guiado a otras dos generaciones en la gesti\u00f3n de la empresa: Enrico y Gianni, hijos de Augusto, y despu\u00e9s Riccardo Fava, actual Director Ejecutivo y Director General.<br \/>\nTres generaciones de empresarios que han sabido hacer crecer una empresa, compitiendo al m\u00e1s alto nivel y manteniendo en alto la bandera del Made in Italy.[\/vc_column_text][\/vc_column][\/vc_row][vc_row][vc_column][vc_column_text css=&#8221;&#8221;]<\/p>\n<blockquote>\n<p style=\"text-align: center;\">Baltur es un patrimonio de personas, experiencias y tradici\u00f3n abierto a la innovaci\u00f3n.<br \/>\nAs\u00ed ha sido durante m\u00e1s de setenta a\u00f1os y as\u00ed seguir\u00e1 siendo.<\/p>\n<\/blockquote>\n<p>[\/vc_column_text][\/vc_column][\/vc_row][vc_row full_width=&#8221;stretch_row&#8221; el_class=&#8221;font-color-light mt-std&#8221; css=&#8221;.vc_custom_1715434897510{background-color: #d9000d !important;}&#8221;][vc_column width=&#8221;3\/4&#8243;]<div id=\"newsletter-69e11561c6d64\" class=\"baltur-wpb-newsletter newsletter  \"><h3 class=\"intro\">\u00bfQuieres estar siempre actualizado sobre el mundo Baltur y sobre las novedades del sector energ\u00e9tico?<\/h3><h2 class=\"title\"><strong>Suscr\u00edbete al bolet\u00edn<\/strong><\/h2><div class=\"newsletter-form\">\n<!-- This file should primarily consist of HTML with a little bit of PHP. -->\n<div id=\"mpwp-container\">\n    <div id=\"mupwp-form-content\">\n        <form id=\"mupwp-form\" class=\"mupwp-form\" novalidate=\"novalidate\" action=\"javascript:void(0);\">\n            <!-- start customization -->\n            <input type=\"hidden\" name=\"list_id\" value=\"1\">\n            <!-- end customization -->\n            <h3 id=\"mupwp-form-title\">            <\/h3>\n                        <div id=\"mupwp-form-fields\" class=\"form-fields\">\n                                <div class=\"mupwp-form-field\">\n                    <label style=\"display:none;\" for=\"email\">Correo electr\u00f3nico                    <\/label>\n                    <input type=\"email\" id=\"email\" required class=\"label-field\" placeholder=\"Email\" name=\"email\">\n\n                <\/div>\n\n                            <\/div>\n            <div id=\"mupwp-form-terms\" class=\"mupwp-form-terms\">\n                                <div class=\"mupwp-form-term\">\n                    <label class=\"label terms small-font\" for=\"term-1\">\n                        <input type=\"checkbox\" id=\"term-1\"\n                            name=\"term-1\" required>\n                        <p><a title=\"Privacy Policy\" href=\"https:\/\/www.baltur.com\/intl\/privacy-policy\/\" target=\"_blank\" rel=\"noopener\">Privacy policy *<\/a><\/p>                    <\/label>\n                <\/div>\n                                <\/div>\n            <div class=\"separator-20px-top\"><\/div>\n            <div id=\"mupwp-form-submit-container\">\n                <input type=\"submit\" id=\"mupwp-form-save\" value=\"Subscribe\"\n                    class=\"button-primary\">\n                <span class=\"ajax-loader\"><\/span>\n                <span class=\"feedback\"><\/span>\n            <\/div>\n        <\/form>\n    <\/div>\n<\/div>\n<\/div><\/div>[\/vc_column][vc_column width=&#8221;1\/4&#8243; offset=&#8221;vc_hidden-sm vc_hidden-xs&#8221;][vc_single_image image=&#8221;1636&#8243; img_size=&#8221;full&#8221; css=&#8221;&#8221;][\/vc_column][\/vc_row]<\/p>\n<\/div>","protected":false},"excerpt":{"rendered":"<p>[vc_row][vc_column offset=&#8221;vc_hidden-xs&#8221;][\/vc_column][\/vc_row][vc_row full_width=&#8221;stretch_row_content_no_spaces&#8221;][vc_column offset=&#8221;vc_hidden-lg vc_hidden-md vc_hidden-sm&#8221;][\/vc_column][\/vc_row][vc_row el_class=&#8221;py-std&#8221;][vc_column][vc_column_text css=&#8221;&#8221;] Baltur: innovaci\u00f3n y sostenibilidad en plantas de combusti\u00f3n [\/vc_column_text][vc_column_text css=&#8221;&#8221;] Baltur, desde 1950, representa la excelencia en tecnolog\u00edas de combusti\u00f3n. Durante tres generaciones ha contribuido al desarrollo y al empleo del territorio, desempe\u00f1ando un papel central en la comunidad gracias a un enfoque empresarial visionario y con [&hellip;]<\/p>\n","protected":false},"author":1,"featured_media":0,"parent":0,"menu_order":0,"comment_status":"closed","ping_status":"closed","template":"","meta":{"_acf_changed":false,"footnotes":""},"class_list":["post-2252","page","type-page","status-publish","hentry"],"acf":[],"yoast_head":"<title>About us - Baltur<\/title>\n<meta name=\"robots\" content=\"index, follow, max-snippet:-1, max-image-preview:large, max-video-preview:-1\" \/>\n<link rel=\"canonical\" href=\"https:\/\/www.baltur.com\/intl\/es\/about-us\/\" \/>\n<meta property=\"og:locale\" content=\"es_ES\" \/>\n<meta property=\"og:type\" content=\"article\" \/>\n<meta property=\"og:title\" content=\"About us - Baltur\" \/>\n<meta property=\"og:description\" content=\"[vc_row][vc_column offset=&#8221;vc_hidden-xs&#8221;][\/vc_column][\/vc_row][vc_row full_width=&#8221;stretch_row_content_no_spaces&#8221;][vc_column offset=&#8221;vc_hidden-lg vc_hidden-md vc_hidden-sm&#8221;][\/vc_column][\/vc_row][vc_row el_class=&#8221;py-std&#8221;][vc_column][vc_column_text css=&#8221;&#8221;] Baltur: innovaci\u00f3n y sostenibilidad en plantas de combusti\u00f3n [\/vc_column_text][vc_column_text css=&#8221;&#8221;] Baltur, desde 1950, representa la excelencia en tecnolog\u00edas de combusti\u00f3n. Durante tres generaciones ha contribuido al desarrollo y al empleo del territorio, desempe\u00f1ando un papel central en la comunidad gracias a un enfoque empresarial visionario y con [&hellip;]\" \/>\n<meta property=\"og:url\" content=\"https:\/\/www.baltur.com\/intl\/es\/about-us\/\" \/>\n<meta property=\"og:site_name\" content=\"Baltur\" \/>\n<meta property=\"article:publisher\" content=\"https:\/\/www.facebook.com\/BalturSpa\" \/>\n<meta property=\"article:modified_time\" content=\"2025-12-15T13:48:26+00:00\" \/>\n<meta name=\"twitter:card\" content=\"summary_large_image\" \/>\n<meta name=\"twitter:label1\" content=\"Tiempo de lectura\" \/>\n\t<meta name=\"twitter:data1\" content=\"4 minutos\" \/>\n<script type=\"application\/ld+json\" class=\"yoast-schema-graph\">{\"@context\":\"https:\/\/schema.org\",\"@graph\":[{\"@type\":\"WebPage\",\"@id\":\"https:\/\/www.baltur.com\/intl\/es\/about-us\/\",\"url\":\"https:\/\/www.baltur.com\/intl\/es\/about-us\/\",\"name\":\"About us - Baltur\",\"isPartOf\":{\"@id\":\"https:\/\/www.baltur.com\/intl\/es\/#website\"},\"datePublished\":\"2024-04-16T20:37:06+00:00\",\"dateModified\":\"2025-12-15T13:48:26+00:00\",\"breadcrumb\":{\"@id\":\"https:\/\/www.baltur.com\/intl\/es\/about-us\/#breadcrumb\"},\"inLanguage\":\"es\",\"potentialAction\":[{\"@type\":\"ReadAction\",\"target\":[\"https:\/\/www.baltur.com\/intl\/es\/about-us\/\"]}]},{\"@type\":\"BreadcrumbList\",\"@id\":\"https:\/\/www.baltur.com\/intl\/es\/about-us\/#breadcrumb\",\"itemListElement\":[{\"@type\":\"ListItem\",\"position\":1,\"name\":\"Home\",\"item\":\"https:\/\/www.baltur.com\/intl\/es\/\"},{\"@type\":\"ListItem\",\"position\":2,\"name\":\"About us\"}]},{\"@type\":\"WebSite\",\"@id\":\"https:\/\/www.baltur.com\/intl\/es\/#website\",\"url\":\"https:\/\/www.baltur.com\/intl\/es\/\",\"name\":\"Baltur\",\"description\":\"\",\"publisher\":{\"@id\":\"https:\/\/www.baltur.com\/intl\/es\/#organization\"},\"potentialAction\":[{\"@type\":\"SearchAction\",\"target\":{\"@type\":\"EntryPoint\",\"urlTemplate\":\"https:\/\/www.baltur.com\/intl\/es\/?s={search_term_string}\"},\"query-input\":{\"@type\":\"PropertyValueSpecification\",\"valueRequired\":true,\"valueName\":\"search_term_string\"}}],\"inLanguage\":\"es\"},{\"@type\":\"Organization\",\"@id\":\"https:\/\/www.baltur.com\/intl\/es\/#organization\",\"name\":\"Baltur\",\"url\":\"https:\/\/www.baltur.com\/intl\/es\/\",\"logo\":{\"@type\":\"ImageObject\",\"inLanguage\":\"es\",\"@id\":\"https:\/\/www.baltur.com\/intl\/es\/#\/schema\/logo\/image\/\",\"url\":\"https:\/\/www.baltur.com\/intl\/wp-content\/uploads\/2024\/05\/baltur_logo_white.png\",\"contentUrl\":\"https:\/\/www.baltur.com\/intl\/wp-content\/uploads\/2024\/05\/baltur_logo_white.png\",\"width\":209,\"height\":85,\"caption\":\"Baltur\"},\"image\":{\"@id\":\"https:\/\/www.baltur.com\/intl\/es\/#\/schema\/logo\/image\/\"},\"sameAs\":[\"https:\/\/www.facebook.com\/BalturSpa\"]}]}<\/script>","yoast_head_json":{"title":"About us - Baltur","robots":{"index":"index","follow":"follow","max-snippet":"max-snippet:-1","max-image-preview":"max-image-preview:large","max-video-preview":"max-video-preview:-1"},"canonical":"https:\/\/www.baltur.com\/intl\/es\/about-us\/","og_locale":"es_ES","og_type":"article","og_title":"About us - Baltur","og_description":"[vc_row][vc_column offset=&#8221;vc_hidden-xs&#8221;][\/vc_column][\/vc_row][vc_row full_width=&#8221;stretch_row_content_no_spaces&#8221;][vc_column offset=&#8221;vc_hidden-lg vc_hidden-md vc_hidden-sm&#8221;][\/vc_column][\/vc_row][vc_row el_class=&#8221;py-std&#8221;][vc_column][vc_column_text css=&#8221;&#8221;] Baltur: innovaci\u00f3n y sostenibilidad en plantas de combusti\u00f3n [\/vc_column_text][vc_column_text css=&#8221;&#8221;] Baltur, desde 1950, representa la excelencia en tecnolog\u00edas de combusti\u00f3n. Durante tres generaciones ha contribuido al desarrollo y al empleo del territorio, desempe\u00f1ando un papel central en la comunidad gracias a un enfoque empresarial visionario y con [&hellip;]","og_url":"https:\/\/www.baltur.com\/intl\/es\/about-us\/","og_site_name":"Baltur","article_publisher":"https:\/\/www.facebook.com\/BalturSpa","article_modified_time":"2025-12-15T13:48:26+00:00","twitter_card":"summary_large_image","twitter_misc":{"Tiempo de lectura":"4 minutos"},"schema":{"@context":"https:\/\/schema.org","@graph":[{"@type":"WebPage","@id":"https:\/\/www.baltur.com\/intl\/es\/about-us\/","url":"https:\/\/www.baltur.com\/intl\/es\/about-us\/","name":"About us - Baltur","isPartOf":{"@id":"https:\/\/www.baltur.com\/intl\/es\/#website"},"datePublished":"2024-04-16T20:37:06+00:00","dateModified":"2025-12-15T13:48:26+00:00","breadcrumb":{"@id":"https:\/\/www.baltur.com\/intl\/es\/about-us\/#breadcrumb"},"inLanguage":"es","potentialAction":[{"@type":"ReadAction","target":["https:\/\/www.baltur.com\/intl\/es\/about-us\/"]}]},{"@type":"BreadcrumbList","@id":"https:\/\/www.baltur.com\/intl\/es\/about-us\/#breadcrumb","itemListElement":[{"@type":"ListItem","position":1,"name":"Home","item":"https:\/\/www.baltur.com\/intl\/es\/"},{"@type":"ListItem","position":2,"name":"About us"}]},{"@type":"WebSite","@id":"https:\/\/www.baltur.com\/intl\/es\/#website","url":"https:\/\/www.baltur.com\/intl\/es\/","name":"Baltur","description":"","publisher":{"@id":"https:\/\/www.baltur.com\/intl\/es\/#organization"},"potentialAction":[{"@type":"SearchAction","target":{"@type":"EntryPoint","urlTemplate":"https:\/\/www.baltur.com\/intl\/es\/?s={search_term_string}"},"query-input":{"@type":"PropertyValueSpecification","valueRequired":true,"valueName":"search_term_string"}}],"inLanguage":"es"},{"@type":"Organization","@id":"https:\/\/www.baltur.com\/intl\/es\/#organization","name":"Baltur","url":"https:\/\/www.baltur.com\/intl\/es\/","logo":{"@type":"ImageObject","inLanguage":"es","@id":"https:\/\/www.baltur.com\/intl\/es\/#\/schema\/logo\/image\/","url":"https:\/\/www.baltur.com\/intl\/wp-content\/uploads\/2024\/05\/baltur_logo_white.png","contentUrl":"https:\/\/www.baltur.com\/intl\/wp-content\/uploads\/2024\/05\/baltur_logo_white.png","width":209,"height":85,"caption":"Baltur"},"image":{"@id":"https:\/\/www.baltur.com\/intl\/es\/#\/schema\/logo\/image\/"},"sameAs":["https:\/\/www.facebook.com\/BalturSpa"]}]}},"_links":{"self":[{"href":"https:\/\/www.baltur.com\/intl\/es\/wp-json\/wp\/v2\/pages\/2252"}],"collection":[{"href":"https:\/\/www.baltur.com\/intl\/es\/wp-json\/wp\/v2\/pages"}],"about":[{"href":"https:\/\/www.baltur.com\/intl\/es\/wp-json\/wp\/v2\/types\/page"}],"author":[{"embeddable":true,"href":"https:\/\/www.baltur.com\/intl\/es\/wp-json\/wp\/v2\/users\/1"}],"replies":[{"embeddable":true,"href":"https:\/\/www.baltur.com\/intl\/es\/wp-json\/wp\/v2\/comments?post=2252"}],"version-history":[{"count":6,"href":"https:\/\/www.baltur.com\/intl\/es\/wp-json\/wp\/v2\/pages\/2252\/revisions"}],"predecessor-version":[{"id":10319,"href":"https:\/\/www.baltur.com\/intl\/es\/wp-json\/wp\/v2\/pages\/2252\/revisions\/10319"}],"wp:attachment":[{"href":"https:\/\/www.baltur.com\/intl\/es\/wp-json\/wp\/v2\/media?parent=2252"}],"curies":[{"name":"wp","href":"https:\/\/api.w.org\/{rel}","templated":true}]}}