{"id":5919,"date":"2024-08-01T15:48:18","date_gmt":"2024-08-01T13:48:18","guid":{"rendered":"https:\/\/www2.baltur.com\/intl\/?page_id=5919"},"modified":"2024-08-01T15:48:18","modified_gmt":"2024-08-01T13:48:18","slug":"__trashed-2__trashed","status":"publish","type":"page","link":"https:\/\/www.baltur.com\/intl\/es\/__trashed-2__trashed\/","title":{"rendered":"Calidad y Sostenibilidad"},"content":{"rendered":"<div class=\"wpb-content-wrapper\"><p>[vc_row][vc_column offset=&#8221;vc_hidden-xs&#8221;]\n\t\t\t\t<p class=\"rs-p-wp-fix\"><\/p>\n\t\t\t\t<sr7-module data-alias=\"qualita-e-sostenibilita\" data-id=\"15\" id=\"SR7_15_1\" class=\"rs-ov-hidden\" data-version=\"6.7.20\">\n\t\t\t\t\t<sr7-adjuster><\/sr7-adjuster>\n\t\t\t\t\t<sr7-content>\n\t\t\t\t\t\t<sr7-slide id=\"SR7_15_1-32\" data-key=\"32\">\n\t\t\t\t\t\t\t<sr7-bg id=\"SR7_15_1-32-1\" class=\"sr7-layer\"><noscript><img decoding=\"async\" src=\"https:\/\/www.baltur.com\/intl\/wp-content\/uploads\/revslider\/desktop\/slide-desktop.jpg\" alt=\"\" title=\"slide-desktop.jpg\"><\/noscript><\/sr7-bg>\n\t\t\t\t\t\t<\/sr7-slide>\n\t\t\t\t\t\t<sr7-slide id=\"SR7_15_1-34\" data-key=\"34\">\n\t\t\t\t\t\t<\/sr7-slide>\n\t\t\t\t\t<\/sr7-content>\n\t\t\t\t\t<image_lists style=\"display:none\">\n\t\t\t\t\t\t<img data-src=\"\/\/www.baltur.com\/intl\/wp-content\/uploads\/revslider\/desktop\/slide-desktop.jpg\" data-libid=\"2020\" data-lib=\"medialibrary\" title=\"slide-desktop.jpg\" width=\"0\" height=\"0\" data-dbsrc=\"Ly93d3cuYmFsdHVyLmNvbS9pbnRsL3dwLWNvbnRlbnQvdXBsb2Fkcy9yZXZzbGlkZXIvZGVza3RvcC9zbGlkZS1kZXNrdG9wLmpwZw==\"\/>\n\t\t\t\t\t<\/image_lists>\n\t\t\t\t<\/sr7-module>\n\t\t\t\t<script>\n\t\t\t\t\tSR7.PMH ??={}; SR7.PMH[\"SR7_15_1\"] = {cn:0,state:false,fn: function() { if (_tpt!==undefined && _tpt.prepareModuleHeight !== undefined) {  _tpt.prepareModuleHeight({id:\"SR7_15_1\",el:[900,900,768,960,720],type:'standard',shdw:'0',gh:[900,900,480,365,225],gw:[1920,1920,1024,778,480],vpt:['100px'],size:{fullWidth:true, fullHeight:false},mh:'0',onh:0,onw:0,bg:{color:'{\"orig\":\"transparent\",\"type\":\"solid\",\"string\":\"transparent\"}'}});   SR7.PMH[\"SR7_15_1\"].state=true;} else if((SR7.PMH[\"SR7_15_1\"].cn++)<100)\tsetTimeout( SR7.PMH[\"SR7_15_1\"].fn,19);}};SR7.PMH[\"SR7_15_1\" ].fn();\n\t\t\t\t<\/script>\n[\/vc_column][\/vc_row][vc_row el_class=&#8221;pt-std pb-std&#8221;][vc_column][vc_column_text css=&#8221;&#8221;]<\/p>\n<h2 style=\"text-align: center;\"><strong>Tecnolog\u00eda avanzada que respeta el medio ambiente<\/strong><\/h2>\n<p>[\/vc_column_text][vc_column_text css=&#8221;&#8221;]<\/p>\n<p style=\"text-align: center;\">Nuestro objetivo es mejorar la eficiencia de nuestros productos para reducir su impacto medioambiental y las emisiones nocivas. Es necesario preservar la energ\u00eda, y Baltur investiga y desarrolla las mejores tecnolog\u00edas para la sostenibilidad medioambiental. La experiencia, la asistencia al cliente y el desarrollo tecnol\u00f3gico hacen de Baltur un l\u00edder mundial en soluciones de calefacci\u00f3n.<\/p>\n<p>[\/vc_column_text][vc_btn title=&#8221;Cont\u00e1ctenos para informaci\u00f3n&#8221; align=&#8221;center&#8221; css=&#8221;&#8221; link=&#8221;url:https%3A%2F%2Fwww.baltur.com%2Fintl%2Fes%2Fcontactos%2F|title:Contactos&#8221;][\/vc_column][\/vc_row][vc_row full_width=&#8221;stretch_row_content&#8221; equal_height=&#8221;yes&#8221; el_class=&#8221;background-lighter-gray mb-none&#8221;][vc_column width=&#8221;1\/2&#8243; el_class=&#8221;wpb-height-100 wpb-align-items-center wpb-padding-big align-items-center m-order-2&#8243;][vc_column_text css=&#8221;&#8221;]<\/p>\n<h2><strong>Baltur:<\/strong><br \/>\n<span class=\"font-weight-light\">innovador<br \/>\ncomodidad t\u00e9rmica<br \/>\n<\/span><\/h2>\n<p>[\/vc_column_text][vc_column_text css=&#8221;&#8221;]La l\u00ednea de productos Baltur abarca desde soluciones industriales hasta residenciales, y est\u00e1 respaldada por una pericia t\u00e9cnica de vanguardia adquirida tras a\u00f1os de experiencia.<\/p>\n<p>El sector del confort t\u00e9rmico debe comprender e interpretar lo mejor posible las necesidades de los consumidores, por esta raz\u00f3n apuntamos a la permanente investigaci\u00f3n e innovaci\u00f3n de los productos. Nuestra oferta residencial est\u00e1 totalmente alineada con los est\u00e1ndares Erp, adhiri\u00e9ndose a las \u00faltimas regulaciones y anticip\u00e1ndose con \u00e9xito a los desarrollos del sector.[\/vc_column_text][\/vc_column][vc_column width=&#8221;1\/2&#8243; css=&#8221;.vc_custom_1712519756105{padding-right: 0px !important;padding-left: 0px !important;}&#8221; el_class=&#8221;ratio-4to3 wpb-height-100&#8243;][vc_single_image image=&#8221;419&#8243; img_size=&#8221;full&#8221; css=&#8221;.vc_custom_1713336860615{margin-bottom: 0px !important;}&#8221; el_class=&#8221;wpb-image-cover&#8221;][\/vc_column][\/vc_row][vc_row el_class=&#8221;py-std&#8221;][vc_column][vc_column_text css=&#8221;&#8221;]<\/p>\n<h2 style=\"text-align: center;\">Baltur se posiciona como un pilar en la transici\u00f3n hacia las energ\u00edas renovables, promoviendo soluciones que reflejan nuestra visi\u00f3n de un futuro sostenible.<\/h2>\n<p>[\/vc_column_text][\/vc_column][\/vc_row][vc_row full_width=&#8221;stretch_row_content&#8221; equal_height=&#8221;yes&#8221; el_class=&#8221;background-lighter-gray mb-none&#8221;][vc_column width=&#8221;1\/2&#8243; el_class=&#8221;ratio-4to3 wpb-height-100&#8243; css=&#8221;.vc_custom_1713302994417{padding-right: 0px !important;padding-left: 0px !important;}&#8221;][vc_single_image image=&#8221;420&#8243; img_size=&#8221;full&#8221; css=&#8221;.vc_custom_1713336989527{margin-bottom: 0px !important;}&#8221; el_class=&#8221;wpb-image-cover&#8221;][\/vc_column][vc_column width=&#8221;1\/2&#8243; el_class=&#8221;wpb-height-100 wpb-align-items-center wpb-padding-big align-items-center&#8221;][vc_column_text css=&#8221;&#8221;]Baltur ha desarrollado una Pyme. Sistema de Monitoreo de Emisiones. con registro continuo para simplificar el control del rendimiento de la unidad t\u00e9rmica. El sistema, compatible con la legislaci\u00f3n italiana vigente, adem\u00e1s de un sencillo seguimiento, permite la gesti\u00f3n activa de las m\u00e1quinas para maximizar su rendimiento.<br \/>\nEl Sistema de Monitoreo de Emisiones es compatible con todos los quemadores Baltur. Active Control es compatible con todos los modelos Baltur con control electr\u00f3nico.[\/vc_column_text][\/vc_column][\/vc_row][vc_row el_class=&#8221;pt-std pb-std&#8221;][vc_column][vc_column_text css=&#8221;&#8221;]<\/p>\n<p style=\"text-align: center;\">Los m\u00e9todos de gesti\u00f3n de los sistemas de Monitoreo Continuo de Emisiones (EMS) y la calidad de las prestaciones anal\u00edticas est\u00e1n regulados por el Decreto Legislativo. 152\/06 &#8211; \u201cLey Ambiental Refundida\u201d, y por el Decreto Legislativo 133\/2008 &#8211; \u201cImplementaci\u00f3n de la Directiva 2000\/76\/CE, relativa a la incineraci\u00f3n de residuos\u201d que &#8211; adem\u00e1s de los l\u00edmites de emisi\u00f3n diaria (ELV) de cada contaminante por familia de fuente de emisi\u00f3n fija &#8211; incluir los m\u00e9todos de gesti\u00f3n de los instrumentos utilizados en este tipo de medici\u00f3n.<\/p>\n<p>[\/vc_column_text][vc_btn title=&#8221;Descubre Baltur SME&#8221; align=&#8221;center&#8221; css=&#8221;&#8221; link=&#8221;url:%23&#8243;][\/vc_column][\/vc_row][vc_row full_width=&#8221;stretch_row&#8221; el_class=&#8221;background-lighter-gray pt-std pb-std&#8221;][vc_column][vc_column_text css=&#8221;&#8221;]<\/p>\n<h2 style=\"text-align: center;\"><strong>Baltur:<\/strong> <span class=\"font-weight-light\">certificaciones de procesos<\/span><\/h2>\n<p>[\/vc_column_text][vc_column_text css=&#8221;&#8221;]<\/p>\n<p style=\"text-align: center;\">Baltur fue una de las primeras empresas del sector en obtener la certificaci\u00f3n del Sistema de Calidad empresarial en Italia, en 1994, seg\u00fan las normas UNE EN ISO 9001. En el a\u00f1o 2003 la empresa adopt\u00f3 el sistema de gesti\u00f3n ISO 9001:2000, que abarca todos los procesos empresariales.<\/p>\n<p>En 2009, el Sistema de Gesti\u00f3n de la Calidad de Baltur obtuvo la conformidad ISO 9001:2008, a\u00f1adiendo a sus actividades la comercializaci\u00f3n de sistemas de energ\u00eda solar t\u00e9rmica. En 2018, Baltur obtuvo la Certificaci\u00f3n del Sistema de Gesti\u00f3n de la Calidad seg\u00fan la norma UNE-EN-ISO 9001:2015, introduciendo el enfoque de gesti\u00f3n de riesgos en el dise\u00f1o, la implementaci\u00f3n y la mejora del Sistema de Gesti\u00f3n de la Calidad. La calidad se certifica en productos individuales de acuerdo con estrictas normas internacionales. Hacia finales de 1990, Baltur obtuvo la garant\u00eda de calidad de producci\u00f3n del organismo acreditado alem\u00e1n DVGW en relaci\u00f3n con la conformidad de la muestra probada seg\u00fan la Directiva de Gas 90\/396\/CEE y posterior 2009\/142\/CE, y la Directiva de Rendimientos 92\/42\/CE. Este procedimiento garantiza la obtenci\u00f3n de un producto seguro, comprobado por el T\u00dcV de Colonia y homologado seg\u00fan las estrictas normas impuestas por la Comisi\u00f3n Europea. Ello permiti\u00f3 a Baltur obtener una serie de certificados CE para todas las gamas de productos. Para las homologaciones no europeas, Baltur certific\u00f3 quemadores con el GOST ruso y, despu\u00e9s de 2014, su continuaci\u00f3n EAC, as\u00ed como el TSE turco y el KGS coreano, adem\u00e1s de estar certificada en China y Ucrania con toda su serie de quemadores.<\/p>\n<p>A partir de 2022, tras el Brexit, Baltur ha obtenido el marcado UKCA para el Reino Unido.[\/vc_column_text][vc_btn title=&#8221;Certificaciones&#8221; align=&#8221;center&#8221; css=&#8221;&#8221; link=&#8221;url:https%3A%2F%2Fwww.baltur.com%2Fintl%2Fwp-content%2Fuploads%2F2024%2F05%2Ftest_en.pdf|title:Download%20certifications|target:_blank&#8221; el_class=&#8221;btn-download icon-right&#8221;][\/vc_column][\/vc_row][vc_row full_width=&#8221;stretch_row&#8221; el_class=&#8221;font-color-light&#8221; css=&#8221;.vc_custom_1715434770114{background-color: #d9000d !important;}&#8221;][vc_column width=&#8221;3\/4&#8243;]<div id=\"newsletter-69f68b0665809\" class=\"baltur-wpb-newsletter newsletter  \"><h3 class=\"intro\">\u00bfQuieres estar siempre actualizado sobre el mundo Baltur y sobre las novedades del sector energ\u00e9tico?<\/h3><h2 class=\"title\"><strong>Suscr\u00edbete al bolet\u00edn<\/strong><\/h2><div class=\"newsletter-form\">\n<!-- This file should primarily consist of HTML with a little bit of PHP. -->\n<div id=\"mpwp-container\">\n    <div id=\"mupwp-form-content\">\n        <form id=\"mupwp-form\" class=\"mupwp-form\" novalidate=\"novalidate\" action=\"javascript:void(0);\">\n            <!-- start customization -->\n            <input type=\"hidden\" name=\"list_id\" value=\"1\">\n            <!-- end customization -->\n            <h3 id=\"mupwp-form-title\">            <\/h3>\n                        <div id=\"mupwp-form-fields\" class=\"form-fields\">\n                                <div class=\"mupwp-form-field\">\n                    <label style=\"display:none;\" for=\"email\">Correo electr\u00f3nico                    <\/label>\n                    <input type=\"email\" id=\"email\" required class=\"label-field\" placeholder=\"Email\" name=\"email\">\n\n                <\/div>\n\n                            <\/div>\n            <div id=\"mupwp-form-terms\" class=\"mupwp-form-terms\">\n                                <div class=\"mupwp-form-term\">\n                    <label class=\"label terms small-font\" for=\"term-1\">\n                        <input type=\"checkbox\" id=\"term-1\"\n                            name=\"term-1\" required>\n                        <p><a title=\"Privacy Policy\" href=\"https:\/\/www.baltur.com\/intl\/privacy-policy\/\" target=\"_blank\" rel=\"noopener\">Privacy policy *<\/a><\/p>                    <\/label>\n                <\/div>\n                                <\/div>\n            <div class=\"separator-20px-top\"><\/div>\n            <div id=\"mupwp-form-submit-container\">\n                <input type=\"submit\" id=\"mupwp-form-save\" value=\"Subscribe\"\n                    class=\"button-primary\">\n                <span class=\"ajax-loader\"><\/span>\n                <span class=\"feedback\"><\/span>\n            <\/div>\n        <\/form>\n    <\/div>\n<\/div>\n<\/div><\/div>[\/vc_column][vc_column width=&#8221;1\/4&#8243; offset=&#8221;vc_hidden-sm vc_hidden-xs&#8221;][vc_single_image image=&#8221;1636&#8243; img_size=&#8221;full&#8221; css=&#8221;&#8221;][\/vc_column][\/vc_row]<\/p>\n<\/div>","protected":false},"excerpt":{"rendered":"<p>[vc_row][vc_column offset=&#8221;vc_hidden-xs&#8221;][\/vc_column][\/vc_row][vc_row el_class=&#8221;pt-std pb-std&#8221;][vc_column][vc_column_text css=&#8221;&#8221;] Tecnolog\u00eda avanzada que respeta el medio ambiente [\/vc_column_text][vc_column_text css=&#8221;&#8221;] Nuestro objetivo es mejorar la eficiencia de nuestros productos para reducir su impacto medioambiental y las emisiones nocivas. Es necesario preservar la energ\u00eda, y Baltur investiga y desarrolla las mejores tecnolog\u00edas para la sostenibilidad medioambiental. La experiencia, la asistencia al cliente [&hellip;]<\/p>\n","protected":false},"author":3,"featured_media":0,"parent":0,"menu_order":0,"comment_status":"closed","ping_status":"closed","template":"","meta":{"_acf_changed":false,"footnotes":""},"class_list":["post-5919","page","type-page","status-publish","hentry"],"acf":[],"yoast_head":"<title>Calidad y Sostenibilidad - Baltur<\/title>\n<meta name=\"robots\" content=\"index, follow, max-snippet:-1, max-image-preview:large, max-video-preview:-1\" \/>\n<link rel=\"canonical\" href=\"https:\/\/www.baltur.com\/intl\/es\/__trashed-2__trashed\/\" \/>\n<meta property=\"og:locale\" content=\"es_ES\" \/>\n<meta property=\"og:type\" content=\"article\" \/>\n<meta property=\"og:title\" content=\"Calidad y Sostenibilidad - Baltur\" \/>\n<meta property=\"og:description\" content=\"[vc_row][vc_column offset=&#8221;vc_hidden-xs&#8221;][\/vc_column][\/vc_row][vc_row el_class=&#8221;pt-std pb-std&#8221;][vc_column][vc_column_text css=&#8221;&#8221;] Tecnolog\u00eda avanzada que respeta el medio ambiente [\/vc_column_text][vc_column_text css=&#8221;&#8221;] Nuestro objetivo es mejorar la eficiencia de nuestros productos para reducir su impacto medioambiental y las emisiones nocivas. Es necesario preservar la energ\u00eda, y Baltur investiga y desarrolla las mejores tecnolog\u00edas para la sostenibilidad medioambiental. La experiencia, la asistencia al cliente [&hellip;]\" \/>\n<meta property=\"og:url\" content=\"https:\/\/www.baltur.com\/intl\/es\/__trashed-2__trashed\/\" \/>\n<meta property=\"og:site_name\" content=\"Baltur\" \/>\n<meta property=\"article:publisher\" content=\"https:\/\/www.facebook.com\/BalturSpa\" \/>\n<meta name=\"twitter:card\" content=\"summary_large_image\" \/>\n<meta name=\"twitter:label1\" content=\"Tiempo de lectura\" \/>\n\t<meta name=\"twitter:data1\" content=\"4 minutos\" \/>\n<script type=\"application\/ld+json\" class=\"yoast-schema-graph\">{\"@context\":\"https:\/\/schema.org\",\"@graph\":[{\"@type\":\"WebPage\",\"@id\":\"https:\/\/www.baltur.com\/intl\/es\/__trashed-2__trashed\/\",\"url\":\"https:\/\/www.baltur.com\/intl\/es\/__trashed-2__trashed\/\",\"name\":\"Calidad y Sostenibilidad - Baltur\",\"isPartOf\":{\"@id\":\"https:\/\/www.baltur.com\/intl\/es\/#website\"},\"datePublished\":\"2024-08-01T13:48:18+00:00\",\"dateModified\":\"2024-08-01T13:48:18+00:00\",\"breadcrumb\":{\"@id\":\"https:\/\/www.baltur.com\/intl\/es\/__trashed-2__trashed\/#breadcrumb\"},\"inLanguage\":\"es\",\"potentialAction\":[{\"@type\":\"ReadAction\",\"target\":[\"https:\/\/www.baltur.com\/intl\/es\/__trashed-2__trashed\/\"]}]},{\"@type\":\"BreadcrumbList\",\"@id\":\"https:\/\/www.baltur.com\/intl\/es\/__trashed-2__trashed\/#breadcrumb\",\"itemListElement\":[{\"@type\":\"ListItem\",\"position\":1,\"name\":\"Home\",\"item\":\"https:\/\/www.baltur.com\/intl\/es\/\"},{\"@type\":\"ListItem\",\"position\":2,\"name\":\"Calidad y Sostenibilidad\"}]},{\"@type\":\"WebSite\",\"@id\":\"https:\/\/www.baltur.com\/intl\/es\/#website\",\"url\":\"https:\/\/www.baltur.com\/intl\/es\/\",\"name\":\"Baltur\",\"description\":\"\",\"publisher\":{\"@id\":\"https:\/\/www.baltur.com\/intl\/es\/#organization\"},\"potentialAction\":[{\"@type\":\"SearchAction\",\"target\":{\"@type\":\"EntryPoint\",\"urlTemplate\":\"https:\/\/www.baltur.com\/intl\/es\/?s={search_term_string}\"},\"query-input\":{\"@type\":\"PropertyValueSpecification\",\"valueRequired\":true,\"valueName\":\"search_term_string\"}}],\"inLanguage\":\"es\"},{\"@type\":\"Organization\",\"@id\":\"https:\/\/www.baltur.com\/intl\/es\/#organization\",\"name\":\"Baltur\",\"url\":\"https:\/\/www.baltur.com\/intl\/es\/\",\"logo\":{\"@type\":\"ImageObject\",\"inLanguage\":\"es\",\"@id\":\"https:\/\/www.baltur.com\/intl\/es\/#\/schema\/logo\/image\/\",\"url\":\"https:\/\/www.baltur.com\/intl\/wp-content\/uploads\/2024\/05\/baltur_logo_white.png\",\"contentUrl\":\"https:\/\/www.baltur.com\/intl\/wp-content\/uploads\/2024\/05\/baltur_logo_white.png\",\"width\":209,\"height\":85,\"caption\":\"Baltur\"},\"image\":{\"@id\":\"https:\/\/www.baltur.com\/intl\/es\/#\/schema\/logo\/image\/\"},\"sameAs\":[\"https:\/\/www.facebook.com\/BalturSpa\"]}]}<\/script>","yoast_head_json":{"title":"Calidad y Sostenibilidad - Baltur","robots":{"index":"index","follow":"follow","max-snippet":"max-snippet:-1","max-image-preview":"max-image-preview:large","max-video-preview":"max-video-preview:-1"},"canonical":"https:\/\/www.baltur.com\/intl\/es\/__trashed-2__trashed\/","og_locale":"es_ES","og_type":"article","og_title":"Calidad y Sostenibilidad - Baltur","og_description":"[vc_row][vc_column offset=&#8221;vc_hidden-xs&#8221;][\/vc_column][\/vc_row][vc_row el_class=&#8221;pt-std pb-std&#8221;][vc_column][vc_column_text css=&#8221;&#8221;] Tecnolog\u00eda avanzada que respeta el medio ambiente [\/vc_column_text][vc_column_text css=&#8221;&#8221;] Nuestro objetivo es mejorar la eficiencia de nuestros productos para reducir su impacto medioambiental y las emisiones nocivas. Es necesario preservar la energ\u00eda, y Baltur investiga y desarrolla las mejores tecnolog\u00edas para la sostenibilidad medioambiental. La experiencia, la asistencia al cliente [&hellip;]","og_url":"https:\/\/www.baltur.com\/intl\/es\/__trashed-2__trashed\/","og_site_name":"Baltur","article_publisher":"https:\/\/www.facebook.com\/BalturSpa","twitter_card":"summary_large_image","twitter_misc":{"Tiempo de lectura":"4 minutos"},"schema":{"@context":"https:\/\/schema.org","@graph":[{"@type":"WebPage","@id":"https:\/\/www.baltur.com\/intl\/es\/__trashed-2__trashed\/","url":"https:\/\/www.baltur.com\/intl\/es\/__trashed-2__trashed\/","name":"Calidad y Sostenibilidad - Baltur","isPartOf":{"@id":"https:\/\/www.baltur.com\/intl\/es\/#website"},"datePublished":"2024-08-01T13:48:18+00:00","dateModified":"2024-08-01T13:48:18+00:00","breadcrumb":{"@id":"https:\/\/www.baltur.com\/intl\/es\/__trashed-2__trashed\/#breadcrumb"},"inLanguage":"es","potentialAction":[{"@type":"ReadAction","target":["https:\/\/www.baltur.com\/intl\/es\/__trashed-2__trashed\/"]}]},{"@type":"BreadcrumbList","@id":"https:\/\/www.baltur.com\/intl\/es\/__trashed-2__trashed\/#breadcrumb","itemListElement":[{"@type":"ListItem","position":1,"name":"Home","item":"https:\/\/www.baltur.com\/intl\/es\/"},{"@type":"ListItem","position":2,"name":"Calidad y Sostenibilidad"}]},{"@type":"WebSite","@id":"https:\/\/www.baltur.com\/intl\/es\/#website","url":"https:\/\/www.baltur.com\/intl\/es\/","name":"Baltur","description":"","publisher":{"@id":"https:\/\/www.baltur.com\/intl\/es\/#organization"},"potentialAction":[{"@type":"SearchAction","target":{"@type":"EntryPoint","urlTemplate":"https:\/\/www.baltur.com\/intl\/es\/?s={search_term_string}"},"query-input":{"@type":"PropertyValueSpecification","valueRequired":true,"valueName":"search_term_string"}}],"inLanguage":"es"},{"@type":"Organization","@id":"https:\/\/www.baltur.com\/intl\/es\/#organization","name":"Baltur","url":"https:\/\/www.baltur.com\/intl\/es\/","logo":{"@type":"ImageObject","inLanguage":"es","@id":"https:\/\/www.baltur.com\/intl\/es\/#\/schema\/logo\/image\/","url":"https:\/\/www.baltur.com\/intl\/wp-content\/uploads\/2024\/05\/baltur_logo_white.png","contentUrl":"https:\/\/www.baltur.com\/intl\/wp-content\/uploads\/2024\/05\/baltur_logo_white.png","width":209,"height":85,"caption":"Baltur"},"image":{"@id":"https:\/\/www.baltur.com\/intl\/es\/#\/schema\/logo\/image\/"},"sameAs":["https:\/\/www.facebook.com\/BalturSpa"]}]}},"_links":{"self":[{"href":"https:\/\/www.baltur.com\/intl\/es\/wp-json\/wp\/v2\/pages\/5919"}],"collection":[{"href":"https:\/\/www.baltur.com\/intl\/es\/wp-json\/wp\/v2\/pages"}],"about":[{"href":"https:\/\/www.baltur.com\/intl\/es\/wp-json\/wp\/v2\/types\/page"}],"author":[{"embeddable":true,"href":"https:\/\/www.baltur.com\/intl\/es\/wp-json\/wp\/v2\/users\/3"}],"replies":[{"embeddable":true,"href":"https:\/\/www.baltur.com\/intl\/es\/wp-json\/wp\/v2\/comments?post=5919"}],"version-history":[{"count":1,"href":"https:\/\/www.baltur.com\/intl\/es\/wp-json\/wp\/v2\/pages\/5919\/revisions"}],"predecessor-version":[{"id":5974,"href":"https:\/\/www.baltur.com\/intl\/es\/wp-json\/wp\/v2\/pages\/5919\/revisions\/5974"}],"wp:attachment":[{"href":"https:\/\/www.baltur.com\/intl\/es\/wp-json\/wp\/v2\/media?parent=5919"}],"curies":[{"name":"wp","href":"https:\/\/api.w.org\/{rel}","templated":true}]}}