{"id":5932,"date":"2024-08-01T15:16:17","date_gmt":"2024-08-01T13:16:17","guid":{"rendered":"https:\/\/www2.baltur.com\/intl\/?page_id=5932"},"modified":"2024-08-01T15:16:17","modified_gmt":"2024-08-01T13:16:17","slug":"academia-baltur-2","status":"publish","type":"page","link":"https:\/\/www.baltur.com\/intl\/es\/academia-baltur-2\/","title":{"rendered":"Academia Baltur"},"content":{"rendered":"<div class=\"wpb-content-wrapper\"><p>[vc_row][vc_column el_class=&#8221;py-big&#8221;][vc_column_text css=&#8221;.vc_custom_1721994043052{margin-bottom: 0px !important;}&#8221;]<\/p>\n<h1 style=\"text-align: center;\"><strong>Academia Baltur<\/strong><\/h1>\n<p>[\/vc_column_text][\/vc_column][\/vc_row][vc_row full_width=&#8221;stretch_row_content&#8221; equal_height=&#8221;yes&#8221; el_class=&#8221;background-lighter-gray&#8221;][vc_column width=&#8221;1\/3&#8243; el_class=&#8221;ratio-1to1 wpb-height-100&#8243; css=&#8221;.vc_custom_1715539914857{padding-right: 0px !important;padding-left: 0px !important;}&#8221;][vc_single_image image=&#8221;5819&#8243; img_size=&#8221;full&#8221; css=&#8221;.vc_custom_1721994010992{margin-bottom: 0px !important;}&#8221; el_class=&#8221;wpb-image-cover&#8221;][\/vc_column][vc_column width=&#8221;2\/3&#8243; el_class=&#8221;wpb-height-100 wpb-align-items-center wpb-padding-big align-items-center&#8221;][vc_column_text css=&#8221;&#8221;]<\/p>\n<h2>Los cursos se realizan en nuestra academia interna con el fin de transferir el conocimiento t\u00e9cnico sobre los productos Baltur.<\/h2>\n<p>&nbsp;<\/p>\n<p>Nuestros profesores son t\u00e9cnicos especializados que interact\u00faan diariamente con la red, agregando valor a la formaci\u00f3n. De esta manera, el curso se convierte en un encuentro y un punto crucial en la relaci\u00f3n entre la empresa y la red: los capacitadores transfieren conocimientos y experiencia, y la red trae ideas, solicitudes y recomendaciones del mercado a Baltur.[\/vc_column_text][vc_column_text css=&#8221;&#8221;][\/vc_column_text][\/vc_column][\/vc_row][vc_row][vc_column width=&#8221;1\/3&#8243; el_class=&#8221;mb-std&#8221;][\/vc_column][\/vc_row]<\/p>\n<\/div>","protected":false},"excerpt":{"rendered":"<p>[vc_row][vc_column el_class=&#8221;py-big&#8221;][vc_column_text css=&#8221;.vc_custom_1721994043052{margin-bottom: 0px !important;}&#8221;] Academia Baltur [\/vc_column_text][\/vc_column][\/vc_row][vc_row full_width=&#8221;stretch_row_content&#8221; equal_height=&#8221;yes&#8221; el_class=&#8221;background-lighter-gray&#8221;][vc_column width=&#8221;1\/3&#8243; el_class=&#8221;ratio-1to1 wpb-height-100&#8243; css=&#8221;.vc_custom_1715539914857{padding-right: 0px !important;padding-left: 0px !important;}&#8221;][vc_single_image image=&#8221;5819&#8243; img_size=&#8221;full&#8221; css=&#8221;.vc_custom_1721994010992{margin-bottom: 0px !important;}&#8221; el_class=&#8221;wpb-image-cover&#8221;][\/vc_column][vc_column width=&#8221;2\/3&#8243; el_class=&#8221;wpb-height-100 wpb-align-items-center wpb-padding-big align-items-center&#8221;][vc_column_text css=&#8221;&#8221;] Los cursos se realizan en nuestra academia interna con el fin de transferir el conocimiento t\u00e9cnico sobre los productos Baltur. &nbsp; Nuestros profesores son [&hellip;]<\/p>\n","protected":false},"author":3,"featured_media":0,"parent":0,"menu_order":0,"comment_status":"closed","ping_status":"closed","template":"","meta":{"_acf_changed":false,"footnotes":""},"class_list":["post-5932","page","type-page","status-publish","hentry"],"acf":[],"yoast_head":"<title>Academia Baltur - Baltur<\/title>\n<meta name=\"robots\" content=\"index, follow, max-snippet:-1, max-image-preview:large, max-video-preview:-1\" \/>\n<link rel=\"canonical\" href=\"https:\/\/www.baltur.com\/intl\/es\/academia-baltur-2\/\" \/>\n<meta property=\"og:locale\" content=\"es_ES\" \/>\n<meta property=\"og:type\" content=\"article\" \/>\n<meta property=\"og:title\" content=\"Academia Baltur - Baltur\" \/>\n<meta property=\"og:description\" content=\"[vc_row][vc_column el_class=&#8221;py-big&#8221;][vc_column_text css=&#8221;.vc_custom_1721994043052{margin-bottom: 0px !important;}&#8221;] Academia Baltur [\/vc_column_text][\/vc_column][\/vc_row][vc_row full_width=&#8221;stretch_row_content&#8221; equal_height=&#8221;yes&#8221; el_class=&#8221;background-lighter-gray&#8221;][vc_column width=&#8221;1\/3&#8243; el_class=&#8221;ratio-1to1 wpb-height-100&#8243; css=&#8221;.vc_custom_1715539914857{padding-right: 0px !important;padding-left: 0px !important;}&#8221;][vc_single_image image=&#8221;5819&#8243; img_size=&#8221;full&#8221; css=&#8221;.vc_custom_1721994010992{margin-bottom: 0px !important;}&#8221; el_class=&#8221;wpb-image-cover&#8221;][\/vc_column][vc_column width=&#8221;2\/3&#8243; el_class=&#8221;wpb-height-100 wpb-align-items-center wpb-padding-big align-items-center&#8221;][vc_column_text css=&#8221;&#8221;] Los cursos se realizan en nuestra academia interna con el fin de transferir el conocimiento t\u00e9cnico sobre los productos Baltur. &nbsp; Nuestros profesores son [&hellip;]\" \/>\n<meta property=\"og:url\" content=\"https:\/\/www.baltur.com\/intl\/es\/academia-baltur-2\/\" \/>\n<meta property=\"og:site_name\" content=\"Baltur\" \/>\n<meta property=\"article:publisher\" content=\"https:\/\/www.facebook.com\/BalturSpa\" \/>\n<meta name=\"twitter:card\" content=\"summary_large_image\" \/>\n<meta name=\"twitter:label1\" content=\"Tiempo de lectura\" \/>\n\t<meta name=\"twitter:data1\" content=\"1 minuto\" \/>\n<script type=\"application\/ld+json\" class=\"yoast-schema-graph\">{\"@context\":\"https:\/\/schema.org\",\"@graph\":[{\"@type\":\"WebPage\",\"@id\":\"https:\/\/www.baltur.com\/intl\/es\/academia-baltur-2\/\",\"url\":\"https:\/\/www.baltur.com\/intl\/es\/academia-baltur-2\/\",\"name\":\"Academia Baltur - Baltur\",\"isPartOf\":{\"@id\":\"https:\/\/www.baltur.com\/intl\/es\/#website\"},\"datePublished\":\"2024-08-01T13:16:17+00:00\",\"dateModified\":\"2024-08-01T13:16:17+00:00\",\"breadcrumb\":{\"@id\":\"https:\/\/www.baltur.com\/intl\/es\/academia-baltur-2\/#breadcrumb\"},\"inLanguage\":\"es\",\"potentialAction\":[{\"@type\":\"ReadAction\",\"target\":[\"https:\/\/www.baltur.com\/intl\/es\/academia-baltur-2\/\"]}]},{\"@type\":\"BreadcrumbList\",\"@id\":\"https:\/\/www.baltur.com\/intl\/es\/academia-baltur-2\/#breadcrumb\",\"itemListElement\":[{\"@type\":\"ListItem\",\"position\":1,\"name\":\"Home\",\"item\":\"https:\/\/www.baltur.com\/intl\/es\/\"},{\"@type\":\"ListItem\",\"position\":2,\"name\":\"Academia Baltur\"}]},{\"@type\":\"WebSite\",\"@id\":\"https:\/\/www.baltur.com\/intl\/es\/#website\",\"url\":\"https:\/\/www.baltur.com\/intl\/es\/\",\"name\":\"Baltur\",\"description\":\"\",\"publisher\":{\"@id\":\"https:\/\/www.baltur.com\/intl\/es\/#organization\"},\"potentialAction\":[{\"@type\":\"SearchAction\",\"target\":{\"@type\":\"EntryPoint\",\"urlTemplate\":\"https:\/\/www.baltur.com\/intl\/es\/?s={search_term_string}\"},\"query-input\":{\"@type\":\"PropertyValueSpecification\",\"valueRequired\":true,\"valueName\":\"search_term_string\"}}],\"inLanguage\":\"es\"},{\"@type\":\"Organization\",\"@id\":\"https:\/\/www.baltur.com\/intl\/es\/#organization\",\"name\":\"Baltur\",\"url\":\"https:\/\/www.baltur.com\/intl\/es\/\",\"logo\":{\"@type\":\"ImageObject\",\"inLanguage\":\"es\",\"@id\":\"https:\/\/www.baltur.com\/intl\/es\/#\/schema\/logo\/image\/\",\"url\":\"https:\/\/www.baltur.com\/intl\/wp-content\/uploads\/2024\/05\/baltur_logo_white.png\",\"contentUrl\":\"https:\/\/www.baltur.com\/intl\/wp-content\/uploads\/2024\/05\/baltur_logo_white.png\",\"width\":209,\"height\":85,\"caption\":\"Baltur\"},\"image\":{\"@id\":\"https:\/\/www.baltur.com\/intl\/es\/#\/schema\/logo\/image\/\"},\"sameAs\":[\"https:\/\/www.facebook.com\/BalturSpa\"]}]}<\/script>","yoast_head_json":{"title":"Academia Baltur - Baltur","robots":{"index":"index","follow":"follow","max-snippet":"max-snippet:-1","max-image-preview":"max-image-preview:large","max-video-preview":"max-video-preview:-1"},"canonical":"https:\/\/www.baltur.com\/intl\/es\/academia-baltur-2\/","og_locale":"es_ES","og_type":"article","og_title":"Academia Baltur - Baltur","og_description":"[vc_row][vc_column el_class=&#8221;py-big&#8221;][vc_column_text css=&#8221;.vc_custom_1721994043052{margin-bottom: 0px !important;}&#8221;] Academia Baltur [\/vc_column_text][\/vc_column][\/vc_row][vc_row full_width=&#8221;stretch_row_content&#8221; equal_height=&#8221;yes&#8221; el_class=&#8221;background-lighter-gray&#8221;][vc_column width=&#8221;1\/3&#8243; el_class=&#8221;ratio-1to1 wpb-height-100&#8243; css=&#8221;.vc_custom_1715539914857{padding-right: 0px !important;padding-left: 0px !important;}&#8221;][vc_single_image image=&#8221;5819&#8243; img_size=&#8221;full&#8221; css=&#8221;.vc_custom_1721994010992{margin-bottom: 0px !important;}&#8221; el_class=&#8221;wpb-image-cover&#8221;][\/vc_column][vc_column width=&#8221;2\/3&#8243; el_class=&#8221;wpb-height-100 wpb-align-items-center wpb-padding-big align-items-center&#8221;][vc_column_text css=&#8221;&#8221;] Los cursos se realizan en nuestra academia interna con el fin de transferir el conocimiento t\u00e9cnico sobre los productos Baltur. &nbsp; Nuestros profesores son [&hellip;]","og_url":"https:\/\/www.baltur.com\/intl\/es\/academia-baltur-2\/","og_site_name":"Baltur","article_publisher":"https:\/\/www.facebook.com\/BalturSpa","twitter_card":"summary_large_image","twitter_misc":{"Tiempo de lectura":"1 minuto"},"schema":{"@context":"https:\/\/schema.org","@graph":[{"@type":"WebPage","@id":"https:\/\/www.baltur.com\/intl\/es\/academia-baltur-2\/","url":"https:\/\/www.baltur.com\/intl\/es\/academia-baltur-2\/","name":"Academia Baltur - Baltur","isPartOf":{"@id":"https:\/\/www.baltur.com\/intl\/es\/#website"},"datePublished":"2024-08-01T13:16:17+00:00","dateModified":"2024-08-01T13:16:17+00:00","breadcrumb":{"@id":"https:\/\/www.baltur.com\/intl\/es\/academia-baltur-2\/#breadcrumb"},"inLanguage":"es","potentialAction":[{"@type":"ReadAction","target":["https:\/\/www.baltur.com\/intl\/es\/academia-baltur-2\/"]}]},{"@type":"BreadcrumbList","@id":"https:\/\/www.baltur.com\/intl\/es\/academia-baltur-2\/#breadcrumb","itemListElement":[{"@type":"ListItem","position":1,"name":"Home","item":"https:\/\/www.baltur.com\/intl\/es\/"},{"@type":"ListItem","position":2,"name":"Academia Baltur"}]},{"@type":"WebSite","@id":"https:\/\/www.baltur.com\/intl\/es\/#website","url":"https:\/\/www.baltur.com\/intl\/es\/","name":"Baltur","description":"","publisher":{"@id":"https:\/\/www.baltur.com\/intl\/es\/#organization"},"potentialAction":[{"@type":"SearchAction","target":{"@type":"EntryPoint","urlTemplate":"https:\/\/www.baltur.com\/intl\/es\/?s={search_term_string}"},"query-input":{"@type":"PropertyValueSpecification","valueRequired":true,"valueName":"search_term_string"}}],"inLanguage":"es"},{"@type":"Organization","@id":"https:\/\/www.baltur.com\/intl\/es\/#organization","name":"Baltur","url":"https:\/\/www.baltur.com\/intl\/es\/","logo":{"@type":"ImageObject","inLanguage":"es","@id":"https:\/\/www.baltur.com\/intl\/es\/#\/schema\/logo\/image\/","url":"https:\/\/www.baltur.com\/intl\/wp-content\/uploads\/2024\/05\/baltur_logo_white.png","contentUrl":"https:\/\/www.baltur.com\/intl\/wp-content\/uploads\/2024\/05\/baltur_logo_white.png","width":209,"height":85,"caption":"Baltur"},"image":{"@id":"https:\/\/www.baltur.com\/intl\/es\/#\/schema\/logo\/image\/"},"sameAs":["https:\/\/www.facebook.com\/BalturSpa"]}]}},"_links":{"self":[{"href":"https:\/\/www.baltur.com\/intl\/es\/wp-json\/wp\/v2\/pages\/5932"}],"collection":[{"href":"https:\/\/www.baltur.com\/intl\/es\/wp-json\/wp\/v2\/pages"}],"about":[{"href":"https:\/\/www.baltur.com\/intl\/es\/wp-json\/wp\/v2\/types\/page"}],"author":[{"embeddable":true,"href":"https:\/\/www.baltur.com\/intl\/es\/wp-json\/wp\/v2\/users\/3"}],"replies":[{"embeddable":true,"href":"https:\/\/www.baltur.com\/intl\/es\/wp-json\/wp\/v2\/comments?post=5932"}],"version-history":[{"count":1,"href":"https:\/\/www.baltur.com\/intl\/es\/wp-json\/wp\/v2\/pages\/5932\/revisions"}],"predecessor-version":[{"id":5941,"href":"https:\/\/www.baltur.com\/intl\/es\/wp-json\/wp\/v2\/pages\/5932\/revisions\/5941"}],"wp:attachment":[{"href":"https:\/\/www.baltur.com\/intl\/es\/wp-json\/wp\/v2\/media?parent=5932"}],"curies":[{"name":"wp","href":"https:\/\/api.w.org\/{rel}","templated":true}]}}