{"id":6001,"date":"2024-11-19T14:49:24","date_gmt":"2024-11-19T13:49:24","guid":{"rendered":"https:\/\/www2.baltur.com\/intl\/?page_id=6001"},"modified":"2025-12-03T12:37:09","modified_gmt":"2025-12-03T11:37:09","slug":"sostenibilidad-medioambiental","status":"publish","type":"page","link":"https:\/\/www.baltur.com\/intl\/es\/sostenibilidad-medioambiental\/","title":{"rendered":"Sostenibilidad medioambiental"},"content":{"rendered":"<div class=\"wpb-content-wrapper\"><p>[vc_row el_class=&#8221;py-std&#8221;][vc_column][vc_column_text css=&#8221;.vc_custom_1764761814867{padding-top: 50px !important;}&#8221;]<\/p>\n<h1 style=\"text-align: center;\"><strong>Sostenibilidad medioambiental<\/strong><\/h1>\n<p>[\/vc_column_text][vc_column_text css=&#8221;&#8221;][\/vc_column_text][\/vc_column][\/vc_row][vc_row full_width=&#8221;stretch_row_content&#8221; equal_height=&#8221;yes&#8221; el_class=&#8221;background-lighter-gray&#8221;][vc_column width=&#8221;1\/2&#8243; el_class=&#8221;wpb-height-100 wpb-align-items-center wpb-padding-big align-items-center&#8221; css=&#8221;.vc_custom_1726583340587{padding-right: 50px !important;}&#8221;][vc_column_text css=&#8221;.vc_custom_1764753851374{padding-right: 60px !important;}&#8221;]<\/p>\n<h2>Innovaci\u00f3n responsable para un futuro mejor<\/h2>\n<p>&nbsp;<\/p>\n<p>Baltur promueve la innovaci\u00f3n responsable, desarrollando soluciones eficientes con bajo impacto ambiental gracias a proyectos constantes de investigaci\u00f3n y desarrollo. Cada fase del proceso productivo est\u00e1 dise\u00f1ada para reducir las emisiones, optimizar el uso de los recursos y minimizar los residuos, como lo certifica la norma UNI EN ISO 14001.<\/p>\n<p>Quemadores, calderas y sistemas renovables de Baltur ofrecen un alto rendimiento con especial atenci\u00f3n a la sostenibilidad ambiental. Este enfoque garantiza a nuestros clientes beneficios concretos: resultados excelentes con un consumo energ\u00e9tico reducido, alto rendimiento y ahorro en costos.[\/vc_column_text][\/vc_column][vc_column width=&#8221;1\/2&#8243; el_class=&#8221;ratio-1to1 wpb-height-100&#8243; css=&#8221;.vc_custom_1715539914857{padding-right: 0px !important;padding-left: 0px !important;}&#8221;][vc_single_image image=&#8221;7349&#8243; img_size=&#8221;full&#8221; css=&#8221;.vc_custom_1764753938099{margin-bottom: 0px !important;}&#8221; el_class=&#8221;wpb-image-cover&#8221;][\/vc_column][\/vc_row][vc_row el_class=&#8221;py-std&#8221;][vc_column][vc_single_image image=&#8221;9379&#8243; img_size=&#8221;medium&#8221; alignment=&#8221;center&#8221; css=&#8221;.vc_custom_1764753959245{margin-bottom: 0px !important;}&#8221;][vc_column_text css=&#8221;.vc_custom_1764753871646{padding-top: 10px !important;}&#8221;]<\/p>\n<h4 style=\"text-align: center;\"><strong>Cada d\u00eda, miramos al futuro con el objetivo<br \/>\nde crear soluciones cada vez m\u00e1s sostenibles, para contribuir a un mundo mejor.<\/strong><\/h4>\n<p>[\/vc_column_text][vc_column_text css=&#8221;&#8221;][\/vc_column_text][\/vc_column][\/vc_row][vc_row full_width=&#8221;stretch_row_content&#8221; equal_height=&#8221;yes&#8221; el_class=&#8221;background-lighter-gray&#8221;][vc_column width=&#8221;1\/2&#8243; el_class=&#8221;ratio-1to1 wpb-height-100&#8243; css=&#8221;.vc_custom_1715539914857{padding-right: 0px !important;padding-left: 0px !important;}&#8221;][vc_single_image image=&#8221;10278&#8243; img_size=&#8221;full&#8221; css=&#8221;.vc_custom_1764753972457{margin-bottom: 0px !important;}&#8221; el_class=&#8221;wpb-image-cover&#8221;][\/vc_column][vc_column width=&#8221;1\/2&#8243; el_class=&#8221;wpb-height-100 wpb-align-items-center wpb-padding-big align-items-center&#8221; css=&#8221;.vc_custom_1726583340587{padding-right: 50px !important;}&#8221;][vc_column_text css=&#8221;.vc_custom_1764754002915{padding-right: 60px !important;}&#8221;]<\/p>\n<h2>Badge Committed: reconocimiento por la sostenibilidad empresarial<\/h2>\n<p>&nbsp;<\/p>\n<p>Baltur ha completado con \u00e9xito la evaluaci\u00f3n EcoVadis, uno de los principales organismos de evaluaci\u00f3n de la sostenibilidad empresarial, obteniendo el <strong>Badge Committed<\/strong>. Este reconocimiento certifica nuestro compromiso de integrar la sostenibilidad en la estrategia empresarial mediante un sistema de gesti\u00f3n s\u00f3lido y alineado con los criterios internacionales.[\/vc_column_text][\/vc_column][\/vc_row][vc_row full_width=&#8221;stretch_row_content&#8221; equal_height=&#8221;yes&#8221; el_class=&#8221;background-lighter-gray&#8221;][vc_column width=&#8221;1\/2&#8243; el_class=&#8221;wpb-height-100 wpb-align-items-center wpb-padding-big align-items-center&#8221; css=&#8221;.vc_custom_1726583340587{padding-right: 50px !important;}&#8221;][vc_column_text css=&#8221;.vc_custom_1764754188260{padding-right: 60px !important;}&#8221;]<\/p>\n<h2>Un compromiso que se traduce en acciones concretas<\/h2>\n<p>&nbsp;<\/p>\n<p>El resultado obtenido en agosto de 2025 representa un hito significativo en nuestro camino hacia un <strong>modelo de desarrollo responsable y sostenible<\/strong>.<br \/>\nLa evaluaci\u00f3n nos otorg\u00f3 puntuaciones m\u00e1s que positivas en las \u00e1reas clave de la sostenibilidad, a saber: Medio Ambiente, Trabajo y Derechos Humanos.<\/p>\n<p>Puntuaciones que demuestran la eficacia de las pr\u00e1cticas empresariales en los \u00e1mbitos ambiental, social y \u00e9tico.[\/vc_column_text][\/vc_column][vc_column width=&#8221;1\/2&#8243; el_class=&#8221;ratio-1to1 wpb-height-100&#8243; css=&#8221;.vc_custom_1715539914857{padding-right: 0px !important;padding-left: 0px !important;}&#8221;][vc_single_image image=&#8221;10282&#8243; img_size=&#8221;full&#8221; css=&#8221;.vc_custom_1764754051861{margin-bottom: 0px !important;}&#8221; el_class=&#8221;wpb-image-cover&#8221;][\/vc_column][\/vc_row][vc_row full_width=&#8221;stretch_row_content&#8221; equal_height=&#8221;yes&#8221; el_class=&#8221;background-lighter-gray&#8221;][vc_column width=&#8221;1\/2&#8243; el_class=&#8221;ratio-1to1 wpb-height-100&#8243; css=&#8221;.vc_custom_1715539914857{padding-right: 0px !important;padding-left: 0px !important;}&#8221;][vc_single_image image=&#8221;10274&#8243; img_size=&#8221;full&#8221; css=&#8221;.vc_custom_1764754204461{margin-bottom: 0px !important;}&#8221; el_class=&#8221;wpb-image-cover&#8221;][\/vc_column][vc_column width=&#8221;1\/2&#8243; el_class=&#8221;wpb-height-100 wpb-align-items-center wpb-padding-big align-items-center&#8221; css=&#8221;.vc_custom_1726583340587{padding-right: 50px !important;}&#8221;][vc_column_text css=&#8221;.vc_custom_1764754234671{padding-right: 60px !important;}&#8221;]<\/p>\n<h2>Un est\u00edmulo para la mejora continua<\/h2>\n<p>&nbsp;<\/p>\n<p>El resultado, subraya el <strong>Director General Riccardo Fava<\/strong>, &#8220;representa un punto de partida y un est\u00edmulo para mejorar siempre, perfeccionando nuestras pol\u00edticas y procesos para contribuir a un futuro m\u00e1s sostenible.<\/p>\n<p>Para nosotros, la sostenibilidad no es solo un deber \u00e9tico, sino tambi\u00e9n un valor estrat\u00e9gico para toda nuestra cadena de suministro.&#8221;[\/vc_column_text][\/vc_column][\/vc_row][vc_row full_width=&#8221;stretch_row_content&#8221; equal_height=&#8221;yes&#8221; el_class=&#8221;background-lighter-gray&#8221;][vc_column width=&#8221;1\/2&#8243; el_class=&#8221;wpb-height-100 wpb-align-items-center wpb-padding-big align-items-center&#8221; css=&#8221;.vc_custom_1726583340587{padding-right: 50px !important;}&#8221;][vc_column_text css=&#8221;.vc_custom_1764754265715{padding-right: 60px !important;}&#8221;]<\/p>\n<h2>Hacia el primer Informe de Sostenibilidad<\/h2>\n<p>&nbsp;<\/p>\n<p>Para reafirmar nuestra voluntad de hacer cada vez m\u00e1s transparente nuestra acci\u00f3n en el \u00e1mbito ESG (Environmental, Social, Governance), Baltur ha iniciado un proceso estructurado de reporte que culminar\u00e1 con la publicaci\u00f3n del <strong>primer Informe de Sostenibilidad<\/strong> antes de finales de 2025.<br \/>\nCon este logro, reforzamos nuestra misi\u00f3n: promover soluciones que combinen <strong>innovaci\u00f3n tecnol\u00f3gica, eficiencia energ\u00e9tica y respeto ambiental<\/strong>, para generar valor de manera duradera y responsable.<br \/>\n[\/vc_column_text][\/vc_column][vc_column width=&#8221;1\/2&#8243; el_class=&#8221;ratio-1to1 wpb-height-100&#8243; css=&#8221;.vc_custom_1715539914857{padding-right: 0px !important;padding-left: 0px !important;}&#8221;][vc_single_image image=&#8221;10270&#8243; img_size=&#8221;full&#8221; css=&#8221;.vc_custom_1764754279201{margin-bottom: 0px !important;}&#8221; el_class=&#8221;wpb-image-cover&#8221;][\/vc_column][\/vc_row][vc_row full_width=&#8221;stretch_row_content&#8221; equal_height=&#8221;yes&#8221; el_class=&#8221;background-lighter-gray&#8221;][vc_column width=&#8221;1\/2&#8243; el_class=&#8221;ratio-1to1 wpb-height-100&#8243; css=&#8221;.vc_custom_1715539914857{padding-right: 0px !important;padding-left: 0px !important;}&#8221;][vc_single_image image=&#8221;10266&#8243; img_size=&#8221;full&#8221; css=&#8221;.vc_custom_1764754291329{margin-bottom: 0px !important;}&#8221; el_class=&#8221;wpb-image-cover&#8221;][\/vc_column][vc_column width=&#8221;1\/2&#8243; el_class=&#8221;wpb-height-100 wpb-align-items-center wpb-padding-big align-items-center&#8221; css=&#8221;.vc_custom_1726583340587{padding-right: 50px !important;}&#8221;][vc_column_text css=&#8221;.vc_custom_1764754318374{padding-right: 60px !important;}&#8221;]<\/p>\n<h2>Nuestra energ\u00eda es 100% verde garantizada<\/h2>\n<p>&nbsp;<\/p>\n<p>Desde 2023, Baltur suministra sus instalaciones y oficinas exclusivamente con electricidad de fuente renovable, un compromiso concreto con la sostenibilidad que hoy se reconoce oficialmente.<br \/>\nHemos obtenido la <strong>Garant\u00eda de Origen del GSE<\/strong> \u2013 Gestor de los Servicios Energ\u00e9ticos, que certifica de manera oficial el origen 100% renovable de la electricidad que utilizamos.<\/p>\n<p>Esta certificaci\u00f3n electr\u00f3nica garantiza que por cada kilovatio-hora consumido, se produce e inyecta en la red una unidad equivalente de energ\u00eda renovable. Nuestra energ\u00eda proviene de una planta hidroel\u00e9ctrica noruega de flujo natural, sostenible y sin embalses, que cumple plenamente con los criterios ambientales y normativos europeos.[\/vc_column_text][\/vc_column][\/vc_row][vc_row el_class=&#8221;py-std&#8221;][vc_column][vc_column_text css=&#8221;.vc_custom_1764754342944{padding-top: 30px !important;padding-bottom: 30px !important;}&#8221;]<\/p>\n<h4 style=\"text-align: center;\"><strong>Una elecci\u00f3n responsable, concreta y certificada para construir un futuro m\u00e1s limpio.<br \/>\n<\/strong><\/h4>\n<p>[\/vc_column_text][vc_column_text css=&#8221;&#8221;][\/vc_column_text][\/vc_column][\/vc_row][vc_row full_width=&#8221;stretch_row&#8221; el_class=&#8221;background-lighter-gray pt-std pb-big&#8221;][vc_column][vc_column_text css=&#8221;&#8221;]<\/p>\n<h2 style=\"text-align: center;\"><strong>Noticias e informaci\u00f3n<\/strong><\/h2>\n<h2 style=\"text-align: center;\"><strong>\u00a0<\/strong><\/h2>\n<p>[\/vc_column_text][vc_column_text css=&#8221;&#8221;][\/vc_column_text]<div id=\"swiper-69f4ba9b4ce87\" class=\"swiper baltur-wpb-postslider swiper-paginated mt-std \" data-loop=\"1\" data-slides=\"1\" data-slides-md=\"2\" data-slides-lg=\"3\"><div class=\"swiper-wrapper\"><div class=\"swiper-slide\"><div class=\"image\"><img decoding=\"async\" src=\"https:\/\/www.baltur.com\/intl\/wp-content\/uploads\/2024\/08\/borghi-furini_730x550.jpg\" alt=\"Restyling de la gama de quemadores TB\"><\/div><div class=\"title\">Restyling de la gama de quemadores TB<\/div><div class=\"read-more\"><a class=\"vc_general vc_btn3 vc_btn3-style-baltur\" href=\"https:\/\/www.baltur.com\/intl\/es\/2024\/08\/procesos-de-gestion-lean-organizacion-agil-inversiones-especificas-recursos-del-crecimiento-empresarial\/\" title=\"Restyling de la gama de quemadores TB\">Leer m\u00e1s<\/a><\/div><\/div><div class=\"swiper-slide\"><div class=\"image\"><img decoding=\"async\" src=\"https:\/\/www.baltur.com\/intl\/wp-content\/uploads\/2024\/08\/mattia-vandi_730x550.jpg\" alt=\"Procesos de gesti\u00f3n Lean, Organizaci\u00f3n \u00e1gil, Inversiones espec\u00edficas: recursos del Crecimiento empresarial\"><\/div><div class=\"title\">Procesos de gesti\u00f3n Lean, Organizaci\u00f3n \u00e1gil, Inversiones espec\u00edficas: recursos del Crecimiento empresarial<\/div><div class=\"read-more\"><a class=\"vc_general vc_btn3 vc_btn3-style-baltur\" href=\"https:\/\/www.baltur.com\/intl\/es\/2024\/08\/nueva-tecnologia-de-combustion-patentada-baltur-2\/\" title=\"Procesos de gesti\u00f3n Lean, Organizaci\u00f3n \u00e1gil, Inversiones espec\u00edficas: recursos del Crecimiento empresarial\">Leer m\u00e1s<\/a><\/div><\/div><div class=\"swiper-slide\"><div class=\"image\"><img decoding=\"async\" src=\"https:\/\/www.baltur.com\/intl\/wp-content\/uploads\/2024\/03\/56329_z_fir-burners_750x399-scaled-1.jpg\" alt=\"Nueva tecnolog\u00eda de combusti\u00f3n patentada Baltur\"><\/div><div class=\"title\">Nueva tecnolog\u00eda de combusti\u00f3n patentada Baltur<\/div><div class=\"read-more\"><a class=\"vc_general vc_btn3 vc_btn3-style-baltur\" href=\"https:\/\/www.baltur.com\/intl\/es\/2024\/08\/nueva-tecnologia-de-combustion-patentada-baltur\/\" title=\"Nueva tecnolog\u00eda de combusti\u00f3n patentada Baltur\">Leer m\u00e1s<\/a><\/div><\/div><\/div><div class=\"swiper-pagination\"><\/div><\/div>[\/vc_column][\/vc_row][vc_row full_width=&#8221;stretch_row&#8221; el_class=&#8221;font-color-light mt-std&#8221; css=&#8221;.vc_custom_1715434897510{background-color: #d9000d !important;}&#8221;][vc_column width=&#8221;3\/4&#8243;]<div id=\"newsletter-69f4ba9b4d874\" class=\"baltur-wpb-newsletter newsletter  \"><h3 class=\"intro\">\u00bfQuieres estar siempre actualizado sobre el mundo Baltur y sobre las novedades del sector energ\u00e9tico?<\/h3><h2 class=\"title\"><strong>Suscr\u00edbete al bolet\u00edn<\/strong><\/h2><div class=\"newsletter-form\">\n<!-- This file should primarily consist of HTML with a little bit of PHP. -->\n<div id=\"mpwp-container\">\n    <div id=\"mupwp-form-content\">\n        <form id=\"mupwp-form\" class=\"mupwp-form\" novalidate=\"novalidate\" action=\"javascript:void(0);\">\n            <!-- start customization -->\n            <input type=\"hidden\" name=\"list_id\" value=\"2\">\n            <!-- end customization -->\n            <h3 id=\"mupwp-form-title\">            <\/h3>\n                        <div id=\"mupwp-form-fields\" class=\"form-fields\">\n                                <div class=\"mupwp-form-field\">\n                    <label style=\"display:none;\" for=\"email\">Correo electr\u00f3nico                    <\/label>\n                    <input type=\"email\" id=\"email\" required class=\"label-field\" placeholder=\"Email\" name=\"email\">\n\n                <\/div>\n\n                            <\/div>\n            <div id=\"mupwp-form-terms\" class=\"mupwp-form-terms\">\n                                <div class=\"mupwp-form-term\">\n                    <label class=\"label terms small-font\" for=\"term-1\">\n                        <input type=\"checkbox\" id=\"term-1\"\n                            name=\"term-1\" required>\n                        <p><a title=\"Privacy Policy\" href=\"https:\/\/www.baltur.com\/intl\/privacy-policy\/\" target=\"_blank\" rel=\"noopener\">Privacy policy *<\/a><\/p>                    <\/label>\n                <\/div>\n                                <\/div>\n            <div class=\"separator-20px-top\"><\/div>\n            <div id=\"mupwp-form-submit-container\">\n                <input type=\"submit\" id=\"mupwp-form-save\" value=\"Subscribe\"\n                    class=\"button-primary\">\n                <span class=\"ajax-loader\"><\/span>\n                <span class=\"feedback\"><\/span>\n            <\/div>\n        <\/form>\n    <\/div>\n<\/div>\n<\/div><\/div>[\/vc_column][vc_column width=&#8221;1\/4&#8243; offset=&#8221;vc_hidden-sm vc_hidden-xs&#8221;][vc_single_image image=&#8221;1636&#8243; img_size=&#8221;full&#8221; css=&#8221;&#8221;][\/vc_column][\/vc_row]<\/p>\n<\/div>","protected":false},"excerpt":{"rendered":"<p>[vc_row el_class=&#8221;py-std&#8221;][vc_column][vc_column_text css=&#8221;.vc_custom_1764761814867{padding-top: 50px !important;}&#8221;] Sostenibilidad medioambiental [\/vc_column_text][vc_column_text css=&#8221;&#8221;][\/vc_column_text][\/vc_column][\/vc_row][vc_row full_width=&#8221;stretch_row_content&#8221; equal_height=&#8221;yes&#8221; el_class=&#8221;background-lighter-gray&#8221;][vc_column width=&#8221;1\/2&#8243; el_class=&#8221;wpb-height-100 wpb-align-items-center wpb-padding-big align-items-center&#8221; css=&#8221;.vc_custom_1726583340587{padding-right: 50px !important;}&#8221;][vc_column_text css=&#8221;.vc_custom_1764753851374{padding-right: 60px !important;}&#8221;] Innovaci\u00f3n responsable para un futuro mejor &nbsp; Baltur promueve la innovaci\u00f3n responsable, desarrollando soluciones eficientes con bajo impacto ambiental gracias a proyectos constantes de investigaci\u00f3n y desarrollo. Cada fase del proceso productivo [&hellip;]<\/p>\n","protected":false},"author":3,"featured_media":0,"parent":0,"menu_order":0,"comment_status":"closed","ping_status":"closed","template":"","meta":{"_acf_changed":false,"footnotes":""},"class_list":["post-6001","page","type-page","status-publish","hentry"],"acf":[],"yoast_head":"<title>Sostenibilidad medioambiental - Baltur<\/title>\n<meta name=\"robots\" content=\"index, follow, max-snippet:-1, max-image-preview:large, max-video-preview:-1\" \/>\n<link rel=\"canonical\" href=\"https:\/\/www.baltur.com\/intl\/es\/sostenibilidad-medioambiental\/\" \/>\n<meta property=\"og:locale\" content=\"es_ES\" \/>\n<meta property=\"og:type\" content=\"article\" \/>\n<meta property=\"og:title\" content=\"Sostenibilidad medioambiental - Baltur\" \/>\n<meta property=\"og:description\" content=\"[vc_row el_class=&#8221;py-std&#8221;][vc_column][vc_column_text css=&#8221;.vc_custom_1764761814867{padding-top: 50px !important;}&#8221;] Sostenibilidad medioambiental [\/vc_column_text][vc_column_text css=&#8221;&#8221;][\/vc_column_text][\/vc_column][\/vc_row][vc_row full_width=&#8221;stretch_row_content&#8221; equal_height=&#8221;yes&#8221; el_class=&#8221;background-lighter-gray&#8221;][vc_column width=&#8221;1\/2&#8243; el_class=&#8221;wpb-height-100 wpb-align-items-center wpb-padding-big align-items-center&#8221; css=&#8221;.vc_custom_1726583340587{padding-right: 50px !important;}&#8221;][vc_column_text css=&#8221;.vc_custom_1764753851374{padding-right: 60px !important;}&#8221;] Innovaci\u00f3n responsable para un futuro mejor &nbsp; Baltur promueve la innovaci\u00f3n responsable, desarrollando soluciones eficientes con bajo impacto ambiental gracias a proyectos constantes de investigaci\u00f3n y desarrollo. Cada fase del proceso productivo [&hellip;]\" \/>\n<meta property=\"og:url\" content=\"https:\/\/www.baltur.com\/intl\/es\/sostenibilidad-medioambiental\/\" \/>\n<meta property=\"og:site_name\" content=\"Baltur\" \/>\n<meta property=\"article:publisher\" content=\"https:\/\/www.facebook.com\/BalturSpa\" \/>\n<meta property=\"article:modified_time\" content=\"2025-12-03T11:37:09+00:00\" \/>\n<meta name=\"twitter:card\" content=\"summary_large_image\" \/>\n<meta name=\"twitter:label1\" content=\"Tiempo de lectura\" \/>\n\t<meta name=\"twitter:data1\" content=\"4 minutos\" \/>\n<script type=\"application\/ld+json\" class=\"yoast-schema-graph\">{\"@context\":\"https:\/\/schema.org\",\"@graph\":[{\"@type\":\"WebPage\",\"@id\":\"https:\/\/www.baltur.com\/intl\/es\/sostenibilidad-medioambiental\/\",\"url\":\"https:\/\/www.baltur.com\/intl\/es\/sostenibilidad-medioambiental\/\",\"name\":\"Sostenibilidad medioambiental - Baltur\",\"isPartOf\":{\"@id\":\"https:\/\/www.baltur.com\/intl\/es\/#website\"},\"datePublished\":\"2024-11-19T13:49:24+00:00\",\"dateModified\":\"2025-12-03T11:37:09+00:00\",\"breadcrumb\":{\"@id\":\"https:\/\/www.baltur.com\/intl\/es\/sostenibilidad-medioambiental\/#breadcrumb\"},\"inLanguage\":\"es\",\"potentialAction\":[{\"@type\":\"ReadAction\",\"target\":[\"https:\/\/www.baltur.com\/intl\/es\/sostenibilidad-medioambiental\/\"]}]},{\"@type\":\"BreadcrumbList\",\"@id\":\"https:\/\/www.baltur.com\/intl\/es\/sostenibilidad-medioambiental\/#breadcrumb\",\"itemListElement\":[{\"@type\":\"ListItem\",\"position\":1,\"name\":\"Home\",\"item\":\"https:\/\/www.baltur.com\/intl\/es\/\"},{\"@type\":\"ListItem\",\"position\":2,\"name\":\"Sostenibilidad medioambiental\"}]},{\"@type\":\"WebSite\",\"@id\":\"https:\/\/www.baltur.com\/intl\/es\/#website\",\"url\":\"https:\/\/www.baltur.com\/intl\/es\/\",\"name\":\"Baltur\",\"description\":\"\",\"publisher\":{\"@id\":\"https:\/\/www.baltur.com\/intl\/es\/#organization\"},\"potentialAction\":[{\"@type\":\"SearchAction\",\"target\":{\"@type\":\"EntryPoint\",\"urlTemplate\":\"https:\/\/www.baltur.com\/intl\/es\/?s={search_term_string}\"},\"query-input\":{\"@type\":\"PropertyValueSpecification\",\"valueRequired\":true,\"valueName\":\"search_term_string\"}}],\"inLanguage\":\"es\"},{\"@type\":\"Organization\",\"@id\":\"https:\/\/www.baltur.com\/intl\/es\/#organization\",\"name\":\"Baltur\",\"url\":\"https:\/\/www.baltur.com\/intl\/es\/\",\"logo\":{\"@type\":\"ImageObject\",\"inLanguage\":\"es\",\"@id\":\"https:\/\/www.baltur.com\/intl\/es\/#\/schema\/logo\/image\/\",\"url\":\"https:\/\/www.baltur.com\/intl\/wp-content\/uploads\/2024\/05\/baltur_logo_white.png\",\"contentUrl\":\"https:\/\/www.baltur.com\/intl\/wp-content\/uploads\/2024\/05\/baltur_logo_white.png\",\"width\":209,\"height\":85,\"caption\":\"Baltur\"},\"image\":{\"@id\":\"https:\/\/www.baltur.com\/intl\/es\/#\/schema\/logo\/image\/\"},\"sameAs\":[\"https:\/\/www.facebook.com\/BalturSpa\"]}]}<\/script>","yoast_head_json":{"title":"Sostenibilidad medioambiental - Baltur","robots":{"index":"index","follow":"follow","max-snippet":"max-snippet:-1","max-image-preview":"max-image-preview:large","max-video-preview":"max-video-preview:-1"},"canonical":"https:\/\/www.baltur.com\/intl\/es\/sostenibilidad-medioambiental\/","og_locale":"es_ES","og_type":"article","og_title":"Sostenibilidad medioambiental - Baltur","og_description":"[vc_row el_class=&#8221;py-std&#8221;][vc_column][vc_column_text css=&#8221;.vc_custom_1764761814867{padding-top: 50px !important;}&#8221;] Sostenibilidad medioambiental [\/vc_column_text][vc_column_text css=&#8221;&#8221;][\/vc_column_text][\/vc_column][\/vc_row][vc_row full_width=&#8221;stretch_row_content&#8221; equal_height=&#8221;yes&#8221; el_class=&#8221;background-lighter-gray&#8221;][vc_column width=&#8221;1\/2&#8243; el_class=&#8221;wpb-height-100 wpb-align-items-center wpb-padding-big align-items-center&#8221; css=&#8221;.vc_custom_1726583340587{padding-right: 50px !important;}&#8221;][vc_column_text css=&#8221;.vc_custom_1764753851374{padding-right: 60px !important;}&#8221;] Innovaci\u00f3n responsable para un futuro mejor &nbsp; Baltur promueve la innovaci\u00f3n responsable, desarrollando soluciones eficientes con bajo impacto ambiental gracias a proyectos constantes de investigaci\u00f3n y desarrollo. Cada fase del proceso productivo [&hellip;]","og_url":"https:\/\/www.baltur.com\/intl\/es\/sostenibilidad-medioambiental\/","og_site_name":"Baltur","article_publisher":"https:\/\/www.facebook.com\/BalturSpa","article_modified_time":"2025-12-03T11:37:09+00:00","twitter_card":"summary_large_image","twitter_misc":{"Tiempo de lectura":"4 minutos"},"schema":{"@context":"https:\/\/schema.org","@graph":[{"@type":"WebPage","@id":"https:\/\/www.baltur.com\/intl\/es\/sostenibilidad-medioambiental\/","url":"https:\/\/www.baltur.com\/intl\/es\/sostenibilidad-medioambiental\/","name":"Sostenibilidad medioambiental - Baltur","isPartOf":{"@id":"https:\/\/www.baltur.com\/intl\/es\/#website"},"datePublished":"2024-11-19T13:49:24+00:00","dateModified":"2025-12-03T11:37:09+00:00","breadcrumb":{"@id":"https:\/\/www.baltur.com\/intl\/es\/sostenibilidad-medioambiental\/#breadcrumb"},"inLanguage":"es","potentialAction":[{"@type":"ReadAction","target":["https:\/\/www.baltur.com\/intl\/es\/sostenibilidad-medioambiental\/"]}]},{"@type":"BreadcrumbList","@id":"https:\/\/www.baltur.com\/intl\/es\/sostenibilidad-medioambiental\/#breadcrumb","itemListElement":[{"@type":"ListItem","position":1,"name":"Home","item":"https:\/\/www.baltur.com\/intl\/es\/"},{"@type":"ListItem","position":2,"name":"Sostenibilidad medioambiental"}]},{"@type":"WebSite","@id":"https:\/\/www.baltur.com\/intl\/es\/#website","url":"https:\/\/www.baltur.com\/intl\/es\/","name":"Baltur","description":"","publisher":{"@id":"https:\/\/www.baltur.com\/intl\/es\/#organization"},"potentialAction":[{"@type":"SearchAction","target":{"@type":"EntryPoint","urlTemplate":"https:\/\/www.baltur.com\/intl\/es\/?s={search_term_string}"},"query-input":{"@type":"PropertyValueSpecification","valueRequired":true,"valueName":"search_term_string"}}],"inLanguage":"es"},{"@type":"Organization","@id":"https:\/\/www.baltur.com\/intl\/es\/#organization","name":"Baltur","url":"https:\/\/www.baltur.com\/intl\/es\/","logo":{"@type":"ImageObject","inLanguage":"es","@id":"https:\/\/www.baltur.com\/intl\/es\/#\/schema\/logo\/image\/","url":"https:\/\/www.baltur.com\/intl\/wp-content\/uploads\/2024\/05\/baltur_logo_white.png","contentUrl":"https:\/\/www.baltur.com\/intl\/wp-content\/uploads\/2024\/05\/baltur_logo_white.png","width":209,"height":85,"caption":"Baltur"},"image":{"@id":"https:\/\/www.baltur.com\/intl\/es\/#\/schema\/logo\/image\/"},"sameAs":["https:\/\/www.facebook.com\/BalturSpa"]}]}},"_links":{"self":[{"href":"https:\/\/www.baltur.com\/intl\/es\/wp-json\/wp\/v2\/pages\/6001"}],"collection":[{"href":"https:\/\/www.baltur.com\/intl\/es\/wp-json\/wp\/v2\/pages"}],"about":[{"href":"https:\/\/www.baltur.com\/intl\/es\/wp-json\/wp\/v2\/types\/page"}],"author":[{"embeddable":true,"href":"https:\/\/www.baltur.com\/intl\/es\/wp-json\/wp\/v2\/users\/3"}],"replies":[{"embeddable":true,"href":"https:\/\/www.baltur.com\/intl\/es\/wp-json\/wp\/v2\/comments?post=6001"}],"version-history":[{"count":11,"href":"https:\/\/www.baltur.com\/intl\/es\/wp-json\/wp\/v2\/pages\/6001\/revisions"}],"predecessor-version":[{"id":10294,"href":"https:\/\/www.baltur.com\/intl\/es\/wp-json\/wp\/v2\/pages\/6001\/revisions\/10294"}],"wp:attachment":[{"href":"https:\/\/www.baltur.com\/intl\/es\/wp-json\/wp\/v2\/media?parent=6001"}],"curies":[{"name":"wp","href":"https:\/\/api.w.org\/{rel}","templated":true}]}}