{"id":7362,"date":"2024-11-19T10:19:29","date_gmt":"2024-11-19T09:19:29","guid":{"rendered":"https:\/\/www2.baltur.com\/intl\/?page_id=7362"},"modified":"2025-03-25T14:27:06","modified_gmt":"2025-03-25T13:27:06","slug":"nuestros-proveedores","status":"publish","type":"page","link":"https:\/\/www.baltur.com\/intl\/es\/nuestros-proveedores\/","title":{"rendered":"Nuestros Proveedores"},"content":{"rendered":"<div class=\"wpb-content-wrapper\"><p>[vc_row el_class=&#8221;py-std&#8221;][vc_column][vc_column_text css=&#8221;.vc_custom_1733224326783{padding-top: 50px !important;}&#8221;]<\/p>\n<h1 style=\"text-align: center;\">Nuestros Proveedores<\/h1>\n<p>[\/vc_column_text][vc_column_text css=&#8221;&#8221;][\/vc_column_text][\/vc_column][\/vc_row][vc_row full_width=&#8221;stretch_row_content&#8221; equal_height=&#8221;yes&#8221; el_class=&#8221;background-lighter-gray&#8221;][vc_column width=&#8221;1\/3&#8243; el_class=&#8221;ratio-1to1 wpb-height-100&#8243; css=&#8221;.vc_custom_1715539914857{padding-right: 0px !important;padding-left: 0px !important;}&#8221;][vc_single_image image=&#8221;7367&#8243; img_size=&#8221;full&#8221; css=&#8221;.vc_custom_1732008089313{margin-bottom: 0px !important;}&#8221; el_class=&#8221;wpb-image-cover&#8221;][\/vc_column][vc_column width=&#8221;2\/3&#8243; el_class=&#8221;wpb-height-100 wpb-align-items-center wpb-padding-big align-items-center&#8221; css=&#8221;.vc_custom_1726583340587{padding-right: 50px !important;}&#8221;][vc_column_text css=&#8221;.vc_custom_1733224349133{padding-right: 60px !important;}&#8221;]<\/p>\n<h2 style=\"text-align: left;\">\u00a1\u00danete a nosotros y construye, junto con nosotros, un futuro exitoso!<\/h2>\n<p>&nbsp;<\/p>\n<p>Quienes formamos parte de Baltur, consideramos que los proveedores son colaboradores estrat\u00e9gicos para nuestro \u00e9xito. Colaboramos con empresas que comparten nuestros valores de calidad, transparencia e innovaci\u00f3n, para garantizarles soluciones excelentes a nuestros clientes.[\/vc_column_text][\/vc_column][\/vc_row][vc_row content_placement=&#8221;middle&#8221; el_class=&#8221;py-std&#8221;][vc_column width=&#8221;2\/3&#8243;][vc_column_text css=&#8221;.vc_custom_1733224361562{padding-top: 50px !important;}&#8221;]Si est\u00e1s interesado en entrar en nuestra red de proveedores, te invitamos a consultar las directrices y los requisitos en la secci\u00f3n espec\u00edfica. Estamos siempre abiertos a nuevas colaboraciones que puedan mejorar a\u00fan m\u00e1s nuestra cadena de valor.[\/vc_column_text][vc_column_text css=&#8221;&#8221;][\/vc_column_text][\/vc_column][vc_column width=&#8221;1\/3&#8243;][vc_btn title=&#8221;General Terms and Conditions of Purchase&#8221; align=&#8221;center&#8221; css=&#8221;&#8221; link=&#8221;url:https%3A%2F%2Fwww.baltur.com%2Fintl%2Fwp-content%2Fuploads%2F2024%2F11%2FCondizioni-Generali-di-Acquisto-Baltur-Rev.00_ENG.pdf|target:_blank&#8221;][vc_btn title=&#8221;Portale &#8211; Obligations to notify DB SCIP&#8221; align=&#8221;center&#8221; css=&#8221;&#8221; link=&#8221;url:https%3A%2F%2Fwww.baltur.com%2Fintl%2Fwp-content%2Fuploads%2F2025%2F03%2FObligations-to-notify-DB-SCIP-Letter-to-Suppliers-Ed.-2025-03.pdf|target:_blank&#8221;][vc_btn title=&#8221;E-mail candidatures suppliers&#8221; align=&#8221;center&#8221; css=&#8221;&#8221; link=&#8221;url:https%3A%2F%2Fwww.baltur.com%2Fintl%2Fwp-content%2Fuploads%2F2024%2F12%2FEMAIL-Candidature-Fornitori.pdf|target:_blank&#8221;][\/vc_column][\/vc_row][vc_row full_width=&#8221;stretch_row&#8221; el_class=&#8221;background-lighter-gray pt-std pb-big&#8221;][vc_column][vc_column_text css=&#8221;&#8221;]<\/p>\n<h2 style=\"text-align: center;\"><strong>News and insights<\/strong><\/h2>\n<h2 style=\"text-align: center;\"><strong>\u00a0<\/strong><\/h2>\n<p>[\/vc_column_text][vc_column_text css=&#8221;&#8221;][\/vc_column_text]<div id=\"swiper-69e11403cad83\" class=\"swiper baltur-wpb-postslider swiper-paginated mt-std \" data-loop=\"1\" data-slides=\"1\" data-slides-md=\"2\" data-slides-lg=\"3\"><div class=\"swiper-wrapper\"><div class=\"swiper-slide\"><div class=\"image\"><img decoding=\"async\" src=\"https:\/\/www.baltur.com\/intl\/wp-content\/uploads\/2024\/08\/borghi-furini_730x550.jpg\" alt=\"Restyling de la gama de quemadores TB\"><\/div><div class=\"title\">Restyling de la gama de quemadores TB<\/div><div class=\"read-more\"><a class=\"vc_general vc_btn3 vc_btn3-style-baltur\" href=\"https:\/\/www.baltur.com\/intl\/es\/2024\/08\/procesos-de-gestion-lean-organizacion-agil-inversiones-especificas-recursos-del-crecimiento-empresarial\/\" title=\"Restyling de la gama de quemadores TB\">Leer m\u00e1s<\/a><\/div><\/div><div class=\"swiper-slide\"><div class=\"image\"><img decoding=\"async\" src=\"https:\/\/www.baltur.com\/intl\/wp-content\/uploads\/2024\/08\/mattia-vandi_730x550.jpg\" alt=\"Procesos de gesti\u00f3n Lean, Organizaci\u00f3n \u00e1gil, Inversiones espec\u00edficas: recursos del Crecimiento empresarial\"><\/div><div class=\"title\">Procesos de gesti\u00f3n Lean, Organizaci\u00f3n \u00e1gil, Inversiones espec\u00edficas: recursos del Crecimiento empresarial<\/div><div class=\"read-more\"><a class=\"vc_general vc_btn3 vc_btn3-style-baltur\" href=\"https:\/\/www.baltur.com\/intl\/es\/2024\/08\/nueva-tecnologia-de-combustion-patentada-baltur-2\/\" title=\"Procesos de gesti\u00f3n Lean, Organizaci\u00f3n \u00e1gil, Inversiones espec\u00edficas: recursos del Crecimiento empresarial\">Leer m\u00e1s<\/a><\/div><\/div><div class=\"swiper-slide\"><div class=\"image\"><img decoding=\"async\" src=\"https:\/\/www.baltur.com\/intl\/wp-content\/uploads\/2024\/03\/56329_z_fir-burners_750x399-scaled-1.jpg\" alt=\"Nueva tecnolog\u00eda de combusti\u00f3n patentada Baltur\"><\/div><div class=\"title\">Nueva tecnolog\u00eda de combusti\u00f3n patentada Baltur<\/div><div class=\"read-more\"><a class=\"vc_general vc_btn3 vc_btn3-style-baltur\" href=\"https:\/\/www.baltur.com\/intl\/es\/2024\/08\/nueva-tecnologia-de-combustion-patentada-baltur\/\" title=\"Nueva tecnolog\u00eda de combusti\u00f3n patentada Baltur\">Leer m\u00e1s<\/a><\/div><\/div><\/div><div class=\"swiper-pagination\"><\/div><\/div>[\/vc_column][\/vc_row][vc_row full_width=&#8221;stretch_row&#8221; el_class=&#8221;font-color-light mt-std&#8221; css=&#8221;.vc_custom_1715434897510{background-color: #d9000d !important;}&#8221;][vc_column width=&#8221;3\/4&#8243;]<div id=\"newsletter-69e11403caf48\" class=\"baltur-wpb-newsletter newsletter  \"><h3 class=\"intro\">\u00bfQuieres estar siempre actualizado sobre el mundo Baltur y sobre las novedades del sector energ\u00e9tico?<\/h3><h2 class=\"title\"><strong>Suscr\u00edbete al bolet\u00edn<\/strong><\/h2><div class=\"newsletter-form\">\n<!-- This file should primarily consist of HTML with a little bit of PHP. -->\n<div id=\"mpwp-container\">\n    <div id=\"mupwp-form-content\">\n        <form id=\"mupwp-form\" class=\"mupwp-form\" novalidate=\"novalidate\" action=\"javascript:void(0);\">\n            <!-- start customization -->\n            <input type=\"hidden\" name=\"list_id\" value=\"2\">\n            <!-- end customization -->\n            <h3 id=\"mupwp-form-title\">            <\/h3>\n                        <div id=\"mupwp-form-fields\" class=\"form-fields\">\n                                <div class=\"mupwp-form-field\">\n                    <label style=\"display:none;\" for=\"email\">Correo electr\u00f3nico                    <\/label>\n                    <input type=\"email\" id=\"email\" required class=\"label-field\" placeholder=\"Email\" name=\"email\">\n\n                <\/div>\n\n                            <\/div>\n            <div id=\"mupwp-form-terms\" class=\"mupwp-form-terms\">\n                                <div class=\"mupwp-form-term\">\n                    <label class=\"label terms small-font\" for=\"term-1\">\n                        <input type=\"checkbox\" id=\"term-1\"\n                            name=\"term-1\" required>\n                        <p><a title=\"Privacy Policy\" href=\"https:\/\/www.baltur.com\/intl\/privacy-policy\/\" target=\"_blank\" rel=\"noopener\">Privacy policy *<\/a><\/p>                    <\/label>\n                <\/div>\n                                <\/div>\n            <div class=\"separator-20px-top\"><\/div>\n            <div id=\"mupwp-form-submit-container\">\n                <input type=\"submit\" id=\"mupwp-form-save\" value=\"Subscribe\"\n                    class=\"button-primary\">\n                <span class=\"ajax-loader\"><\/span>\n                <span class=\"feedback\"><\/span>\n            <\/div>\n        <\/form>\n    <\/div>\n<\/div>\n<\/div><\/div>[\/vc_column][vc_column width=&#8221;1\/4&#8243; offset=&#8221;vc_hidden-sm vc_hidden-xs&#8221;][vc_single_image image=&#8221;1636&#8243; img_size=&#8221;full&#8221; css=&#8221;&#8221;][\/vc_column][\/vc_row]<\/p>\n<\/div>","protected":false},"excerpt":{"rendered":"<p>[vc_row el_class=&#8221;py-std&#8221;][vc_column][vc_column_text css=&#8221;.vc_custom_1733224326783{padding-top: 50px !important;}&#8221;] Nuestros Proveedores [\/vc_column_text][vc_column_text css=&#8221;&#8221;][\/vc_column_text][\/vc_column][\/vc_row][vc_row full_width=&#8221;stretch_row_content&#8221; equal_height=&#8221;yes&#8221; el_class=&#8221;background-lighter-gray&#8221;][vc_column width=&#8221;1\/3&#8243; el_class=&#8221;ratio-1to1 wpb-height-100&#8243; css=&#8221;.vc_custom_1715539914857{padding-right: 0px !important;padding-left: 0px !important;}&#8221;][vc_single_image image=&#8221;7367&#8243; img_size=&#8221;full&#8221; css=&#8221;.vc_custom_1732008089313{margin-bottom: 0px !important;}&#8221; el_class=&#8221;wpb-image-cover&#8221;][\/vc_column][vc_column width=&#8221;2\/3&#8243; el_class=&#8221;wpb-height-100 wpb-align-items-center wpb-padding-big align-items-center&#8221; css=&#8221;.vc_custom_1726583340587{padding-right: 50px !important;}&#8221;][vc_column_text css=&#8221;.vc_custom_1733224349133{padding-right: 60px !important;}&#8221;] \u00a1\u00danete a nosotros y construye, junto con nosotros, un futuro exitoso! &nbsp; Quienes formamos parte de Baltur, consideramos [&hellip;]<\/p>\n","protected":false},"author":5,"featured_media":0,"parent":0,"menu_order":0,"comment_status":"closed","ping_status":"closed","template":"","meta":{"_acf_changed":false,"footnotes":""},"class_list":["post-7362","page","type-page","status-publish","hentry"],"acf":[],"yoast_head":"<title>Nuestros Proveedores - Baltur<\/title>\n<meta name=\"robots\" content=\"index, follow, max-snippet:-1, max-image-preview:large, max-video-preview:-1\" \/>\n<link rel=\"canonical\" href=\"https:\/\/www.baltur.com\/intl\/es\/nuestros-proveedores\/\" \/>\n<meta property=\"og:locale\" content=\"es_ES\" \/>\n<meta property=\"og:type\" content=\"article\" \/>\n<meta property=\"og:title\" content=\"Nuestros Proveedores - Baltur\" \/>\n<meta property=\"og:description\" content=\"[vc_row el_class=&#8221;py-std&#8221;][vc_column][vc_column_text css=&#8221;.vc_custom_1733224326783{padding-top: 50px !important;}&#8221;] Nuestros Proveedores [\/vc_column_text][vc_column_text css=&#8221;&#8221;][\/vc_column_text][\/vc_column][\/vc_row][vc_row full_width=&#8221;stretch_row_content&#8221; equal_height=&#8221;yes&#8221; el_class=&#8221;background-lighter-gray&#8221;][vc_column width=&#8221;1\/3&#8243; el_class=&#8221;ratio-1to1 wpb-height-100&#8243; css=&#8221;.vc_custom_1715539914857{padding-right: 0px !important;padding-left: 0px !important;}&#8221;][vc_single_image image=&#8221;7367&#8243; img_size=&#8221;full&#8221; css=&#8221;.vc_custom_1732008089313{margin-bottom: 0px !important;}&#8221; el_class=&#8221;wpb-image-cover&#8221;][\/vc_column][vc_column width=&#8221;2\/3&#8243; el_class=&#8221;wpb-height-100 wpb-align-items-center wpb-padding-big align-items-center&#8221; css=&#8221;.vc_custom_1726583340587{padding-right: 50px !important;}&#8221;][vc_column_text css=&#8221;.vc_custom_1733224349133{padding-right: 60px !important;}&#8221;] \u00a1\u00danete a nosotros y construye, junto con nosotros, un futuro exitoso! &nbsp; Quienes formamos parte de Baltur, consideramos [&hellip;]\" \/>\n<meta property=\"og:url\" content=\"https:\/\/www.baltur.com\/intl\/es\/nuestros-proveedores\/\" \/>\n<meta property=\"og:site_name\" content=\"Baltur\" \/>\n<meta property=\"article:publisher\" content=\"https:\/\/www.facebook.com\/BalturSpa\" \/>\n<meta property=\"article:modified_time\" content=\"2025-03-25T13:27:06+00:00\" \/>\n<meta name=\"twitter:card\" content=\"summary_large_image\" \/>\n<meta name=\"twitter:label1\" content=\"Tiempo de lectura\" \/>\n\t<meta name=\"twitter:data1\" content=\"1 minuto\" \/>\n<script type=\"application\/ld+json\" class=\"yoast-schema-graph\">{\"@context\":\"https:\/\/schema.org\",\"@graph\":[{\"@type\":\"WebPage\",\"@id\":\"https:\/\/www.baltur.com\/intl\/es\/nuestros-proveedores\/\",\"url\":\"https:\/\/www.baltur.com\/intl\/es\/nuestros-proveedores\/\",\"name\":\"Nuestros Proveedores - Baltur\",\"isPartOf\":{\"@id\":\"https:\/\/www.baltur.com\/intl\/es\/#website\"},\"datePublished\":\"2024-11-19T09:19:29+00:00\",\"dateModified\":\"2025-03-25T13:27:06+00:00\",\"breadcrumb\":{\"@id\":\"https:\/\/www.baltur.com\/intl\/es\/nuestros-proveedores\/#breadcrumb\"},\"inLanguage\":\"es\",\"potentialAction\":[{\"@type\":\"ReadAction\",\"target\":[\"https:\/\/www.baltur.com\/intl\/es\/nuestros-proveedores\/\"]}]},{\"@type\":\"BreadcrumbList\",\"@id\":\"https:\/\/www.baltur.com\/intl\/es\/nuestros-proveedores\/#breadcrumb\",\"itemListElement\":[{\"@type\":\"ListItem\",\"position\":1,\"name\":\"Home\",\"item\":\"https:\/\/www.baltur.com\/intl\/es\/\"},{\"@type\":\"ListItem\",\"position\":2,\"name\":\"Nuestros Proveedores\"}]},{\"@type\":\"WebSite\",\"@id\":\"https:\/\/www.baltur.com\/intl\/es\/#website\",\"url\":\"https:\/\/www.baltur.com\/intl\/es\/\",\"name\":\"Baltur\",\"description\":\"\",\"publisher\":{\"@id\":\"https:\/\/www.baltur.com\/intl\/es\/#organization\"},\"potentialAction\":[{\"@type\":\"SearchAction\",\"target\":{\"@type\":\"EntryPoint\",\"urlTemplate\":\"https:\/\/www.baltur.com\/intl\/es\/?s={search_term_string}\"},\"query-input\":{\"@type\":\"PropertyValueSpecification\",\"valueRequired\":true,\"valueName\":\"search_term_string\"}}],\"inLanguage\":\"es\"},{\"@type\":\"Organization\",\"@id\":\"https:\/\/www.baltur.com\/intl\/es\/#organization\",\"name\":\"Baltur\",\"url\":\"https:\/\/www.baltur.com\/intl\/es\/\",\"logo\":{\"@type\":\"ImageObject\",\"inLanguage\":\"es\",\"@id\":\"https:\/\/www.baltur.com\/intl\/es\/#\/schema\/logo\/image\/\",\"url\":\"https:\/\/www.baltur.com\/intl\/wp-content\/uploads\/2024\/05\/baltur_logo_white.png\",\"contentUrl\":\"https:\/\/www.baltur.com\/intl\/wp-content\/uploads\/2024\/05\/baltur_logo_white.png\",\"width\":209,\"height\":85,\"caption\":\"Baltur\"},\"image\":{\"@id\":\"https:\/\/www.baltur.com\/intl\/es\/#\/schema\/logo\/image\/\"},\"sameAs\":[\"https:\/\/www.facebook.com\/BalturSpa\"]}]}<\/script>","yoast_head_json":{"title":"Nuestros Proveedores - Baltur","robots":{"index":"index","follow":"follow","max-snippet":"max-snippet:-1","max-image-preview":"max-image-preview:large","max-video-preview":"max-video-preview:-1"},"canonical":"https:\/\/www.baltur.com\/intl\/es\/nuestros-proveedores\/","og_locale":"es_ES","og_type":"article","og_title":"Nuestros Proveedores - Baltur","og_description":"[vc_row el_class=&#8221;py-std&#8221;][vc_column][vc_column_text css=&#8221;.vc_custom_1733224326783{padding-top: 50px !important;}&#8221;] Nuestros Proveedores [\/vc_column_text][vc_column_text css=&#8221;&#8221;][\/vc_column_text][\/vc_column][\/vc_row][vc_row full_width=&#8221;stretch_row_content&#8221; equal_height=&#8221;yes&#8221; el_class=&#8221;background-lighter-gray&#8221;][vc_column width=&#8221;1\/3&#8243; el_class=&#8221;ratio-1to1 wpb-height-100&#8243; css=&#8221;.vc_custom_1715539914857{padding-right: 0px !important;padding-left: 0px !important;}&#8221;][vc_single_image image=&#8221;7367&#8243; img_size=&#8221;full&#8221; css=&#8221;.vc_custom_1732008089313{margin-bottom: 0px !important;}&#8221; el_class=&#8221;wpb-image-cover&#8221;][\/vc_column][vc_column width=&#8221;2\/3&#8243; el_class=&#8221;wpb-height-100 wpb-align-items-center wpb-padding-big align-items-center&#8221; css=&#8221;.vc_custom_1726583340587{padding-right: 50px !important;}&#8221;][vc_column_text css=&#8221;.vc_custom_1733224349133{padding-right: 60px !important;}&#8221;] \u00a1\u00danete a nosotros y construye, junto con nosotros, un futuro exitoso! &nbsp; Quienes formamos parte de Baltur, consideramos [&hellip;]","og_url":"https:\/\/www.baltur.com\/intl\/es\/nuestros-proveedores\/","og_site_name":"Baltur","article_publisher":"https:\/\/www.facebook.com\/BalturSpa","article_modified_time":"2025-03-25T13:27:06+00:00","twitter_card":"summary_large_image","twitter_misc":{"Tiempo de lectura":"1 minuto"},"schema":{"@context":"https:\/\/schema.org","@graph":[{"@type":"WebPage","@id":"https:\/\/www.baltur.com\/intl\/es\/nuestros-proveedores\/","url":"https:\/\/www.baltur.com\/intl\/es\/nuestros-proveedores\/","name":"Nuestros Proveedores - Baltur","isPartOf":{"@id":"https:\/\/www.baltur.com\/intl\/es\/#website"},"datePublished":"2024-11-19T09:19:29+00:00","dateModified":"2025-03-25T13:27:06+00:00","breadcrumb":{"@id":"https:\/\/www.baltur.com\/intl\/es\/nuestros-proveedores\/#breadcrumb"},"inLanguage":"es","potentialAction":[{"@type":"ReadAction","target":["https:\/\/www.baltur.com\/intl\/es\/nuestros-proveedores\/"]}]},{"@type":"BreadcrumbList","@id":"https:\/\/www.baltur.com\/intl\/es\/nuestros-proveedores\/#breadcrumb","itemListElement":[{"@type":"ListItem","position":1,"name":"Home","item":"https:\/\/www.baltur.com\/intl\/es\/"},{"@type":"ListItem","position":2,"name":"Nuestros Proveedores"}]},{"@type":"WebSite","@id":"https:\/\/www.baltur.com\/intl\/es\/#website","url":"https:\/\/www.baltur.com\/intl\/es\/","name":"Baltur","description":"","publisher":{"@id":"https:\/\/www.baltur.com\/intl\/es\/#organization"},"potentialAction":[{"@type":"SearchAction","target":{"@type":"EntryPoint","urlTemplate":"https:\/\/www.baltur.com\/intl\/es\/?s={search_term_string}"},"query-input":{"@type":"PropertyValueSpecification","valueRequired":true,"valueName":"search_term_string"}}],"inLanguage":"es"},{"@type":"Organization","@id":"https:\/\/www.baltur.com\/intl\/es\/#organization","name":"Baltur","url":"https:\/\/www.baltur.com\/intl\/es\/","logo":{"@type":"ImageObject","inLanguage":"es","@id":"https:\/\/www.baltur.com\/intl\/es\/#\/schema\/logo\/image\/","url":"https:\/\/www.baltur.com\/intl\/wp-content\/uploads\/2024\/05\/baltur_logo_white.png","contentUrl":"https:\/\/www.baltur.com\/intl\/wp-content\/uploads\/2024\/05\/baltur_logo_white.png","width":209,"height":85,"caption":"Baltur"},"image":{"@id":"https:\/\/www.baltur.com\/intl\/es\/#\/schema\/logo\/image\/"},"sameAs":["https:\/\/www.facebook.com\/BalturSpa"]}]}},"_links":{"self":[{"href":"https:\/\/www.baltur.com\/intl\/es\/wp-json\/wp\/v2\/pages\/7362"}],"collection":[{"href":"https:\/\/www.baltur.com\/intl\/es\/wp-json\/wp\/v2\/pages"}],"about":[{"href":"https:\/\/www.baltur.com\/intl\/es\/wp-json\/wp\/v2\/types\/page"}],"author":[{"embeddable":true,"href":"https:\/\/www.baltur.com\/intl\/es\/wp-json\/wp\/v2\/users\/5"}],"replies":[{"embeddable":true,"href":"https:\/\/www.baltur.com\/intl\/es\/wp-json\/wp\/v2\/comments?post=7362"}],"version-history":[{"count":8,"href":"https:\/\/www.baltur.com\/intl\/es\/wp-json\/wp\/v2\/pages\/7362\/revisions"}],"predecessor-version":[{"id":7677,"href":"https:\/\/www.baltur.com\/intl\/es\/wp-json\/wp\/v2\/pages\/7362\/revisions\/7677"}],"wp:attachment":[{"href":"https:\/\/www.baltur.com\/intl\/es\/wp-json\/wp\/v2\/media?parent=7362"}],"curies":[{"name":"wp","href":"https:\/\/api.w.org\/{rel}","templated":true}]}}