{"id":2075,"date":"2024-02-13T09:37:40","date_gmt":"2024-02-13T08:37:40","guid":{"rendered":"https:\/\/www2.baltur.com\/intl\/?page_id=2075"},"modified":"2024-05-30T23:55:35","modified_gmt":"2024-05-30T21:55:35","slug":"politique-de-confidentialite","status":"publish","type":"page","link":"https:\/\/www.baltur.com\/intl\/fr\/politique-de-confidentialite\/","title":{"rendered":"Politique de Confidentialit\u00e9"},"content":{"rendered":"<div class=\"wpb-content-wrapper\"><p>[vc_row el_class=&#8221;mt-big&#8221;][vc_column][vc_column_text css=&#8221;&#8221;]<\/p>\n<h1><strong>Politique de Confidentialit\u00e9<\/strong><\/h1>\n<p>[\/vc_column_text][\/vc_column][\/vc_row][vc_row][vc_column][vc_column_text css=&#8221;&#8221;]<strong>INFORMATIONS POUR LE TRAITEMENT DES DONN\u00c9ES PERSONNELLES<\/strong><\/p>\n<p>Conform\u00e9ment \u00e0 l&#8217;article 13 du RGPD 679-2016 d\u00e9fini comme \u00ab R\u00e8glement G\u00e9n\u00e9ral sur la Protection des Donn\u00e9es \u00bb, nous vous informons que le traitement des donn\u00e9es personnelles fournies lors de la fourniture de biens\/services\/prestations vise uniquement \u00e0 l&#8217;ex\u00e9cution d&#8217;obligations contractuelles et \u00e0 l&#8217;accomplissement de votre cahier des charges. demandes, ainsi que pour remplir les obligations r\u00e9glementaires, notamment comptables et fiscales qui constituent la base juridique, ainsi que pour vous fournir des informations commerciales sur nos produits et services, auront lieu chez<strong>Baltur S.p.A. dont le si\u00e8ge est \u00e0 Cento (FE) 44042, Via Ferrarese 10 num\u00e9ro de TVA. 00040200388 Code des imp\u00f4ts, FE Imp. R\u00e9g. n. 00040200388 C.C.I.A.A. de FE &#8211; R.E.A. n. 30835 T\u00e9l. +<\/strong>39 051-6843711<strong>Fax\u00a0: +39 051-6857527\/8<\/strong> <strong>SITE WEB<\/strong> <a href=\"http:\/\/www.baltur. com\">&lt; strong&gt;www.baltur.com<\/a> <strong>E-mail <\/strong><a href=\"mailto:info@baltur.it\"><strong>info@baltur. ce<\/strong><\/a>au moyen de proc\u00e9dures, y compris informatis\u00e9es, de la mani\u00e8re et dans les limites n\u00e9cessaires \u00e0 la poursuite des finalit\u00e9s susmentionn\u00e9es. Les donn\u00e9es fournies seront trait\u00e9es conform\u00e9ment \u00e0 la loi susmentionn\u00e9e, r\u00e9pondant aux obligations de confidentialit\u00e9 et de lic\u00e9it\u00e9 qui inspirent notre entreprise et pendant la dur\u00e9e strictement n\u00e9cessaire pour laquelle elles ont \u00e9t\u00e9 collect\u00e9es qui, en cas de non-utilisation, n&#8217;exc\u00e9dera pas 24 mois\u00a0; de plus, les donn\u00e9es ne seront pas divulgu\u00e9es. Vos donn\u00e9es, pour des raisons strictement professionnelles et afin de r\u00e9aliser au mieux notre prestation, pourront \u00eatre communiqu\u00e9es \u00e0 :<\/p>\n<ul>\n<li>Nos repr\u00e9sentants autoris\u00e9s \u00e0 effectuer des traitements.<\/li>\n<li>Toutes plates-formes certifi\u00e9es pour l&#8217;envoi de newsletters ou de communications concernant les services et les performances.<\/li>\n<li>Institutions de cr\u00e9dit et\/ou financi\u00e8res.<\/li>\n<li>Nos collaborateurs externes identifi\u00e9s et d\u00e9sign\u00e9s par nos soins.<\/li>\n<li>Comptables et consultants pour des besoins comptables ou fiscaux.<\/li>\n<\/ul>\n<p>La fourniture de donn\u00e9es pourrait \u00eatre obligatoire pour l&#8217;ex\u00e9cution exacte des obligations contractuelles et pr\u00e9contractuelles, et le fait de ne pas les fournir rendrait impossible l&#8217;ex\u00e9cution exacte des activit\u00e9s demand\u00e9es.<\/p>\n<p>Le consentement n\u2019est pas requis lorsque le traitement\u00a0:<\/p>\n<ol>\n<li>a) il est n\u00e9cessaire de remplir une obligation \u00e9tablie par la loi, la r\u00e9glementation ou la l\u00e9gislation communautaire\u00a0;<\/li>\n<li>b) il est n\u00e9cessaire d&#8217;ex\u00e9cuter des obligations d\u00e9coulant d&#8217;un contrat dont l&#8217;int\u00e9ress\u00e9 est partie ou de r\u00e9pondre, avant la conclusion du contrat, \u00e0 des demandes sp\u00e9cifiques de l&#8217;int\u00e9ress\u00e9\u00a0;<\/li>\n<li>c) concerne les donn\u00e9es provenant de registres publics, de listes, d&#8217;actes ou de documents connaissables par quiconque, sans pr\u00e9judice des limites et des modalit\u00e9s que les lois, r\u00e8glements ou l\u00e9gislations communautaires \u00e9tablissent pour la connaissance et la publicit\u00e9 des donn\u00e9es.&lt;\/li &gt;<\/li>\n<\/ol>\n<p><strong>DROITS DES PARTIES INT\u00c9RESS\u00c9ES<\/strong><\/p>\n<p>Les personnes int\u00e9ress\u00e9es ont le droit d&#8217;obtenir du Garant, dans les cas pr\u00e9vus, l&#8217;acc\u00e8s aux donn\u00e9es personnelles et la rectification ou l&#8217;annulation de celles-ci ou la limitation du traitement qui les concerne ou de s&#8217;opposer au traitement (articles 15 et suivants du R\u00e9gulation ).<\/p>\n<p><strong>DROIT DE PLAISIR<\/strong><\/p>\n<p>Les personnes int\u00e9ress\u00e9es qui estiment que le traitement des donn\u00e9es personnelles les concernant effectu\u00e9 via ce site viole les dispositions du R\u00e8glement ont le droit de d\u00e9poser une plainte aupr\u00e8s du Garant, comme le pr\u00e9voit l&#8217;art. 77 du R\u00e8glement lui-m\u00eame, ou d&#8217;agir aupr\u00e8s des instances judiciaires comp\u00e9tentes (art. 79 du R\u00e8glement).<\/p>\n<p>&nbsp;<\/p>\n<p>Ci-dessous les articles relatifs aux droits de l\u2019int\u00e9ress\u00e9 dans leur int\u00e9gralit\u00e9 :<\/p>\n<p><strong>Art.15 Droit d&#8217;acc\u00e8s de l&#8217;int\u00e9ress\u00e9<\/strong><\/p>\n<p>1. L&#8217;int\u00e9ress\u00e9 a le droit d&#8217;obtenir du responsable du traitement la confirmation du traitement ou non des donn\u00e9es personnelles la concernant et, dans ce cas, d&#8217;obtenir l&#8217;acc\u00e8s aux donn\u00e9es personnelles et aux informations suivantes : a) le finalit\u00e9s du traitement\u00a0; b) les cat\u00e9gories de donn\u00e9es personnelles en question ; c) les destinataires ou cat\u00e9gories de destinataires auxquels les donn\u00e9es personnelles ont \u00e9t\u00e9 ou seront communiqu\u00e9es, notamment si les destinataires sont originaires de pays tiers ou d&#8217;organisations internationales ; d) lorsque cela est possible, la dur\u00e9e de conservation pr\u00e9vue des donn\u00e9es personnelles ou, si cela n&#8217;est pas possible, les crit\u00e8res utilis\u00e9s pour d\u00e9terminer cette dur\u00e9e ; e) l&#8217;existence du droit de l&#8217;int\u00e9ress\u00e9 de demander au responsable du traitement de rectifier ou de supprimer les donn\u00e9es personnelles ou de limiter le traitement des donn\u00e9es personnelles la concernant ou de s&#8217;opposer \u00e0 leur traitement ; f) le droit de d\u00e9poser une plainte aupr\u00e8s d&#8217;une autorit\u00e9 de contr\u00f4le\u00a0; g) si les donn\u00e9es ne sont pas collect\u00e9es aupr\u00e8s de l&#8217;int\u00e9ress\u00e9, toutes les informations disponibles sur leur origine\u00a0; h) l&#8217;existence d&#8217;un processus d\u00e9cisionnel automatis\u00e9, y compris le profilage vis\u00e9 \u00e0 l&#8217;article 22, paragraphes 1 et 4, et, au moins dans de tels cas, des informations significatives sur la logique utilis\u00e9e, ainsi queainsi que l&#8217;importance et les cons\u00e9quences attendues d&#8217;un tel traitement pour l&#8217;int\u00e9ress\u00e9. 2.Si des donn\u00e9es personnelles sont transf\u00e9r\u00e9es vers un pays tiers ou vers une organisation internationale, l&#8217;int\u00e9ress\u00e9 a le droit d&#8217;\u00eatre inform\u00e9 de l&#8217;existence de garanties ad\u00e9quates conform\u00e9ment \u00e0 l&#8217;article 46 relatif au transfert. 3.Le responsable du traitement fournit une copie des donn\u00e9es personnelles trait\u00e9es. En cas de demandes suppl\u00e9mentaires de copies par l&#8217;int\u00e9ress\u00e9, le responsable du traitement peut facturer des frais raisonnables bas\u00e9s sur les frais administratifs. Si l&#8217;int\u00e9ress\u00e9 pr\u00e9sente la demande par voie \u00e9lectronique, et sauf indication contraire de l&#8217;int\u00e9ress\u00e9, les informations sont fournies dans un format \u00e9lectronique couramment utilis\u00e9. 4. Le droit d&#8217;obtenir une copie vis\u00e9 au paragraphe 3 ne doit pas porter atteinte aux droits et libert\u00e9s d&#8217;autrui.<\/p>\n<p><strong>Art.16<\/strong> <strong>Rectification et annulation Droit de rectification <\/strong><\/p>\n<p>L&#8217;int\u00e9ress\u00e9 a le droit d&#8217;obtenir du responsable du traitement la rectification des donn\u00e9es personnelles inexactes le concernant sans retard injustifi\u00e9. Compte tenu des finalit\u00e9s du traitement, l&#8217;int\u00e9ress\u00e9 a le droit d&#8217;obtenir l&#8217;int\u00e9gration de donn\u00e9es personnelles incompl\u00e8tes, y compris en fournissant une d\u00e9claration compl\u00e9mentaire.<\/p>\n<p><strong><em>Art.17 <\/em><\/strong><strong>Droit \u00e0 l&#8217;effacement (\u00ab droit \u00e0 l&#8217;oubli \u00bb)<\/strong><\/p>\n<p>1. L&#8217;int\u00e9ress\u00e9 a le droit d&#8217;obtenir du responsable du traitement la suppression des donn\u00e9es personnelles la concernant sans retard injustifi\u00e9 et le responsable du traitement a l&#8217;obligation de supprimer les donn\u00e9es personnelles sans retard injustifi\u00e9, si l&#8217;une des raisons suivantes existe : a) les donn\u00e9es personnelles ne sont plus n\u00e9cessaires au regard des finalit\u00e9s pour lesquelles elles ont \u00e9t\u00e9 collect\u00e9es ou autrement trait\u00e9es\u00a0; 4.5.2016 L 119\/43 Journal officiel de l&#8217;Union europ\u00e9enne FR b) la personne concern\u00e9e retire le consentement sur lequel le traitement est bas\u00e9 conform\u00e9ment \u00e0 l&#8217;article 6, paragraphe 1, point a), ou \u00e0 l&#8217;article 9, paragraphe 2, lettre a), et s&#8217;il n&#8217;existe pas d&#8217;autre base juridique pour le traitement\u00a0; c) l&#8217;int\u00e9ress\u00e9 s&#8217;oppose au traitement en vertu de l&#8217;article 21, paragraphe 1, et il n&#8217;existe aucune raison l\u00e9gitime imp\u00e9rieuse pour poursuivre le traitement, ou s&#8217;oppose au traitement en vertu de l&#8217;article 21, paragraphe 2\u00a0; d) les donn\u00e9es personnelles ont \u00e9t\u00e9 trait\u00e9es ill\u00e9galement\u00a0; e) les donn\u00e9es personnelles doivent \u00eatre effac\u00e9es pour se conformer \u00e0 une obligation l\u00e9gale en vertu du droit de l&#8217;Union ou du droit de l&#8217;\u00c9tat membre \u00e0 laquelle le responsable du traitement est soumis\u00a0; f) les donn\u00e9es personnelles ont \u00e9t\u00e9 collect\u00e9es dans le cadre de l&#8217;offre de services de la soci\u00e9t\u00e9 de l&#8217;information vis\u00e9e \u00e0 l&#8217;article 8, paragraphe 1. 2. Le responsable du traitement, s&#8217;il a rendu publiques des donn\u00e9es personnelles et est tenu, conform\u00e9ment au paragraphe 1, de les supprimer , en tenant compte de la technologie disponible et des co\u00fbts de mise en \u0153uvre, adopter des mesures raisonnables, y compris techniques, pour informer les responsables du traitement qui traitent les donn\u00e9es personnelles de la demande de l&#8217;int\u00e9ress\u00e9 de supprimer tout lien, copie ou reproduction de ses donn\u00e9es personnelles. 3. Les paragraphes 1 et 2 ne s&#8217;appliquent pas dans la mesure o\u00f9 le traitement est n\u00e9cessaire : a) \u00e0 l&#8217;exercice du droit \u00e0 la libert\u00e9 d&#8217;expression et d&#8217;information ; b) pour le respect d&#8217;une obligation l\u00e9gale n\u00e9cessitant un traitement pr\u00e9vu par le droit de l&#8217;Union ou du droit des \u00c9tats membres \u00e0 laquelle le responsable du traitement est soumis ou pour l&#8217;ex\u00e9cution d&#8217;une mission effectu\u00e9e dans l&#8217;int\u00e9r\u00eat public ou dans l&#8217;exercice de l&#8217;autorit\u00e9 publique dont le le responsable du traitement des donn\u00e9es est investi\u00a0; c) pour des raisons d&#8217;int\u00e9r\u00eat public dans le domaine de la sant\u00e9 publique, conform\u00e9ment \u00e0 l&#8217;article 9, paragraphe 2, points h) et i), et \u00e0 l&#8217;article 9, paragraphe 3; d) \u00e0 des fins archivistiques dans l&#8217;int\u00e9r\u00eat public, \u00e0 des fins de recherche scientifique ou historique ou \u00e0 des fins statistiques conform\u00e9ment \u00e0 l&#8217;article 89, paragraphe 1, dans la mesure o\u00f9 le droit vis\u00e9 au paragraphe 1 est susceptible de rendre impossible ou de compromettre s\u00e9rieusement l&#8217;exercice r\u00e9alisation des objectifs d&#8217;un tel traitement\u00a0; ou e) pour la constatation, l&#8217;exercice ou la d\u00e9fense d&#8217;un droit devant un tribunal.<\/p>\n<p><strong>Art.18<\/strong> <strong>Droit \u00e0 la limitation du traitement <\/strong><\/p>\n<p>1. L&#8217;int\u00e9ress\u00e9 a le droit d&#8217;obtenir du responsable du traitement la limitation du traitement lorsque l&#8217;une des hypoth\u00e8ses suivantes se pr\u00e9sente : a) l&#8217;int\u00e9ress\u00e9 conteste l&#8217;exactitude des donn\u00e9es personnelles, pendant la p\u00e9riode n\u00e9cessaire pour que le responsable du traitement puisse v\u00e9rifier l&#8217;exactitude des donn\u00e9es personnelles. l&#8217;exactitude de ces donn\u00e9es personnelles\u00a0; b) le traitement est illicite et l&#8217;int\u00e9ress\u00e9 s&#8217;oppose \u00e0 la suppression des donn\u00e9es personnelles et demande plut\u00f4t que leur utilisation soit limit\u00e9e ; c) bien que le responsable du traitement n&#8217;en ait plus besoin pour les finalit\u00e9s du traitement, les donn\u00e9es personnelles sont n\u00e9cessaires \u00e0 l&#8217;int\u00e9ress\u00e9 pour constater, exercer ou d\u00e9fendre un droit en justice ; d) l&#8217;int\u00e9ress\u00e9 s&#8217;est oppos\u00e9 au traitement selon les termes[\/vc_column_text][\/vc_column][\/vc_row]<\/p>\n<\/div>","protected":false},"excerpt":{"rendered":"<p>[vc_row el_class=&#8221;mt-big&#8221;][vc_column][vc_column_text css=&#8221;&#8221;] Politique de Confidentialit\u00e9 [\/vc_column_text][\/vc_column][\/vc_row][vc_row][vc_column][vc_column_text css=&#8221;&#8221;]INFORMATIONS POUR LE TRAITEMENT DES DONN\u00c9ES PERSONNELLES Conform\u00e9ment \u00e0 l&#8217;article 13 du RGPD 679-2016 d\u00e9fini comme \u00ab R\u00e8glement G\u00e9n\u00e9ral sur la Protection des Donn\u00e9es \u00bb, nous vous informons que le traitement des donn\u00e9es personnelles fournies lors de la fourniture de biens\/services\/prestations vise uniquement \u00e0 l&#8217;ex\u00e9cution d&#8217;obligations contractuelles et [&hellip;]<\/p>\n","protected":false},"author":1,"featured_media":0,"parent":0,"menu_order":0,"comment_status":"closed","ping_status":"closed","template":"","meta":{"_acf_changed":false,"footnotes":""},"class_list":["post-2075","page","type-page","status-publish","hentry"],"acf":[],"yoast_head":"<title>Politique de Confidentialit\u00e9 - Baltur<\/title>\n<meta name=\"robots\" content=\"index, follow, max-snippet:-1, max-image-preview:large, max-video-preview:-1\" \/>\n<link rel=\"canonical\" href=\"https:\/\/www.baltur.com\/intl\/fr\/politique-de-confidentialite\/\" \/>\n<meta property=\"og:locale\" content=\"fr_FR\" \/>\n<meta property=\"og:type\" content=\"article\" \/>\n<meta property=\"og:title\" content=\"Politique de Confidentialit\u00e9 - Baltur\" \/>\n<meta property=\"og:description\" content=\"[vc_row el_class=&#8221;mt-big&#8221;][vc_column][vc_column_text css=&#8221;&#8221;] Politique de Confidentialit\u00e9 [\/vc_column_text][\/vc_column][\/vc_row][vc_row][vc_column][vc_column_text css=&#8221;&#8221;]INFORMATIONS POUR LE TRAITEMENT DES DONN\u00c9ES PERSONNELLES Conform\u00e9ment \u00e0 l&#8217;article 13 du RGPD 679-2016 d\u00e9fini comme \u00ab R\u00e8glement G\u00e9n\u00e9ral sur la Protection des Donn\u00e9es \u00bb, nous vous informons que le traitement des donn\u00e9es personnelles fournies lors de la fourniture de biens\/services\/prestations vise uniquement \u00e0 l&#8217;ex\u00e9cution d&#8217;obligations contractuelles et [&hellip;]\" \/>\n<meta property=\"og:url\" content=\"https:\/\/www.baltur.com\/intl\/fr\/politique-de-confidentialite\/\" \/>\n<meta property=\"og:site_name\" content=\"Baltur\" \/>\n<meta property=\"article:publisher\" content=\"https:\/\/www.facebook.com\/BalturSpa\" \/>\n<meta property=\"article:modified_time\" content=\"2024-05-30T21:55:35+00:00\" \/>\n<meta name=\"twitter:card\" content=\"summary_large_image\" \/>\n<meta name=\"twitter:label1\" content=\"Dur\u00e9e de lecture estim\u00e9e\" \/>\n\t<meta name=\"twitter:data1\" content=\"7 minutes\" \/>\n<script type=\"application\/ld+json\" class=\"yoast-schema-graph\">{\"@context\":\"https:\/\/schema.org\",\"@graph\":[{\"@type\":\"WebPage\",\"@id\":\"https:\/\/www.baltur.com\/intl\/fr\/politique-de-confidentialite\/\",\"url\":\"https:\/\/www.baltur.com\/intl\/fr\/politique-de-confidentialite\/\",\"name\":\"Politique de Confidentialit\u00e9 - Baltur\",\"isPartOf\":{\"@id\":\"https:\/\/www.baltur.com\/intl\/fr\/#website\"},\"datePublished\":\"2024-02-13T08:37:40+00:00\",\"dateModified\":\"2024-05-30T21:55:35+00:00\",\"breadcrumb\":{\"@id\":\"https:\/\/www.baltur.com\/intl\/fr\/politique-de-confidentialite\/#breadcrumb\"},\"inLanguage\":\"fr-FR\",\"potentialAction\":[{\"@type\":\"ReadAction\",\"target\":[\"https:\/\/www.baltur.com\/intl\/fr\/politique-de-confidentialite\/\"]}]},{\"@type\":\"BreadcrumbList\",\"@id\":\"https:\/\/www.baltur.com\/intl\/fr\/politique-de-confidentialite\/#breadcrumb\",\"itemListElement\":[{\"@type\":\"ListItem\",\"position\":1,\"name\":\"Home\",\"item\":\"https:\/\/www.baltur.com\/intl\/fr\/\"},{\"@type\":\"ListItem\",\"position\":2,\"name\":\"Politique de Confidentialit\u00e9\"}]},{\"@type\":\"WebSite\",\"@id\":\"https:\/\/www.baltur.com\/intl\/fr\/#website\",\"url\":\"https:\/\/www.baltur.com\/intl\/fr\/\",\"name\":\"Baltur\",\"description\":\"\",\"publisher\":{\"@id\":\"https:\/\/www.baltur.com\/intl\/fr\/#organization\"},\"potentialAction\":[{\"@type\":\"SearchAction\",\"target\":{\"@type\":\"EntryPoint\",\"urlTemplate\":\"https:\/\/www.baltur.com\/intl\/fr\/?s={search_term_string}\"},\"query-input\":{\"@type\":\"PropertyValueSpecification\",\"valueRequired\":true,\"valueName\":\"search_term_string\"}}],\"inLanguage\":\"fr-FR\"},{\"@type\":\"Organization\",\"@id\":\"https:\/\/www.baltur.com\/intl\/fr\/#organization\",\"name\":\"Baltur\",\"url\":\"https:\/\/www.baltur.com\/intl\/fr\/\",\"logo\":{\"@type\":\"ImageObject\",\"inLanguage\":\"fr-FR\",\"@id\":\"https:\/\/www.baltur.com\/intl\/fr\/#\/schema\/logo\/image\/\",\"url\":\"https:\/\/www.baltur.com\/intl\/wp-content\/uploads\/2024\/05\/baltur_logo_white.png\",\"contentUrl\":\"https:\/\/www.baltur.com\/intl\/wp-content\/uploads\/2024\/05\/baltur_logo_white.png\",\"width\":209,\"height\":85,\"caption\":\"Baltur\"},\"image\":{\"@id\":\"https:\/\/www.baltur.com\/intl\/fr\/#\/schema\/logo\/image\/\"},\"sameAs\":[\"https:\/\/www.facebook.com\/BalturSpa\"]}]}<\/script>","yoast_head_json":{"title":"Politique de Confidentialit\u00e9 - Baltur","robots":{"index":"index","follow":"follow","max-snippet":"max-snippet:-1","max-image-preview":"max-image-preview:large","max-video-preview":"max-video-preview:-1"},"canonical":"https:\/\/www.baltur.com\/intl\/fr\/politique-de-confidentialite\/","og_locale":"fr_FR","og_type":"article","og_title":"Politique de Confidentialit\u00e9 - Baltur","og_description":"[vc_row el_class=&#8221;mt-big&#8221;][vc_column][vc_column_text css=&#8221;&#8221;] Politique de Confidentialit\u00e9 [\/vc_column_text][\/vc_column][\/vc_row][vc_row][vc_column][vc_column_text css=&#8221;&#8221;]INFORMATIONS POUR LE TRAITEMENT DES DONN\u00c9ES PERSONNELLES Conform\u00e9ment \u00e0 l&#8217;article 13 du RGPD 679-2016 d\u00e9fini comme \u00ab R\u00e8glement G\u00e9n\u00e9ral sur la Protection des Donn\u00e9es \u00bb, nous vous informons que le traitement des donn\u00e9es personnelles fournies lors de la fourniture de biens\/services\/prestations vise uniquement \u00e0 l&#8217;ex\u00e9cution d&#8217;obligations contractuelles et [&hellip;]","og_url":"https:\/\/www.baltur.com\/intl\/fr\/politique-de-confidentialite\/","og_site_name":"Baltur","article_publisher":"https:\/\/www.facebook.com\/BalturSpa","article_modified_time":"2024-05-30T21:55:35+00:00","twitter_card":"summary_large_image","twitter_misc":{"Dur\u00e9e de lecture estim\u00e9e":"7 minutes"},"schema":{"@context":"https:\/\/schema.org","@graph":[{"@type":"WebPage","@id":"https:\/\/www.baltur.com\/intl\/fr\/politique-de-confidentialite\/","url":"https:\/\/www.baltur.com\/intl\/fr\/politique-de-confidentialite\/","name":"Politique de Confidentialit\u00e9 - Baltur","isPartOf":{"@id":"https:\/\/www.baltur.com\/intl\/fr\/#website"},"datePublished":"2024-02-13T08:37:40+00:00","dateModified":"2024-05-30T21:55:35+00:00","breadcrumb":{"@id":"https:\/\/www.baltur.com\/intl\/fr\/politique-de-confidentialite\/#breadcrumb"},"inLanguage":"fr-FR","potentialAction":[{"@type":"ReadAction","target":["https:\/\/www.baltur.com\/intl\/fr\/politique-de-confidentialite\/"]}]},{"@type":"BreadcrumbList","@id":"https:\/\/www.baltur.com\/intl\/fr\/politique-de-confidentialite\/#breadcrumb","itemListElement":[{"@type":"ListItem","position":1,"name":"Home","item":"https:\/\/www.baltur.com\/intl\/fr\/"},{"@type":"ListItem","position":2,"name":"Politique de Confidentialit\u00e9"}]},{"@type":"WebSite","@id":"https:\/\/www.baltur.com\/intl\/fr\/#website","url":"https:\/\/www.baltur.com\/intl\/fr\/","name":"Baltur","description":"","publisher":{"@id":"https:\/\/www.baltur.com\/intl\/fr\/#organization"},"potentialAction":[{"@type":"SearchAction","target":{"@type":"EntryPoint","urlTemplate":"https:\/\/www.baltur.com\/intl\/fr\/?s={search_term_string}"},"query-input":{"@type":"PropertyValueSpecification","valueRequired":true,"valueName":"search_term_string"}}],"inLanguage":"fr-FR"},{"@type":"Organization","@id":"https:\/\/www.baltur.com\/intl\/fr\/#organization","name":"Baltur","url":"https:\/\/www.baltur.com\/intl\/fr\/","logo":{"@type":"ImageObject","inLanguage":"fr-FR","@id":"https:\/\/www.baltur.com\/intl\/fr\/#\/schema\/logo\/image\/","url":"https:\/\/www.baltur.com\/intl\/wp-content\/uploads\/2024\/05\/baltur_logo_white.png","contentUrl":"https:\/\/www.baltur.com\/intl\/wp-content\/uploads\/2024\/05\/baltur_logo_white.png","width":209,"height":85,"caption":"Baltur"},"image":{"@id":"https:\/\/www.baltur.com\/intl\/fr\/#\/schema\/logo\/image\/"},"sameAs":["https:\/\/www.facebook.com\/BalturSpa"]}]}},"_links":{"self":[{"href":"https:\/\/www.baltur.com\/intl\/fr\/wp-json\/wp\/v2\/pages\/2075"}],"collection":[{"href":"https:\/\/www.baltur.com\/intl\/fr\/wp-json\/wp\/v2\/pages"}],"about":[{"href":"https:\/\/www.baltur.com\/intl\/fr\/wp-json\/wp\/v2\/types\/page"}],"author":[{"embeddable":true,"href":"https:\/\/www.baltur.com\/intl\/fr\/wp-json\/wp\/v2\/users\/1"}],"replies":[{"embeddable":true,"href":"https:\/\/www.baltur.com\/intl\/fr\/wp-json\/wp\/v2\/comments?post=2075"}],"version-history":[{"count":1,"href":"https:\/\/www.baltur.com\/intl\/fr\/wp-json\/wp\/v2\/pages\/2075\/revisions"}],"predecessor-version":[{"id":2076,"href":"https:\/\/www.baltur.com\/intl\/fr\/wp-json\/wp\/v2\/pages\/2075\/revisions\/2076"}],"wp:attachment":[{"href":"https:\/\/www.baltur.com\/intl\/fr\/wp-json\/wp\/v2\/media?parent=2075"}],"curies":[{"name":"wp","href":"https:\/\/api.w.org\/{rel}","templated":true}]}}