{"id":2197,"date":"2024-04-17T16:13:48","date_gmt":"2024-04-17T14:13:48","guid":{"rendered":"https:\/\/www2.baltur.com\/intl\/?page_id=2197"},"modified":"2024-09-02T13:21:15","modified_gmt":"2024-09-02T11:21:15","slug":"recherche-et-innovation","status":"publish","type":"page","link":"https:\/\/www.baltur.com\/intl\/fr\/recherche-et-innovation\/","title":{"rendered":"Recherche et Innovation"},"content":{"rendered":"<div class=\"wpb-content-wrapper\"><p>[vc_row][vc_column offset=&#8221;vc_hidden-xs&#8221;]\n\t\t\t\t<p class=\"rs-p-wp-fix\"><\/p>\n\t\t\t\t<sr7-module data-alias=\"ricerca-e-innovazione\" data-id=\"16\" id=\"SR7_16_1\" class=\"rs-ov-hidden\" data-version=\"6.7.20\">\n\t\t\t\t\t<sr7-adjuster><\/sr7-adjuster>\n\t\t\t\t\t<sr7-content>\n\t\t\t\t\t\t<sr7-slide id=\"SR7_16_1-33\" data-key=\"33\">\n\t\t\t\t\t\t\t<sr7-bg id=\"SR7_16_1-33-1\" class=\"sr7-layer\"><noscript><img decoding=\"async\" src=\"https:\/\/www.baltur.com\/intl\/wp-content\/uploads\/2024\/08\/DX-MOD-01-DESKTOP-TBR-laboratorio.jpg\" alt=\"\" title=\"DX MOD 01 DESKTOP TBR laboratorio\"><\/noscript><\/sr7-bg>\n\t\t\t\t\t\t<\/sr7-slide>\n\t\t\t\t\t\t<sr7-slide id=\"SR7_16_1-35\" data-key=\"35\">\n\t\t\t\t\t\t<\/sr7-slide>\n\t\t\t\t\t<\/sr7-content>\n\t\t\t\t\t<image_lists style=\"display:none\">\n\t\t\t\t\t\t<img data-src=\"\/\/www.baltur.com\/intl\/wp-content\/uploads\/2024\/08\/DX-MOD-01-DESKTOP-TBR-laboratorio.jpg\" data-libid=\"5879\" data-lib=\"medialibrary\" title=\"DX MOD 01 DESKTOP TBR laboratorio\" width=\"0\" height=\"0\" data-dbsrc=\"Ly93d3cuYmFsdHVyLmNvbS9pbnRsL3dwLWNvbnRlbnQvdXBsb2Fkcy8yMDI0LzA4L0RYLU1PRC0wMS1ERVNLVE9QLVRCUi1sYWJvcmF0b3Jpby5qcGc=\"\/>\n\t\t\t\t\t<\/image_lists>\n\t\t\t\t<\/sr7-module>\n\t\t\t\t<script>\n\t\t\t\t\tSR7.PMH ??={}; SR7.PMH[\"SR7_16_1\"] = {cn:0,state:false,fn: function() { if (_tpt!==undefined && _tpt.prepareModuleHeight !== undefined) {  _tpt.prepareModuleHeight({id:\"SR7_16_1\",el:[900,900,768,960,720],type:'standard',shdw:'0',gh:[900,900,480,365,225],gw:[1920,1920,1024,778,480],vpt:['100px'],size:{fullWidth:true, fullHeight:false},mh:'0',onh:0,onw:0,bg:{color:'{\"orig\":\"transparent\",\"type\":\"solid\",\"string\":\"transparent\"}'}});   SR7.PMH[\"SR7_16_1\"].state=true;} else if((SR7.PMH[\"SR7_16_1\"].cn++)<100)\tsetTimeout( SR7.PMH[\"SR7_16_1\"].fn,19);}};SR7.PMH[\"SR7_16_1\" ].fn();\n\t\t\t\t<\/script>\n[\/vc_column][\/vc_row][vc_row el_class=&#8221;pt-std pb-std&#8221;][vc_column][vc_column_text css=&#8221;&#8221;]<\/p>\n<h2 style=\"text-align: center;\"><strong>Technologie. Test de laboratoire. Formation.<\/strong><\/h2>\n<p>[\/vc_column_text][vc_column_text css=&#8221;&#8221;]<\/p>\n<p style=\"text-align: center;\">Voici les trois moteurs de notre mission, ce dans quoi nous investissons chaque jour pour r\u00e9aliser notre vision\u00a0: Technologie, Tests en laboratoire, Formation, afin d&#8217;offrir des produits-services qui font la diff\u00e9rence, en cr\u00e9ant de la valeur pour nos clients.<\/p>\n<p>[\/vc_column_text][\/vc_column][\/vc_row][vc_row el_class=&#8221;mb-big&#8221;][vc_column]<div id=\"swiper-69f6730a94951\" class=\"swiper baltur-wpb-slider swiper-paginated  \" data-loop=\"1\" data-slides=\"1\" data-slides-md=\"2\" data-slides-lg=\"3\"><div class=\"swiper-wrapper\"><div class=\"swiper-slide\"><div class=\"image\"><img decoding=\"async\" src=\"https:\/\/www.baltur.com\/intl\/wp-content\/uploads\/2024\/09\/FR-tecnologia.jpg\" alt=\"\"><\/div><\/div><div class=\"swiper-slide\"><div class=\"image\"><img decoding=\"async\" src=\"https:\/\/www.baltur.com\/intl\/wp-content\/uploads\/2024\/09\/FR-test-di-laboratorio.jpg\" alt=\"\"><\/div><\/div><div class=\"swiper-slide\"><div class=\"image\"><img decoding=\"async\" src=\"https:\/\/www.baltur.com\/intl\/wp-content\/uploads\/2024\/09\/FR-formazione.jpg\" alt=\"\"><\/div><\/div><\/div><div class=\"swiper-pagination\"><\/div><\/div>[\/vc_column][\/vc_row][vc_row full_width=&#8221;stretch_row_content&#8221; equal_height=&#8221;yes&#8221; el_class=&#8221;background-lighter-gray mb-big&#8221;][vc_column width=&#8221;1\/2&#8243; el_class=&#8221;wpb-height-100 wpb-align-items-center wpb-padding-big align-items-center m-order-2&#8243;][vc_column_text css=&#8221;&#8221;]<\/p>\n<h2><strong>Recherche<br \/>\net d\u00e9veloppement<\/strong><\/h2>\n<p>[\/vc_column_text][vc_column_text css=&#8221;&#8221;]Nous contr\u00f4lons la combustion pour la rendre propre, efficace, silencieuse et flexible. Nous concevons et d\u00e9veloppons des produits r\u00e9pondant aux exigences de nos clients.<br \/>\nNous pouvons le faire gr\u00e2ce aux meilleurs sp\u00e9cialistes, aux laboratoires de recherche et d\u00e9veloppement et aux nombreux postes de test \u00e9quip\u00e9s de syst\u00e8mes de mesure et d&#8217;acquisition automatiques, rapides et complets.[\/vc_column_text][vc_btn title=&#8221;Contactez-nous&#8221; css=&#8221;&#8221; link=&#8221;url:https%3A%2F%2Fwww.baltur.com%2Fintl%2Ffr%2Fcontacts%2F|title:Contacts&#8221;][\/vc_column][vc_column width=&#8221;1\/2&#8243; css=&#8221;.vc_custom_1712519756105{padding-right: 0px !important;padding-left: 0px !important;}&#8221; el_class=&#8221;ratio-4to3 wpb-height-100&#8243;][vc_single_image image=&#8221;432&#8243; img_size=&#8221;full&#8221; css=&#8221;.vc_custom_1713362930407{margin-bottom: 0px !important;}&#8221; el_class=&#8221;wpb-image-cover&#8221;][\/vc_column][\/vc_row][vc_row el_class=&#8221;pt-std pb-std&#8221;][vc_column][vc_column_text css=&#8221;&#8221;]<\/p>\n<h2 style=\"text-align: center;\"><strong>Haute technologie pour le laboratoire de recherche et d\u00e9veloppement<\/strong><\/h2>\n<p>[\/vc_column_text][vc_column_text css=&#8221;&#8221;]<\/p>\n<p style=\"text-align: center;\">Le laboratoire R&amp;D de Baltur est dot\u00e9 de technologies de pointe, d&#8217;\u00e9quipements et de postes de travail avanc\u00e9s, de syst\u00e8mes d&#8217;acquisition de donn\u00e9es et d&#8217;une supervision globale qui permettent une ex\u00e9cution rapide des projets, des activit\u00e9s de d\u00e9veloppement et d&#8217;homologation des produits.<br \/>\nLes technologies adopt\u00e9es, avanc\u00e9es et \u00e9cologiques, permettent d&#8217;am\u00e9liorer l&#8217;efficacit\u00e9 des produits tout en r\u00e9duisant leur impact sur l&#8217;environnement, et de concevoir des br\u00fbleurs de grande puissance, stables, fiables et efficaces avec des NOx inf\u00e9rieurs \u00e0 30 mg\/kWh.<br \/>\nLe laboratoire de combustion permet de d\u00e9velopper des solutions personnalis\u00e9es et sur mesure, pour satisfaire les exigences des clients en mati\u00e8re d&#8217;applications industrielles.<\/p>\n<p>[\/vc_column_text][\/vc_column][\/vc_row][vc_row equal_height=&#8221;yes&#8221;][vc_column width=&#8221;1\/2&#8243; el_class=&#8221;ratio-4to3 wpb-height-100 mb-std&#8221;][vc_single_image image=&#8221;444&#8243; img_size=&#8221;full&#8221; css=&#8221;.vc_custom_1713383736696{margin-bottom: 0px !important;}&#8221; el_class=&#8221;wpb-image-cover&#8221;][\/vc_column][vc_column width=&#8221;1\/2&#8243; el_class=&#8221;ratio-4to3 wpb-height-100 mb-std&#8221;][vc_single_image image=&#8221;445&#8243; img_size=&#8221;full&#8221; css=&#8221;.vc_custom_1713383748060{margin-bottom: 0px !important;}&#8221; el_class=&#8221;wpb-image-cover&#8221;][\/vc_column][\/vc_row][vc_row el_class=&#8221;pt-std pb-std&#8221;][vc_column][vc_column_text css=&#8221;&#8221;]<\/p>\n<p style=\"text-align: center;\">Les br\u00fbleurs Baltur sont con\u00e7us pour produire de la chaleur en continu et r\u00e9pondre \u00e0 la variation de la charge thermique sur une tr\u00e8s large plage, gr\u00e2ce \u00e0 des syst\u00e8mes de r\u00e9gulation et des groupes de ventilation nouvellement d\u00e9velopp\u00e9s qui permettent de moduler et de r\u00e9duire la puissance absolue, avec des \u00e9conomies de combustible et d&#8217;\u00e9lectricit\u00e9 &#8211; plus de 30\u00a0% &#8211; g\u00e9n\u00e9rant de grands avantages \u00e9conomiques, en particulier pour les grandes installations et les processus exigeant de l&#8217;eau chaude ou de la vapeur 24h\/24h.<\/p>\n<p>[\/vc_column_text][\/vc_column][\/vc_row][vc_row el_class=&#8221;pt-std pb-std&#8221;][vc_column][vc_column_text css=&#8221;&#8221;]<\/p>\n<h2 style=\"text-align: center;\"><strong>Des solutions efficaces bas\u00e9es sur les besoins sp\u00e9cifiques du client<\/strong><\/h2>\n<p>[\/vc_column_text][vc_column_text css=&#8221;&#8221;]<\/p>\n<p style=\"text-align: center;\">Des solutions efficaces bas\u00e9es sur les besoins sp\u00e9cifiques du client.<br \/>\nLa mission du d\u00e9partement d&#8217;ing\u00e9nierie d&#8217;application est de d\u00e9finir et de garantir des solutions techniques, de conception et d&#8217;ing\u00e9nierie efficaces et performantes, en fonction des exigences sp\u00e9cifiques du client.<br \/>\nGr\u00e2ce \u00e0 sa vaste exp\u00e9rience et \u00e0 ses laboratoires de R&amp;D, Baltur est en mesure d&#8217;offrir des solutions personnalis\u00e9es, en minimisant les co\u00fbts de d\u00e9veloppement, de conception et de production, tout en maintenant des standards \u00e9lev\u00e9s de performance et de qualit\u00e9.<\/p>\n<p>Des br\u00fbleurs standard, capables de garantir des performances extr\u00eamement \u00e9lev\u00e9es avec de tr\u00e8s faibles \u00e9missions, aux solutions pour des applications sp\u00e9ciales et non standard, compatibles avec l&#8217;utilisation de combustibles verts et \u00e0 faible impact sur l&#8217;environnement, tels que le biogaz, le gaz de synth\u00e8se, le gaz de ville, les m\u00e9langes CH4-H2, les combustibles liquides d&#8217;origine animale, v\u00e9g\u00e9tale et synth\u00e9tique, et les combustibles de r\u00e9cup\u00e9ration.<\/p>\n<p>[\/vc_column_text][vc_btn title=&#8221;Contactez-nous&#8221; align=&#8221;center&#8221; css=&#8221;&#8221; link=&#8221;url:https%3A%2F%2Fwww.baltur.com%2Fintl%2Ffr%2Fcontacts%2F|title:Contacts&#8221;][\/vc_column][\/vc_row][vc_row full_width=&#8221;stretch_row_content&#8221; equal_height=&#8221;yes&#8221; el_class=&#8221;background-lighter-gray mb-big&#8221;][vc_column width=&#8221;1\/2&#8243; el_class=&#8221;wpb-height-100 wpb-align-items-center wpb-padding-big align-items-center m-order-2&#8243;][vc_column_text css=&#8221;&#8221;]<\/p>\n<h2><strong>Essais feu sur br\u00fbleurs<br \/>\nde puissance jusqu&#8217;\u00e0 50 MW.<\/strong><\/h2>\n<p>[\/vc_column_text][vc_column_text css=&#8221;&#8221;]<\/p>\n<p style=\"text-align: left;\">Le laboratoire de combustion est une excellence europ\u00e9enne.<br \/>\n\u00c9quip\u00e9 de nouveaux tubes d&#8217;essai pour le d\u00e9veloppement des br\u00fbleurs, dont le plus grand d&#8217;Europe (25 MW), le laboratoire est en mesure d&#8217;effectuer des tests de combustion m\u00eame avec des br\u00fbleurs de grande puissance. Les tests de combustion (y compris les tests d&#8217;appariement sur les chaudi\u00e8res commerciales jusqu&#8217;\u00e0 10 MW) sont accompagn\u00e9s de tests de ventilation, de tests de fiabilit\u00e9 des composants et de tests dans des environnements \u00e0 temp\u00e9rature contr\u00f4l\u00e9e.<\/p>\n<p>[\/vc_column_text][vc_btn title=&#8221;Contactez-nous&#8221; css=&#8221;&#8221; link=&#8221;url:https%3A%2F%2Fwww.baltur.com%2Fintl%2Ffr%2Fcontacts%2F|title:Contacts&#8221;][\/vc_column][vc_column width=&#8221;1\/2&#8243; css=&#8221;.vc_custom_1712519756105{padding-right: 0px !important;padding-left: 0px !important;}&#8221; el_class=&#8221;ratio-4to3 wpb-height-100&#8243;][vc_single_image image=&#8221;437&#8243; img_size=&#8221;full&#8221; css=&#8221;.vc_custom_1713369942917{margin-bottom: 0px !important;}&#8221; el_class=&#8221;wpb-image-cover&#8221;][\/vc_column][\/vc_row][vc_row el_class=&#8221;pt-std pb-std&#8221;][vc_column][vc_column_text css=&#8221;&#8221;]<\/p>\n<h2 style=\"text-align: center;\"><strong>La formation : \u00e9l\u00e9ment essentiel<br \/>\npour am\u00e9liorer la qualit\u00e9 des produits<\/strong><\/h2>\n<p>[\/vc_column_text][vc_column_text css=&#8221;&#8221;]<\/p>\n<p style=\"text-align: center;\">Destin\u00e9s au r\u00e9seau de vente et d&#8217;assistance, les cours &#8211; th\u00e9oriques et pratiques &#8211; se d\u00e9roulent dans notre Academy et permettent aux participants d&#8217;acqu\u00e9rir des connaissances techniques sur les produits Baltur.<br \/>\nLes instructeurs sont des techniciens sp\u00e9cialis\u00e9s en contact quotidien avec le r\u00e9seau d&#8217;assistance. Il s&#8217;agit l\u00e0 d&#8217;une valeur ajout\u00e9e de la formation Baltur, qui acquiert ainsi une fonction de rencontre et d&#8217;\u00e9change, indispensable dans la relation entre l&#8217;entreprise et le r\u00e9seau\u00a0: l&#8217;assistance transmet ses connaissances et son savoir-faire, et le r\u00e9seau apporte \u00e0 Baltur les id\u00e9es, les demandes et les rapports \u00e9manant du march\u00e9.<\/p>\n<p>[\/vc_column_text][\/vc_column][\/vc_row][vc_row equal_height=&#8221;yes&#8221;][vc_column width=&#8221;1\/2&#8243; el_class=&#8221;ratio-4to3 wpb-height-100 mb-std&#8221;][vc_single_image image=&#8221;452&#8243; img_size=&#8221;full&#8221; css=&#8221;.vc_custom_1713384170644{margin-bottom: 0px !important;}&#8221; el_class=&#8221;wpb-image-cover&#8221;][\/vc_column][vc_column width=&#8221;1\/2&#8243; el_class=&#8221;ratio-4to3 wpb-height-100 mb-std&#8221;][vc_single_image image=&#8221;453&#8243; img_size=&#8221;full&#8221; css=&#8221;.vc_custom_1713384178364{margin-bottom: 0px !important;}&#8221; el_class=&#8221;wpb-image-cover&#8221;][\/vc_column][\/vc_row][vc_row full_width=&#8221;stretch_row&#8221; el_class=&#8221;pt-std pb-std&#8221;][vc_column][vc_btn title=&#8221;En savoir plus&#8221; align=&#8221;center&#8221; css=&#8221;&#8221; link=&#8221;url:https%3A%2F%2Fwww.baltur.com%2Fintl%2Ffr%2Fcontacts%2F|title:En%20savoir%20plus&#8221;][\/vc_column][\/vc_row]<\/p>\n<\/div>","protected":false},"excerpt":{"rendered":"<p>[vc_row][vc_column offset=&#8221;vc_hidden-xs&#8221;][\/vc_column][\/vc_row][vc_row el_class=&#8221;pt-std pb-std&#8221;][vc_column][vc_column_text css=&#8221;&#8221;] Technologie. Test de laboratoire. Formation. [\/vc_column_text][vc_column_text css=&#8221;&#8221;] Voici les trois moteurs de notre mission, ce dans quoi nous investissons chaque jour pour r\u00e9aliser notre vision\u00a0: Technologie, Tests en laboratoire, Formation, afin d&#8217;offrir des produits-services qui font la diff\u00e9rence, en cr\u00e9ant de la valeur pour nos clients. [\/vc_column_text][\/vc_column][\/vc_row][vc_row el_class=&#8221;mb-big&#8221;][vc_column][\/vc_column][\/vc_row][vc_row full_width=&#8221;stretch_row_content&#8221; equal_height=&#8221;yes&#8221; [&hellip;]<\/p>\n","protected":false},"author":1,"featured_media":0,"parent":0,"menu_order":0,"comment_status":"closed","ping_status":"closed","template":"","meta":{"_acf_changed":false,"footnotes":""},"class_list":["post-2197","page","type-page","status-publish","hentry"],"acf":[],"yoast_head":"<title>Recherche et Innovation - Baltur<\/title>\n<meta name=\"robots\" content=\"index, follow, max-snippet:-1, max-image-preview:large, max-video-preview:-1\" \/>\n<link rel=\"canonical\" href=\"https:\/\/www.baltur.com\/intl\/fr\/recherche-et-innovation\/\" \/>\n<meta property=\"og:locale\" content=\"fr_FR\" \/>\n<meta property=\"og:type\" content=\"article\" \/>\n<meta property=\"og:title\" content=\"Recherche et Innovation - Baltur\" \/>\n<meta property=\"og:description\" content=\"[vc_row][vc_column offset=&#8221;vc_hidden-xs&#8221;][\/vc_column][\/vc_row][vc_row el_class=&#8221;pt-std pb-std&#8221;][vc_column][vc_column_text css=&#8221;&#8221;] Technologie. Test de laboratoire. Formation. [\/vc_column_text][vc_column_text css=&#8221;&#8221;] Voici les trois moteurs de notre mission, ce dans quoi nous investissons chaque jour pour r\u00e9aliser notre vision\u00a0: Technologie, Tests en laboratoire, Formation, afin d&#8217;offrir des produits-services qui font la diff\u00e9rence, en cr\u00e9ant de la valeur pour nos clients. [\/vc_column_text][\/vc_column][\/vc_row][vc_row el_class=&#8221;mb-big&#8221;][vc_column][\/vc_column][\/vc_row][vc_row full_width=&#8221;stretch_row_content&#8221; equal_height=&#8221;yes&#8221; [&hellip;]\" \/>\n<meta property=\"og:url\" content=\"https:\/\/www.baltur.com\/intl\/fr\/recherche-et-innovation\/\" \/>\n<meta property=\"og:site_name\" content=\"Baltur\" \/>\n<meta property=\"article:publisher\" content=\"https:\/\/www.facebook.com\/BalturSpa\" \/>\n<meta property=\"article:modified_time\" content=\"2024-09-02T11:21:15+00:00\" \/>\n<meta name=\"twitter:card\" content=\"summary_large_image\" \/>\n<meta name=\"twitter:label1\" content=\"Dur\u00e9e de lecture estim\u00e9e\" \/>\n\t<meta name=\"twitter:data1\" content=\"4 minutes\" \/>\n<script type=\"application\/ld+json\" class=\"yoast-schema-graph\">{\"@context\":\"https:\/\/schema.org\",\"@graph\":[{\"@type\":\"WebPage\",\"@id\":\"https:\/\/www.baltur.com\/intl\/fr\/recherche-et-innovation\/\",\"url\":\"https:\/\/www.baltur.com\/intl\/fr\/recherche-et-innovation\/\",\"name\":\"Recherche et Innovation - Baltur\",\"isPartOf\":{\"@id\":\"https:\/\/www.baltur.com\/intl\/fr\/#website\"},\"datePublished\":\"2024-04-17T14:13:48+00:00\",\"dateModified\":\"2024-09-02T11:21:15+00:00\",\"breadcrumb\":{\"@id\":\"https:\/\/www.baltur.com\/intl\/fr\/recherche-et-innovation\/#breadcrumb\"},\"inLanguage\":\"fr-FR\",\"potentialAction\":[{\"@type\":\"ReadAction\",\"target\":[\"https:\/\/www.baltur.com\/intl\/fr\/recherche-et-innovation\/\"]}]},{\"@type\":\"BreadcrumbList\",\"@id\":\"https:\/\/www.baltur.com\/intl\/fr\/recherche-et-innovation\/#breadcrumb\",\"itemListElement\":[{\"@type\":\"ListItem\",\"position\":1,\"name\":\"Home\",\"item\":\"https:\/\/www.baltur.com\/intl\/fr\/\"},{\"@type\":\"ListItem\",\"position\":2,\"name\":\"Recherche et Innovation\"}]},{\"@type\":\"WebSite\",\"@id\":\"https:\/\/www.baltur.com\/intl\/fr\/#website\",\"url\":\"https:\/\/www.baltur.com\/intl\/fr\/\",\"name\":\"Baltur\",\"description\":\"\",\"publisher\":{\"@id\":\"https:\/\/www.baltur.com\/intl\/fr\/#organization\"},\"potentialAction\":[{\"@type\":\"SearchAction\",\"target\":{\"@type\":\"EntryPoint\",\"urlTemplate\":\"https:\/\/www.baltur.com\/intl\/fr\/?s={search_term_string}\"},\"query-input\":{\"@type\":\"PropertyValueSpecification\",\"valueRequired\":true,\"valueName\":\"search_term_string\"}}],\"inLanguage\":\"fr-FR\"},{\"@type\":\"Organization\",\"@id\":\"https:\/\/www.baltur.com\/intl\/fr\/#organization\",\"name\":\"Baltur\",\"url\":\"https:\/\/www.baltur.com\/intl\/fr\/\",\"logo\":{\"@type\":\"ImageObject\",\"inLanguage\":\"fr-FR\",\"@id\":\"https:\/\/www.baltur.com\/intl\/fr\/#\/schema\/logo\/image\/\",\"url\":\"https:\/\/www.baltur.com\/intl\/wp-content\/uploads\/2024\/05\/baltur_logo_white.png\",\"contentUrl\":\"https:\/\/www.baltur.com\/intl\/wp-content\/uploads\/2024\/05\/baltur_logo_white.png\",\"width\":209,\"height\":85,\"caption\":\"Baltur\"},\"image\":{\"@id\":\"https:\/\/www.baltur.com\/intl\/fr\/#\/schema\/logo\/image\/\"},\"sameAs\":[\"https:\/\/www.facebook.com\/BalturSpa\"]}]}<\/script>","yoast_head_json":{"title":"Recherche et Innovation - Baltur","robots":{"index":"index","follow":"follow","max-snippet":"max-snippet:-1","max-image-preview":"max-image-preview:large","max-video-preview":"max-video-preview:-1"},"canonical":"https:\/\/www.baltur.com\/intl\/fr\/recherche-et-innovation\/","og_locale":"fr_FR","og_type":"article","og_title":"Recherche et Innovation - Baltur","og_description":"[vc_row][vc_column offset=&#8221;vc_hidden-xs&#8221;][\/vc_column][\/vc_row][vc_row el_class=&#8221;pt-std pb-std&#8221;][vc_column][vc_column_text css=&#8221;&#8221;] Technologie. Test de laboratoire. Formation. [\/vc_column_text][vc_column_text css=&#8221;&#8221;] Voici les trois moteurs de notre mission, ce dans quoi nous investissons chaque jour pour r\u00e9aliser notre vision\u00a0: Technologie, Tests en laboratoire, Formation, afin d&#8217;offrir des produits-services qui font la diff\u00e9rence, en cr\u00e9ant de la valeur pour nos clients. [\/vc_column_text][\/vc_column][\/vc_row][vc_row el_class=&#8221;mb-big&#8221;][vc_column][\/vc_column][\/vc_row][vc_row full_width=&#8221;stretch_row_content&#8221; equal_height=&#8221;yes&#8221; [&hellip;]","og_url":"https:\/\/www.baltur.com\/intl\/fr\/recherche-et-innovation\/","og_site_name":"Baltur","article_publisher":"https:\/\/www.facebook.com\/BalturSpa","article_modified_time":"2024-09-02T11:21:15+00:00","twitter_card":"summary_large_image","twitter_misc":{"Dur\u00e9e de lecture estim\u00e9e":"4 minutes"},"schema":{"@context":"https:\/\/schema.org","@graph":[{"@type":"WebPage","@id":"https:\/\/www.baltur.com\/intl\/fr\/recherche-et-innovation\/","url":"https:\/\/www.baltur.com\/intl\/fr\/recherche-et-innovation\/","name":"Recherche et Innovation - Baltur","isPartOf":{"@id":"https:\/\/www.baltur.com\/intl\/fr\/#website"},"datePublished":"2024-04-17T14:13:48+00:00","dateModified":"2024-09-02T11:21:15+00:00","breadcrumb":{"@id":"https:\/\/www.baltur.com\/intl\/fr\/recherche-et-innovation\/#breadcrumb"},"inLanguage":"fr-FR","potentialAction":[{"@type":"ReadAction","target":["https:\/\/www.baltur.com\/intl\/fr\/recherche-et-innovation\/"]}]},{"@type":"BreadcrumbList","@id":"https:\/\/www.baltur.com\/intl\/fr\/recherche-et-innovation\/#breadcrumb","itemListElement":[{"@type":"ListItem","position":1,"name":"Home","item":"https:\/\/www.baltur.com\/intl\/fr\/"},{"@type":"ListItem","position":2,"name":"Recherche et Innovation"}]},{"@type":"WebSite","@id":"https:\/\/www.baltur.com\/intl\/fr\/#website","url":"https:\/\/www.baltur.com\/intl\/fr\/","name":"Baltur","description":"","publisher":{"@id":"https:\/\/www.baltur.com\/intl\/fr\/#organization"},"potentialAction":[{"@type":"SearchAction","target":{"@type":"EntryPoint","urlTemplate":"https:\/\/www.baltur.com\/intl\/fr\/?s={search_term_string}"},"query-input":{"@type":"PropertyValueSpecification","valueRequired":true,"valueName":"search_term_string"}}],"inLanguage":"fr-FR"},{"@type":"Organization","@id":"https:\/\/www.baltur.com\/intl\/fr\/#organization","name":"Baltur","url":"https:\/\/www.baltur.com\/intl\/fr\/","logo":{"@type":"ImageObject","inLanguage":"fr-FR","@id":"https:\/\/www.baltur.com\/intl\/fr\/#\/schema\/logo\/image\/","url":"https:\/\/www.baltur.com\/intl\/wp-content\/uploads\/2024\/05\/baltur_logo_white.png","contentUrl":"https:\/\/www.baltur.com\/intl\/wp-content\/uploads\/2024\/05\/baltur_logo_white.png","width":209,"height":85,"caption":"Baltur"},"image":{"@id":"https:\/\/www.baltur.com\/intl\/fr\/#\/schema\/logo\/image\/"},"sameAs":["https:\/\/www.facebook.com\/BalturSpa"]}]}},"_links":{"self":[{"href":"https:\/\/www.baltur.com\/intl\/fr\/wp-json\/wp\/v2\/pages\/2197"}],"collection":[{"href":"https:\/\/www.baltur.com\/intl\/fr\/wp-json\/wp\/v2\/pages"}],"about":[{"href":"https:\/\/www.baltur.com\/intl\/fr\/wp-json\/wp\/v2\/types\/page"}],"author":[{"embeddable":true,"href":"https:\/\/www.baltur.com\/intl\/fr\/wp-json\/wp\/v2\/users\/1"}],"replies":[{"embeddable":true,"href":"https:\/\/www.baltur.com\/intl\/fr\/wp-json\/wp\/v2\/comments?post=2197"}],"version-history":[{"count":7,"href":"https:\/\/www.baltur.com\/intl\/fr\/wp-json\/wp\/v2\/pages\/2197\/revisions"}],"predecessor-version":[{"id":7083,"href":"https:\/\/www.baltur.com\/intl\/fr\/wp-json\/wp\/v2\/pages\/2197\/revisions\/7083"}],"wp:attachment":[{"href":"https:\/\/www.baltur.com\/intl\/fr\/wp-json\/wp\/v2\/media?parent=2197"}],"curies":[{"name":"wp","href":"https:\/\/api.w.org\/{rel}","templated":true}]}}