{"id":2220,"date":"2024-05-12T21:03:14","date_gmt":"2024-05-12T19:03:14","guid":{"rendered":"https:\/\/www2.baltur.com\/intl\/?page_id=2220"},"modified":"2024-12-03T11:50:16","modified_gmt":"2024-12-03T10:50:16","slug":"prestations-de-service","status":"publish","type":"page","link":"https:\/\/www.baltur.com\/intl\/fr\/prestations-de-service\/","title":{"rendered":"Prestations de service"},"content":{"rendered":"<div class=\"wpb-content-wrapper\"><p>[vc_row][vc_column el_class=&#8221;py-big&#8221;][vc_column_text css=&#8221;.vc_custom_1717248634415{margin-bottom: 0px !important;}&#8221;]<\/p>\n<h1 style=\"text-align: center;\"><strong>Un monde de services<\/strong><\/h1>\n<p>[\/vc_column_text][\/vc_column][\/vc_row][vc_row full_width=&#8221;stretch_row_content&#8221; equal_height=&#8221;yes&#8221; el_class=&#8221;background-lighter-gray&#8221;][vc_column width=&#8221;1\/3&#8243; el_class=&#8221;ratio-1to1 wpb-height-100&#8243; css=&#8221;.vc_custom_1715539914857{padding-right: 0px !important;padding-left: 0px !important;}&#8221;][vc_single_image image=&#8221;155&#8243; img_size=&#8221;full&#8221; css=&#8221;.vc_custom_1715554286732{margin-bottom: 0px !important;}&#8221; el_class=&#8221;wpb-image-cover&#8221;][\/vc_column][vc_column width=&#8221;2\/3&#8243; el_class=&#8221;wpb-height-100 wpb-align-items-center wpb-padding-big align-items-center&#8221;][vc_column_text css=&#8221;&#8221;]<\/p>\n<h2><strong>Baltur<\/strong><\/h2>\n<h2><span class=\"font-weight-light\">Attention maximale<br \/>\nenvers le client<\/span><\/h2>\n<p>[\/vc_column_text][vc_column_text css=&#8221;&#8221;]Baltur consid\u00e8re le service client comme une partie int\u00e9grante du produit\u00a0: \u00e0 travers le service avant-vente et apr\u00e8s-vente, elle fournit des solutions, de l&#8217;assistance et de la formation.[\/vc_column_text][\/vc_column][\/vc_row][vc_row el_class=&#8221;mt-big&#8221;][vc_column width=&#8221;1\/3&#8243; el_class=&#8221;mb-std&#8221;][vc_single_image image=&#8221;1659&#8243; img_size=&#8221;full&#8221; alignment=&#8221;center&#8221; style=&#8221;baltur-ratio1to1-rounded-gray&#8221; css=&#8221;&#8221;][vc_column_text css=&#8221;&#8221;]<\/p>\n<h3 style=\"text-align: center;\"><strong>Formation<\/strong><\/h3>\n<p>[\/vc_column_text][vc_column_text css=&#8221;&#8221;]Baltur Academy propose des cours pour les concepteurs, les installateurs et le personnel d&#8217;entretien.[\/vc_column_text][vc_btn title=&#8221;En savoir plus&#8221; align=&#8221;center&#8221; css=&#8221;&#8221; link=&#8221;url:https%3A%2F%2Fwww.baltur.com%2Fintl%2Ffr%2Frecherche-et-innovation%2F|title:Recherche%20et%20Innovation&#8221;][\/vc_column][vc_column width=&#8221;1\/3&#8243; el_class=&#8221;mb-std&#8221;][vc_single_image image=&#8221;1660&#8243; img_size=&#8221;full&#8221; alignment=&#8221;center&#8221; style=&#8221;baltur-ratio1to1-rounded-gray&#8221; css=&#8221;&#8221;][vc_column_text css=&#8221;&#8221;]<\/p>\n<h3 style=\"text-align: center;\"><strong>Documentation<\/strong><\/h3>\n<p>[\/vc_column_text][vc_column_text css=&#8221;&#8221;]Espace d\u00e9di\u00e9 au t\u00e9l\u00e9chargement de la documentation sur les produits.[\/vc_column_text][vc_btn title=&#8221;En savoir plus&#8221; align=&#8221;center&#8221; css=&#8221;&#8221; link=&#8221;url:https%3A%2F%2Fwww.baltur.com%2Fintl%2Ffr%2Fdocumentation-produit%2F|title:Documentation%20produit&#8221;][\/vc_column][vc_column width=&#8221;1\/3&#8243; el_class=&#8221;mb-std&#8221;][vc_single_image image=&#8221;1661&#8243; img_size=&#8221;full&#8221; alignment=&#8221;center&#8221; style=&#8221;baltur-ratio1to1-rounded-gray&#8221; css=&#8221;&#8221;][vc_column_text css=&#8221;&#8221;]<\/p>\n<h3 style=\"text-align: center;\"><strong>R\u00e9seau de vente<\/strong><\/h3>\n<p>[\/vc_column_text][vc_column_text css=&#8221;&#8221;]Un vaste r\u00e9seau de vente en Italie et dans le monde.[\/vc_column_text][vc_btn title=&#8221;En savoir plus&#8221; align=&#8221;center&#8221; css=&#8221;&#8221; link=&#8221;url:https%3A%2F%2Fwww.baltur.com%2Fintl%2Ffr%2Freseau-commercial%2F|title:R%C3%A9seau%20commercial&#8221;][\/vc_column][\/vc_row][vc_row][vc_column width=&#8221;1\/3&#8243; el_class=&#8221;mb-std&#8221;][vc_single_image image=&#8221;1662&#8243; img_size=&#8221;full&#8221; alignment=&#8221;center&#8221; style=&#8221;baltur-ratio1to1-rounded-gray&#8221; css=&#8221;&#8221;][vc_column_text css=&#8221;&#8221;]<\/p>\n<h3 style=\"text-align: center;\"><strong>R\u00e9seau d&#8217;assistance<\/strong><\/h3>\n<p>[\/vc_column_text][vc_column_text css=&#8221;&#8221;]Le centre d&#8217;assistance technique Baltur est un point de r\u00e9f\u00e9rence pour le client, pr\u00e9sent sur tout le territoire[\/vc_column_text][vc_btn title=&#8221;En savoir plus&#8221; align=&#8221;center&#8221; css=&#8221;&#8221; link=&#8221;url:%2Fintl%2Ffr%2Freseau-commercial%2F|title:R%C3%A9seau%20de%20support%20client&#8221;][\/vc_column][vc_column width=&#8221;1\/3&#8243; el_class=&#8221;mb-std&#8221;][vc_single_image image=&#8221;1663&#8243; img_size=&#8221;full&#8221; alignment=&#8221;center&#8221; style=&#8221;baltur-ratio1to1-rounded-gray&#8221; css=&#8221;&#8221;][vc_column_text css=&#8221;&#8221;]<\/p>\n<h3 style=\"text-align: center;\"><strong>Service client<\/strong><\/h3>\n<p>[\/vc_column_text][vc_column_text css=&#8221;&#8221;]Le service client de Baltur est toujours disponible en cas de rapports et de demandes.[\/vc_column_text][vc_btn title=&#8221;En savoir plus&#8221; align=&#8221;center&#8221; css=&#8221;&#8221; link=&#8221;url:https%3A%2F%2Fwww.baltur.com%2Fintl%2Ffr%2Fcomplaints%2F|title:Plaintes&#8221;][\/vc_column][vc_column width=&#8221;1\/3&#8243; el_class=&#8221;mb-std&#8221;][\/vc_column][\/vc_row]<\/p>\n<\/div>","protected":false},"excerpt":{"rendered":"<p>[vc_row][vc_column el_class=&#8221;py-big&#8221;][vc_column_text css=&#8221;.vc_custom_1717248634415{margin-bottom: 0px !important;}&#8221;] Un monde de services [\/vc_column_text][\/vc_column][\/vc_row][vc_row full_width=&#8221;stretch_row_content&#8221; equal_height=&#8221;yes&#8221; el_class=&#8221;background-lighter-gray&#8221;][vc_column width=&#8221;1\/3&#8243; el_class=&#8221;ratio-1to1 wpb-height-100&#8243; css=&#8221;.vc_custom_1715539914857{padding-right: 0px !important;padding-left: 0px !important;}&#8221;][vc_single_image image=&#8221;155&#8243; img_size=&#8221;full&#8221; css=&#8221;.vc_custom_1715554286732{margin-bottom: 0px !important;}&#8221; el_class=&#8221;wpb-image-cover&#8221;][\/vc_column][vc_column width=&#8221;2\/3&#8243; el_class=&#8221;wpb-height-100 wpb-align-items-center wpb-padding-big align-items-center&#8221;][vc_column_text css=&#8221;&#8221;] Baltur Attention maximale envers le client [\/vc_column_text][vc_column_text css=&#8221;&#8221;]Baltur consid\u00e8re le service client comme une partie int\u00e9grante du produit\u00a0: \u00e0 travers le service [&hellip;]<\/p>\n","protected":false},"author":1,"featured_media":0,"parent":0,"menu_order":0,"comment_status":"closed","ping_status":"closed","template":"","meta":{"_acf_changed":false,"footnotes":""},"class_list":["post-2220","page","type-page","status-publish","hentry"],"acf":[],"yoast_head":"<title>Prestations de service - Baltur<\/title>\n<meta name=\"robots\" content=\"index, follow, max-snippet:-1, max-image-preview:large, max-video-preview:-1\" \/>\n<link rel=\"canonical\" href=\"https:\/\/www.baltur.com\/intl\/fr\/prestations-de-service\/\" \/>\n<meta property=\"og:locale\" content=\"fr_FR\" \/>\n<meta property=\"og:type\" content=\"article\" \/>\n<meta property=\"og:title\" content=\"Prestations de service - Baltur\" \/>\n<meta property=\"og:description\" content=\"[vc_row][vc_column el_class=&#8221;py-big&#8221;][vc_column_text css=&#8221;.vc_custom_1717248634415{margin-bottom: 0px !important;}&#8221;] Un monde de services [\/vc_column_text][\/vc_column][\/vc_row][vc_row full_width=&#8221;stretch_row_content&#8221; equal_height=&#8221;yes&#8221; el_class=&#8221;background-lighter-gray&#8221;][vc_column width=&#8221;1\/3&#8243; el_class=&#8221;ratio-1to1 wpb-height-100&#8243; css=&#8221;.vc_custom_1715539914857{padding-right: 0px !important;padding-left: 0px !important;}&#8221;][vc_single_image image=&#8221;155&#8243; img_size=&#8221;full&#8221; css=&#8221;.vc_custom_1715554286732{margin-bottom: 0px !important;}&#8221; el_class=&#8221;wpb-image-cover&#8221;][\/vc_column][vc_column width=&#8221;2\/3&#8243; el_class=&#8221;wpb-height-100 wpb-align-items-center wpb-padding-big align-items-center&#8221;][vc_column_text css=&#8221;&#8221;] Baltur Attention maximale envers le client [\/vc_column_text][vc_column_text css=&#8221;&#8221;]Baltur consid\u00e8re le service client comme une partie int\u00e9grante du produit\u00a0: \u00e0 travers le service [&hellip;]\" \/>\n<meta property=\"og:url\" content=\"https:\/\/www.baltur.com\/intl\/fr\/prestations-de-service\/\" \/>\n<meta property=\"og:site_name\" content=\"Baltur\" \/>\n<meta property=\"article:publisher\" content=\"https:\/\/www.facebook.com\/BalturSpa\" \/>\n<meta property=\"article:modified_time\" content=\"2024-12-03T10:50:16+00:00\" \/>\n<meta name=\"twitter:card\" content=\"summary_large_image\" \/>\n<meta name=\"twitter:label1\" content=\"Dur\u00e9e de lecture estim\u00e9e\" \/>\n\t<meta name=\"twitter:data1\" content=\"1 minute\" \/>\n<script type=\"application\/ld+json\" class=\"yoast-schema-graph\">{\"@context\":\"https:\/\/schema.org\",\"@graph\":[{\"@type\":\"WebPage\",\"@id\":\"https:\/\/www.baltur.com\/intl\/fr\/prestations-de-service\/\",\"url\":\"https:\/\/www.baltur.com\/intl\/fr\/prestations-de-service\/\",\"name\":\"Prestations de service - Baltur\",\"isPartOf\":{\"@id\":\"https:\/\/www.baltur.com\/intl\/fr\/#website\"},\"datePublished\":\"2024-05-12T19:03:14+00:00\",\"dateModified\":\"2024-12-03T10:50:16+00:00\",\"breadcrumb\":{\"@id\":\"https:\/\/www.baltur.com\/intl\/fr\/prestations-de-service\/#breadcrumb\"},\"inLanguage\":\"fr-FR\",\"potentialAction\":[{\"@type\":\"ReadAction\",\"target\":[\"https:\/\/www.baltur.com\/intl\/fr\/prestations-de-service\/\"]}]},{\"@type\":\"BreadcrumbList\",\"@id\":\"https:\/\/www.baltur.com\/intl\/fr\/prestations-de-service\/#breadcrumb\",\"itemListElement\":[{\"@type\":\"ListItem\",\"position\":1,\"name\":\"Home\",\"item\":\"https:\/\/www.baltur.com\/intl\/fr\/\"},{\"@type\":\"ListItem\",\"position\":2,\"name\":\"Prestations de service\"}]},{\"@type\":\"WebSite\",\"@id\":\"https:\/\/www.baltur.com\/intl\/fr\/#website\",\"url\":\"https:\/\/www.baltur.com\/intl\/fr\/\",\"name\":\"Baltur\",\"description\":\"\",\"publisher\":{\"@id\":\"https:\/\/www.baltur.com\/intl\/fr\/#organization\"},\"potentialAction\":[{\"@type\":\"SearchAction\",\"target\":{\"@type\":\"EntryPoint\",\"urlTemplate\":\"https:\/\/www.baltur.com\/intl\/fr\/?s={search_term_string}\"},\"query-input\":{\"@type\":\"PropertyValueSpecification\",\"valueRequired\":true,\"valueName\":\"search_term_string\"}}],\"inLanguage\":\"fr-FR\"},{\"@type\":\"Organization\",\"@id\":\"https:\/\/www.baltur.com\/intl\/fr\/#organization\",\"name\":\"Baltur\",\"url\":\"https:\/\/www.baltur.com\/intl\/fr\/\",\"logo\":{\"@type\":\"ImageObject\",\"inLanguage\":\"fr-FR\",\"@id\":\"https:\/\/www.baltur.com\/intl\/fr\/#\/schema\/logo\/image\/\",\"url\":\"https:\/\/www.baltur.com\/intl\/wp-content\/uploads\/2024\/05\/baltur_logo_white.png\",\"contentUrl\":\"https:\/\/www.baltur.com\/intl\/wp-content\/uploads\/2024\/05\/baltur_logo_white.png\",\"width\":209,\"height\":85,\"caption\":\"Baltur\"},\"image\":{\"@id\":\"https:\/\/www.baltur.com\/intl\/fr\/#\/schema\/logo\/image\/\"},\"sameAs\":[\"https:\/\/www.facebook.com\/BalturSpa\"]}]}<\/script>","yoast_head_json":{"title":"Prestations de service - Baltur","robots":{"index":"index","follow":"follow","max-snippet":"max-snippet:-1","max-image-preview":"max-image-preview:large","max-video-preview":"max-video-preview:-1"},"canonical":"https:\/\/www.baltur.com\/intl\/fr\/prestations-de-service\/","og_locale":"fr_FR","og_type":"article","og_title":"Prestations de service - Baltur","og_description":"[vc_row][vc_column el_class=&#8221;py-big&#8221;][vc_column_text css=&#8221;.vc_custom_1717248634415{margin-bottom: 0px !important;}&#8221;] Un monde de services [\/vc_column_text][\/vc_column][\/vc_row][vc_row full_width=&#8221;stretch_row_content&#8221; equal_height=&#8221;yes&#8221; el_class=&#8221;background-lighter-gray&#8221;][vc_column width=&#8221;1\/3&#8243; el_class=&#8221;ratio-1to1 wpb-height-100&#8243; css=&#8221;.vc_custom_1715539914857{padding-right: 0px !important;padding-left: 0px !important;}&#8221;][vc_single_image image=&#8221;155&#8243; img_size=&#8221;full&#8221; css=&#8221;.vc_custom_1715554286732{margin-bottom: 0px !important;}&#8221; el_class=&#8221;wpb-image-cover&#8221;][\/vc_column][vc_column width=&#8221;2\/3&#8243; el_class=&#8221;wpb-height-100 wpb-align-items-center wpb-padding-big align-items-center&#8221;][vc_column_text css=&#8221;&#8221;] Baltur Attention maximale envers le client [\/vc_column_text][vc_column_text css=&#8221;&#8221;]Baltur consid\u00e8re le service client comme une partie int\u00e9grante du produit\u00a0: \u00e0 travers le service [&hellip;]","og_url":"https:\/\/www.baltur.com\/intl\/fr\/prestations-de-service\/","og_site_name":"Baltur","article_publisher":"https:\/\/www.facebook.com\/BalturSpa","article_modified_time":"2024-12-03T10:50:16+00:00","twitter_card":"summary_large_image","twitter_misc":{"Dur\u00e9e de lecture estim\u00e9e":"1 minute"},"schema":{"@context":"https:\/\/schema.org","@graph":[{"@type":"WebPage","@id":"https:\/\/www.baltur.com\/intl\/fr\/prestations-de-service\/","url":"https:\/\/www.baltur.com\/intl\/fr\/prestations-de-service\/","name":"Prestations de service - Baltur","isPartOf":{"@id":"https:\/\/www.baltur.com\/intl\/fr\/#website"},"datePublished":"2024-05-12T19:03:14+00:00","dateModified":"2024-12-03T10:50:16+00:00","breadcrumb":{"@id":"https:\/\/www.baltur.com\/intl\/fr\/prestations-de-service\/#breadcrumb"},"inLanguage":"fr-FR","potentialAction":[{"@type":"ReadAction","target":["https:\/\/www.baltur.com\/intl\/fr\/prestations-de-service\/"]}]},{"@type":"BreadcrumbList","@id":"https:\/\/www.baltur.com\/intl\/fr\/prestations-de-service\/#breadcrumb","itemListElement":[{"@type":"ListItem","position":1,"name":"Home","item":"https:\/\/www.baltur.com\/intl\/fr\/"},{"@type":"ListItem","position":2,"name":"Prestations de service"}]},{"@type":"WebSite","@id":"https:\/\/www.baltur.com\/intl\/fr\/#website","url":"https:\/\/www.baltur.com\/intl\/fr\/","name":"Baltur","description":"","publisher":{"@id":"https:\/\/www.baltur.com\/intl\/fr\/#organization"},"potentialAction":[{"@type":"SearchAction","target":{"@type":"EntryPoint","urlTemplate":"https:\/\/www.baltur.com\/intl\/fr\/?s={search_term_string}"},"query-input":{"@type":"PropertyValueSpecification","valueRequired":true,"valueName":"search_term_string"}}],"inLanguage":"fr-FR"},{"@type":"Organization","@id":"https:\/\/www.baltur.com\/intl\/fr\/#organization","name":"Baltur","url":"https:\/\/www.baltur.com\/intl\/fr\/","logo":{"@type":"ImageObject","inLanguage":"fr-FR","@id":"https:\/\/www.baltur.com\/intl\/fr\/#\/schema\/logo\/image\/","url":"https:\/\/www.baltur.com\/intl\/wp-content\/uploads\/2024\/05\/baltur_logo_white.png","contentUrl":"https:\/\/www.baltur.com\/intl\/wp-content\/uploads\/2024\/05\/baltur_logo_white.png","width":209,"height":85,"caption":"Baltur"},"image":{"@id":"https:\/\/www.baltur.com\/intl\/fr\/#\/schema\/logo\/image\/"},"sameAs":["https:\/\/www.facebook.com\/BalturSpa"]}]}},"_links":{"self":[{"href":"https:\/\/www.baltur.com\/intl\/fr\/wp-json\/wp\/v2\/pages\/2220"}],"collection":[{"href":"https:\/\/www.baltur.com\/intl\/fr\/wp-json\/wp\/v2\/pages"}],"about":[{"href":"https:\/\/www.baltur.com\/intl\/fr\/wp-json\/wp\/v2\/types\/page"}],"author":[{"embeddable":true,"href":"https:\/\/www.baltur.com\/intl\/fr\/wp-json\/wp\/v2\/users\/1"}],"replies":[{"embeddable":true,"href":"https:\/\/www.baltur.com\/intl\/fr\/wp-json\/wp\/v2\/comments?post=2220"}],"version-history":[{"count":8,"href":"https:\/\/www.baltur.com\/intl\/fr\/wp-json\/wp\/v2\/pages\/2220\/revisions"}],"predecessor-version":[{"id":7513,"href":"https:\/\/www.baltur.com\/intl\/fr\/wp-json\/wp\/v2\/pages\/2220\/revisions\/7513"}],"wp:attachment":[{"href":"https:\/\/www.baltur.com\/intl\/fr\/wp-json\/wp\/v2\/media?parent=2220"}],"curies":[{"name":"wp","href":"https:\/\/api.w.org\/{rel}","templated":true}]}}