{"id":5896,"date":"2024-08-01T15:05:09","date_gmt":"2024-08-01T13:05:09","guid":{"rendered":"https:\/\/www2.baltur.com\/intl\/?page_id=5896"},"modified":"2024-08-20T09:51:04","modified_gmt":"2024-08-20T07:51:04","slug":"baltur-academy","status":"publish","type":"page","link":"https:\/\/www.baltur.com\/intl\/fr\/baltur-academy\/","title":{"rendered":"Baltur Academy"},"content":{"rendered":"<div class=\"wpb-content-wrapper\"><p>[vc_row el_class=&#8221;py-std&#8221;][vc_column][vc_column_text css=&#8221;&#8221;]<\/p>\n<h1 style=\"text-align: center;\"><strong>Baltur Academy<\/strong><\/h1>\n<p>[\/vc_column_text][\/vc_column][\/vc_row][vc_row full_width=&#8221;stretch_row_content&#8221; equal_height=&#8221;yes&#8221; el_class=&#8221;background-lighter-gray&#8221;][vc_column width=&#8221;1\/3&#8243; el_class=&#8221;ratio-1to1 wpb-height-100&#8243; css=&#8221;.vc_custom_1715539914857{padding-right: 0px !important;padding-left: 0px !important;}&#8221;][vc_single_image image=&#8221;5822&#8243; img_size=&#8221;full&#8221; css=&#8221;.vc_custom_1722517484938{margin-bottom: 0px !important;}&#8221; el_class=&#8221;wpb-image-cover&#8221;][\/vc_column][vc_column width=&#8221;2\/3&#8243; el_class=&#8221;wpb-height-100 wpb-align-items-center wpb-padding-big align-items-center&#8221;][vc_column_text css=&#8221;&#8221;]Destin\u00e9s au r\u00e9seau de vente et d&#8217;assistance de Baltur, les cours dispens\u00e9s dans notre Academy ont pour objectif de fournir aux participants des connaissances techniques sur les produits Baltur<\/p>\n<p>Les instructeurs sont les techniciens sp\u00e9cialis\u00e9s quotidiennement en contact avec le r\u00e9seau d&#8217;assistance.<br \/>\nIl s&#8217;agit l\u00e0 d&#8217;une valeur ajout\u00e9e de la formation Baltur, qui acquiert ainsi une fonction de rencontre et d&#8217;\u00e9change, indispensable dans la relation entre l&#8217;entreprise et le r\u00e9seau\u00a0; l&#8217;assistance transmet ses connaissances et son savoir-faire, et le r\u00e9seau apporte \u00e0 Baltur les id\u00e9es, les demandes et les rapports \u00e9manant du march\u00e9.<br \/>\nLes tests pratiques permettent aux participants de s&#8217;exercer directement sur le produit, en se familiarisant avec tous les aspects techniques et en acqu\u00e9rant une comp\u00e9tence maximale.<\/p>\n<p>Il ne faut pas oublier que les cours sont indispensables pour obtenir les qualifications n\u00e9cessaires pour travailler sur les diff\u00e9rents types de produits.[\/vc_column_text][\/vc_column][\/vc_row]<\/p>\n<\/div>","protected":false},"excerpt":{"rendered":"<p>[vc_row el_class=&#8221;py-std&#8221;][vc_column][vc_column_text css=&#8221;&#8221;] Baltur Academy [\/vc_column_text][\/vc_column][\/vc_row][vc_row full_width=&#8221;stretch_row_content&#8221; equal_height=&#8221;yes&#8221; el_class=&#8221;background-lighter-gray&#8221;][vc_column width=&#8221;1\/3&#8243; el_class=&#8221;ratio-1to1 wpb-height-100&#8243; css=&#8221;.vc_custom_1715539914857{padding-right: 0px !important;padding-left: 0px !important;}&#8221;][vc_single_image image=&#8221;5822&#8243; img_size=&#8221;full&#8221; css=&#8221;.vc_custom_1722517484938{margin-bottom: 0px !important;}&#8221; el_class=&#8221;wpb-image-cover&#8221;][\/vc_column][vc_column width=&#8221;2\/3&#8243; el_class=&#8221;wpb-height-100 wpb-align-items-center wpb-padding-big align-items-center&#8221;][vc_column_text css=&#8221;&#8221;]Destin\u00e9s au r\u00e9seau de vente et d&#8217;assistance de Baltur, les cours dispens\u00e9s dans notre Academy ont pour objectif de fournir aux participants des connaissances techniques sur les [&hellip;]<\/p>\n","protected":false},"author":3,"featured_media":0,"parent":0,"menu_order":0,"comment_status":"closed","ping_status":"closed","template":"","meta":{"_acf_changed":false,"footnotes":""},"class_list":["post-5896","page","type-page","status-publish","hentry"],"acf":[],"yoast_head":"<title>Baltur Academy - Baltur<\/title>\n<meta name=\"robots\" content=\"index, follow, max-snippet:-1, max-image-preview:large, max-video-preview:-1\" \/>\n<link rel=\"canonical\" href=\"https:\/\/www.baltur.com\/intl\/fr\/baltur-academy\/\" \/>\n<meta property=\"og:locale\" content=\"fr_FR\" \/>\n<meta property=\"og:type\" content=\"article\" \/>\n<meta property=\"og:title\" content=\"Baltur Academy - Baltur\" \/>\n<meta property=\"og:description\" content=\"[vc_row el_class=&#8221;py-std&#8221;][vc_column][vc_column_text css=&#8221;&#8221;] Baltur Academy [\/vc_column_text][\/vc_column][\/vc_row][vc_row full_width=&#8221;stretch_row_content&#8221; equal_height=&#8221;yes&#8221; el_class=&#8221;background-lighter-gray&#8221;][vc_column width=&#8221;1\/3&#8243; el_class=&#8221;ratio-1to1 wpb-height-100&#8243; css=&#8221;.vc_custom_1715539914857{padding-right: 0px !important;padding-left: 0px !important;}&#8221;][vc_single_image image=&#8221;5822&#8243; img_size=&#8221;full&#8221; css=&#8221;.vc_custom_1722517484938{margin-bottom: 0px !important;}&#8221; el_class=&#8221;wpb-image-cover&#8221;][\/vc_column][vc_column width=&#8221;2\/3&#8243; el_class=&#8221;wpb-height-100 wpb-align-items-center wpb-padding-big align-items-center&#8221;][vc_column_text css=&#8221;&#8221;]Destin\u00e9s au r\u00e9seau de vente et d&#8217;assistance de Baltur, les cours dispens\u00e9s dans notre Academy ont pour objectif de fournir aux participants des connaissances techniques sur les [&hellip;]\" \/>\n<meta property=\"og:url\" content=\"https:\/\/www.baltur.com\/intl\/fr\/baltur-academy\/\" \/>\n<meta property=\"og:site_name\" content=\"Baltur\" \/>\n<meta property=\"article:publisher\" content=\"https:\/\/www.facebook.com\/BalturSpa\" \/>\n<meta property=\"article:modified_time\" content=\"2024-08-20T07:51:04+00:00\" \/>\n<meta name=\"twitter:card\" content=\"summary_large_image\" \/>\n<meta name=\"twitter:label1\" content=\"Dur\u00e9e de lecture estim\u00e9e\" \/>\n\t<meta name=\"twitter:data1\" content=\"1 minute\" \/>\n<script type=\"application\/ld+json\" class=\"yoast-schema-graph\">{\"@context\":\"https:\/\/schema.org\",\"@graph\":[{\"@type\":\"WebPage\",\"@id\":\"https:\/\/www.baltur.com\/intl\/fr\/baltur-academy\/\",\"url\":\"https:\/\/www.baltur.com\/intl\/fr\/baltur-academy\/\",\"name\":\"Baltur Academy - Baltur\",\"isPartOf\":{\"@id\":\"https:\/\/www.baltur.com\/intl\/fr\/#website\"},\"datePublished\":\"2024-08-01T13:05:09+00:00\",\"dateModified\":\"2024-08-20T07:51:04+00:00\",\"breadcrumb\":{\"@id\":\"https:\/\/www.baltur.com\/intl\/fr\/baltur-academy\/#breadcrumb\"},\"inLanguage\":\"fr-FR\",\"potentialAction\":[{\"@type\":\"ReadAction\",\"target\":[\"https:\/\/www.baltur.com\/intl\/fr\/baltur-academy\/\"]}]},{\"@type\":\"BreadcrumbList\",\"@id\":\"https:\/\/www.baltur.com\/intl\/fr\/baltur-academy\/#breadcrumb\",\"itemListElement\":[{\"@type\":\"ListItem\",\"position\":1,\"name\":\"Home\",\"item\":\"https:\/\/www.baltur.com\/intl\/fr\/\"},{\"@type\":\"ListItem\",\"position\":2,\"name\":\"Baltur Academy\"}]},{\"@type\":\"WebSite\",\"@id\":\"https:\/\/www.baltur.com\/intl\/fr\/#website\",\"url\":\"https:\/\/www.baltur.com\/intl\/fr\/\",\"name\":\"Baltur\",\"description\":\"\",\"publisher\":{\"@id\":\"https:\/\/www.baltur.com\/intl\/fr\/#organization\"},\"potentialAction\":[{\"@type\":\"SearchAction\",\"target\":{\"@type\":\"EntryPoint\",\"urlTemplate\":\"https:\/\/www.baltur.com\/intl\/fr\/?s={search_term_string}\"},\"query-input\":{\"@type\":\"PropertyValueSpecification\",\"valueRequired\":true,\"valueName\":\"search_term_string\"}}],\"inLanguage\":\"fr-FR\"},{\"@type\":\"Organization\",\"@id\":\"https:\/\/www.baltur.com\/intl\/fr\/#organization\",\"name\":\"Baltur\",\"url\":\"https:\/\/www.baltur.com\/intl\/fr\/\",\"logo\":{\"@type\":\"ImageObject\",\"inLanguage\":\"fr-FR\",\"@id\":\"https:\/\/www.baltur.com\/intl\/fr\/#\/schema\/logo\/image\/\",\"url\":\"https:\/\/www.baltur.com\/intl\/wp-content\/uploads\/2024\/05\/baltur_logo_white.png\",\"contentUrl\":\"https:\/\/www.baltur.com\/intl\/wp-content\/uploads\/2024\/05\/baltur_logo_white.png\",\"width\":209,\"height\":85,\"caption\":\"Baltur\"},\"image\":{\"@id\":\"https:\/\/www.baltur.com\/intl\/fr\/#\/schema\/logo\/image\/\"},\"sameAs\":[\"https:\/\/www.facebook.com\/BalturSpa\"]}]}<\/script>","yoast_head_json":{"title":"Baltur Academy - Baltur","robots":{"index":"index","follow":"follow","max-snippet":"max-snippet:-1","max-image-preview":"max-image-preview:large","max-video-preview":"max-video-preview:-1"},"canonical":"https:\/\/www.baltur.com\/intl\/fr\/baltur-academy\/","og_locale":"fr_FR","og_type":"article","og_title":"Baltur Academy - Baltur","og_description":"[vc_row el_class=&#8221;py-std&#8221;][vc_column][vc_column_text css=&#8221;&#8221;] Baltur Academy [\/vc_column_text][\/vc_column][\/vc_row][vc_row full_width=&#8221;stretch_row_content&#8221; equal_height=&#8221;yes&#8221; el_class=&#8221;background-lighter-gray&#8221;][vc_column width=&#8221;1\/3&#8243; el_class=&#8221;ratio-1to1 wpb-height-100&#8243; css=&#8221;.vc_custom_1715539914857{padding-right: 0px !important;padding-left: 0px !important;}&#8221;][vc_single_image image=&#8221;5822&#8243; img_size=&#8221;full&#8221; css=&#8221;.vc_custom_1722517484938{margin-bottom: 0px !important;}&#8221; el_class=&#8221;wpb-image-cover&#8221;][\/vc_column][vc_column width=&#8221;2\/3&#8243; el_class=&#8221;wpb-height-100 wpb-align-items-center wpb-padding-big align-items-center&#8221;][vc_column_text css=&#8221;&#8221;]Destin\u00e9s au r\u00e9seau de vente et d&#8217;assistance de Baltur, les cours dispens\u00e9s dans notre Academy ont pour objectif de fournir aux participants des connaissances techniques sur les [&hellip;]","og_url":"https:\/\/www.baltur.com\/intl\/fr\/baltur-academy\/","og_site_name":"Baltur","article_publisher":"https:\/\/www.facebook.com\/BalturSpa","article_modified_time":"2024-08-20T07:51:04+00:00","twitter_card":"summary_large_image","twitter_misc":{"Dur\u00e9e de lecture estim\u00e9e":"1 minute"},"schema":{"@context":"https:\/\/schema.org","@graph":[{"@type":"WebPage","@id":"https:\/\/www.baltur.com\/intl\/fr\/baltur-academy\/","url":"https:\/\/www.baltur.com\/intl\/fr\/baltur-academy\/","name":"Baltur Academy - Baltur","isPartOf":{"@id":"https:\/\/www.baltur.com\/intl\/fr\/#website"},"datePublished":"2024-08-01T13:05:09+00:00","dateModified":"2024-08-20T07:51:04+00:00","breadcrumb":{"@id":"https:\/\/www.baltur.com\/intl\/fr\/baltur-academy\/#breadcrumb"},"inLanguage":"fr-FR","potentialAction":[{"@type":"ReadAction","target":["https:\/\/www.baltur.com\/intl\/fr\/baltur-academy\/"]}]},{"@type":"BreadcrumbList","@id":"https:\/\/www.baltur.com\/intl\/fr\/baltur-academy\/#breadcrumb","itemListElement":[{"@type":"ListItem","position":1,"name":"Home","item":"https:\/\/www.baltur.com\/intl\/fr\/"},{"@type":"ListItem","position":2,"name":"Baltur Academy"}]},{"@type":"WebSite","@id":"https:\/\/www.baltur.com\/intl\/fr\/#website","url":"https:\/\/www.baltur.com\/intl\/fr\/","name":"Baltur","description":"","publisher":{"@id":"https:\/\/www.baltur.com\/intl\/fr\/#organization"},"potentialAction":[{"@type":"SearchAction","target":{"@type":"EntryPoint","urlTemplate":"https:\/\/www.baltur.com\/intl\/fr\/?s={search_term_string}"},"query-input":{"@type":"PropertyValueSpecification","valueRequired":true,"valueName":"search_term_string"}}],"inLanguage":"fr-FR"},{"@type":"Organization","@id":"https:\/\/www.baltur.com\/intl\/fr\/#organization","name":"Baltur","url":"https:\/\/www.baltur.com\/intl\/fr\/","logo":{"@type":"ImageObject","inLanguage":"fr-FR","@id":"https:\/\/www.baltur.com\/intl\/fr\/#\/schema\/logo\/image\/","url":"https:\/\/www.baltur.com\/intl\/wp-content\/uploads\/2024\/05\/baltur_logo_white.png","contentUrl":"https:\/\/www.baltur.com\/intl\/wp-content\/uploads\/2024\/05\/baltur_logo_white.png","width":209,"height":85,"caption":"Baltur"},"image":{"@id":"https:\/\/www.baltur.com\/intl\/fr\/#\/schema\/logo\/image\/"},"sameAs":["https:\/\/www.facebook.com\/BalturSpa"]}]}},"_links":{"self":[{"href":"https:\/\/www.baltur.com\/intl\/fr\/wp-json\/wp\/v2\/pages\/5896"}],"collection":[{"href":"https:\/\/www.baltur.com\/intl\/fr\/wp-json\/wp\/v2\/pages"}],"about":[{"href":"https:\/\/www.baltur.com\/intl\/fr\/wp-json\/wp\/v2\/types\/page"}],"author":[{"embeddable":true,"href":"https:\/\/www.baltur.com\/intl\/fr\/wp-json\/wp\/v2\/users\/3"}],"replies":[{"embeddable":true,"href":"https:\/\/www.baltur.com\/intl\/fr\/wp-json\/wp\/v2\/comments?post=5896"}],"version-history":[{"count":13,"href":"https:\/\/www.baltur.com\/intl\/fr\/wp-json\/wp\/v2\/pages\/5896\/revisions"}],"predecessor-version":[{"id":6280,"href":"https:\/\/www.baltur.com\/intl\/fr\/wp-json\/wp\/v2\/pages\/5896\/revisions\/6280"}],"wp:attachment":[{"href":"https:\/\/www.baltur.com\/intl\/fr\/wp-json\/wp\/v2\/media?parent=5896"}],"curies":[{"name":"wp","href":"https:\/\/api.w.org\/{rel}","templated":true}]}}