{"id":5943,"date":"2024-08-01T15:43:11","date_gmt":"2024-08-01T13:43:11","guid":{"rendered":"https:\/\/www2.baltur.com\/intl\/?page_id=5943"},"modified":"2024-08-20T09:57:17","modified_gmt":"2024-08-20T07:57:17","slug":"made-in-italy","status":"publish","type":"page","link":"https:\/\/www.baltur.com\/intl\/fr\/made-in-italy\/","title":{"rendered":"Made in Italy"},"content":{"rendered":"<div class=\"wpb-content-wrapper\"><p>[vc_row el_class=&#8221;py-std&#8221;][vc_column][vc_column_text css=&#8221;&#8221;]<\/p>\n<h1 style=\"text-align: center;\">Le Made in Italy<\/h1>\n<h1 style=\"text-align: center;\">est synonyme de passion, de qualit\u00e9, de technique et de design<\/h1>\n<p>[\/vc_column_text][\/vc_column][\/vc_row][vc_row full_width=&#8221;stretch_row_content&#8221; equal_height=&#8221;yes&#8221; el_class=&#8221;background-lighter-gray&#8221;][vc_column width=&#8221;1\/3&#8243; el_class=&#8221;ratio-1to1 wpb-height-100&#8243; css=&#8221;.vc_custom_1715539914857{padding-right: 0px !important;padding-left: 0px !important;}&#8221;][vc_single_image image=&#8221;5937&#8243; img_size=&#8221;full&#8221; css=&#8221;.vc_custom_1722518262008{margin-bottom: 0px !important;}&#8221; el_class=&#8221;wpb-image-cover&#8221;][\/vc_column][vc_column width=&#8221;2\/3&#8243; el_class=&#8221;wpb-height-100 wpb-align-items-center wpb-padding-big align-items-center&#8221;][vc_column_text css=&#8221;&#8221;]<\/p>\n<h2>En plus de s&#8217;occuper des aspects li\u00e9s \u00e0 l&#8217;efficacit\u00e9 \u00e9nerg\u00e9tique, \u00e0 la durabilit\u00e9 environnementale et aux \u00e9conomies pour le consommateur, Baltur a su apporter l&#8217;originalit\u00e9 du style italien \u00e0 ses solutions de syst\u00e8me.<\/h2>\n<p>&nbsp;<\/p>\n<p>Des produits fiables et performants, con\u00e7us et fabriqu\u00e9s en Italie avec les meilleures technologies et la plus grande attention aux d\u00e9tails.[\/vc_column_text][\/vc_column][\/vc_row]<\/p>\n<\/div>","protected":false},"excerpt":{"rendered":"<p>[vc_row el_class=&#8221;py-std&#8221;][vc_column][vc_column_text css=&#8221;&#8221;] Le Made in Italy est synonyme de passion, de qualit\u00e9, de technique et de design [\/vc_column_text][\/vc_column][\/vc_row][vc_row full_width=&#8221;stretch_row_content&#8221; equal_height=&#8221;yes&#8221; el_class=&#8221;background-lighter-gray&#8221;][vc_column width=&#8221;1\/3&#8243; el_class=&#8221;ratio-1to1 wpb-height-100&#8243; css=&#8221;.vc_custom_1715539914857{padding-right: 0px !important;padding-left: 0px !important;}&#8221;][vc_single_image image=&#8221;5937&#8243; img_size=&#8221;full&#8221; css=&#8221;.vc_custom_1722518262008{margin-bottom: 0px !important;}&#8221; el_class=&#8221;wpb-image-cover&#8221;][\/vc_column][vc_column width=&#8221;2\/3&#8243; el_class=&#8221;wpb-height-100 wpb-align-items-center wpb-padding-big align-items-center&#8221;][vc_column_text css=&#8221;&#8221;] En plus de s&#8217;occuper des aspects li\u00e9s \u00e0 l&#8217;efficacit\u00e9 \u00e9nerg\u00e9tique, \u00e0 la durabilit\u00e9 [&hellip;]<\/p>\n","protected":false},"author":3,"featured_media":0,"parent":0,"menu_order":0,"comment_status":"closed","ping_status":"closed","template":"","meta":{"_acf_changed":false,"footnotes":""},"class_list":["post-5943","page","type-page","status-publish","hentry"],"acf":[],"yoast_head":"<title>Made in Italy - Baltur<\/title>\n<meta name=\"robots\" content=\"index, follow, max-snippet:-1, max-image-preview:large, max-video-preview:-1\" \/>\n<link rel=\"canonical\" href=\"https:\/\/www.baltur.com\/intl\/fr\/made-in-italy\/\" \/>\n<meta property=\"og:locale\" content=\"fr_FR\" \/>\n<meta property=\"og:type\" content=\"article\" \/>\n<meta property=\"og:title\" content=\"Made in Italy - Baltur\" \/>\n<meta property=\"og:description\" content=\"[vc_row el_class=&#8221;py-std&#8221;][vc_column][vc_column_text css=&#8221;&#8221;] Le Made in Italy est synonyme de passion, de qualit\u00e9, de technique et de design [\/vc_column_text][\/vc_column][\/vc_row][vc_row full_width=&#8221;stretch_row_content&#8221; equal_height=&#8221;yes&#8221; el_class=&#8221;background-lighter-gray&#8221;][vc_column width=&#8221;1\/3&#8243; el_class=&#8221;ratio-1to1 wpb-height-100&#8243; css=&#8221;.vc_custom_1715539914857{padding-right: 0px !important;padding-left: 0px !important;}&#8221;][vc_single_image image=&#8221;5937&#8243; img_size=&#8221;full&#8221; css=&#8221;.vc_custom_1722518262008{margin-bottom: 0px !important;}&#8221; el_class=&#8221;wpb-image-cover&#8221;][\/vc_column][vc_column width=&#8221;2\/3&#8243; el_class=&#8221;wpb-height-100 wpb-align-items-center wpb-padding-big align-items-center&#8221;][vc_column_text css=&#8221;&#8221;] En plus de s&#8217;occuper des aspects li\u00e9s \u00e0 l&#8217;efficacit\u00e9 \u00e9nerg\u00e9tique, \u00e0 la durabilit\u00e9 [&hellip;]\" \/>\n<meta property=\"og:url\" content=\"https:\/\/www.baltur.com\/intl\/fr\/made-in-italy\/\" \/>\n<meta property=\"og:site_name\" content=\"Baltur\" \/>\n<meta property=\"article:publisher\" content=\"https:\/\/www.facebook.com\/BalturSpa\" \/>\n<meta property=\"article:modified_time\" content=\"2024-08-20T07:57:17+00:00\" \/>\n<meta name=\"twitter:card\" content=\"summary_large_image\" \/>\n<meta name=\"twitter:label1\" content=\"Dur\u00e9e de lecture estim\u00e9e\" \/>\n\t<meta name=\"twitter:data1\" content=\"1 minute\" \/>\n<script type=\"application\/ld+json\" class=\"yoast-schema-graph\">{\"@context\":\"https:\/\/schema.org\",\"@graph\":[{\"@type\":\"WebPage\",\"@id\":\"https:\/\/www.baltur.com\/intl\/fr\/made-in-italy\/\",\"url\":\"https:\/\/www.baltur.com\/intl\/fr\/made-in-italy\/\",\"name\":\"Made in Italy - Baltur\",\"isPartOf\":{\"@id\":\"https:\/\/www.baltur.com\/intl\/fr\/#website\"},\"datePublished\":\"2024-08-01T13:43:11+00:00\",\"dateModified\":\"2024-08-20T07:57:17+00:00\",\"breadcrumb\":{\"@id\":\"https:\/\/www.baltur.com\/intl\/fr\/made-in-italy\/#breadcrumb\"},\"inLanguage\":\"fr-FR\",\"potentialAction\":[{\"@type\":\"ReadAction\",\"target\":[\"https:\/\/www.baltur.com\/intl\/fr\/made-in-italy\/\"]}]},{\"@type\":\"BreadcrumbList\",\"@id\":\"https:\/\/www.baltur.com\/intl\/fr\/made-in-italy\/#breadcrumb\",\"itemListElement\":[{\"@type\":\"ListItem\",\"position\":1,\"name\":\"Home\",\"item\":\"https:\/\/www.baltur.com\/intl\/fr\/\"},{\"@type\":\"ListItem\",\"position\":2,\"name\":\"Made in Italy\"}]},{\"@type\":\"WebSite\",\"@id\":\"https:\/\/www.baltur.com\/intl\/fr\/#website\",\"url\":\"https:\/\/www.baltur.com\/intl\/fr\/\",\"name\":\"Baltur\",\"description\":\"\",\"publisher\":{\"@id\":\"https:\/\/www.baltur.com\/intl\/fr\/#organization\"},\"potentialAction\":[{\"@type\":\"SearchAction\",\"target\":{\"@type\":\"EntryPoint\",\"urlTemplate\":\"https:\/\/www.baltur.com\/intl\/fr\/?s={search_term_string}\"},\"query-input\":{\"@type\":\"PropertyValueSpecification\",\"valueRequired\":true,\"valueName\":\"search_term_string\"}}],\"inLanguage\":\"fr-FR\"},{\"@type\":\"Organization\",\"@id\":\"https:\/\/www.baltur.com\/intl\/fr\/#organization\",\"name\":\"Baltur\",\"url\":\"https:\/\/www.baltur.com\/intl\/fr\/\",\"logo\":{\"@type\":\"ImageObject\",\"inLanguage\":\"fr-FR\",\"@id\":\"https:\/\/www.baltur.com\/intl\/fr\/#\/schema\/logo\/image\/\",\"url\":\"https:\/\/www.baltur.com\/intl\/wp-content\/uploads\/2024\/05\/baltur_logo_white.png\",\"contentUrl\":\"https:\/\/www.baltur.com\/intl\/wp-content\/uploads\/2024\/05\/baltur_logo_white.png\",\"width\":209,\"height\":85,\"caption\":\"Baltur\"},\"image\":{\"@id\":\"https:\/\/www.baltur.com\/intl\/fr\/#\/schema\/logo\/image\/\"},\"sameAs\":[\"https:\/\/www.facebook.com\/BalturSpa\"]}]}<\/script>","yoast_head_json":{"title":"Made in Italy - Baltur","robots":{"index":"index","follow":"follow","max-snippet":"max-snippet:-1","max-image-preview":"max-image-preview:large","max-video-preview":"max-video-preview:-1"},"canonical":"https:\/\/www.baltur.com\/intl\/fr\/made-in-italy\/","og_locale":"fr_FR","og_type":"article","og_title":"Made in Italy - Baltur","og_description":"[vc_row el_class=&#8221;py-std&#8221;][vc_column][vc_column_text css=&#8221;&#8221;] Le Made in Italy est synonyme de passion, de qualit\u00e9, de technique et de design [\/vc_column_text][\/vc_column][\/vc_row][vc_row full_width=&#8221;stretch_row_content&#8221; equal_height=&#8221;yes&#8221; el_class=&#8221;background-lighter-gray&#8221;][vc_column width=&#8221;1\/3&#8243; el_class=&#8221;ratio-1to1 wpb-height-100&#8243; css=&#8221;.vc_custom_1715539914857{padding-right: 0px !important;padding-left: 0px !important;}&#8221;][vc_single_image image=&#8221;5937&#8243; img_size=&#8221;full&#8221; css=&#8221;.vc_custom_1722518262008{margin-bottom: 0px !important;}&#8221; el_class=&#8221;wpb-image-cover&#8221;][\/vc_column][vc_column width=&#8221;2\/3&#8243; el_class=&#8221;wpb-height-100 wpb-align-items-center wpb-padding-big align-items-center&#8221;][vc_column_text css=&#8221;&#8221;] En plus de s&#8217;occuper des aspects li\u00e9s \u00e0 l&#8217;efficacit\u00e9 \u00e9nerg\u00e9tique, \u00e0 la durabilit\u00e9 [&hellip;]","og_url":"https:\/\/www.baltur.com\/intl\/fr\/made-in-italy\/","og_site_name":"Baltur","article_publisher":"https:\/\/www.facebook.com\/BalturSpa","article_modified_time":"2024-08-20T07:57:17+00:00","twitter_card":"summary_large_image","twitter_misc":{"Dur\u00e9e de lecture estim\u00e9e":"1 minute"},"schema":{"@context":"https:\/\/schema.org","@graph":[{"@type":"WebPage","@id":"https:\/\/www.baltur.com\/intl\/fr\/made-in-italy\/","url":"https:\/\/www.baltur.com\/intl\/fr\/made-in-italy\/","name":"Made in Italy - Baltur","isPartOf":{"@id":"https:\/\/www.baltur.com\/intl\/fr\/#website"},"datePublished":"2024-08-01T13:43:11+00:00","dateModified":"2024-08-20T07:57:17+00:00","breadcrumb":{"@id":"https:\/\/www.baltur.com\/intl\/fr\/made-in-italy\/#breadcrumb"},"inLanguage":"fr-FR","potentialAction":[{"@type":"ReadAction","target":["https:\/\/www.baltur.com\/intl\/fr\/made-in-italy\/"]}]},{"@type":"BreadcrumbList","@id":"https:\/\/www.baltur.com\/intl\/fr\/made-in-italy\/#breadcrumb","itemListElement":[{"@type":"ListItem","position":1,"name":"Home","item":"https:\/\/www.baltur.com\/intl\/fr\/"},{"@type":"ListItem","position":2,"name":"Made in Italy"}]},{"@type":"WebSite","@id":"https:\/\/www.baltur.com\/intl\/fr\/#website","url":"https:\/\/www.baltur.com\/intl\/fr\/","name":"Baltur","description":"","publisher":{"@id":"https:\/\/www.baltur.com\/intl\/fr\/#organization"},"potentialAction":[{"@type":"SearchAction","target":{"@type":"EntryPoint","urlTemplate":"https:\/\/www.baltur.com\/intl\/fr\/?s={search_term_string}"},"query-input":{"@type":"PropertyValueSpecification","valueRequired":true,"valueName":"search_term_string"}}],"inLanguage":"fr-FR"},{"@type":"Organization","@id":"https:\/\/www.baltur.com\/intl\/fr\/#organization","name":"Baltur","url":"https:\/\/www.baltur.com\/intl\/fr\/","logo":{"@type":"ImageObject","inLanguage":"fr-FR","@id":"https:\/\/www.baltur.com\/intl\/fr\/#\/schema\/logo\/image\/","url":"https:\/\/www.baltur.com\/intl\/wp-content\/uploads\/2024\/05\/baltur_logo_white.png","contentUrl":"https:\/\/www.baltur.com\/intl\/wp-content\/uploads\/2024\/05\/baltur_logo_white.png","width":209,"height":85,"caption":"Baltur"},"image":{"@id":"https:\/\/www.baltur.com\/intl\/fr\/#\/schema\/logo\/image\/"},"sameAs":["https:\/\/www.facebook.com\/BalturSpa"]}]}},"_links":{"self":[{"href":"https:\/\/www.baltur.com\/intl\/fr\/wp-json\/wp\/v2\/pages\/5943"}],"collection":[{"href":"https:\/\/www.baltur.com\/intl\/fr\/wp-json\/wp\/v2\/pages"}],"about":[{"href":"https:\/\/www.baltur.com\/intl\/fr\/wp-json\/wp\/v2\/types\/page"}],"author":[{"embeddable":true,"href":"https:\/\/www.baltur.com\/intl\/fr\/wp-json\/wp\/v2\/users\/3"}],"replies":[{"embeddable":true,"href":"https:\/\/www.baltur.com\/intl\/fr\/wp-json\/wp\/v2\/comments?post=5943"}],"version-history":[{"count":8,"href":"https:\/\/www.baltur.com\/intl\/fr\/wp-json\/wp\/v2\/pages\/5943\/revisions"}],"predecessor-version":[{"id":6283,"href":"https:\/\/www.baltur.com\/intl\/fr\/wp-json\/wp\/v2\/pages\/5943\/revisions\/6283"}],"wp:attachment":[{"href":"https:\/\/www.baltur.com\/intl\/fr\/wp-json\/wp\/v2\/media?parent=5943"}],"curies":[{"name":"wp","href":"https:\/\/api.w.org\/{rel}","templated":true}]}}