{"id":6000,"date":"2024-11-19T14:49:24","date_gmt":"2024-11-19T13:49:24","guid":{"rendered":"https:\/\/www2.baltur.com\/intl\/?page_id=6000"},"modified":"2025-12-03T12:29:54","modified_gmt":"2025-12-03T11:29:54","slug":"durabilite-environnementale","status":"publish","type":"page","link":"https:\/\/www.baltur.com\/intl\/fr\/durabilite-environnementale\/","title":{"rendered":"Durabilit\u00e9 environnementale"},"content":{"rendered":"<div class=\"wpb-content-wrapper\"><p>[vc_row el_class=&#8221;py-std&#8221;][vc_column][vc_column_text css=&#8221;.vc_custom_1764761391789{padding-top: 50px !important;}&#8221;]<\/p>\n<h1 style=\"text-align: center;\"><strong>Durabilit\u00e9 environnementale<\/strong><\/h1>\n<p>[\/vc_column_text][vc_column_text css=&#8221;&#8221;][\/vc_column_text][\/vc_column][\/vc_row][vc_row full_width=&#8221;stretch_row_content&#8221; equal_height=&#8221;yes&#8221; el_class=&#8221;background-lighter-gray&#8221;][vc_column width=&#8221;1\/2&#8243; el_class=&#8221;wpb-height-100 wpb-align-items-center wpb-padding-big align-items-center&#8221; css=&#8221;.vc_custom_1726583340587{padding-right: 50px !important;}&#8221;][vc_column_text css=&#8221;.vc_custom_1764752762134{padding-right: 60px !important;}&#8221;]<\/p>\n<h2>Innovation responsable pour un avenir meilleur<\/h2>\n<p>&nbsp;<\/p>\n<p>Baltur encourage l&#8217;innovation responsable en d\u00e9veloppant des solutions efficaces \u00e0 faible impact environnemental gr\u00e2ce \u00e0 des projets de recherche et d\u00e9veloppement constants. Chaque \u00e9tape du processus de production est con\u00e7ue pour r\u00e9duire les \u00e9missions, optimiser l&#8217;utilisation des ressources et minimiser les d\u00e9chets, comme l&#8217;atteste la certification UNI EN ISO 14001.<\/p>\n<p>Les br\u00fbleurs, chaudi\u00e8res et syst\u00e8mes renouvelables Baltur offrent des performances \u00e9lev\u00e9es avec une attention particuli\u00e8re \u00e0 la durabilit\u00e9 environnementale. Cette approche garantit \u00e0 nos clients des avantages concrets : d&#8217;excellents r\u00e9sultats avec une consommation d&#8217;\u00e9nergie r\u00e9duite, des performances \u00e9lev\u00e9es et des \u00e9conomies de co\u00fbts.[\/vc_column_text][\/vc_column][vc_column width=&#8221;1\/2&#8243; el_class=&#8221;ratio-1to1 wpb-height-100&#8243; css=&#8221;.vc_custom_1715539914857{padding-right: 0px !important;padding-left: 0px !important;}&#8221;][vc_single_image image=&#8221;7346&#8243; img_size=&#8221;full&#8221; css=&#8221;.vc_custom_1732004245318{margin-bottom: 0px !important;}&#8221; el_class=&#8221;wpb-image-cover&#8221;][\/vc_column][\/vc_row][vc_row el_class=&#8221;py-std&#8221;][vc_column][vc_single_image image=&#8221;9376&#8243; img_size=&#8221;medium&#8221; alignment=&#8221;center&#8221; css=&#8221;.vc_custom_1751879056462{margin-bottom: 0px !important;}&#8221;][vc_column_text css=&#8221;.vc_custom_1764752788071{padding-top: 10px !important;}&#8221;]<\/p>\n<h4 style=\"text-align: center;\"><strong>Chaque jour, nous nous tournons vers l&#8217;avenir avec l&#8217;objectif<br \/>\n<\/strong><strong>de cr\u00e9er des solutions toujours plus durables pour contribuer \u00e0 un monde meilleur.<\/strong><\/h4>\n<p>[\/vc_column_text][vc_column_text css=&#8221;&#8221;][\/vc_column_text][\/vc_column][\/vc_row][vc_row full_width=&#8221;stretch_row_content&#8221; equal_height=&#8221;yes&#8221; el_class=&#8221;background-lighter-gray&#8221;][vc_column width=&#8221;1\/2&#8243; el_class=&#8221;ratio-1to1 wpb-height-100&#8243; css=&#8221;.vc_custom_1715539914857{padding-right: 0px !important;padding-left: 0px !important;}&#8221;][vc_single_image image=&#8221;10275&#8243; img_size=&#8221;full&#8221; css=&#8221;.vc_custom_1764751792272{margin-bottom: 0px !important;}&#8221; el_class=&#8221;wpb-image-cover&#8221;][\/vc_column][vc_column width=&#8221;1\/2&#8243; el_class=&#8221;wpb-height-100 wpb-align-items-center wpb-padding-big align-items-center&#8221; css=&#8221;.vc_custom_1726583340587{padding-right: 50px !important;}&#8221;][vc_column_text css=&#8221;.vc_custom_1764752874053{padding-right: 60px !important;}&#8221;]<\/p>\n<h2>Committed Badge : reconnaissance pour la durabilit\u00e9 d\u2019entreprise<\/h2>\n<p>&nbsp;<\/p>\n<p>Baltur a r\u00e9ussi l\u2019\u00e9valuation EcoVadis, l\u2019un des principaux organismes d\u2019\u00e9valuation de la durabilit\u00e9 d\u2019entreprise, obtenendo il <strong>Committed Badge<\/strong>. Cette reconnaissance certifie notre engagement \u00e0 int\u00e9grer la durabilit\u00e9 dans notre strat\u00e9gie d\u2019entreprise gr\u00e2ce \u00e0 un syst\u00e8me de gestion solide, align\u00e9 sur les crit\u00e8res internationaux.[\/vc_column_text][\/vc_column][\/vc_row][vc_row full_width=&#8221;stretch_row_content&#8221; equal_height=&#8221;yes&#8221; el_class=&#8221;background-lighter-gray&#8221;][vc_column width=&#8221;1\/2&#8243; el_class=&#8221;wpb-height-100 wpb-align-items-center wpb-padding-big align-items-center&#8221; css=&#8221;.vc_custom_1726583340587{padding-right: 50px !important;}&#8221;][vc_column_text css=&#8221;.vc_custom_1764752979340{padding-right: 60px !important;}&#8221;]<\/p>\n<h2>Un engagement qui se traduit par des actions concr\u00e8tes<\/h2>\n<p>&nbsp;<\/p>\n<p>Le r\u00e9sultat obtenu en ao\u00fbt 2025 repr\u00e9sente une \u00e9tape significative de notre parcours vers un <strong>mod\u00e8le de d\u00e9veloppement responsable et durable<\/strong>.<br \/>\nL\u2019\u00e9valuation nous a attribu\u00e9 des scores plus que positifs dans les domaines cl\u00e9s de la durabilit\u00e9, \u00e0 savoir : Environnement, Travail et Droits de l\u2019Homme.<\/p>\n<p>Des scores qui d\u00e9montrent l\u2019efficacit\u00e9 des pratiques de l\u2019entreprise dans les domaines environnemental, social et \u00e9thique.[\/vc_column_text][\/vc_column][vc_column width=&#8221;1\/2&#8243; el_class=&#8221;ratio-1to1 wpb-height-100&#8243; css=&#8221;.vc_custom_1715539914857{padding-right: 0px !important;padding-left: 0px !important;}&#8221;][vc_single_image image=&#8221;10279&#8243; img_size=&#8221;full&#8221; css=&#8221;.vc_custom_1764751887802{margin-bottom: 0px !important;}&#8221; el_class=&#8221;wpb-image-cover&#8221;][\/vc_column][\/vc_row][vc_row full_width=&#8221;stretch_row_content&#8221; equal_height=&#8221;yes&#8221; el_class=&#8221;background-lighter-gray&#8221;][vc_column width=&#8221;1\/2&#8243; el_class=&#8221;ratio-1to1 wpb-height-100&#8243; css=&#8221;.vc_custom_1715539914857{padding-right: 0px !important;padding-left: 0px !important;}&#8221;][vc_single_image image=&#8221;10271&#8243; img_size=&#8221;full&#8221; css=&#8221;.vc_custom_1764751898640{margin-bottom: 0px !important;}&#8221; el_class=&#8221;wpb-image-cover&#8221;][\/vc_column][vc_column width=&#8221;1\/2&#8243; el_class=&#8221;wpb-height-100 wpb-align-items-center wpb-padding-big align-items-center&#8221; css=&#8221;.vc_custom_1726583340587{padding-right: 50px !important;}&#8221;][vc_column_text css=&#8221;.vc_custom_1764753078402{padding-right: 60px !important;}&#8221;]<\/p>\n<h2>Un encouragement \u00e0 l\u2019am\u00e9lioration continue<\/h2>\n<p>&nbsp;<\/p>\n<p>Le r\u00e9sultat, souligne l\u2019<strong>Administrateur D\u00e9l\u00e9gu\u00e9 Riccardo Fava<\/strong>, \u00ab repr\u00e9sente un point de d\u00e9part et un encouragement \u00e0 faire toujours mieux, en am\u00e9liorant nos politiques et nos processus pour contribuer \u00e0 un avenir plus durable.<\/p>\n<p>Pour nous, la durabilit\u00e9 n\u2019est pas seulement un devoir \u00e9thique, mais aussi une valeur strat\u00e9gique pour toute notre cha\u00eene d\u2019approvisionnement. \u00bb[\/vc_column_text][\/vc_column][\/vc_row][vc_row full_width=&#8221;stretch_row_content&#8221; equal_height=&#8221;yes&#8221; el_class=&#8221;background-lighter-gray&#8221;][vc_column width=&#8221;1\/2&#8243; el_class=&#8221;wpb-height-100 wpb-align-items-center wpb-padding-big align-items-center&#8221; css=&#8221;.vc_custom_1726583340587{padding-right: 50px !important;}&#8221;][vc_column_text css=&#8221;.vc_custom_1764753117629{padding-right: 60px !important;}&#8221;]<\/p>\n<h2>Vers le premier Rapport de Durabilit\u00e9<\/h2>\n<p>&nbsp;<\/p>\n<p>Pour confirmer notre volont\u00e9 de rendre notre action toujours plus transparente dans le domaine ESG (Environmental, Social, Governance), Baltur a lanc\u00e9 un parcours structur\u00e9 de reporting qui culminera avec la publication du <strong>premier Rapport de Durabilit\u00e9<\/strong> d\u2019ici la fin de l\u2019ann\u00e9e 2025.<br \/>\nAvec cet objectif, nous renfor\u00e7ons notre mission : promouvoir des solutions qui allient <strong>innovation technologique, efficacit\u00e9 \u00e9nerg\u00e9tique et respect de l\u2019environnement<\/strong>, afin de g\u00e9n\u00e9rer de la valeur de mani\u00e8re durable et responsable.[\/vc_column_text][\/vc_column][vc_column width=&#8221;1\/2&#8243; el_class=&#8221;ratio-1to1 wpb-height-100&#8243; css=&#8221;.vc_custom_1715539914857{padding-right: 0px !important;padding-left: 0px !important;}&#8221;][vc_single_image image=&#8221;10267&#8243; img_size=&#8221;full&#8221; css=&#8221;.vc_custom_1764751950590{margin-bottom: 0px !important;}&#8221; el_class=&#8221;wpb-image-cover&#8221;][\/vc_column][\/vc_row][vc_row full_width=&#8221;stretch_row_content&#8221; equal_height=&#8221;yes&#8221; el_class=&#8221;background-lighter-gray&#8221;][vc_column width=&#8221;1\/2&#8243; el_class=&#8221;ratio-1to1 wpb-height-100&#8243; css=&#8221;.vc_custom_1715539914857{padding-right: 0px !important;padding-left: 0px !important;}&#8221;][vc_single_image image=&#8221;10263&#8243; img_size=&#8221;full&#8221; css=&#8221;.vc_custom_1764752007617{margin-bottom: 0px !important;}&#8221; el_class=&#8221;wpb-image-cover&#8221;][\/vc_column][vc_column width=&#8221;1\/2&#8243; el_class=&#8221;wpb-height-100 wpb-align-items-center wpb-padding-big align-items-center&#8221; css=&#8221;.vc_custom_1726583340587{padding-right: 50px !important;}&#8221;][vc_column_text css=&#8221;.vc_custom_1764753158655{padding-right: 60px !important;}&#8221;]<\/p>\n<h2>Notre \u00e9nergie est 100% verte garantie<\/h2>\n<p>&nbsp;<\/p>\n<p>Depuis 2023, Baltur alimente ses sites et bureaux exclusivement avec de l\u2019\u00e9lectricit\u00e9 provenant de sources renouvelables, un engagement concret en faveur de la durabilit\u00e9 qui est aujourd\u2019hui officiellement reconnu.<br \/>\nNous avons obtenu la <strong>Garantie d\u2019Origine du GSE<\/strong> \u2013 Gestionnaire des Services \u00c9nerg\u00e9tiques, qui atteste de mani\u00e8re certifi\u00e9e l\u2019origine 100% renouvelable de l\u2019\u00e9lectricit\u00e9 que nous utilisons.<\/p>\n<p>Cette certification \u00e9lectronique garantit que pour chaque kilowattheure consomm\u00e9, une unit\u00e9 \u00e9quivalente d\u2019\u00e9nergie renouvelable est produite et inject\u00e9e dans le r\u00e9seau \u00e9lectrique. Notre \u00e9nergie provient d\u2019une centrale hydro\u00e9lectrique norv\u00e9gienne \u00e0 flux naturel, durable et sans r\u00e9servoirs, respectant pleinement les crit\u00e8res environnementaux et r\u00e9glementaires europ\u00e9ens.[\/vc_column_text][\/vc_column][\/vc_row][vc_row el_class=&#8221;py-std&#8221;][vc_column][vc_column_text css=&#8221;.vc_custom_1764753201796{padding-top: 30px !important;padding-bottom: 30px !important;}&#8221;]<\/p>\n<h4 style=\"text-align: center;\"><strong>Un choix responsable, concret et certifi\u00e9 pour construire un avenir plus propre.<\/strong><\/h4>\n<p>[\/vc_column_text][vc_column_text css=&#8221;&#8221;][\/vc_column_text][\/vc_column][\/vc_row][vc_row full_width=&#8221;stretch_row&#8221; el_class=&#8221;background-lighter-gray pt-std pb-big&#8221;][vc_column][vc_column_text css=&#8221;&#8221;]<\/p>\n<h2 style=\"text-align: center;\"><strong>Actualit\u00e9s et analyses<\/strong><\/h2>\n<h2 style=\"text-align: center;\"><strong>\u00a0<\/strong><\/h2>\n<p>[\/vc_column_text][vc_column_text css=&#8221;&#8221;][\/vc_column_text]<div id=\"swiper-69f4baa33b49c\" class=\"swiper baltur-wpb-postslider swiper-paginated mt-std \" data-loop=\"1\" data-slides=\"1\" data-slides-md=\"2\" data-slides-lg=\"3\"><div class=\"swiper-wrapper\"><div class=\"swiper-slide\"><div class=\"image\"><img decoding=\"async\" src=\"https:\/\/www.baltur.com\/intl\/wp-content\/uploads\/2024\/08\/rf_bruciatori-policombustibili_730x550.jpg\" alt=\"Br\u00fbleurs polycombustibles et installations thermiques sur mesure\"><\/div><div class=\"title\">Br\u00fbleurs polycombustibles et installations thermiques sur mesure<\/div><div class=\"read-more\"><a class=\"vc_general vc_btn3 vc_btn3-style-baltur\" href=\"https:\/\/www.baltur.com\/intl\/fr\/2024\/08\/bruleurs-polycombustibles-et-installations-thermiques-sur-mesure\/\" title=\"Br\u00fbleurs polycombustibles et installations thermiques sur mesure\">En savoir plus<\/a><\/div><\/div><div class=\"swiper-slide\"><div class=\"image\"><img decoding=\"async\" src=\"https:\/\/www.baltur.com\/intl\/wp-content\/uploads\/2024\/08\/borghi-furini_730x550.jpg\" alt=\"Restylage de la gamme de br\u00fbleurs TB\"><\/div><div class=\"title\">Restylage de la gamme de br\u00fbleurs TB<\/div><div class=\"read-more\"><a class=\"vc_general vc_btn3 vc_btn3-style-baltur\" href=\"https:\/\/www.baltur.com\/intl\/fr\/2024\/08\/restylage-de-la-gamme-de-bruleurs-tb\/\" title=\"Restylage de la gamme de br\u00fbleurs TB\">En savoir plus<\/a><\/div><\/div><div class=\"swiper-slide\"><div class=\"image\"><img decoding=\"async\" src=\"https:\/\/www.baltur.com\/intl\/wp-content\/uploads\/2024\/08\/mattia-vandi_730x550.jpg\" alt=\"Processus d&#039;affaires all\u00e9g\u00e9s, organisation agile, investissements cibl\u00e9s : les atouts de la croissance d&#039;une entreprise\"><\/div><div class=\"title\">Processus d&#039;affaires all\u00e9g\u00e9s, organisation agile, investissements cibl\u00e9s : les atouts de la croissance d&#039;une entreprise<\/div><div class=\"read-more\"><a class=\"vc_general vc_btn3 vc_btn3-style-baltur\" href=\"https:\/\/www.baltur.com\/intl\/fr\/2024\/08\/processus-daffaires-alleges-organisation-agile-investissements-cibles-les-atouts-de-la-croissance-dune-entreprise\/\" title=\"Processus d&#039;affaires all\u00e9g\u00e9s, organisation agile, investissements cibl\u00e9s : les atouts de la croissance d&#039;une entreprise\">En savoir plus<\/a><\/div><\/div><\/div><div class=\"swiper-pagination\"><\/div><\/div>[\/vc_column][\/vc_row][vc_row full_width=&#8221;stretch_row&#8221; el_class=&#8221;font-color-light mt-std&#8221; css=&#8221;.vc_custom_1715434897510{background-color: #d9000d !important;}&#8221;][vc_column width=&#8221;3\/4&#8243;]<div id=\"newsletter-69f4baa33b66d\" class=\"baltur-wpb-newsletter newsletter  \"><h3 class=\"intro\">Voulez-vous \u00eatre toujours inform\u00e9 du monde Baltur et de l&#039;actualit\u00e9 du secteur de l&#039;\u00e9nergie ?<\/h3><h2 class=\"title\"><strong>Abonnez-vous \u00e0 la newsletter<\/strong><\/h2><div class=\"newsletter-form\">\n<!-- This file should primarily consist of HTML with a little bit of PHP. -->\n<div id=\"mpwp-container\">\n    <div id=\"mupwp-form-content\">\n        <form id=\"mupwp-form\" class=\"mupwp-form\" novalidate=\"novalidate\" action=\"javascript:void(0);\">\n            <!-- start customization -->\n            <input type=\"hidden\" name=\"list_id\" value=\"2\">\n            <!-- end customization -->\n            <h3 id=\"mupwp-form-title\">            <\/h3>\n                        <div id=\"mupwp-form-fields\" class=\"form-fields\">\n                                <div class=\"mupwp-form-field\">\n                    <label style=\"display:none;\" for=\"email\">E-mail                    <\/label>\n                    <input type=\"email\" id=\"email\" required class=\"label-field\" placeholder=\"Email\" name=\"email\">\n\n                <\/div>\n\n                            <\/div>\n            <div id=\"mupwp-form-terms\" class=\"mupwp-form-terms\">\n                                <div class=\"mupwp-form-term\">\n                    <label class=\"label terms small-font\" for=\"term-1\">\n                        <input type=\"checkbox\" id=\"term-1\"\n                            name=\"term-1\" required>\n                        <p><a title=\"Privacy Policy\" href=\"https:\/\/www.baltur.com\/intl\/privacy-policy\/\" target=\"_blank\" rel=\"noopener\">Privacy policy *<\/a><\/p>                    <\/label>\n                <\/div>\n                                <\/div>\n            <div class=\"separator-20px-top\"><\/div>\n            <div id=\"mupwp-form-submit-container\">\n                <input type=\"submit\" id=\"mupwp-form-save\" value=\"Subscribe\"\n                    class=\"button-primary\">\n                <span class=\"ajax-loader\"><\/span>\n                <span class=\"feedback\"><\/span>\n            <\/div>\n        <\/form>\n    <\/div>\n<\/div>\n<\/div><\/div>[\/vc_column][vc_column width=&#8221;1\/4&#8243; offset=&#8221;vc_hidden-sm vc_hidden-xs&#8221;][vc_single_image image=&#8221;1636&#8243; img_size=&#8221;full&#8221; css=&#8221;&#8221;][\/vc_column][\/vc_row]<\/p>\n<\/div>","protected":false},"excerpt":{"rendered":"<p>[vc_row el_class=&#8221;py-std&#8221;][vc_column][vc_column_text css=&#8221;.vc_custom_1764761391789{padding-top: 50px !important;}&#8221;] Durabilit\u00e9 environnementale [\/vc_column_text][vc_column_text css=&#8221;&#8221;][\/vc_column_text][\/vc_column][\/vc_row][vc_row full_width=&#8221;stretch_row_content&#8221; equal_height=&#8221;yes&#8221; el_class=&#8221;background-lighter-gray&#8221;][vc_column width=&#8221;1\/2&#8243; el_class=&#8221;wpb-height-100 wpb-align-items-center wpb-padding-big align-items-center&#8221; css=&#8221;.vc_custom_1726583340587{padding-right: 50px !important;}&#8221;][vc_column_text css=&#8221;.vc_custom_1764752762134{padding-right: 60px !important;}&#8221;] Innovation responsable pour un avenir meilleur &nbsp; Baltur encourage l&#8217;innovation responsable en d\u00e9veloppant des solutions efficaces \u00e0 faible impact environnemental gr\u00e2ce \u00e0 des projets de recherche et d\u00e9veloppement constants. Chaque \u00e9tape du [&hellip;]<\/p>\n","protected":false},"author":3,"featured_media":0,"parent":0,"menu_order":0,"comment_status":"closed","ping_status":"closed","template":"","meta":{"_acf_changed":false,"footnotes":""},"class_list":["post-6000","page","type-page","status-publish","hentry"],"acf":[],"yoast_head":"<title>Durabilit\u00e9 environnementale - Baltur<\/title>\n<meta name=\"robots\" content=\"index, follow, max-snippet:-1, max-image-preview:large, max-video-preview:-1\" \/>\n<link rel=\"canonical\" href=\"https:\/\/www.baltur.com\/intl\/fr\/durabilite-environnementale\/\" \/>\n<meta property=\"og:locale\" content=\"fr_FR\" \/>\n<meta property=\"og:type\" content=\"article\" \/>\n<meta property=\"og:title\" content=\"Durabilit\u00e9 environnementale - Baltur\" \/>\n<meta property=\"og:description\" content=\"[vc_row el_class=&#8221;py-std&#8221;][vc_column][vc_column_text css=&#8221;.vc_custom_1764761391789{padding-top: 50px !important;}&#8221;] Durabilit\u00e9 environnementale [\/vc_column_text][vc_column_text css=&#8221;&#8221;][\/vc_column_text][\/vc_column][\/vc_row][vc_row full_width=&#8221;stretch_row_content&#8221; equal_height=&#8221;yes&#8221; el_class=&#8221;background-lighter-gray&#8221;][vc_column width=&#8221;1\/2&#8243; el_class=&#8221;wpb-height-100 wpb-align-items-center wpb-padding-big align-items-center&#8221; css=&#8221;.vc_custom_1726583340587{padding-right: 50px !important;}&#8221;][vc_column_text css=&#8221;.vc_custom_1764752762134{padding-right: 60px !important;}&#8221;] Innovation responsable pour un avenir meilleur &nbsp; Baltur encourage l&#8217;innovation responsable en d\u00e9veloppant des solutions efficaces \u00e0 faible impact environnemental gr\u00e2ce \u00e0 des projets de recherche et d\u00e9veloppement constants. Chaque \u00e9tape du [&hellip;]\" \/>\n<meta property=\"og:url\" content=\"https:\/\/www.baltur.com\/intl\/fr\/durabilite-environnementale\/\" \/>\n<meta property=\"og:site_name\" content=\"Baltur\" \/>\n<meta property=\"article:publisher\" content=\"https:\/\/www.facebook.com\/BalturSpa\" \/>\n<meta property=\"article:modified_time\" content=\"2025-12-03T11:29:54+00:00\" \/>\n<meta name=\"twitter:card\" content=\"summary_large_image\" \/>\n<meta name=\"twitter:label1\" content=\"Dur\u00e9e de lecture estim\u00e9e\" \/>\n\t<meta name=\"twitter:data1\" content=\"5 minutes\" \/>\n<script type=\"application\/ld+json\" class=\"yoast-schema-graph\">{\"@context\":\"https:\/\/schema.org\",\"@graph\":[{\"@type\":\"WebPage\",\"@id\":\"https:\/\/www.baltur.com\/intl\/fr\/durabilite-environnementale\/\",\"url\":\"https:\/\/www.baltur.com\/intl\/fr\/durabilite-environnementale\/\",\"name\":\"Durabilit\u00e9 environnementale - Baltur\",\"isPartOf\":{\"@id\":\"https:\/\/www.baltur.com\/intl\/fr\/#website\"},\"datePublished\":\"2024-11-19T13:49:24+00:00\",\"dateModified\":\"2025-12-03T11:29:54+00:00\",\"breadcrumb\":{\"@id\":\"https:\/\/www.baltur.com\/intl\/fr\/durabilite-environnementale\/#breadcrumb\"},\"inLanguage\":\"fr-FR\",\"potentialAction\":[{\"@type\":\"ReadAction\",\"target\":[\"https:\/\/www.baltur.com\/intl\/fr\/durabilite-environnementale\/\"]}]},{\"@type\":\"BreadcrumbList\",\"@id\":\"https:\/\/www.baltur.com\/intl\/fr\/durabilite-environnementale\/#breadcrumb\",\"itemListElement\":[{\"@type\":\"ListItem\",\"position\":1,\"name\":\"Home\",\"item\":\"https:\/\/www.baltur.com\/intl\/fr\/\"},{\"@type\":\"ListItem\",\"position\":2,\"name\":\"Durabilit\u00e9 environnementale\"}]},{\"@type\":\"WebSite\",\"@id\":\"https:\/\/www.baltur.com\/intl\/fr\/#website\",\"url\":\"https:\/\/www.baltur.com\/intl\/fr\/\",\"name\":\"Baltur\",\"description\":\"\",\"publisher\":{\"@id\":\"https:\/\/www.baltur.com\/intl\/fr\/#organization\"},\"potentialAction\":[{\"@type\":\"SearchAction\",\"target\":{\"@type\":\"EntryPoint\",\"urlTemplate\":\"https:\/\/www.baltur.com\/intl\/fr\/?s={search_term_string}\"},\"query-input\":{\"@type\":\"PropertyValueSpecification\",\"valueRequired\":true,\"valueName\":\"search_term_string\"}}],\"inLanguage\":\"fr-FR\"},{\"@type\":\"Organization\",\"@id\":\"https:\/\/www.baltur.com\/intl\/fr\/#organization\",\"name\":\"Baltur\",\"url\":\"https:\/\/www.baltur.com\/intl\/fr\/\",\"logo\":{\"@type\":\"ImageObject\",\"inLanguage\":\"fr-FR\",\"@id\":\"https:\/\/www.baltur.com\/intl\/fr\/#\/schema\/logo\/image\/\",\"url\":\"https:\/\/www.baltur.com\/intl\/wp-content\/uploads\/2024\/05\/baltur_logo_white.png\",\"contentUrl\":\"https:\/\/www.baltur.com\/intl\/wp-content\/uploads\/2024\/05\/baltur_logo_white.png\",\"width\":209,\"height\":85,\"caption\":\"Baltur\"},\"image\":{\"@id\":\"https:\/\/www.baltur.com\/intl\/fr\/#\/schema\/logo\/image\/\"},\"sameAs\":[\"https:\/\/www.facebook.com\/BalturSpa\"]}]}<\/script>","yoast_head_json":{"title":"Durabilit\u00e9 environnementale - Baltur","robots":{"index":"index","follow":"follow","max-snippet":"max-snippet:-1","max-image-preview":"max-image-preview:large","max-video-preview":"max-video-preview:-1"},"canonical":"https:\/\/www.baltur.com\/intl\/fr\/durabilite-environnementale\/","og_locale":"fr_FR","og_type":"article","og_title":"Durabilit\u00e9 environnementale - Baltur","og_description":"[vc_row el_class=&#8221;py-std&#8221;][vc_column][vc_column_text css=&#8221;.vc_custom_1764761391789{padding-top: 50px !important;}&#8221;] Durabilit\u00e9 environnementale [\/vc_column_text][vc_column_text css=&#8221;&#8221;][\/vc_column_text][\/vc_column][\/vc_row][vc_row full_width=&#8221;stretch_row_content&#8221; equal_height=&#8221;yes&#8221; el_class=&#8221;background-lighter-gray&#8221;][vc_column width=&#8221;1\/2&#8243; el_class=&#8221;wpb-height-100 wpb-align-items-center wpb-padding-big align-items-center&#8221; css=&#8221;.vc_custom_1726583340587{padding-right: 50px !important;}&#8221;][vc_column_text css=&#8221;.vc_custom_1764752762134{padding-right: 60px !important;}&#8221;] Innovation responsable pour un avenir meilleur &nbsp; Baltur encourage l&#8217;innovation responsable en d\u00e9veloppant des solutions efficaces \u00e0 faible impact environnemental gr\u00e2ce \u00e0 des projets de recherche et d\u00e9veloppement constants. Chaque \u00e9tape du [&hellip;]","og_url":"https:\/\/www.baltur.com\/intl\/fr\/durabilite-environnementale\/","og_site_name":"Baltur","article_publisher":"https:\/\/www.facebook.com\/BalturSpa","article_modified_time":"2025-12-03T11:29:54+00:00","twitter_card":"summary_large_image","twitter_misc":{"Dur\u00e9e de lecture estim\u00e9e":"5 minutes"},"schema":{"@context":"https:\/\/schema.org","@graph":[{"@type":"WebPage","@id":"https:\/\/www.baltur.com\/intl\/fr\/durabilite-environnementale\/","url":"https:\/\/www.baltur.com\/intl\/fr\/durabilite-environnementale\/","name":"Durabilit\u00e9 environnementale - Baltur","isPartOf":{"@id":"https:\/\/www.baltur.com\/intl\/fr\/#website"},"datePublished":"2024-11-19T13:49:24+00:00","dateModified":"2025-12-03T11:29:54+00:00","breadcrumb":{"@id":"https:\/\/www.baltur.com\/intl\/fr\/durabilite-environnementale\/#breadcrumb"},"inLanguage":"fr-FR","potentialAction":[{"@type":"ReadAction","target":["https:\/\/www.baltur.com\/intl\/fr\/durabilite-environnementale\/"]}]},{"@type":"BreadcrumbList","@id":"https:\/\/www.baltur.com\/intl\/fr\/durabilite-environnementale\/#breadcrumb","itemListElement":[{"@type":"ListItem","position":1,"name":"Home","item":"https:\/\/www.baltur.com\/intl\/fr\/"},{"@type":"ListItem","position":2,"name":"Durabilit\u00e9 environnementale"}]},{"@type":"WebSite","@id":"https:\/\/www.baltur.com\/intl\/fr\/#website","url":"https:\/\/www.baltur.com\/intl\/fr\/","name":"Baltur","description":"","publisher":{"@id":"https:\/\/www.baltur.com\/intl\/fr\/#organization"},"potentialAction":[{"@type":"SearchAction","target":{"@type":"EntryPoint","urlTemplate":"https:\/\/www.baltur.com\/intl\/fr\/?s={search_term_string}"},"query-input":{"@type":"PropertyValueSpecification","valueRequired":true,"valueName":"search_term_string"}}],"inLanguage":"fr-FR"},{"@type":"Organization","@id":"https:\/\/www.baltur.com\/intl\/fr\/#organization","name":"Baltur","url":"https:\/\/www.baltur.com\/intl\/fr\/","logo":{"@type":"ImageObject","inLanguage":"fr-FR","@id":"https:\/\/www.baltur.com\/intl\/fr\/#\/schema\/logo\/image\/","url":"https:\/\/www.baltur.com\/intl\/wp-content\/uploads\/2024\/05\/baltur_logo_white.png","contentUrl":"https:\/\/www.baltur.com\/intl\/wp-content\/uploads\/2024\/05\/baltur_logo_white.png","width":209,"height":85,"caption":"Baltur"},"image":{"@id":"https:\/\/www.baltur.com\/intl\/fr\/#\/schema\/logo\/image\/"},"sameAs":["https:\/\/www.facebook.com\/BalturSpa"]}]}},"_links":{"self":[{"href":"https:\/\/www.baltur.com\/intl\/fr\/wp-json\/wp\/v2\/pages\/6000"}],"collection":[{"href":"https:\/\/www.baltur.com\/intl\/fr\/wp-json\/wp\/v2\/pages"}],"about":[{"href":"https:\/\/www.baltur.com\/intl\/fr\/wp-json\/wp\/v2\/types\/page"}],"author":[{"embeddable":true,"href":"https:\/\/www.baltur.com\/intl\/fr\/wp-json\/wp\/v2\/users\/3"}],"replies":[{"embeddable":true,"href":"https:\/\/www.baltur.com\/intl\/fr\/wp-json\/wp\/v2\/comments?post=6000"}],"version-history":[{"count":16,"href":"https:\/\/www.baltur.com\/intl\/fr\/wp-json\/wp\/v2\/pages\/6000\/revisions"}],"predecessor-version":[{"id":10292,"href":"https:\/\/www.baltur.com\/intl\/fr\/wp-json\/wp\/v2\/pages\/6000\/revisions\/10292"}],"wp:attachment":[{"href":"https:\/\/www.baltur.com\/intl\/fr\/wp-json\/wp\/v2\/media?parent=6000"}],"curies":[{"name":"wp","href":"https:\/\/api.w.org\/{rel}","templated":true}]}}