{"id":7519,"date":"2024-11-19T10:19:29","date_gmt":"2024-11-19T09:19:29","guid":{"rendered":"https:\/\/www2.baltur.com\/intl\/?page_id=7519"},"modified":"2025-03-25T14:27:55","modified_gmt":"2025-03-25T13:27:55","slug":"nos-fournisseurs","status":"publish","type":"page","link":"https:\/\/www.baltur.com\/intl\/fr\/nos-fournisseurs\/","title":{"rendered":"Nos fournisseurs"},"content":{"rendered":"<div class=\"wpb-content-wrapper\"><p>[vc_row el_class=&#8221;py-std&#8221;][vc_column][vc_column_text css=&#8221;.vc_custom_1733224168777{padding-top: 50px !important;}&#8221;]<\/p>\n<h1 style=\"text-align: center;\">Nos fournisseurs<\/h1>\n<p>[\/vc_column_text][vc_column_text css=&#8221;&#8221;][\/vc_column_text][\/vc_column][\/vc_row][vc_row full_width=&#8221;stretch_row_content&#8221; equal_height=&#8221;yes&#8221; el_class=&#8221;background-lighter-gray&#8221;][vc_column width=&#8221;1\/3&#8243; el_class=&#8221;ratio-1to1 wpb-height-100&#8243; css=&#8221;.vc_custom_1715539914857{padding-right: 0px !important;padding-left: 0px !important;}&#8221;][vc_single_image image=&#8221;7367&#8243; img_size=&#8221;full&#8221; css=&#8221;.vc_custom_1732008089313{margin-bottom: 0px !important;}&#8221; el_class=&#8221;wpb-image-cover&#8221;][\/vc_column][vc_column width=&#8221;2\/3&#8243; el_class=&#8221;wpb-height-100 wpb-align-items-center wpb-padding-big align-items-center&#8221; css=&#8221;.vc_custom_1726583340587{padding-right: 50px !important;}&#8221;][vc_column_text css=&#8221;.vc_custom_1733224201553{padding-right: 60px !important;}&#8221;]<\/p>\n<h2 style=\"text-align: left;\">Rejoignez-nous et construisez \u00e0 nos c\u00f4t\u00e9s un avenir prosp\u00e8re\u00a0!<\/h2>\n<p>&nbsp;<\/p>\n<p>Chez Baltur, nous consid\u00e9rons nos fournisseurs comme des partenaires strat\u00e9giques de notre succ\u00e8s. Nous collaborons avec des entreprises qui partagent nos valeurs de qualit\u00e9, de transparence et d&#8217;innovation, afin de garantir d&#8217;excellentes solutions \u00e0 nos clients.[\/vc_column_text][\/vc_column][\/vc_row][vc_row content_placement=&#8221;middle&#8221; el_class=&#8221;py-std&#8221;][vc_column width=&#8221;2\/3&#8243;][vc_column_text css=&#8221;.vc_custom_1733224214198{padding-top: 50px !important;}&#8221;]Si vous souhaitez faire partie de notre r\u00e9seau de fournisseurs, veuillez consulter les lignes directrices et les exigences dans la section d\u00e9di\u00e9e. Nous sommes toujours ouverts \u00e0 de nouvelles collaborations qui peuvent enrichir notre cha\u00eene de valeur.[\/vc_column_text][vc_column_text css=&#8221;&#8221;][\/vc_column_text][\/vc_column][vc_column width=&#8221;1\/3&#8243;][vc_btn title=&#8221;General Terms and Conditions of Purchase&#8221; align=&#8221;center&#8221; css=&#8221;&#8221; link=&#8221;url:https%3A%2F%2Fwww.baltur.com%2Fintl%2Fwp-content%2Fuploads%2F2024%2F11%2FCondizioni-Generali-di-Acquisto-Baltur-Rev.00_ENG.pdf|target:_blank&#8221;][vc_btn title=&#8221;Portale &#8211; Obligations to notify DB SCIP&#8221; align=&#8221;center&#8221; css=&#8221;&#8221; link=&#8221;url:https%3A%2F%2Fwww.baltur.com%2Fintl%2Fwp-content%2Fuploads%2F2025%2F03%2FObligations-to-notify-DB-SCIP-Letter-to-Suppliers-Ed.-2025-03.pdf|target:_blank&#8221;][vc_btn title=&#8221;E-mail candidatures suppliers&#8221; align=&#8221;center&#8221; css=&#8221;&#8221; link=&#8221;url:https%3A%2F%2Fwww.baltur.com%2Fintl%2Fwp-content%2Fuploads%2F2024%2F12%2FEMAIL-Candidature-Fornitori.pdf|target:_blank&#8221;][\/vc_column][\/vc_row][vc_row full_width=&#8221;stretch_row&#8221; el_class=&#8221;background-lighter-gray pt-std pb-big&#8221;][vc_column][vc_column_text css=&#8221;&#8221;]<\/p>\n<h2 style=\"text-align: center;\"><strong>News and insights<\/strong><\/h2>\n<h2 style=\"text-align: center;\"><strong>\u00a0<\/strong><\/h2>\n<p>[\/vc_column_text][vc_column_text css=&#8221;&#8221;][\/vc_column_text]<div id=\"swiper-69f6e1d4a8df2\" class=\"swiper baltur-wpb-postslider swiper-paginated mt-std \" data-loop=\"1\" data-slides=\"1\" data-slides-md=\"2\" data-slides-lg=\"3\"><div class=\"swiper-wrapper\"><div class=\"swiper-slide\"><div class=\"image\"><img decoding=\"async\" src=\"https:\/\/www.baltur.com\/intl\/wp-content\/uploads\/2024\/08\/rf_bruciatori-policombustibili_730x550.jpg\" alt=\"Br\u00fbleurs polycombustibles et installations thermiques sur mesure\"><\/div><div class=\"title\">Br\u00fbleurs polycombustibles et installations thermiques sur mesure<\/div><div class=\"read-more\"><a class=\"vc_general vc_btn3 vc_btn3-style-baltur\" href=\"https:\/\/www.baltur.com\/intl\/fr\/2024\/08\/bruleurs-polycombustibles-et-installations-thermiques-sur-mesure\/\" title=\"Br\u00fbleurs polycombustibles et installations thermiques sur mesure\">En savoir plus<\/a><\/div><\/div><div class=\"swiper-slide\"><div class=\"image\"><img decoding=\"async\" src=\"https:\/\/www.baltur.com\/intl\/wp-content\/uploads\/2024\/08\/borghi-furini_730x550.jpg\" alt=\"Restylage de la gamme de br\u00fbleurs TB\"><\/div><div class=\"title\">Restylage de la gamme de br\u00fbleurs TB<\/div><div class=\"read-more\"><a class=\"vc_general vc_btn3 vc_btn3-style-baltur\" href=\"https:\/\/www.baltur.com\/intl\/fr\/2024\/08\/restylage-de-la-gamme-de-bruleurs-tb\/\" title=\"Restylage de la gamme de br\u00fbleurs TB\">En savoir plus<\/a><\/div><\/div><div class=\"swiper-slide\"><div class=\"image\"><img decoding=\"async\" src=\"https:\/\/www.baltur.com\/intl\/wp-content\/uploads\/2024\/08\/mattia-vandi_730x550.jpg\" alt=\"Processus d&#039;affaires all\u00e9g\u00e9s, organisation agile, investissements cibl\u00e9s : les atouts de la croissance d&#039;une entreprise\"><\/div><div class=\"title\">Processus d&#039;affaires all\u00e9g\u00e9s, organisation agile, investissements cibl\u00e9s : les atouts de la croissance d&#039;une entreprise<\/div><div class=\"read-more\"><a class=\"vc_general vc_btn3 vc_btn3-style-baltur\" href=\"https:\/\/www.baltur.com\/intl\/fr\/2024\/08\/processus-daffaires-alleges-organisation-agile-investissements-cibles-les-atouts-de-la-croissance-dune-entreprise\/\" title=\"Processus d&#039;affaires all\u00e9g\u00e9s, organisation agile, investissements cibl\u00e9s : les atouts de la croissance d&#039;une entreprise\">En savoir plus<\/a><\/div><\/div><\/div><div class=\"swiper-pagination\"><\/div><\/div>[\/vc_column][\/vc_row][vc_row full_width=&#8221;stretch_row&#8221; el_class=&#8221;font-color-light mt-std&#8221; css=&#8221;.vc_custom_1715434897510{background-color: #d9000d !important;}&#8221;][vc_column width=&#8221;3\/4&#8243;]<div id=\"newsletter-69f6e1d4a8f56\" class=\"baltur-wpb-newsletter newsletter  \"><h3 class=\"intro\">Voulez-vous \u00eatre toujours inform\u00e9 du monde Baltur et de l&#039;actualit\u00e9 du secteur de l&#039;\u00e9nergie ?<\/h3><h2 class=\"title\"><strong>Abonnez-vous \u00e0 la newsletter<\/strong><\/h2><div class=\"newsletter-form\">\n<!-- This file should primarily consist of HTML with a little bit of PHP. -->\n<div id=\"mpwp-container\">\n    <div id=\"mupwp-form-content\">\n        <form id=\"mupwp-form\" class=\"mupwp-form\" novalidate=\"novalidate\" action=\"javascript:void(0);\">\n            <!-- start customization -->\n            <input type=\"hidden\" name=\"list_id\" value=\"2\">\n            <!-- end customization -->\n            <h3 id=\"mupwp-form-title\">            <\/h3>\n                        <div id=\"mupwp-form-fields\" class=\"form-fields\">\n                                <div class=\"mupwp-form-field\">\n                    <label style=\"display:none;\" for=\"email\">E-mail                    <\/label>\n                    <input type=\"email\" id=\"email\" required class=\"label-field\" placeholder=\"Email\" name=\"email\">\n\n                <\/div>\n\n                            <\/div>\n            <div id=\"mupwp-form-terms\" class=\"mupwp-form-terms\">\n                                <div class=\"mupwp-form-term\">\n                    <label class=\"label terms small-font\" for=\"term-1\">\n                        <input type=\"checkbox\" id=\"term-1\"\n                            name=\"term-1\" required>\n                        <p><a title=\"Privacy Policy\" href=\"https:\/\/www.baltur.com\/intl\/privacy-policy\/\" target=\"_blank\" rel=\"noopener\">Privacy policy *<\/a><\/p>                    <\/label>\n                <\/div>\n                                <\/div>\n            <div class=\"separator-20px-top\"><\/div>\n            <div id=\"mupwp-form-submit-container\">\n                <input type=\"submit\" id=\"mupwp-form-save\" value=\"Subscribe\"\n                    class=\"button-primary\">\n                <span class=\"ajax-loader\"><\/span>\n                <span class=\"feedback\"><\/span>\n            <\/div>\n        <\/form>\n    <\/div>\n<\/div>\n<\/div><\/div>[\/vc_column][vc_column width=&#8221;1\/4&#8243; offset=&#8221;vc_hidden-sm vc_hidden-xs&#8221;][vc_single_image image=&#8221;1636&#8243; img_size=&#8221;full&#8221; css=&#8221;&#8221;][\/vc_column][\/vc_row]<\/p>\n<\/div>","protected":false},"excerpt":{"rendered":"<p>[vc_row el_class=&#8221;py-std&#8221;][vc_column][vc_column_text css=&#8221;.vc_custom_1733224168777{padding-top: 50px !important;}&#8221;] Nos fournisseurs [\/vc_column_text][vc_column_text css=&#8221;&#8221;][\/vc_column_text][\/vc_column][\/vc_row][vc_row full_width=&#8221;stretch_row_content&#8221; equal_height=&#8221;yes&#8221; el_class=&#8221;background-lighter-gray&#8221;][vc_column width=&#8221;1\/3&#8243; el_class=&#8221;ratio-1to1 wpb-height-100&#8243; css=&#8221;.vc_custom_1715539914857{padding-right: 0px !important;padding-left: 0px !important;}&#8221;][vc_single_image image=&#8221;7367&#8243; img_size=&#8221;full&#8221; css=&#8221;.vc_custom_1732008089313{margin-bottom: 0px !important;}&#8221; el_class=&#8221;wpb-image-cover&#8221;][\/vc_column][vc_column width=&#8221;2\/3&#8243; el_class=&#8221;wpb-height-100 wpb-align-items-center wpb-padding-big align-items-center&#8221; css=&#8221;.vc_custom_1726583340587{padding-right: 50px !important;}&#8221;][vc_column_text css=&#8221;.vc_custom_1733224201553{padding-right: 60px !important;}&#8221;] Rejoignez-nous et construisez \u00e0 nos c\u00f4t\u00e9s un avenir prosp\u00e8re\u00a0! &nbsp; Chez Baltur, nous consid\u00e9rons nos fournisseurs comme des [&hellip;]<\/p>\n","protected":false},"author":5,"featured_media":0,"parent":0,"menu_order":0,"comment_status":"closed","ping_status":"closed","template":"","meta":{"_acf_changed":false,"footnotes":""},"class_list":["post-7519","page","type-page","status-publish","hentry"],"acf":[],"yoast_head":"<title>Nos fournisseurs - Baltur<\/title>\n<meta name=\"robots\" content=\"index, follow, max-snippet:-1, max-image-preview:large, max-video-preview:-1\" \/>\n<link rel=\"canonical\" href=\"https:\/\/www.baltur.com\/intl\/fr\/nos-fournisseurs\/\" \/>\n<meta property=\"og:locale\" content=\"fr_FR\" \/>\n<meta property=\"og:type\" content=\"article\" \/>\n<meta property=\"og:title\" content=\"Nos fournisseurs - Baltur\" \/>\n<meta property=\"og:description\" content=\"[vc_row el_class=&#8221;py-std&#8221;][vc_column][vc_column_text css=&#8221;.vc_custom_1733224168777{padding-top: 50px !important;}&#8221;] Nos fournisseurs [\/vc_column_text][vc_column_text css=&#8221;&#8221;][\/vc_column_text][\/vc_column][\/vc_row][vc_row full_width=&#8221;stretch_row_content&#8221; equal_height=&#8221;yes&#8221; el_class=&#8221;background-lighter-gray&#8221;][vc_column width=&#8221;1\/3&#8243; el_class=&#8221;ratio-1to1 wpb-height-100&#8243; css=&#8221;.vc_custom_1715539914857{padding-right: 0px !important;padding-left: 0px !important;}&#8221;][vc_single_image image=&#8221;7367&#8243; img_size=&#8221;full&#8221; css=&#8221;.vc_custom_1732008089313{margin-bottom: 0px !important;}&#8221; el_class=&#8221;wpb-image-cover&#8221;][\/vc_column][vc_column width=&#8221;2\/3&#8243; el_class=&#8221;wpb-height-100 wpb-align-items-center wpb-padding-big align-items-center&#8221; css=&#8221;.vc_custom_1726583340587{padding-right: 50px !important;}&#8221;][vc_column_text css=&#8221;.vc_custom_1733224201553{padding-right: 60px !important;}&#8221;] Rejoignez-nous et construisez \u00e0 nos c\u00f4t\u00e9s un avenir prosp\u00e8re\u00a0! &nbsp; Chez Baltur, nous consid\u00e9rons nos fournisseurs comme des [&hellip;]\" \/>\n<meta property=\"og:url\" content=\"https:\/\/www.baltur.com\/intl\/fr\/nos-fournisseurs\/\" \/>\n<meta property=\"og:site_name\" content=\"Baltur\" \/>\n<meta property=\"article:publisher\" content=\"https:\/\/www.facebook.com\/BalturSpa\" \/>\n<meta property=\"article:modified_time\" content=\"2025-03-25T13:27:55+00:00\" \/>\n<meta name=\"twitter:card\" content=\"summary_large_image\" \/>\n<meta name=\"twitter:label1\" content=\"Dur\u00e9e de lecture estim\u00e9e\" \/>\n\t<meta name=\"twitter:data1\" content=\"1 minute\" \/>\n<script type=\"application\/ld+json\" class=\"yoast-schema-graph\">{\"@context\":\"https:\/\/schema.org\",\"@graph\":[{\"@type\":\"WebPage\",\"@id\":\"https:\/\/www.baltur.com\/intl\/fr\/nos-fournisseurs\/\",\"url\":\"https:\/\/www.baltur.com\/intl\/fr\/nos-fournisseurs\/\",\"name\":\"Nos fournisseurs - Baltur\",\"isPartOf\":{\"@id\":\"https:\/\/www.baltur.com\/intl\/fr\/#website\"},\"datePublished\":\"2024-11-19T09:19:29+00:00\",\"dateModified\":\"2025-03-25T13:27:55+00:00\",\"breadcrumb\":{\"@id\":\"https:\/\/www.baltur.com\/intl\/fr\/nos-fournisseurs\/#breadcrumb\"},\"inLanguage\":\"fr-FR\",\"potentialAction\":[{\"@type\":\"ReadAction\",\"target\":[\"https:\/\/www.baltur.com\/intl\/fr\/nos-fournisseurs\/\"]}]},{\"@type\":\"BreadcrumbList\",\"@id\":\"https:\/\/www.baltur.com\/intl\/fr\/nos-fournisseurs\/#breadcrumb\",\"itemListElement\":[{\"@type\":\"ListItem\",\"position\":1,\"name\":\"Home\",\"item\":\"https:\/\/www.baltur.com\/intl\/fr\/\"},{\"@type\":\"ListItem\",\"position\":2,\"name\":\"Nos fournisseurs\"}]},{\"@type\":\"WebSite\",\"@id\":\"https:\/\/www.baltur.com\/intl\/fr\/#website\",\"url\":\"https:\/\/www.baltur.com\/intl\/fr\/\",\"name\":\"Baltur\",\"description\":\"\",\"publisher\":{\"@id\":\"https:\/\/www.baltur.com\/intl\/fr\/#organization\"},\"potentialAction\":[{\"@type\":\"SearchAction\",\"target\":{\"@type\":\"EntryPoint\",\"urlTemplate\":\"https:\/\/www.baltur.com\/intl\/fr\/?s={search_term_string}\"},\"query-input\":{\"@type\":\"PropertyValueSpecification\",\"valueRequired\":true,\"valueName\":\"search_term_string\"}}],\"inLanguage\":\"fr-FR\"},{\"@type\":\"Organization\",\"@id\":\"https:\/\/www.baltur.com\/intl\/fr\/#organization\",\"name\":\"Baltur\",\"url\":\"https:\/\/www.baltur.com\/intl\/fr\/\",\"logo\":{\"@type\":\"ImageObject\",\"inLanguage\":\"fr-FR\",\"@id\":\"https:\/\/www.baltur.com\/intl\/fr\/#\/schema\/logo\/image\/\",\"url\":\"https:\/\/www.baltur.com\/intl\/wp-content\/uploads\/2024\/05\/baltur_logo_white.png\",\"contentUrl\":\"https:\/\/www.baltur.com\/intl\/wp-content\/uploads\/2024\/05\/baltur_logo_white.png\",\"width\":209,\"height\":85,\"caption\":\"Baltur\"},\"image\":{\"@id\":\"https:\/\/www.baltur.com\/intl\/fr\/#\/schema\/logo\/image\/\"},\"sameAs\":[\"https:\/\/www.facebook.com\/BalturSpa\"]}]}<\/script>","yoast_head_json":{"title":"Nos fournisseurs - Baltur","robots":{"index":"index","follow":"follow","max-snippet":"max-snippet:-1","max-image-preview":"max-image-preview:large","max-video-preview":"max-video-preview:-1"},"canonical":"https:\/\/www.baltur.com\/intl\/fr\/nos-fournisseurs\/","og_locale":"fr_FR","og_type":"article","og_title":"Nos fournisseurs - Baltur","og_description":"[vc_row el_class=&#8221;py-std&#8221;][vc_column][vc_column_text css=&#8221;.vc_custom_1733224168777{padding-top: 50px !important;}&#8221;] Nos fournisseurs [\/vc_column_text][vc_column_text css=&#8221;&#8221;][\/vc_column_text][\/vc_column][\/vc_row][vc_row full_width=&#8221;stretch_row_content&#8221; equal_height=&#8221;yes&#8221; el_class=&#8221;background-lighter-gray&#8221;][vc_column width=&#8221;1\/3&#8243; el_class=&#8221;ratio-1to1 wpb-height-100&#8243; css=&#8221;.vc_custom_1715539914857{padding-right: 0px !important;padding-left: 0px !important;}&#8221;][vc_single_image image=&#8221;7367&#8243; img_size=&#8221;full&#8221; css=&#8221;.vc_custom_1732008089313{margin-bottom: 0px !important;}&#8221; el_class=&#8221;wpb-image-cover&#8221;][\/vc_column][vc_column width=&#8221;2\/3&#8243; el_class=&#8221;wpb-height-100 wpb-align-items-center wpb-padding-big align-items-center&#8221; css=&#8221;.vc_custom_1726583340587{padding-right: 50px !important;}&#8221;][vc_column_text css=&#8221;.vc_custom_1733224201553{padding-right: 60px !important;}&#8221;] Rejoignez-nous et construisez \u00e0 nos c\u00f4t\u00e9s un avenir prosp\u00e8re\u00a0! &nbsp; Chez Baltur, nous consid\u00e9rons nos fournisseurs comme des [&hellip;]","og_url":"https:\/\/www.baltur.com\/intl\/fr\/nos-fournisseurs\/","og_site_name":"Baltur","article_publisher":"https:\/\/www.facebook.com\/BalturSpa","article_modified_time":"2025-03-25T13:27:55+00:00","twitter_card":"summary_large_image","twitter_misc":{"Dur\u00e9e de lecture estim\u00e9e":"1 minute"},"schema":{"@context":"https:\/\/schema.org","@graph":[{"@type":"WebPage","@id":"https:\/\/www.baltur.com\/intl\/fr\/nos-fournisseurs\/","url":"https:\/\/www.baltur.com\/intl\/fr\/nos-fournisseurs\/","name":"Nos fournisseurs - Baltur","isPartOf":{"@id":"https:\/\/www.baltur.com\/intl\/fr\/#website"},"datePublished":"2024-11-19T09:19:29+00:00","dateModified":"2025-03-25T13:27:55+00:00","breadcrumb":{"@id":"https:\/\/www.baltur.com\/intl\/fr\/nos-fournisseurs\/#breadcrumb"},"inLanguage":"fr-FR","potentialAction":[{"@type":"ReadAction","target":["https:\/\/www.baltur.com\/intl\/fr\/nos-fournisseurs\/"]}]},{"@type":"BreadcrumbList","@id":"https:\/\/www.baltur.com\/intl\/fr\/nos-fournisseurs\/#breadcrumb","itemListElement":[{"@type":"ListItem","position":1,"name":"Home","item":"https:\/\/www.baltur.com\/intl\/fr\/"},{"@type":"ListItem","position":2,"name":"Nos fournisseurs"}]},{"@type":"WebSite","@id":"https:\/\/www.baltur.com\/intl\/fr\/#website","url":"https:\/\/www.baltur.com\/intl\/fr\/","name":"Baltur","description":"","publisher":{"@id":"https:\/\/www.baltur.com\/intl\/fr\/#organization"},"potentialAction":[{"@type":"SearchAction","target":{"@type":"EntryPoint","urlTemplate":"https:\/\/www.baltur.com\/intl\/fr\/?s={search_term_string}"},"query-input":{"@type":"PropertyValueSpecification","valueRequired":true,"valueName":"search_term_string"}}],"inLanguage":"fr-FR"},{"@type":"Organization","@id":"https:\/\/www.baltur.com\/intl\/fr\/#organization","name":"Baltur","url":"https:\/\/www.baltur.com\/intl\/fr\/","logo":{"@type":"ImageObject","inLanguage":"fr-FR","@id":"https:\/\/www.baltur.com\/intl\/fr\/#\/schema\/logo\/image\/","url":"https:\/\/www.baltur.com\/intl\/wp-content\/uploads\/2024\/05\/baltur_logo_white.png","contentUrl":"https:\/\/www.baltur.com\/intl\/wp-content\/uploads\/2024\/05\/baltur_logo_white.png","width":209,"height":85,"caption":"Baltur"},"image":{"@id":"https:\/\/www.baltur.com\/intl\/fr\/#\/schema\/logo\/image\/"},"sameAs":["https:\/\/www.facebook.com\/BalturSpa"]}]}},"_links":{"self":[{"href":"https:\/\/www.baltur.com\/intl\/fr\/wp-json\/wp\/v2\/pages\/7519"}],"collection":[{"href":"https:\/\/www.baltur.com\/intl\/fr\/wp-json\/wp\/v2\/pages"}],"about":[{"href":"https:\/\/www.baltur.com\/intl\/fr\/wp-json\/wp\/v2\/types\/page"}],"author":[{"embeddable":true,"href":"https:\/\/www.baltur.com\/intl\/fr\/wp-json\/wp\/v2\/users\/5"}],"replies":[{"embeddable":true,"href":"https:\/\/www.baltur.com\/intl\/fr\/wp-json\/wp\/v2\/comments?post=7519"}],"version-history":[{"count":10,"href":"https:\/\/www.baltur.com\/intl\/fr\/wp-json\/wp\/v2\/pages\/7519\/revisions"}],"predecessor-version":[{"id":7676,"href":"https:\/\/www.baltur.com\/intl\/fr\/wp-json\/wp\/v2\/pages\/7519\/revisions\/7676"}],"wp:attachment":[{"href":"https:\/\/www.baltur.com\/intl\/fr\/wp-json\/wp\/v2\/media?parent=7519"}],"curies":[{"name":"wp","href":"https:\/\/api.w.org\/{rel}","templated":true}]}}