{"id":3,"date":"2024-02-13T09:37:40","date_gmt":"2024-02-13T08:37:40","guid":{"rendered":"https:\/\/www2.baltur.com\/it\/?page_id=3"},"modified":"2024-05-02T15:09:03","modified_gmt":"2024-05-02T13:09:03","slug":"privacy-policy","status":"publish","type":"page","link":"https:\/\/www.baltur.com\/it\/privacy-policy\/","title":{"rendered":"Privacy Policy"},"content":{"rendered":"<div class=\"wpb-content-wrapper\"><p>[vc_row el_class=&#8221;mt-big&#8221;][vc_column][vc_column_text]<\/p>\n<h1><strong>Privacy Policy<\/strong><\/h1>\n<p>[\/vc_column_text][\/vc_column][\/vc_row][vc_row][vc_column][vc_column_text css=&#8221;&#8221;]<strong>INFORMATIVA PER IL TRATTAMENTO DEI DATI PERSONALI<\/strong><\/p>\n<p>Ai sensi dell\u2019articolo 13 del GDPR 679-2016 definito \u201cGeneral Data Protection Regulation\u201d si informa che il trattamento dei dati personali forniti in sede di fornitura beni\/prestazioni\/servizi, finalizzato unicamente ad eseguire gli obblighi contrattuali e ad adempiere a Sue specifiche richieste, nonch\u00e9 ad adempiere agli obblighi normativi, in particolare quelli contabili e fiscali che costituiscono la base legale, oltre che a fornirle informazioni commerciali sui nostri prodotti e servizi, avverr\u00e0 presso <strong>Baltur S.p.A. con sede in Cento (FE) 44042, Via Ferrarese 10 P. I.V.A. 00040200388 C.F., Reg. Imp. FE n. 00040200388 C.C.I.A.A. di FE &#8211; R.E.A. n. 30835 Tel. +<\/strong>39 051-6843711<strong> Fax: +39 051-6857527\/8<\/strong> <strong>sito WEB<\/strong> <a href=\"http:\/\/www.baltur.com\"><strong>www.baltur.com<\/strong><\/a> <strong>E-mail <\/strong><a href=\"mailto:info@baltur.it\"><strong>info@baltur.it<\/strong><\/a> con l&#8217;utilizzo di procedure anche informatizzate, nei modi e nei limiti necessari per perseguire le predette finalit\u00e0. I dati forniti saranno trattati nel rispetto della norma sopra richiamata, rispondendo agli obblighi di riservatezza e liceit\u00e0 a cui \u00e8 ispirata la nostra societ\u00e0 e per il tempo strettamente necessario per cui sono stati raccolti che in caso di non utilizzo non superer\u00e0 i 24 mesi; inoltre i dati <strong>non saranno oggetto di diffusione. <\/strong>I Vostri dati, per motivi strettamente professionali e allo scopo di svolgere al meglio il nostro servizio, potranno essere comunicati a:<\/p>\n<ul>\n<li>Nostri incaricati autorizzati a compiere trattamenti.<\/li>\n<li>Eventuali piattaforme certificate per l\u2019invio di newsletter o comunicazioni riguardanti servizi e prestazioni.<\/li>\n<li>Istituti di credito e\/o finanziarie.<\/li>\n<li>Nostri collaboratori esterni comunque da noi identificati e designati.<\/li>\n<li>Commercialisti e consulenti per esigenze contabili o fiscali.<\/li>\n<\/ul>\n<p>Il conferimento dei dati potrebbe essere obbligatorio per l\u2019esatta esecuzione degli obblighi contrattuali e precontrattuali, e la loro mancata indicazione comporterebbe l\u2019impossibilit\u00e0 di portare a termine in maniera esatta l\u2019adempimento delle attivit\u00e0 richieste.<\/p>\n<p>Il consenso non \u00e8 richiesto, quando il trattamento:<\/p>\n<ol>\n<li>a) \u00e8 necessario per adempiere ad un obbligo previsto dalla legge, da un regolamento o dalla normativa comunitaria;<\/li>\n<li>b) \u00e8 necessario per eseguire obblighi derivanti da un contratto del quale \u00e8 parte l&#8217;interessato o per adempiere, prima della conclusione del contratto, a specifiche richieste dell&#8217;interessato;<\/li>\n<li>c) riguarda dati provenienti da pubblici registri, elenchi, atti o documenti conoscibili da chiunque, fermi restando i limiti e le modalit\u00e0 che le leggi, i regolamenti o la normativa comunitaria stabiliscono per la conoscibilit\u00e0 e pubblicit\u00e0 dei dati.<\/li>\n<\/ol>\n<p><strong>DIRITTI DEGLI INTERESSATI<\/strong><\/p>\n<p>Gli interessati hanno il diritto di ottenere dal Garante, nei casi previsti, l&#8217;accesso ai dati personali e la rettifica o la cancellazione degli stessi o la limitazione del trattamento che li riguarda o di opporsi al trattamento (artt. 15 e ss. del Regolamento).<\/p>\n<p><strong>DIRITTO DI RECLAMO<\/strong><\/p>\n<p>Gli interessati che ritengono che il trattamento dei dati personali a loro riferiti effettuato attraverso questo sito avvenga in violazione di quanto previsto dal Regolamento hanno il diritto di proporre reclamo al Garante, come previsto dall&#8217;art. 77 del Regolamento stesso, o di adire le opportune sedi giudiziarie (art. 79 del Regolamento).<\/p>\n<p>&nbsp;<\/p>\n<p>Di seguito in esteso gli articoli relativi ai diritti dell\u2019interessato:<\/p>\n<p><strong>Art.15 Diritto di accesso dell&#8217;interessato<\/strong><\/p>\n<p>1.L&#8217;interessato ha il diritto di ottenere dal titolare del trattamento la conferma che sia o meno in corso un trattamento di dati personali che lo riguardano e in tal caso, di ottenere l&#8217;accesso ai dati personali e alle seguenti informazioni: a) le finalit\u00e0 del trattamento; b) le categorie di dati personali in questione; c) i destinatari o le categorie di destinatari a cui i dati personali sono stati o saranno comunicati, in particolare se destinatari di paesi terzi o organizzazioni internazionali; d) quando possibile, il periodo di conservazione dei dati personali previsto oppure, se non \u00e8 possibile, i criteri utilizzati per determinare tale periodo; e) l&#8217;esistenza del diritto dell&#8217;interessato di chiedere al titolare del trattamento la rettifica o la cancellazione dei dati personali o la limitazione del trattamento dei dati personali che lo riguardano o di opporsi al loro trattamento; f) il diritto di proporre reclamo a un&#8217;autorit\u00e0 di controllo; g) qualora i dati non siano raccolti presso l&#8217;interessato, tutte le informazioni disponibili sulla loro origine; h) l&#8217;esistenza di un processo decisionale automatizzato, compresa la profilazione di cui all&#8217;articolo 22, paragrafi 1 e 4, e, almeno in tali casi, informazioni significative sulla logica utilizzata, nonch\u00e9 l&#8217;importanza e le conseguenze previste di tale trattamento per l&#8217;interessato. 2.Qualora i dati personali siano trasferiti a un paese terzo o a un&#8217;organizzazione internazionale, l&#8217;interessato ha il diritto di essere informato dell&#8217;esistenza di garanzie adeguate ai sensi dell&#8217;articolo 46 relative al trasferimento. 3.Il titolare del trattamento fornisce una copia dei dati personali oggetto di trattamento. In caso di ulteriori copie richieste dall&#8217;interessato, il titolare del trattamento pu\u00f2 addebitare un contributo spese ragionevole basato sui costi amministrativi. Se l&#8217;interessato presenta la richiesta mediante mezzi elettronici, e salvo indicazione diversa dell&#8217;interessato, le informazioni sono fornite in un formato elettronico di uso comune. 4.Il diritto di ottenere una copia di cui al paragrafo 3 non deve ledere i diritti e le libert\u00e0 altrui.<\/p>\n<p><strong>Art.16<\/strong> <strong>Rettifica e cancellazione Diritto di rettifica <\/strong><\/p>\n<p>L&#8217;interessato ha il diritto di ottenere dal titolare del trattamento la rettifica dei dati personali inesatti che lo riguardano senza ingiustificato ritardo. Tenuto conto delle finalit\u00e0 del trattamento, l&#8217;interessato ha il diritto di ottenere l&#8217;integrazione dei dati personali incompleti, anche fornendo una dichiarazione integrativa.<\/p>\n<p><strong><em>Art.17 <\/em><\/strong><strong>Diritto alla cancellazione (\u00abdiritto all&#8217;oblio\u00bb)<\/strong><\/p>\n<p>1.L&#8217;interessato ha il diritto di ottenere dal titolare del trattamento la cancellazione dei dati personali che lo riguardano senza ingiustificato ritardo e il titolare del trattamento ha l&#8217;obbligo di cancellare senza ingiustificato ritardo i dati personali, se sussiste uno dei motivi seguenti: a) i dati personali non sono pi\u00f9 necessari rispetto alle finalit\u00e0 per le quali sono stati raccolti o altrimenti trattati; 4.5.2016 L 119\/43 Gazzetta ufficiale dell&#8217;Unione europea IT b) l&#8217;interessato revoca il consenso su cui si basa il trattamento conformemente all&#8217;articolo 6, paragrafo 1, lettera a), o all&#8217;articolo 9, paragrafo 2, lettera a), e se non sussiste altro fondamento giuridico per il trattamento; c) l&#8217;interessato si oppone al trattamento ai sensi dell&#8217;articolo 21, paragrafo 1, e non sussiste alcun motivo legittimo prevalente per procedere al trattamento, oppure si oppone al trattamento ai sensi dell&#8217;articolo 21, paragrafo 2; d) i dati personali sono stati trattati illecitamente; e) i dati personali devono essere cancellati per adempiere un obbligo legale previsto dal diritto dell&#8217;Unione o dello Stato membro cui \u00e8 soggetto il titolare del trattamento; f) i dati personali sono stati raccolti relativamente all&#8217;offerta di servizi della societ\u00e0 dell&#8217;informazione di cui all&#8217;articolo 8, paragrafo 1. 2.Il titolare del trattamento, se ha reso pubblici dati personali ed \u00e8 obbligato, ai sensi del paragrafo 1, a cancellarli, tenendo conto della tecnologia disponibile e dei costi di attuazione adotta le misure ragionevoli, anche tecniche, per informare i titolari del trattamento che stanno trattando i dati personali della richiesta dell&#8217;interessato di cancellare qualsiasi link, copia o riproduzione dei suoi dati personali. 3.I paragrafi 1 e 2 non si applicano nella misura in cui il trattamento sia necessario: a) per l&#8217;esercizio del diritto alla libert\u00e0 di espressione e di informazione; b) per l&#8217;adempimento di un obbligo legale che richieda il trattamento previsto dal diritto dell&#8217;Unione o dello Stato membro cui \u00e8 soggetto il titolare del trattamento o per l&#8217;esecuzione di un compito svolto nel pubblico interesse oppure nell&#8217;esercizio di pubblici poteri di cui \u00e8 investito il titolare del trattamento; c) per motivi di interesse pubblico nel settore della sanit\u00e0 pubblica in conformit\u00e0 dell&#8217;articolo 9, paragrafo 2, lettere h) e i), e dell&#8217;articolo 9, paragrafo 3; d) a fini di archiviazione nel pubblico interesse, di ricerca scientifica o storica o a fini statistici conformemente all&#8217;articolo 89, paragrafo 1, nella misura in cui il diritto di cui al paragrafo 1 rischi di rendere impossibile o di pregiudicare gravemente il conseguimento degli obiettivi di tale trattamento; o e) per l&#8217;accertamento, l&#8217;esercizio o la difesa di un diritto in sede giudiziaria.<\/p>\n<p><strong>Art.18<\/strong> <strong>Diritto di limitazione di trattamento <\/strong><\/p>\n<p>1.L&#8217;interessato ha il diritto di ottenere dal titolare del trattamento la limitazione del trattamento quando ricorre una delle seguenti ipotesi: a) l&#8217;interessato contesta l&#8217;esattezza dei dati personali, per il periodo necessario al titolare del trattamento per verificare l&#8217;esattezza di tali dati personali; b) il trattamento \u00e8 illecito e l&#8217;interessato si oppone alla cancellazione dei dati personali e chiede invece che ne sia limitato l&#8217;utilizzo; c) bench\u00e9 il titolare del trattamento non ne abbia pi\u00f9 bisogno ai fini del trattamento, i dati personali sono necessari all&#8217;interessato per l&#8217;accertamento, l&#8217;esercizio o la difesa di un diritto in sede giudiziaria; d) l&#8217;interessato si \u00e8 opposto al trattamento ai sensi dell&#8217;articolo 21, paragrafo 1, in attesa della verifica in merito all&#8217;eventuale prevalenza dei motivi legittimi del titolare del trattamento rispetto a quelli dell&#8217;interessato. 2.Se il trattamento \u00e8 limitato a norma del paragrafo 1, tali dati personali sono trattati, salvo che per la conservazione, soltanto con il consenso dell&#8217;interessato o per l&#8217;accertamento, l&#8217;esercizio o la difesa di un diritto in sede giudiziaria oppure per tutelare i diritti di un&#8217;altra persona fisica o giuridica o per motivi di interesse pubblico rilevante dell&#8217;Unione o di uno Stato membro. 4.5.2016 L 119\/44 Gazzetta ufficiale dell&#8217;Unione europea IT 3.L&#8217;interessato che ha ottenuto la limitazione del trattamento a norma del paragrafo 1 \u00e8 informato dal titolare del trattamento prima che detta limitazione sia revocata.<\/p>\n<p><strong><em>Art.19<\/em><\/strong> <strong>Obbligo di notifica in caso di rettifica o cancellazione dei dati personali o limitazione del trattamento <\/strong><\/p>\n<p>Il titolare del trattamento comunica a ciascuno dei destinatari cui sono stati trasmessi i dati personali le eventuali rettifiche o cancellazioni o limitazioni del trattamento effettuate a norma dell&#8217;articolo 16, dell&#8217;articolo 17, paragrafo 1, e dell&#8217;articolo 18, salvo che ci\u00f2 si riveli impossibile o implichi uno sforzo sproporzionato. Il titolare del trattamento comunica all&#8217;interessato tali destinatari qualora l&#8217;interessato lo richieda.<\/p>\n<p><strong><em>Art.20<\/em><\/strong> <strong>Diritto alla portabilit\u00e0 dei dati <\/strong><\/p>\n<p>1.L&#8217;interessato ha il diritto di ricevere in un formato strutturato, di uso comune e leggibile da dispositivo automatico i dati personali che lo riguardano forniti a un titolare del trattamento e ha il diritto di trasmettere tali dati a un altro titolare del trattamento senza impedimenti da parte del titolare del trattamento cui li ha forniti qualora: a) il trattamento si basi sul consenso ai sensi dell&#8217;articolo 6, paragrafo 1, lettera a), o dell&#8217;articolo 9, paragrafo 2, lettera a), o su un contratto ai sensi dell&#8217;articolo 6, paragrafo 1, lettera b); e b) il trattamento sia effettuato con mezzi automatizzati. 2.Nell&#8217;esercitare i propri diritti relativamente alla portabilit\u00e0 dei dati a norma del paragrafo 1, l&#8217;interessato ha il diritto di ottenere la trasmissione diretta dei dati personali da un titolare del trattamento all&#8217;altro, se tecnicamente fattibile. 3.L&#8217;esercizio del diritto di cui al paragrafo 1 del presente articolo lascia impregiudicato l&#8217;articolo 17. Tale diritto non si applica al trattamento necessario per l&#8217;esecuzione di un compito di interesse pubblico o connesso all&#8217;esercizio di pubblici poteri di cui \u00e8 investito il titolare del trattamento. 4.Il diritto di cui al paragrafo 1 non deve ledere i diritti e le libert\u00e0 altrui.<\/p>\n<p><strong>Diritto di opposizione e processo decisionale automatizzato relativo alle persone fisiche <\/strong><\/p>\n<p><strong><em>Art.21<\/em><\/strong> <strong>Diritto di opposizione <\/strong><\/p>\n<p>1.L&#8217;interessato ha il diritto di opporsi in qualsiasi momento, per motivi connessi alla sua situazione particolare, al trattamento dei dati personali che lo riguardano ai sensi dell&#8217;articolo 6, paragrafo 1, lettere e) o f), compresa la profilazione sulla base di tali disposizioni. Il titolare del trattamento si astiene dal trattare ulteriormente i dati personali salvo che egli dimostri l&#8217;esistenza di motivi legittimi cogenti per procedere al trattamento che prevalgono sugli interessi, sui diritti e sulle libert\u00e0 dell&#8217;interessato oppure per l&#8217;accertamento, l&#8217;esercizio o la difesa di un diritto in sede giudiziaria. 2.Qualora i dati personali siano trattati per finalit\u00e0 di marketing diretto, l&#8217;interessato ha il diritto di opporsi in qualsiasi momento al trattamento dei dati personali che lo riguardano effettuato per tali finalit\u00e0, compresa la profilazione nella misura in cui sia connessa a tale marketing diretto. 3.Qualora l&#8217;interessato si opponga al trattamento per finalit\u00e0 di marketing diretto, i dati personali non sono pi\u00f9 oggetto di trattamento per tali finalit\u00e0. 4.5.2016 L 119\/45 Gazzetta ufficiale dell&#8217;Unione europea IT 4.Il diritto di cui ai paragrafi 1 e 2 \u00e8 esplicitamente portato all&#8217;attenzione dell&#8217;interessato ed \u00e8 presentato chiaramente e separatamente da qualsiasi altra informazione al pi\u00f9 tardi al momento della prima comunicazione con l&#8217;interessato. 5.Nel contesto dell&#8217;utilizzo di servizi della societ\u00e0 dell&#8217;informazione e fatta salva la direttiva 2002\/58\/CE, l&#8217;interessato pu\u00f2 esercitare il proprio diritto di opposizione con mezzi automatizzati che utilizzano specifiche tecniche. 6.Qualora i dati personali siano trattati a fini di ricerca scientifica o storica o a fini statistici a norma dell&#8217;articolo 89, paragrafo 1, l&#8217;interessato, per motivi connessi alla sua situazione particolare, ha il diritto di opporsi al trattamento di dati personali che lo riguarda, salvo se il trattamento \u00e8 necessario per l&#8217;esecuzione di un compito di interesse pubblico.[\/vc_column_text][\/vc_column][\/vc_row]<\/p>\n<\/div>","protected":false},"excerpt":{"rendered":"<p>[vc_row el_class=&#8221;mt-big&#8221;][vc_column][vc_column_text] Privacy Policy [\/vc_column_text][\/vc_column][\/vc_row][vc_row][vc_column][vc_column_text css=&#8221;&#8221;]INFORMATIVA PER IL TRATTAMENTO DEI DATI PERSONALI Ai sensi dell\u2019articolo 13 del GDPR 679-2016 definito \u201cGeneral Data Protection Regulation\u201d si informa che il trattamento dei dati personali forniti in sede di fornitura beni\/prestazioni\/servizi, finalizzato unicamente ad eseguire gli obblighi contrattuali e ad adempiere a Sue specifiche richieste, nonch\u00e9 ad adempiere [&hellip;]<\/p>\n","protected":false},"author":1,"featured_media":0,"parent":0,"menu_order":0,"comment_status":"closed","ping_status":"closed","template":"","meta":{"_acf_changed":false,"footnotes":""},"class_list":["post-3","page","type-page","status-publish","hentry"],"acf":[],"yoast_head":"<title>Privacy Policy - Baltur<\/title>\n<meta name=\"robots\" content=\"index, follow, max-snippet:-1, max-image-preview:large, max-video-preview:-1\" \/>\n<link rel=\"canonical\" href=\"https:\/\/www.baltur.com\/it\/privacy-policy\/\" \/>\n<meta property=\"og:locale\" content=\"it_IT\" \/>\n<meta property=\"og:type\" content=\"article\" \/>\n<meta property=\"og:title\" content=\"Privacy Policy - Baltur\" \/>\n<meta property=\"og:description\" content=\"[vc_row el_class=&#8221;mt-big&#8221;][vc_column][vc_column_text] Privacy Policy [\/vc_column_text][\/vc_column][\/vc_row][vc_row][vc_column][vc_column_text css=&#8221;&#8221;]INFORMATIVA PER IL TRATTAMENTO DEI DATI PERSONALI Ai sensi dell\u2019articolo 13 del GDPR 679-2016 definito \u201cGeneral Data Protection Regulation\u201d si informa che il trattamento dei dati personali forniti in sede di fornitura beni\/prestazioni\/servizi, finalizzato unicamente ad eseguire gli obblighi contrattuali e ad adempiere a Sue specifiche richieste, nonch\u00e9 ad adempiere [&hellip;]\" \/>\n<meta property=\"og:url\" content=\"https:\/\/www.baltur.com\/it\/privacy-policy\/\" \/>\n<meta property=\"og:site_name\" content=\"Baltur\" \/>\n<meta property=\"article:publisher\" content=\"https:\/\/www.facebook.com\/BalturSpa\/\" \/>\n<meta property=\"article:modified_time\" content=\"2024-05-02T13:09:03+00:00\" \/>\n<meta name=\"twitter:card\" content=\"summary_large_image\" \/>\n<meta name=\"twitter:label1\" content=\"Tempo di lettura stimato\" \/>\n\t<meta name=\"twitter:data1\" content=\"12 minuti\" \/>\n<script type=\"application\/ld+json\" class=\"yoast-schema-graph\">{\"@context\":\"https:\/\/schema.org\",\"@graph\":[{\"@type\":\"WebPage\",\"@id\":\"https:\/\/www.baltur.com\/it\/privacy-policy\/\",\"url\":\"https:\/\/www.baltur.com\/it\/privacy-policy\/\",\"name\":\"Privacy Policy - Baltur\",\"isPartOf\":{\"@id\":\"https:\/\/www.baltur.com\/it\/#website\"},\"datePublished\":\"2024-02-13T08:37:40+00:00\",\"dateModified\":\"2024-05-02T13:09:03+00:00\",\"breadcrumb\":{\"@id\":\"https:\/\/www.baltur.com\/it\/privacy-policy\/#breadcrumb\"},\"inLanguage\":\"it-IT\",\"potentialAction\":[{\"@type\":\"ReadAction\",\"target\":[\"https:\/\/www.baltur.com\/it\/privacy-policy\/\"]}]},{\"@type\":\"BreadcrumbList\",\"@id\":\"https:\/\/www.baltur.com\/it\/privacy-policy\/#breadcrumb\",\"itemListElement\":[{\"@type\":\"ListItem\",\"position\":1,\"name\":\"Home\",\"item\":\"https:\/\/www.baltur.com\/it\/\"},{\"@type\":\"ListItem\",\"position\":2,\"name\":\"Privacy Policy\"}]},{\"@type\":\"WebSite\",\"@id\":\"https:\/\/www.baltur.com\/it\/#website\",\"url\":\"https:\/\/www.baltur.com\/it\/\",\"name\":\"Baltur\",\"description\":\"\",\"publisher\":{\"@id\":\"https:\/\/www.baltur.com\/it\/#organization\"},\"potentialAction\":[{\"@type\":\"SearchAction\",\"target\":{\"@type\":\"EntryPoint\",\"urlTemplate\":\"https:\/\/www.baltur.com\/it\/?s={search_term_string}\"},\"query-input\":{\"@type\":\"PropertyValueSpecification\",\"valueRequired\":true,\"valueName\":\"search_term_string\"}}],\"inLanguage\":\"it-IT\"},{\"@type\":\"Organization\",\"@id\":\"https:\/\/www.baltur.com\/it\/#organization\",\"name\":\"Baltur\",\"url\":\"https:\/\/www.baltur.com\/it\/\",\"logo\":{\"@type\":\"ImageObject\",\"inLanguage\":\"it-IT\",\"@id\":\"https:\/\/www.baltur.com\/it\/#\/schema\/logo\/image\/\",\"url\":\"https:\/\/www.baltur.com\/it\/wp-content\/uploads\/2024\/02\/logo.png\",\"contentUrl\":\"https:\/\/www.baltur.com\/it\/wp-content\/uploads\/2024\/02\/logo.png\",\"width\":240,\"height\":100,\"caption\":\"Baltur\"},\"image\":{\"@id\":\"https:\/\/www.baltur.com\/it\/#\/schema\/logo\/image\/\"},\"sameAs\":[\"https:\/\/www.facebook.com\/BalturSpa\/\",\"https:\/\/www.instagram.com\/baltur_spa\/\",\"https:\/\/www.linkedin.com\/company\/baltur-s-p-a-\/\",\"https:\/\/www.youtube.com\/user\/BalturSpA\"]}]}<\/script>","yoast_head_json":{"title":"Privacy Policy - Baltur","robots":{"index":"index","follow":"follow","max-snippet":"max-snippet:-1","max-image-preview":"max-image-preview:large","max-video-preview":"max-video-preview:-1"},"canonical":"https:\/\/www.baltur.com\/it\/privacy-policy\/","og_locale":"it_IT","og_type":"article","og_title":"Privacy Policy - Baltur","og_description":"[vc_row el_class=&#8221;mt-big&#8221;][vc_column][vc_column_text] Privacy Policy [\/vc_column_text][\/vc_column][\/vc_row][vc_row][vc_column][vc_column_text css=&#8221;&#8221;]INFORMATIVA PER IL TRATTAMENTO DEI DATI PERSONALI Ai sensi dell\u2019articolo 13 del GDPR 679-2016 definito \u201cGeneral Data Protection Regulation\u201d si informa che il trattamento dei dati personali forniti in sede di fornitura beni\/prestazioni\/servizi, finalizzato unicamente ad eseguire gli obblighi contrattuali e ad adempiere a Sue specifiche richieste, nonch\u00e9 ad adempiere [&hellip;]","og_url":"https:\/\/www.baltur.com\/it\/privacy-policy\/","og_site_name":"Baltur","article_publisher":"https:\/\/www.facebook.com\/BalturSpa\/","article_modified_time":"2024-05-02T13:09:03+00:00","twitter_card":"summary_large_image","twitter_misc":{"Tempo di lettura stimato":"12 minuti"},"schema":{"@context":"https:\/\/schema.org","@graph":[{"@type":"WebPage","@id":"https:\/\/www.baltur.com\/it\/privacy-policy\/","url":"https:\/\/www.baltur.com\/it\/privacy-policy\/","name":"Privacy Policy - Baltur","isPartOf":{"@id":"https:\/\/www.baltur.com\/it\/#website"},"datePublished":"2024-02-13T08:37:40+00:00","dateModified":"2024-05-02T13:09:03+00:00","breadcrumb":{"@id":"https:\/\/www.baltur.com\/it\/privacy-policy\/#breadcrumb"},"inLanguage":"it-IT","potentialAction":[{"@type":"ReadAction","target":["https:\/\/www.baltur.com\/it\/privacy-policy\/"]}]},{"@type":"BreadcrumbList","@id":"https:\/\/www.baltur.com\/it\/privacy-policy\/#breadcrumb","itemListElement":[{"@type":"ListItem","position":1,"name":"Home","item":"https:\/\/www.baltur.com\/it\/"},{"@type":"ListItem","position":2,"name":"Privacy Policy"}]},{"@type":"WebSite","@id":"https:\/\/www.baltur.com\/it\/#website","url":"https:\/\/www.baltur.com\/it\/","name":"Baltur","description":"","publisher":{"@id":"https:\/\/www.baltur.com\/it\/#organization"},"potentialAction":[{"@type":"SearchAction","target":{"@type":"EntryPoint","urlTemplate":"https:\/\/www.baltur.com\/it\/?s={search_term_string}"},"query-input":{"@type":"PropertyValueSpecification","valueRequired":true,"valueName":"search_term_string"}}],"inLanguage":"it-IT"},{"@type":"Organization","@id":"https:\/\/www.baltur.com\/it\/#organization","name":"Baltur","url":"https:\/\/www.baltur.com\/it\/","logo":{"@type":"ImageObject","inLanguage":"it-IT","@id":"https:\/\/www.baltur.com\/it\/#\/schema\/logo\/image\/","url":"https:\/\/www.baltur.com\/it\/wp-content\/uploads\/2024\/02\/logo.png","contentUrl":"https:\/\/www.baltur.com\/it\/wp-content\/uploads\/2024\/02\/logo.png","width":240,"height":100,"caption":"Baltur"},"image":{"@id":"https:\/\/www.baltur.com\/it\/#\/schema\/logo\/image\/"},"sameAs":["https:\/\/www.facebook.com\/BalturSpa\/","https:\/\/www.instagram.com\/baltur_spa\/","https:\/\/www.linkedin.com\/company\/baltur-s-p-a-\/","https:\/\/www.youtube.com\/user\/BalturSpA"]}]}},"_links":{"self":[{"href":"https:\/\/www.baltur.com\/it\/wp-json\/wp\/v2\/pages\/3"}],"collection":[{"href":"https:\/\/www.baltur.com\/it\/wp-json\/wp\/v2\/pages"}],"about":[{"href":"https:\/\/www.baltur.com\/it\/wp-json\/wp\/v2\/types\/page"}],"author":[{"embeddable":true,"href":"https:\/\/www.baltur.com\/it\/wp-json\/wp\/v2\/users\/1"}],"replies":[{"embeddable":true,"href":"https:\/\/www.baltur.com\/it\/wp-json\/wp\/v2\/comments?post=3"}],"version-history":[{"count":0,"href":"https:\/\/www.baltur.com\/it\/wp-json\/wp\/v2\/pages\/3\/revisions"}],"wp:attachment":[{"href":"https:\/\/www.baltur.com\/it\/wp-json\/wp\/v2\/media?parent=3"}],"curies":[{"name":"wp","href":"https:\/\/api.w.org\/{rel}","templated":true}]}}